{"id":9,"date":"2018-11-26T13:47:51","date_gmt":"2018-11-26T11:47:51","guid":{"rendered":"http:\/\/www.showlink.fi\/shows\/lestijarvi2019\/?page_id=9"},"modified":"2026-01-20T14:54:19","modified_gmt":"2026-01-20T12:54:19","slug":"aikataulut","status":"publish","type":"page","link":"https:\/\/www.showlink.fi\/shows\/Mynamaki_230526\/aikataulut\/","title":{"rendered":"Aikataulut"},"content":{"rendered":"\n<p><em>Aikataulut julkaistaan noin viikkoa ennen n\u00e4yttely\u00e4.<\/em><\/p>\n\n\n\n<p>Numerolaput ja aikataulukirjeet l\u00e4hetet\u00e4\u00e4n ilmoittautuneille ainoastaan s\u00e4hk\u00f6postitse.<\/p>\n","protected":false},"excerpt":{"rendered":"<p>Aikataulut julkaistaan noin viikkoa ennen n\u00e4yttely\u00e4. Numerolaput ja aikataulukirjeet l\u00e4hetet\u00e4\u00e4n ilmoittautuneille ainoastaan s\u00e4hk\u00f6postitse.<\/p>\n","protected":false},"author":1,"featured_media":0,"parent":0,"menu_order":4,"comment_status":"closed","ping_status":"closed","template":"","meta":{"footnotes":""},"class_list":["post-9","page","type-page","status-publish","h-entry","hentry","h-as-page"],"_links":{"self":[{"href":"https:\/\/www.showlink.fi\/shows\/Mynamaki_230526\/wp-json\/wp\/v2\/pages\/9","targetHints":{"allow":["GET"]}}],"collection":[{"href":"https:\/\/www.showlink.fi\/shows\/Mynamaki_230526\/wp-json\/wp\/v2\/pages"}],"about":[{"href":"https:\/\/www.showlink.fi\/shows\/Mynamaki_230526\/wp-json\/wp\/v2\/types\/page"}],"author":[{"embeddable":true,"href":"https:\/\/www.showlink.fi\/shows\/Mynamaki_230526\/wp-json\/wp\/v2\/users\/1"}],"replies":[{"embeddable":true,"href":"https:\/\/www.showlink.fi\/shows\/Mynamaki_230526\/wp-json\/wp\/v2\/comments?post=9"}],"version-history":[{"count":11,"href":"https:\/\/www.showlink.fi\/shows\/Mynamaki_230526\/wp-json\/wp\/v2\/pages\/9\/revisions"}],"predecessor-version":[{"id":128,"href":"https:\/\/www.showlink.fi\/shows\/Mynamaki_230526\/wp-json\/wp\/v2\/pages\/9\/revisions\/128"}],"wp:attachment":[{"href":"https:\/\/www.showlink.fi\/shows\/Mynamaki_230526\/wp-json\/wp\/v2\/media?parent=9"}],"curies":[{"name":"wp","href":"https:\/\/api.w.org\/{rel}","templated":true}]}}