{"id":272,"date":"2025-12-10T16:57:04","date_gmt":"2025-12-10T14:57:04","guid":{"rendered":"https:\/\/www.showlink.fi\/shows\/Paimio_RN_230526\/?page_id=272"},"modified":"2025-12-10T17:00:22","modified_gmt":"2025-12-10T15:00:22","slug":"ilmoittautuminen","status":"publish","type":"page","link":"https:\/\/www.showlink.fi\/shows\/Paimio_RN_230526\/ilmoittautuminen\/","title":{"rendered":"Ilmoittautuminen"},"content":{"rendered":"\n<hr class=\"wp-block-separator has-text-color has-alpha-channel-opacity has-background\" style=\"background-color:#ececec;color:#ececec\"\/>\n\n\n\n<p>Ilmoittautumiset <strong>30.4. \/ 11.5.<\/strong> menness\u00e4.<\/p>\n\n\n\n<p><strong>Ilmoittautuminen n\u00e4yttelyyn tulee tehd\u00e4 internetiss\u00e4. <\/strong>Ilmoittaessaan koiransa n\u00e4yttelyn n\u00e4ytteilleasettaja sitoutuu noudattamaan Suomen Kennelliiton voimassa olevia n\u00e4yttelys\u00e4\u00e4nt\u00f6j\u00e4 ja niit\u00e4 t\u00e4ydent\u00e4vi\u00e4 ohjeita sek\u00e4 rokotusm\u00e4\u00e4r\u00e4yksi\u00e4. S\u00e4\u00e4nn\u00f6t l\u00f6ytyv\u00e4t <strong><a href=\"https:\/\/www.kennelliitto.fi\/koiraharrastukset\/koiranayttelyt\/ohjeita-ja-lomakkeita-nayttelyyn-osallistujille-ja-nayttelyn-jarjestajille\">Kennelliiton kotisivuilta<\/a>.<\/strong><\/p>\n\n\n\n<p><strong>Online-ilmoittautuminen<\/strong> osoitteessa <a href=\"https:\/\/www.showlink.fi\/show\/\">www.showlink.fi<\/a> \u2192<strong>&nbsp;<a href=\"https:\/\/ilmoittautuminen.kennelliitto.fi\/frmEtusivu.aspx\">ILMOITTAUDU N\u00c4YTTELYYN<\/a><\/strong><\/p>\n\n\n\n<p>Netti-ilmoittautuminen maksetaan verkkopankilla tai luottokortilla ilmoittautumisen yhteydess\u00e4. Online-ilmoittautumisesta tulee aina vahvistus s\u00e4hk\u00f6postiisi. Jollet saa vahvistusta, ota v\u00e4litt\u00f6m\u00e4sti yhteytt\u00e4 Showlinkin asiakaspalveluun. Tarkasta ilmoittautumisesta koirasi tiedot ja kilpailuluokka.&nbsp;<\/p>\n\n\n\n<hr class=\"wp-block-separator has-text-color has-alpha-channel-opacity has-background\" style=\"background-color:#ececec;color:#ececec\"\/>\n\n\n\n<h3 class=\"wp-block-heading\">Ilmoittautumismaksut<\/h3>\n\n\n\n<p><strong>Ilmoittautumismaksut 30.4.2026 menness\u00e4:<\/strong><br>ilmoittautumismaksu <strong>42 \u20ac<\/strong><br>saman omistajan<strong> 2.<\/strong> jne koira<strong> 38 \u20ac<\/strong><br>pennut &amp; yli 10-vuotiaat veteraanit <strong>25 \u20ac<\/strong><\/p>\n\n\n\n<p><strong>Ilmoittautumismaksut 1.-11.5.2026 v\u00e4lisen\u00e4 aikana:<br>60 \u20ac<\/strong> \/ koira, kaikki luokat<\/p>\n\n\n\n<hr class=\"wp-block-separator has-text-color has-alpha-channel-opacity has-background\" style=\"background-color:#ececec;color:#ececec\"\/>\n\n\n\n<h3 class=\"wp-block-heading\">Lis\u00e4tietoa<\/h3>\n\n\n\n<p><strong>Aikataulukirjeet ja numerolaput toimitetaan vain s\u00e4hk\u00f6isesti.<\/strong><\/p>\n\n\n\n<p><strong>Huom!<\/strong> Ilmoittautumismaksun alennuksen (saman om. 2 jne koira) saaminen edellytt\u00e4\u00e4 kaikkien koirien ilmoittamista yhdell\u00e4 kertaa. Samaksi omistajaksi tulkitaan ilmoittautumistapahtuman ensimm\u00e4iselle koiralle ensimm\u00e4iseksi omistajaksi merkitty henkil\u00f6. Ilmoittautumismaksun alennus koskee vain t\u00e4ysihintaista ilmoittautumismaksua, ei pentujen ja yli 10-vuotiaiden veteraanien ilmoittautumismaksua.<\/p>\n\n\n\n<p>Ilmoittautumisajan p\u00e4\u00e4ttymisen j\u00e4lkeen koiraa ei voida siirt\u00e4\u00e4 toiseen luokkaan (ellei kysymyksess\u00e4 ole j\u00e4rjest\u00e4j\u00e4st\u00e4 johtuva virhe).<br>Uros, jolla ei ole normaalit kivekset saa hyl\u00e4tyn.<\/p>\n\n\n\n<p><strong>Rokotusm\u00e4\u00e4r\u00e4ykset&nbsp;<\/strong><br>Suomen Kennelliitto-Finska Kennelklubben ry:n m\u00e4\u00e4r\u00e4ysten mukaan.<\/p>\n\n\n\n<p>Koiran\u00e4yttelyiss\u00e4, kokeissa ja kilpailuissa, sek\u00e4 muissa koirien joukkotapahtumissa noudatetaan Kennelliiton hallituksen hyv\u00e4ksymi\u00e4 rokotusm\u00e4\u00e4r\u00e4yksi\u00e4. Tapahtuman j\u00e4rjest\u00e4j\u00e4 vastaa siit\u00e4, ett\u00e4 rokotusm\u00e4\u00e4r\u00e4yksi\u00e4 noudatetaan.<br>Koiralla tulee olla rokotustodistus, josta k\u00e4y ilmi rokotuksen viimeinen voimassaolop\u00e4iv\u00e4, koiran tunnistetiedot ja viimeisimm\u00e4t rokotukset.<br><br><strong>Typistetyt koirat<\/strong><br>Suomen lain vastaisesti typistetyt koirat eiv\u00e4t saa osallistua n\u00e4yttelyihin, kokeisiin tai kilpailuihin Suomessa.<\/p>\n\n\n\n<p><strong>Tunnistusmerkint\u00e4<\/strong><br>N\u00e4yttelyyn osallistuvan koiran tulee olla tunnistusmerkitty joko mikrosirulla tai tatuoinnilla.<br>Tunnistusmerkint\u00e4 on pakollinen Kennelliiton virallisissa n\u00e4yttelyiss\u00e4, kokeissa ja kilpailuissa.<\/p>\n\n\n\n<p><strong>Antidoping-valvonta<\/strong><br>Dopingvalvonta koskee kaikkia Suomen Kennelliiton my\u00f6nt\u00e4mi\u00e4 n\u00e4yttelyit\u00e4, kilpailuja ja kokeita. Ajankohtaisinta tietoa osoitteessa&nbsp;<a href=\"https:\/\/www.kennelliitto.fi\/koiraharrastukset\/tietoa-antidopingsaannoista-kaytanteista-ja-valvonnasta\">KENNELLIITTO \/ ANTIDOPING<\/a><\/p>\n\n\n\n<p><strong>Ilmoittautumisia ja kasvattajaryhmi\u00e4 koskevat tiedustelut<\/strong><br>Showlink Oy arkisin klo 11-17 puh. 09 887 30320 tai e-mail: info@showlink<br><em>Mainitsethan tiedustelussasi \/ s\u00e4hk\u00f6postissasi n\u00e4yttelyn nimen sek\u00e4 koiran rekisterinumeron, jota tiedustelu koskee. Jollet saa ilmoittautumisestasi vahvistusta s\u00e4hk\u00f6postiisi, ota v\u00e4litt\u00f6m\u00e4sti yhteytt\u00e4 asiakaspalveluumme. Tarkasta ilmoittautumisesta koirasi tiedot ja kilpailuluokka.<\/em><\/p>\n","protected":false},"excerpt":{"rendered":"<p>Ilmoittautumiset 30.4. \/ 11.5. menness\u00e4. Ilmoittautuminen n\u00e4yttelyyn tulee tehd\u00e4 internetiss\u00e4. Ilmoittaessaan koiransa n\u00e4yttelyn n\u00e4ytteilleasettaja sitoutuu noudattamaan Suomen Kennelliiton voimassa olevia n\u00e4yttelys\u00e4\u00e4nt\u00f6j\u00e4 ja niit\u00e4 t\u00e4ydent\u00e4vi\u00e4 ohjeita sek\u00e4 rokotusm\u00e4\u00e4r\u00e4yksi\u00e4. S\u00e4\u00e4nn\u00f6t l\u00f6ytyv\u00e4t Kennelliiton kotisivuilta. Online-ilmoittautuminen osoitteessa www.showlink.fi \u2192&nbsp;ILMOITTAUDU N\u00c4YTTELYYN Netti-ilmoittautuminen maksetaan verkkopankilla tai luottokortilla ilmoittautumisen yhteydess\u00e4. Online-ilmoittautumisesta tulee aina vahvistus s\u00e4hk\u00f6postiisi. Jollet saa vahvistusta, ota v\u00e4litt\u00f6m\u00e4sti yhteytt\u00e4 Showlinkin <a href=\"https:\/\/www.showlink.fi\/shows\/Paimio_RN_230526\/ilmoittautuminen\/\" class=\"more-link\">...jatka lukemista<span class=\"screen-reader-text\"> \"Ilmoittautuminen\"<\/span><\/a><\/p>\n","protected":false},"author":1,"featured_media":0,"parent":0,"menu_order":3,"comment_status":"closed","ping_status":"closed","template":"","meta":{"footnotes":""},"class_list":["post-272","page","type-page","status-publish","h-entry","hentry","h-as-page"],"_links":{"self":[{"href":"https:\/\/www.showlink.fi\/shows\/Paimio_RN_230526\/wp-json\/wp\/v2\/pages\/272","targetHints":{"allow":["GET"]}}],"collection":[{"href":"https:\/\/www.showlink.fi\/shows\/Paimio_RN_230526\/wp-json\/wp\/v2\/pages"}],"about":[{"href":"https:\/\/www.showlink.fi\/shows\/Paimio_RN_230526\/wp-json\/wp\/v2\/types\/page"}],"author":[{"embeddable":true,"href":"https:\/\/www.showlink.fi\/shows\/Paimio_RN_230526\/wp-json\/wp\/v2\/users\/1"}],"replies":[{"embeddable":true,"href":"https:\/\/www.showlink.fi\/shows\/Paimio_RN_230526\/wp-json\/wp\/v2\/comments?post=272"}],"version-history":[{"count":2,"href":"https:\/\/www.showlink.fi\/shows\/Paimio_RN_230526\/wp-json\/wp\/v2\/pages\/272\/revisions"}],"predecessor-version":[{"id":285,"href":"https:\/\/www.showlink.fi\/shows\/Paimio_RN_230526\/wp-json\/wp\/v2\/pages\/272\/revisions\/285"}],"wp:attachment":[{"href":"https:\/\/www.showlink.fi\/shows\/Paimio_RN_230526\/wp-json\/wp\/v2\/media?parent=272"}],"curies":[{"name":"wp","href":"https:\/\/api.w.org\/{rel}","templated":true}]}}