{"id":275,"date":"2025-12-10T16:57:48","date_gmt":"2025-12-10T14:57:48","guid":{"rendered":"https:\/\/www.showlink.fi\/shows\/Paimio_RN_230526\/?page_id=275"},"modified":"2026-03-02T14:44:35","modified_gmt":"2026-03-02T12:44:35","slug":"tuomarit","status":"publish","type":"page","link":"https:\/\/www.showlink.fi\/shows\/Paimio_RN_230526\/tuomarit\/","title":{"rendered":"Tuomarit"},"content":{"rendered":"\n<p><strong>P\u00e4ivitys 2.3.2026<\/strong> <br><em>Kirsi Honkanen on valitettavasti estynyt saapumasta n\u00e4yttelyyn. Muutokset p\u00e4ivitetty tuomarilistaan.<\/em><\/p>\n\n\n\n<hr class=\"wp-block-separator has-text-color has-alpha-channel-opacity has-background\" style=\"background-color:#ececec;color:#ececec\"\/>\n\n\n\n<p><strong>Ryhm\u00e4 5<\/strong><br><em>Varalla kaikille ryhm\u00e4 5 roduille\u00a0<strong>Pirjo Aaltonen<\/strong><\/em><br>american eskimo dog, basenji, eurasier, harmaa norjanhirvikoira, h\u00e4lleforsinkoira, it\u00e4siperianlaika, j\u00e4mtlanninpystykorva, kanadaneskimokoira, karjalankarhukoira, kintamani-balinkoira, l\u00e4nsig\u00f6\u00f6tanmaanpystykorva, l\u00e4nsisiperianlaika, musta norjanhirvikoira, musta tanskanpystykorva, pohjanpystykorva, portugalinpodengot, keeshond, suomenpystykorva, tanskanpystykorva, valkoinen ruotsinhirvikoira, ven\u00e4l\u00e4is-eurooppalainen laika\u00a0<strong>Esa Ruotsalainen<\/strong><br>japaninpystykorva, grosspitzit, kleinspitzit, mittelspitzit, pomeranian\u00a0<strong>Tuula Savolainen<\/strong><br>muut\u00a0<strong>Erja Nummi<\/strong><\/p>\n\n\n\n<p><strong>Ryhm\u00e4 6<\/strong><br><em>Varalla kaikille ryhm\u00e4 6 roduille\u00a0<strong>Erja Nummi<\/strong><\/em><br>basset hound, bluetick coonhound, englanninkettukoira, grand basset griffon vend\u00e9en, harrieri, pesukarhukoira, petit basset griffon vend\u00e9en, saukkokoira, vihikoira\u00a0<strong>Sophie Aspholm<\/strong><br>muut\u00a0<strong>Tapani Pukkila<\/strong><\/p>\n\n\n\n<p><strong>Ryhm\u00e4 7<\/strong><br><em>Varalla kaikille ryhm\u00e4 7 roduille\u00a0<strong>Sophie Aspholm<\/strong><\/em><br>ariegenseisoja, auvergnenseisoja, bourbonnaisinseisoja, harjaskarvainen saksanseisoja, hollanninpeltopyykoira, isom\u00fcnsterinseisoja, karkeakarvainen slovakianseisoja, korthalsingriffoni, portugalinseisoja, ranskanseisoja, gascognelaistyyppi, ranskanseisoja, pyrenel\u00e4istyyppi, saintgermaininseisoja, stabijhoun, tsekinseisoja, vanhatanskankanakoira, villakoirapointteri\u00a0<strong>Erja Nummi<\/strong><br>muut\u00a0<strong>Pirjo Aaltonen<\/strong><\/p>\n\n\n\n<p><strong>Ryhm\u00e4 8<\/strong><br><em>Varalla kaikille ryhm\u00e4 8 roduille\u00a0<strong>Tuula Savolainen<\/strong><\/em><br>amerikancockerspanieli, cockerspanieli, englanninspringerspanieli, fieldspanieli, kiharakarvainen noutaja, kultainennoutaja, walesinspringerspanieli\u00a0<strong>Arja Koskelo<\/strong><br>espanjanvesikoira, kooikerhondje, labradorinnoutaja, novascotiannoutaja, portugalinvesikoira, puolanmets\u00e4stysspanieli, sile\u00e4karvainen noutaja, ven\u00e4j\u00e4nspanieli\u00a0<strong>Hilkka Salohalla<\/strong><br>amerikanvesispanieli, barbet, chesapeakelahdennoutaja, clumberinspanieli, friisinvesikoira, irlanninvesispanieli, lagotto romagnolo, sussexinspanieli, viiri\u00e4iskoira\u00a0<strong>Sophie Aspholm<\/strong><\/p>\n\n\n\n<p>Ryhm\u00e4kilpailut<br>FCI 5<strong>\u00a0Esa Ruotsalainen<\/strong><br>FCI 6<strong>\u00a0Tapani Pukkila<\/strong><br>FCI 7<strong>\u00a0Erja Nummi<\/strong><br>FCI 8<strong>\u00a0Arja Koskelo<\/strong><br><br>Paras juniori\u00a0<strong>Tuula Savolainen<\/strong><br>Paras veteraani\u00a0<strong>Hilkka Salohalla<\/strong><br>Paras kasvattajaryhm\u00e4\u00a0<strong>Tuula Savolainen<\/strong><br>Best in Show<strong>\u00a0Hilkka Salohalla<\/strong><\/p>\n","protected":false},"excerpt":{"rendered":"<p>P\u00e4ivitys 2.3.2026 Kirsi Honkanen on valitettavasti estynyt saapumasta n\u00e4yttelyyn. Muutokset p\u00e4ivitetty tuomarilistaan. Ryhm\u00e4 5Varalla kaikille ryhm\u00e4 5 roduille\u00a0Pirjo Aaltonenamerican eskimo dog, basenji, eurasier, harmaa norjanhirvikoira, h\u00e4lleforsinkoira, it\u00e4siperianlaika, j\u00e4mtlanninpystykorva, kanadaneskimokoira, karjalankarhukoira, kintamani-balinkoira, l\u00e4nsig\u00f6\u00f6tanmaanpystykorva, l\u00e4nsisiperianlaika, musta norjanhirvikoira, musta tanskanpystykorva, pohjanpystykorva, portugalinpodengot, keeshond, suomenpystykorva, tanskanpystykorva, valkoinen ruotsinhirvikoira, ven\u00e4l\u00e4is-eurooppalainen laika\u00a0Esa Ruotsalainenjapaninpystykorva, grosspitzit, kleinspitzit, mittelspitzit, pomeranian\u00a0Tuula Savolainenmuut\u00a0Erja Nummi Ryhm\u00e4 6Varalla <a href=\"https:\/\/www.showlink.fi\/shows\/Paimio_RN_230526\/tuomarit\/\" class=\"more-link\">...jatka lukemista<span class=\"screen-reader-text\"> \"Tuomarit\"<\/span><\/a><\/p>\n","protected":false},"author":1,"featured_media":0,"parent":0,"menu_order":2,"comment_status":"closed","ping_status":"closed","template":"","meta":{"footnotes":""},"class_list":["post-275","page","type-page","status-publish","h-entry","hentry","h-as-page"],"_links":{"self":[{"href":"https:\/\/www.showlink.fi\/shows\/Paimio_RN_230526\/wp-json\/wp\/v2\/pages\/275","targetHints":{"allow":["GET"]}}],"collection":[{"href":"https:\/\/www.showlink.fi\/shows\/Paimio_RN_230526\/wp-json\/wp\/v2\/pages"}],"about":[{"href":"https:\/\/www.showlink.fi\/shows\/Paimio_RN_230526\/wp-json\/wp\/v2\/types\/page"}],"author":[{"embeddable":true,"href":"https:\/\/www.showlink.fi\/shows\/Paimio_RN_230526\/wp-json\/wp\/v2\/users\/1"}],"replies":[{"embeddable":true,"href":"https:\/\/www.showlink.fi\/shows\/Paimio_RN_230526\/wp-json\/wp\/v2\/comments?post=275"}],"version-history":[{"count":5,"href":"https:\/\/www.showlink.fi\/shows\/Paimio_RN_230526\/wp-json\/wp\/v2\/pages\/275\/revisions"}],"predecessor-version":[{"id":295,"href":"https:\/\/www.showlink.fi\/shows\/Paimio_RN_230526\/wp-json\/wp\/v2\/pages\/275\/revisions\/295"}],"wp:attachment":[{"href":"https:\/\/www.showlink.fi\/shows\/Paimio_RN_230526\/wp-json\/wp\/v2\/media?parent=275"}],"curies":[{"name":"wp","href":"https:\/\/api.w.org\/{rel}","templated":true}]}}