{"id":278,"date":"2025-12-10T16:58:18","date_gmt":"2025-12-10T14:58:18","guid":{"rendered":"https:\/\/www.showlink.fi\/shows\/Paimio_RN_230526\/?page_id=278"},"modified":"2025-12-10T17:00:27","modified_gmt":"2025-12-10T15:00:27","slug":"aikataulut","status":"publish","type":"page","link":"https:\/\/www.showlink.fi\/shows\/Paimio_RN_230526\/aikataulut\/","title":{"rendered":"Aikataulut"},"content":{"rendered":"\n<hr class=\"wp-block-separator has-text-color has-alpha-channel-opacity has-background\" style=\"background-color:#ececec;color:#ececec\"\/>\n\n\n\n<p><em>Aikataulut julkaistaan noin viikkoa ennen n\u00e4yttely\u00e4.<\/em><\/p>\n\n\n\n<p>Aikataulukirjeet ja numerolaput toimitetaan vain s\u00e4hk\u00f6isesti.<\/p>\n","protected":false},"excerpt":{"rendered":"<p>Aikataulut julkaistaan noin viikkoa ennen n\u00e4yttely\u00e4. Aikataulukirjeet ja numerolaput toimitetaan vain s\u00e4hk\u00f6isesti.<\/p>\n","protected":false},"author":1,"featured_media":0,"parent":0,"menu_order":4,"comment_status":"closed","ping_status":"closed","template":"","meta":{"footnotes":""},"class_list":["post-278","page","type-page","status-publish","h-entry","hentry","h-as-page"],"_links":{"self":[{"href":"https:\/\/www.showlink.fi\/shows\/Paimio_RN_230526\/wp-json\/wp\/v2\/pages\/278","targetHints":{"allow":["GET"]}}],"collection":[{"href":"https:\/\/www.showlink.fi\/shows\/Paimio_RN_230526\/wp-json\/wp\/v2\/pages"}],"about":[{"href":"https:\/\/www.showlink.fi\/shows\/Paimio_RN_230526\/wp-json\/wp\/v2\/types\/page"}],"author":[{"embeddable":true,"href":"https:\/\/www.showlink.fi\/shows\/Paimio_RN_230526\/wp-json\/wp\/v2\/users\/1"}],"replies":[{"embeddable":true,"href":"https:\/\/www.showlink.fi\/shows\/Paimio_RN_230526\/wp-json\/wp\/v2\/comments?post=278"}],"version-history":[{"count":2,"href":"https:\/\/www.showlink.fi\/shows\/Paimio_RN_230526\/wp-json\/wp\/v2\/pages\/278\/revisions"}],"predecessor-version":[{"id":284,"href":"https:\/\/www.showlink.fi\/shows\/Paimio_RN_230526\/wp-json\/wp\/v2\/pages\/278\/revisions\/284"}],"wp:attachment":[{"href":"https:\/\/www.showlink.fi\/shows\/Paimio_RN_230526\/wp-json\/wp\/v2\/media?parent=278"}],"curies":[{"name":"wp","href":"https:\/\/api.w.org\/{rel}","templated":true}]}}