{"id":87,"date":"2020-01-15T10:08:13","date_gmt":"2020-01-15T08:08:13","guid":{"rendered":"https:\/\/www.showlink.fi\/shows\/kruunupyy2020_v1\/?page_id=87"},"modified":"2025-12-12T09:33:53","modified_gmt":"2025-12-12T07:33:53","slug":"kruunupyy-ryhmanayttely","status":"publish","type":"page","link":"https:\/\/www.showlink.fi\/shows\/Paimio_RN_230526\/","title":{"rendered":"Tervetuloa Paimion ryhm\u00e4n\u00e4yttelyyn 23.5.2026!"},"content":{"rendered":"\n<hr class=\"wp-block-separator has-text-color has-alpha-channel-opacity has-background\" style=\"background-color:#ececec;color:#ececec\"\/>\n\n\n\n<p><strong>N\u00e4yttelypaikkana toimii Varsinais-Suomen Ajoharjoittelurata<\/strong><br>Osoite: Ajurintie 3 21530 Paimio<\/p>\n\n\n\n<p><strong>N\u00e4yttelyss\u00e4 arvostellaan FCI:n ryhm\u00e4t 5, 6, 7 &amp; 8<\/strong><br><strong>FCI 5 -<\/strong> Pystykorvat ja alkukantaiset koirat<br><strong>FCI 6 -<\/strong> Ajavat ja j\u00e4ljest\u00e4v\u00e4t koirat<br><strong>FCI 7 -<\/strong> Seisovat lintukoirat<br><strong>FCI 8<\/strong> <strong>-<\/strong> Noutajat, yl\u00f6sajavat koirat ja vesikoirat<br>N\u00e4yttelyss\u00e4 arvostellaan my\u00f6s pennut (7kk - alle 9kk).<\/p>\n\n\n\n<p><strong>J\u00e4rjest\u00e4j\u00e4:<\/strong> Lounais-Suomen Pystykorvayhdistys ry<\/p>\n\n\n\n<hr class=\"wp-block-separator has-text-color has-alpha-channel-opacity has-background\" style=\"background-color:#ececec;color:#ececec\"\/>\n\n\n\n<h3 class=\"wp-block-heading\">Tiedustelut<\/h3>\n\n\n\n<p><strong>Ilmoittautumisia ja kasvattajaryhmi\u00e4 koskevat tiedustelut<\/strong><br><strong>Showlink Oy<\/strong> arkisin klo 11-17 puh. 09 887 30320 tai e-mail: info@showlink.fi<br><em>Mainitsethan tiedustelussasi n\u00e4yttelyn sek\u00e4 koiran rekisterinumeron, jota tiedustelu koskee.<\/em><\/p>\n\n\n\n<p><strong>Muut tiedustelut<\/strong><br>Jaana Yli-Kauppila <br>040-7580 732 <em>(klo 16 j\u00e4lkeen) <\/em><br>jaanaylikauppila@gmail.com<\/p>\n\n\n\n<p><strong>Keh\u00e4toimitsijat<\/strong><br>Hanna Rousku<br>050-910 0306<br>hanna.rousku@gmail.com&nbsp;<\/p>\n\n\n\n<p><\/p>\n","protected":false},"excerpt":{"rendered":"<p>N\u00e4yttelypaikkana toimii Varsinais-Suomen AjoharjoittelurataOsoite: Ajurintie 3 21530 Paimio N\u00e4yttelyss\u00e4 arvostellaan FCI:n ryhm\u00e4t 5, 6, 7 &amp; 8FCI 5 - Pystykorvat ja alkukantaiset koiratFCI 6 - Ajavat ja j\u00e4ljest\u00e4v\u00e4t koiratFCI 7 - Seisovat lintukoiratFCI 8 - Noutajat, yl\u00f6sajavat koirat ja vesikoiratN\u00e4yttelyss\u00e4 arvostellaan my\u00f6s pennut (7kk - alle 9kk). J\u00e4rjest\u00e4j\u00e4: Lounais-Suomen Pystykorvayhdistys ry Tiedustelut Ilmoittautumisia ja kasvattajaryhmi\u00e4 <a href=\"https:\/\/www.showlink.fi\/shows\/Paimio_RN_230526\/\" class=\"more-link\">...jatka lukemista<span class=\"screen-reader-text\"> \"Tervetuloa Paimion ryhm\u00e4n\u00e4yttelyyn 23.5.2026!\"<\/span><\/a><\/p>\n","protected":false},"author":1,"featured_media":0,"parent":0,"menu_order":1,"comment_status":"closed","ping_status":"closed","template":"","meta":{"footnotes":""},"class_list":["post-87","page","type-page","status-publish","h-entry","hentry","h-as-page"],"_links":{"self":[{"href":"https:\/\/www.showlink.fi\/shows\/Paimio_RN_230526\/wp-json\/wp\/v2\/pages\/87","targetHints":{"allow":["GET"]}}],"collection":[{"href":"https:\/\/www.showlink.fi\/shows\/Paimio_RN_230526\/wp-json\/wp\/v2\/pages"}],"about":[{"href":"https:\/\/www.showlink.fi\/shows\/Paimio_RN_230526\/wp-json\/wp\/v2\/types\/page"}],"author":[{"embeddable":true,"href":"https:\/\/www.showlink.fi\/shows\/Paimio_RN_230526\/wp-json\/wp\/v2\/users\/1"}],"replies":[{"embeddable":true,"href":"https:\/\/www.showlink.fi\/shows\/Paimio_RN_230526\/wp-json\/wp\/v2\/comments?post=87"}],"version-history":[{"count":29,"href":"https:\/\/www.showlink.fi\/shows\/Paimio_RN_230526\/wp-json\/wp\/v2\/pages\/87\/revisions"}],"predecessor-version":[{"id":290,"href":"https:\/\/www.showlink.fi\/shows\/Paimio_RN_230526\/wp-json\/wp\/v2\/pages\/87\/revisions\/290"}],"wp:attachment":[{"href":"https:\/\/www.showlink.fi\/shows\/Paimio_RN_230526\/wp-json\/wp\/v2\/media?parent=87"}],"curies":[{"name":"wp","href":"https:\/\/api.w.org\/{rel}","templated":true}]}}