{"id":82,"date":"2020-03-12T10:11:41","date_gmt":"2020-03-12T08:11:41","guid":{"rendered":"https:\/\/www.showlink.fi\/shows\/loviisarn0320\/?page_id=82"},"modified":"2026-01-15T15:42:36","modified_gmt":"2026-01-15T13:42:36","slug":"tulokset","status":"publish","type":"page","link":"https:\/\/www.showlink.fi\/shows\/Pielavesi_070626\/tulokset\/","title":{"rendered":"Tulokset"},"content":{"rendered":"\n<p>N\u00e4yttelyiss\u00e4mme on reaaliaikainen tulospalvelu.<br><br>\u00bb <strong>Siirry n\u00e4yttelyn tuloksiin<\/strong><\/p>\n\n\n\n<p>Jalostustietoj\u00e4rjestelm\u00e4\u00e4n tulokset p\u00e4ivittyv\u00e4t n\u00e4yttelyn p\u00e4\u00e4tytty\u00e4.<\/p>\n","protected":false},"excerpt":{"rendered":"<p>N\u00e4yttelyiss\u00e4mme on reaaliaikainen tulospalvelu. \u00bb Siirry n\u00e4yttelyn tuloksiin Jalostustietoj\u00e4rjestelm\u00e4\u00e4n tulokset p\u00e4ivittyv\u00e4t n\u00e4yttelyn p\u00e4\u00e4tytty\u00e4.<\/p>\n","protected":false},"author":1,"featured_media":0,"parent":0,"menu_order":10,"comment_status":"closed","ping_status":"closed","template":"","meta":{"footnotes":""},"class_list":["post-82","page","type-page","status-publish","h-entry","hentry","h-as-page"],"_links":{"self":[{"href":"https:\/\/www.showlink.fi\/shows\/Pielavesi_070626\/wp-json\/wp\/v2\/pages\/82","targetHints":{"allow":["GET"]}}],"collection":[{"href":"https:\/\/www.showlink.fi\/shows\/Pielavesi_070626\/wp-json\/wp\/v2\/pages"}],"about":[{"href":"https:\/\/www.showlink.fi\/shows\/Pielavesi_070626\/wp-json\/wp\/v2\/types\/page"}],"author":[{"embeddable":true,"href":"https:\/\/www.showlink.fi\/shows\/Pielavesi_070626\/wp-json\/wp\/v2\/users\/1"}],"replies":[{"embeddable":true,"href":"https:\/\/www.showlink.fi\/shows\/Pielavesi_070626\/wp-json\/wp\/v2\/comments?post=82"}],"version-history":[{"count":6,"href":"https:\/\/www.showlink.fi\/shows\/Pielavesi_070626\/wp-json\/wp\/v2\/pages\/82\/revisions"}],"predecessor-version":[{"id":187,"href":"https:\/\/www.showlink.fi\/shows\/Pielavesi_070626\/wp-json\/wp\/v2\/pages\/82\/revisions\/187"}],"wp:attachment":[{"href":"https:\/\/www.showlink.fi\/shows\/Pielavesi_070626\/wp-json\/wp\/v2\/media?parent=82"}],"curies":[{"name":"wp","href":"https:\/\/api.w.org\/{rel}","templated":true}]}}