{"id":9,"date":"2018-01-04T15:45:57","date_gmt":"2018-01-04T13:45:57","guid":{"rendered":"http:\/\/www.showlink.fi\/shows\/loviisarn18\/?page_id=9"},"modified":"2026-03-31T10:26:29","modified_gmt":"2026-03-31T07:26:29","slug":"tuomarit","status":"publish","type":"page","link":"https:\/\/www.showlink.fi\/shows\/Pielavesi_070626\/tuomarit\/","title":{"rendered":"Tuomarit"},"content":{"rendered":"\n<p class=\"has-background\" style=\"background-color:#cfdb7b57\"><strong>P\u00e4ivitys 31.3.2026 \u2013<\/strong> N\u00e4yttelyyn on tullut tuomarimuutos. Muutokset merkitty alla olevaan tuomarilistaan punaisella.<\/p>\n\n\n\n<p><strong>Ryhm\u00e4 5<\/strong><br><em>Varalla kaikille ryhm\u00e4 5 roduille <strong>Jouko Leivisk\u00e4<\/strong><\/em><br>harmaa norjanhirvikoira, h\u00e4lleforsinkoira, j\u00e4mtlanninpystykorva, kintamani-balinkoira, koreanjindonkoira, musta norjanhirvikoira, perunkarvatonkoirat, taiwaninkoira, thai ridgeback, thaimaanpystykorva, valkoinen ruotsinhirvikoira <strong>Anna Paananen<\/strong><br>japaninpystykorva, kainkoira, kishunkoira, l\u00e4nsisiperianlaika, ruotsinlapinkoira, samojedinkoira, shikokunkoira, siperianhusky, ven\u00e4l\u00e4is-eurooppalainen laika, volpino italiano <strong>Emma Piril\u00e4<\/strong><br><mark style=\"background-color:rgba(0, 0, 0, 0)\" class=\"has-inline-color has-vivid-red-color\">akita, alaskanmalamuutti, amerikanakita, basenji, buhund, chow chow, etnankoira, eurasier, faaraokoira, gr\u00f6nlanninkoira, hokkaidonkoira, ibizanpodencot, islanninlammaskoira, it\u00e4siperianlaika, jakutianlaika, kaanaankoira, kanadaneskimokoira, kanarianpodenco, lunnikoira, l\u00e4nsig\u00f6\u00f6tanmaanpystykorva, meksikonkarvatonkoirat, pohjanpystykorva, portugalinpodengot, shiba, suomenpystykorva <strong>Matti Tuominen<\/strong><\/mark><br>american eskimo dog, karjalankarhukoira, lapinporokoira, musta tanskanpystykorva, tanskanpystykorva <strong>Jouko Leivisk\u00e4<\/strong><br>grosspitzit, keeshond, kleinspitzit, mittelspitzit, pomeranian, suomenlapinkoira <strong>Reino Korpela<\/strong><br><br><strong>Ryhm\u00e4 6<\/strong><br><em>Varalla kaikille ryhm\u00e4 6 roduille <strong>Jouko Leivisk\u00e4<\/strong><\/em><br>beagle harrier, billy, dreeveri <strong>Emma Piril\u00e4<\/strong><br>bluetick coonhound, bretagnenbassetti, chien d\u00b4artois, francais blanc et noir, francais blanc et orange, francais tricolore, gotlanninajokoira, grand griffon vend\u00e9en <strong>Jouko Leivisk\u00e4<\/strong><br>dalmatiankoira, rhodesiankoira <strong>Reia Leikola-Walden<\/strong><br>muut <strong>Reino Korpela<\/strong><br><br><strong>Ryhm\u00e4 7<\/strong><br><em>Varalla kaikille ryhm\u00e4 7 roduille <strong>Jouko Leivisk\u00e4<\/strong><\/em><br>englanninsetteri <strong>Reino Korpela<br><\/strong>muut <strong>Jouko Leivisk\u00e4<\/strong><br><br><strong>Ryhm\u00e4 8<\/strong><br><em>Varalla kaikille ryhm\u00e4 8 roduille <strong>Jouko Leivisk\u00e4<\/strong><\/em><br>amerikancockerspanieli, amerikanvesispanieli, barbet, chesapeakelahdennoutaja, clumberinspanieli, cockerspanieli, englanninspringerspanieli, espanjanvesikoira, fieldspanieli, friisinvesikoira, irlanninvesispanieli, kiharakarvainen noutaja, kooikerhondje, kultainennoutaja, lagotto romagnolo, novascotiannoutaja, portugalinvesikoira, puolanmets\u00e4stysspanieli, sile\u00e4karvainen noutaja, sussexinspanieli, walesinspringerspanieli, ven\u00e4j\u00e4nspanieli, viiri\u00e4iskoira <strong>Jouko Leivisk\u00e4<\/strong><br>labradorinnoutaja <strong>Reia Leikola-Walden<\/strong><br><br><strong>Ryhm\u00e4kilpailut<\/strong><br><mark style=\"background-color:rgba(0, 0, 0, 0)\" class=\"has-inline-color has-vivid-red-color\">FCI 5 <strong>Matti Tuominen<\/strong><\/mark><br>FCI 6 <strong>Reino Korpela<\/strong><br>FCI 7 <strong>Emma Piril\u00e4<\/strong><br>FCI 8 <strong>Reia Leikola-Walden<br><\/strong>Paras juniori <strong>Emma Piril\u00e4<\/strong><br><mark style=\"background-color:rgba(0, 0, 0, 0)\" class=\"has-inline-color has-vivid-red-color\">Paras veteraani <strong>Matti Tuominen<\/strong><\/mark><br>Paras kasvattajaryhm\u00e4 <strong>Reino Korpela<\/strong><br>Best in Show<strong>Jouko Leivisk\u00e4<\/strong><\/p>\n","protected":false},"excerpt":{"rendered":"<p>P\u00e4ivitys 31.3.2026 \u2013 N\u00e4yttelyyn on tullut tuomarimuutos. Muutokset merkitty alla olevaan tuomarilistaan punaisella. Ryhm\u00e4 5Varalla kaikille ryhm\u00e4 5 roduille Jouko Leivisk\u00e4harmaa norjanhirvikoira, h\u00e4lleforsinkoira, j\u00e4mtlanninpystykorva, kintamani-balinkoira, koreanjindonkoira, musta norjanhirvikoira, perunkarvatonkoirat, taiwaninkoira, thai ridgeback, thaimaanpystykorva, valkoinen ruotsinhirvikoira Anna Paananenjapaninpystykorva, kainkoira, kishunkoira, l\u00e4nsisiperianlaika, ruotsinlapinkoira, samojedinkoira, shikokunkoira, siperianhusky, ven\u00e4l\u00e4is-eurooppalainen laika, volpino italiano Emma Piril\u00e4akita, alaskanmalamuutti, amerikanakita, basenji, buhund, chow <a href=\"https:\/\/www.showlink.fi\/shows\/Pielavesi_070626\/tuomarit\/\" class=\"more-link\">...jatka lukemista<span class=\"screen-reader-text\"> \"Tuomarit\"<\/span><\/a><\/p>\n","protected":false},"author":1,"featured_media":0,"parent":0,"menu_order":2,"comment_status":"closed","ping_status":"closed","template":"","meta":{"footnotes":""},"class_list":["post-9","page","type-page","status-publish","h-entry","hentry","h-as-page"],"_links":{"self":[{"href":"https:\/\/www.showlink.fi\/shows\/Pielavesi_070626\/wp-json\/wp\/v2\/pages\/9","targetHints":{"allow":["GET"]}}],"collection":[{"href":"https:\/\/www.showlink.fi\/shows\/Pielavesi_070626\/wp-json\/wp\/v2\/pages"}],"about":[{"href":"https:\/\/www.showlink.fi\/shows\/Pielavesi_070626\/wp-json\/wp\/v2\/types\/page"}],"author":[{"embeddable":true,"href":"https:\/\/www.showlink.fi\/shows\/Pielavesi_070626\/wp-json\/wp\/v2\/users\/1"}],"replies":[{"embeddable":true,"href":"https:\/\/www.showlink.fi\/shows\/Pielavesi_070626\/wp-json\/wp\/v2\/comments?post=9"}],"version-history":[{"count":9,"href":"https:\/\/www.showlink.fi\/shows\/Pielavesi_070626\/wp-json\/wp\/v2\/pages\/9\/revisions"}],"predecessor-version":[{"id":198,"href":"https:\/\/www.showlink.fi\/shows\/Pielavesi_070626\/wp-json\/wp\/v2\/pages\/9\/revisions\/198"}],"wp:attachment":[{"href":"https:\/\/www.showlink.fi\/shows\/Pielavesi_070626\/wp-json\/wp\/v2\/media?parent=9"}],"curies":[{"name":"wp","href":"https:\/\/api.w.org\/{rel}","templated":true}]}}