{"id":13,"date":"2019-11-05T11:35:45","date_gmt":"2019-11-05T09:35:45","guid":{"rendered":"http:\/\/www.showlink.fi\/shows\/tornio080220\/?page_id=13"},"modified":"2026-03-05T16:59:54","modified_gmt":"2026-03-05T14:59:54","slug":"tuomarit","status":"publish","type":"page","link":"https:\/\/www.showlink.fi\/shows\/PosioRN2026\/tuomarit\/","title":{"rendered":"Tuomarit"},"content":{"rendered":"\n<p><em>Varalla kaikille roduille <strong>Leni Finne<\/strong><\/em><br><br><strong>Ryhm\u00e4 1<\/strong><br>abruzzese maremmano, ardennienkarjakoira, australian t\u00f6p\u00f6h\u00e4nt\u00e4inen karjakoira, australiankarjakoira, australiankelpie, bergamonpaimenkoira, bordercollie, etel\u00e4ven\u00e4j\u00e4nkoira, karpaattienkoira, komondor, kuvasz, lancashirenkarjakoira, mallorcanpaimenkoira, mudi, owczarek podhalanski, partacollie, pieniamerikanpaimenkoira, pulit, pumi <strong>Kimmo Mustonen<\/strong><br>beaucenpaimenkoira \/ beauceron, belgianpaimenkoirat, bouvier, brienpaimenkoira \/ briardi, ceskoslovensky vlciak, hollanninpaimenkoirat, it\u00e4euroopanpaimenkoira, katalonianpaimenkoira, kroatianpaimenkoira, medimurjenkoira, picardienpaimenkoira, romanianpaimenkoira, saarlooswolfhond <strong>Leni Finne<\/strong><br>australianpaimenkoira, lyhytkarvainen pyreneittenpaimenkoira, pitk\u00e4karvainen collie, pitk\u00e4karvainen pyreneittenpaimenkoira, polski owczarek nizinny, saksanpaimenkoirat, schapendoes, schipperke, serra de airesinpaimenkoira, shetlanninlammaskoira, sile\u00e4karvainen collie, slovakiancuvac, tsekinpaimenkoira, valkoinenpaimenkoira, vanhaenglanninlammaskoira, welsh corgit <strong>Veli-Pekka Kumpum\u00e4ki<\/strong><br><br><strong>Ryhm\u00e4 2<\/strong><br>kaikki rodut <strong>Kimmo Mustonen<\/strong><br><br><strong>Ryhm\u00e4 5<\/strong><br>american eskimo dog, basenji, etnankoira, faaraokoira, h\u00e4lleforsinkoira, ibizanpodencot, islanninlammaskoira, it\u00e4siperianlaika, japaninpystykorva, kanarianpodenco, l\u00e4nsig\u00f6\u00f6tanmaanpystykorva, l\u00e4nsisiperianlaika, musta tanskanpystykorva, perunkarvatonkoirat, portugalinpodengot, grosspitzit, keeshond, kleinspitzit, mittelspitzit, pomeranian, shiba, shikokunkoira, ven\u00e4l\u00e4is-eurooppalainen laika <strong>Leni Finne<\/strong><br>buhund, harmaa norjanhirvikoira, j\u00e4mtlanninpystykorva, kaanaankoira, kainkoira, karjalankarhukoira, musta norjanhirvikoira, pohjanpystykorva, valkoinen ruotsinhirvikoira <strong>Sakari Poti<\/strong><br>akita, alaskan klee kai, alaskanmalamuutti, amerikanakita, chow chow, eurasier, gr\u00f6nlanninkoira, hokkaidonkoira, jakutianlaika, kanadaneskimokoira, kintamani-balinkoira, kishunkoira, koreanjindonkoira, lapinporokoira, lunnikoira, meksikonkarvatonkoirat, ruotsinlapinkoira, samojedinkoira, siperianhusky, suomenlapinkoira, taiwaninkoira, tanskanpystykorva, thai ridgeback, thaimaanpystykorva, volpino italiano <strong>Tapio Kakko<\/strong><br>suomenpystykorva <strong>Tiina Eskelinen<\/strong><br><br><strong>Ryhm\u00e4 8<\/strong><br>amerikancockerspanieli, amerikanvesispanieli, barbet, chesapeakelahdennoutaja, cockerspanieli, englanninspringerspanieli, espanjanvesikoira, fieldspanieli, kiharakarvainen noutaja, kooikerhondje, labradorinnoutaja, lagotto romagnolo, portugalinvesikoira, puolanmets\u00e4stysspanieli, walesinspringerspanieli, ven\u00e4j\u00e4nspanieli <strong>Sanna Kav\u00e9n<\/strong><br>clumberinspanieli, friisinvesikoira, irlanninvesispanieli, kultainennoutaja, novascotiannoutaja, sile\u00e4karvainen noutaja, sussexinspanieli, viiri\u00e4iskoira <strong>Tiina Eskelinen<\/strong><\/p>\n\n\n\n<h3 class=\"wp-block-heading\">Ryhm\u00e4kilpailut<\/h3>\n\n\n\n<p>FCI 1 <strong>Veli-Pekka Kumpum\u00e4ki<\/strong><br>FCI 2 <strong>Kimmo Mustonen<\/strong><br>FCI 5<strong> Tapio Kakko<\/strong><br>FCI 8 <strong>Sanna Kav\u00e9n<\/strong><br><strong><br><\/strong>Paras juniori<strong> Tiina Eskelinen<\/strong><br>Paras veteraani <strong>Kimmo Mustonen<\/strong><br>Paras kasvattajaryhm\u00e4 <strong>Sakari Poti<\/strong><br><br>Best in Show <strong>Leni Finne<\/strong><\/p>\n\n\n\n<p><\/p>\n\n\n\n<p><\/p>\n","protected":false},"excerpt":{"rendered":"<p>Varalla kaikille roduille Leni Finne Ryhm\u00e4 1abruzzese maremmano, ardennienkarjakoira, australian t\u00f6p\u00f6h\u00e4nt\u00e4inen karjakoira, australiankarjakoira, australiankelpie, bergamonpaimenkoira, bordercollie, etel\u00e4ven\u00e4j\u00e4nkoira, karpaattienkoira, komondor, kuvasz, lancashirenkarjakoira, mallorcanpaimenkoira, mudi, owczarek podhalanski, partacollie, pieniamerikanpaimenkoira, pulit, pumi Kimmo Mustonenbeaucenpaimenkoira \/ beauceron, belgianpaimenkoirat, bouvier, brienpaimenkoira \/ briardi, ceskoslovensky vlciak, hollanninpaimenkoirat, it\u00e4euroopanpaimenkoira, katalonianpaimenkoira, kroatianpaimenkoira, medimurjenkoira, picardienpaimenkoira, romanianpaimenkoira, saarlooswolfhond Leni Finneaustralianpaimenkoira, lyhytkarvainen pyreneittenpaimenkoira, pitk\u00e4karvainen collie, pitk\u00e4karvainen <a href=\"https:\/\/www.showlink.fi\/shows\/PosioRN2026\/tuomarit\/\" class=\"more-link\">...jatka lukemista<span class=\"screen-reader-text\"> \"Tuomarit\"<\/span><\/a><\/p>\n","protected":false},"author":1,"featured_media":0,"parent":0,"menu_order":1,"comment_status":"closed","ping_status":"closed","template":"","meta":{"footnotes":""},"class_list":["post-13","page","type-page","status-publish","h-entry","hentry","h-as-page"],"_links":{"self":[{"href":"https:\/\/www.showlink.fi\/shows\/PosioRN2026\/wp-json\/wp\/v2\/pages\/13","targetHints":{"allow":["GET"]}}],"collection":[{"href":"https:\/\/www.showlink.fi\/shows\/PosioRN2026\/wp-json\/wp\/v2\/pages"}],"about":[{"href":"https:\/\/www.showlink.fi\/shows\/PosioRN2026\/wp-json\/wp\/v2\/types\/page"}],"author":[{"embeddable":true,"href":"https:\/\/www.showlink.fi\/shows\/PosioRN2026\/wp-json\/wp\/v2\/users\/1"}],"replies":[{"embeddable":true,"href":"https:\/\/www.showlink.fi\/shows\/PosioRN2026\/wp-json\/wp\/v2\/comments?post=13"}],"version-history":[{"count":12,"href":"https:\/\/www.showlink.fi\/shows\/PosioRN2026\/wp-json\/wp\/v2\/pages\/13\/revisions"}],"predecessor-version":[{"id":179,"href":"https:\/\/www.showlink.fi\/shows\/PosioRN2026\/wp-json\/wp\/v2\/pages\/13\/revisions\/179"}],"wp:attachment":[{"href":"https:\/\/www.showlink.fi\/shows\/PosioRN2026\/wp-json\/wp\/v2\/media?parent=13"}],"curies":[{"name":"wp","href":"https:\/\/api.w.org\/{rel}","templated":true}]}}