{"id":15,"date":"2019-11-05T11:36:45","date_gmt":"2019-11-05T09:36:45","guid":{"rendered":"http:\/\/www.showlink.fi\/shows\/tornio080220\/?page_id=15"},"modified":"2026-03-05T17:03:45","modified_gmt":"2026-03-05T15:03:45","slug":"aikataulut","status":"publish","type":"page","link":"https:\/\/www.showlink.fi\/shows\/PosioRN2026\/aikataulut\/","title":{"rendered":"Aikataulut"},"content":{"rendered":"\n<p><em>Aikataulut julkaistaan noin viikkoa ennen n\u00e4yttely\u00e4.<\/em><\/p>\n\n\n\n<p>Numerolappu ja aikataulukirje toimitetaan n\u00e4ytteilleasettajille\u00a0ainoastaan s\u00e4hk\u00f6isesti.<br>N\u00e4yttelypostia\u00a0ei l\u00e4hetet\u00e4 postitse.<\/p>\n","protected":false},"excerpt":{"rendered":"<p>Aikataulut julkaistaan noin viikkoa ennen n\u00e4yttely\u00e4. Numerolappu ja aikataulukirje toimitetaan n\u00e4ytteilleasettajille\u00a0ainoastaan s\u00e4hk\u00f6isesti.N\u00e4yttelypostia\u00a0ei l\u00e4hetet\u00e4 postitse.<\/p>\n","protected":false},"author":1,"featured_media":0,"parent":0,"menu_order":4,"comment_status":"closed","ping_status":"closed","template":"","meta":{"footnotes":""},"class_list":["post-15","page","type-page","status-publish","h-entry","hentry","h-as-page"],"_links":{"self":[{"href":"https:\/\/www.showlink.fi\/shows\/PosioRN2026\/wp-json\/wp\/v2\/pages\/15","targetHints":{"allow":["GET"]}}],"collection":[{"href":"https:\/\/www.showlink.fi\/shows\/PosioRN2026\/wp-json\/wp\/v2\/pages"}],"about":[{"href":"https:\/\/www.showlink.fi\/shows\/PosioRN2026\/wp-json\/wp\/v2\/types\/page"}],"author":[{"embeddable":true,"href":"https:\/\/www.showlink.fi\/shows\/PosioRN2026\/wp-json\/wp\/v2\/users\/1"}],"replies":[{"embeddable":true,"href":"https:\/\/www.showlink.fi\/shows\/PosioRN2026\/wp-json\/wp\/v2\/comments?post=15"}],"version-history":[{"count":18,"href":"https:\/\/www.showlink.fi\/shows\/PosioRN2026\/wp-json\/wp\/v2\/pages\/15\/revisions"}],"predecessor-version":[{"id":182,"href":"https:\/\/www.showlink.fi\/shows\/PosioRN2026\/wp-json\/wp\/v2\/pages\/15\/revisions\/182"}],"wp:attachment":[{"href":"https:\/\/www.showlink.fi\/shows\/PosioRN2026\/wp-json\/wp\/v2\/media?parent=15"}],"curies":[{"name":"wp","href":"https:\/\/api.w.org\/{rel}","templated":true}]}}