{"id":9,"date":"2019-11-05T11:33:07","date_gmt":"2019-11-05T09:33:07","guid":{"rendered":"http:\/\/www.showlink.fi\/shows\/tornio080220\/?page_id=9"},"modified":"2026-03-05T17:03:12","modified_gmt":"2026-03-05T15:03:12","slug":"ilmoittautuminen","status":"publish","type":"page","link":"https:\/\/www.showlink.fi\/shows\/PosioRN2026\/ilmoittautuminen\/","title":{"rendered":"Ilmoittautuminen"},"content":{"rendered":"\n<p><strong>Ilmoittautumiset tulee suorittaa viimeist\u00e4\u00e4n 22.6. \/ 29.6. menness\u00e4.<\/strong><\/p>\n\n\n\n<p><strong>Ilmoittautuminen n\u00e4yttelyyn tulee tehd\u00e4 internetiss\u00e4.<\/strong><br>T\u00e4h\u00e4n n\u00e4yttelyyn ei ole mahdollista tehd\u00e4 ilmoittautumista postitse.<\/p>\n\n\n\n<p>Ilmoittaessaan koiransa n\u00e4yttelyyn n\u00e4ytteilleasettaja sitoutuu noudattamaan Suomen Kennelliiton voimassa olevia n\u00e4yttelys\u00e4\u00e4nt\u00f6j\u00e4 ja niit\u00e4 t\u00e4ydent\u00e4vi\u00e4 ohjeita sek\u00e4 rokotusm\u00e4\u00e4r\u00e4yksi\u00e4.&nbsp; S\u00e4\u00e4nn\u00f6t l\u00f6ytyv\u00e4t&nbsp;<a href=\"https:\/\/www.kennelliitto.fi\/koiraharrastukset\/koiranayttelyt\/ohjeita-ja-lomakkeita-nayttelyyn-osallistujille-ja-nayttelyn-jarjestajille\"><strong>Kennelliiton kotisivuilta<\/strong><\/a><\/p>\n\n\n\n<p>Numerolappu ja aikataulukirje toimitetaan n\u00e4ytteilleasettajille\u00a0ainoastaan s\u00e4hk\u00f6isesti.<strong><br><\/strong>N\u00e4yttelypostia\u00a0ei l\u00e4hetet\u00e4 postitse.<\/p>\n\n\n\n<h3 class=\"wp-block-heading\"><strong>Online-ilmoittautuminen\u00a0<\/strong><\/h3>\n\n\n\n<p>Ilmoittaudu osoitteessa&nbsp;<a href=\"http:\/\/www.showlink.fi\/\">www.showlink.fi<\/a> \u2192 <a href=\"http:\/\/ilmoittautuminen.kennelliitto.fi\/\"><strong>&nbsp;ILMOITTAUDU N\u00c4YTTELYYN<\/strong><\/a><\/p>\n\n\n\n<p><em>Online-ilmoittautumisesta tulee aina vahvistus s\u00e4hk\u00f6postiisi. Jollet saa noin tunnin sis\u00e4ll\u00e4 vahvistusta ilmoittautumisen j\u00e4lkeen, <strong>ota heti yhteytt\u00e4 asiakaspalveluumme<\/strong> info@showlink.fi<\/em>. <em>Tarkasta aina ilmoittautumisen vahvistuksesta koirasi tiedot ja kilpailuluokka.<\/em><\/p>\n\n\n\n<h3 class=\"wp-block-heading\"><strong>Ilmoittautumismaksut\u00a0<\/strong><\/h3>\n\n\n\n<p><strong>Ilmoittautumismaksut 22.6.2026 menness\u00e4\u00a0<\/strong><br>1. koira <strong>39 \u20ac<\/strong><br>Saman omistajan <strong>2.<\/strong> jne koira <strong>35 \u20ac<\/strong>\u00a0<br>Pennut ja veteraanit <strong>35 \u20ac<\/strong><br>Yli 10 v. veteraanit veteraaniluokkaan ilmoitettuna <strong>25 \u20ac<\/strong><\/p>\n\n\n\n<p><strong>Ilmoittautumismaksut 23.\u201329.6.2026 v\u00e4lisen\u00e4 aikana<\/strong><br><strong>50 \u20ac<\/strong> \/ koira, kaikki luokat<\/p>\n\n\n\n<hr class=\"wp-block-separator has-text-color has-alpha-channel-opacity has-background\" style=\"background-color:#b8b8b836;color:#b8b8b836\"\/>\n\n\n\n<h3 class=\"wp-block-heading\"><strong>Lis\u00e4tietoa<\/strong><\/h3>\n\n\n\n<p>Ilmoittautumisajan p\u00e4\u00e4ttymisen j\u00e4lkeen koiraa ei voida siirt\u00e4\u00e4 toiseen luokkaan (ellei kysymyksess\u00e4 ole j\u00e4rjest\u00e4j\u00e4st\u00e4 johtuva virhe).<br>Uros, jolla ei ole normaalit kivekset saa hyl\u00e4tyn.<\/p>\n\n\n\n<p>Ilmoittautuminen on teht\u00e4v\u00e4 kirjallisesti - pelkk\u00e4 n\u00e4yttelymaksun suoritus ei ole ilmoittautuminen! Kirjallisen ilmoittautumisen voit tehd\u00e4 joko vahvistettuna netti-ilmoittautumisena tai postita kopio maksukuitista sek\u00e4 ilmoittautumislomake kirjeen\u00e4 viimeist\u00e4\u00e4n viimeisen\u00e4 ilmoittautumisp\u00e4iv\u00e4n\u00e4.<\/p>\n\n\n\n<p>Internetilmoittautuminen maksetaan verkkopankissa tai luottokortilla ilmoittautumisen yhteydess\u00e4 ohjelman antamien ohjeiden mukaan. Ilmoittautumismaksun alennuksen (saman om. 2 jne koira) saaminen edellytt\u00e4\u00e4 kaikkien koirien ilmoittamista yhdell\u00e4 kertaa. Samaksi omistajaksi tulkitaan ilmoittautumistapahtuman ensimm\u00e4iselle koiralle ensimm\u00e4iseksi omistajaksi merkitty henkil\u00f6.<br>Alennus lasketaan vain t\u00e4ysihintaisista ilmoittautumismaksuista (ei pentujen tai veteraanien maksuista).<\/p>\n\n\n\n<p><strong>Rokotusm\u00e4\u00e4r\u00e4ykset&nbsp;<\/strong>Suomen Kennelliitto-Finska Kennelklubben ry:n m\u00e4\u00e4r\u00e4ysten mukaan.<br>Suomen lain vastaisesti typistetyt koirat eiv\u00e4t saa osallistua n\u00e4yttelyyn.<br>N\u00e4yttelyyn osallistuvan koiran tulee olla tunnistusmerkitty.<\/p>\n\n\n\n<p><strong>Antidoping \u2013valvonta<\/strong><br>Dopingvalvonta koskee kaikkia Suomen Kennelliiton my\u00f6nt\u00e4mi\u00e4 n\u00e4yttelyit\u00e4, kilpailuja ja kokeita. Ajankohtaisinta tietoa osoitteessa&nbsp;<a href=\"https:\/\/www.kennelliitto.fi\/koiraharrastukset\/tietoa-antidopingsaannoista-kaytanteista-ja-valvonnasta\">KENNELLIITTO \/ ANTIDOPING<\/a><\/p>\n\n\n\n<p><strong>Ilmoittautumisia ja kasvattajaryhmi\u00e4 koskevat tiedustelut<\/strong><br>Showlink Oy arkisin klo 11-17 puh. 09 887 30320 tai e-mail: info@showlink.fi<br><em>Mainitsethan tiedustelussasi \/ s\u00e4hk\u00f6postissasi n\u00e4yttelyn nimen sek\u00e4 koiran rekisterinumeron, jota tiedustelu koskee. Jollet saa ilmoittautumisestasi vahvistusta s\u00e4hk\u00f6postiisi, ota v\u00e4litt\u00f6m\u00e4sti yhteytt\u00e4 asiakaspalveluumme. Tarkasta ilmoittautumisesta koirasi tiedot ja kilpailuluokka.<\/em><\/p>\n","protected":false},"excerpt":{"rendered":"<p>Ilmoittautumiset tulee suorittaa viimeist\u00e4\u00e4n 22.6. \/ 29.6. menness\u00e4. Ilmoittautuminen n\u00e4yttelyyn tulee tehd\u00e4 internetiss\u00e4.T\u00e4h\u00e4n n\u00e4yttelyyn ei ole mahdollista tehd\u00e4 ilmoittautumista postitse. Ilmoittaessaan koiransa n\u00e4yttelyyn n\u00e4ytteilleasettaja sitoutuu noudattamaan Suomen Kennelliiton voimassa olevia n\u00e4yttelys\u00e4\u00e4nt\u00f6j\u00e4 ja niit\u00e4 t\u00e4ydent\u00e4vi\u00e4 ohjeita sek\u00e4 rokotusm\u00e4\u00e4r\u00e4yksi\u00e4.&nbsp; S\u00e4\u00e4nn\u00f6t l\u00f6ytyv\u00e4t&nbsp;Kennelliiton kotisivuilta Numerolappu ja aikataulukirje toimitetaan n\u00e4ytteilleasettajille\u00a0ainoastaan s\u00e4hk\u00f6isesti.N\u00e4yttelypostia\u00a0ei l\u00e4hetet\u00e4 postitse. Online-ilmoittautuminen\u00a0 Ilmoittaudu osoitteessa&nbsp;www.showlink.fi \u2192 &nbsp;ILMOITTAUDU N\u00c4YTTELYYN Online-ilmoittautumisesta <a href=\"https:\/\/www.showlink.fi\/shows\/PosioRN2026\/ilmoittautuminen\/\" class=\"more-link\">...jatka lukemista<span class=\"screen-reader-text\"> \"Ilmoittautuminen\"<\/span><\/a><\/p>\n","protected":false},"author":1,"featured_media":0,"parent":0,"menu_order":2,"comment_status":"closed","ping_status":"closed","template":"","meta":{"footnotes":""},"class_list":["post-9","page","type-page","status-publish","h-entry","hentry","h-as-page"],"_links":{"self":[{"href":"https:\/\/www.showlink.fi\/shows\/PosioRN2026\/wp-json\/wp\/v2\/pages\/9","targetHints":{"allow":["GET"]}}],"collection":[{"href":"https:\/\/www.showlink.fi\/shows\/PosioRN2026\/wp-json\/wp\/v2\/pages"}],"about":[{"href":"https:\/\/www.showlink.fi\/shows\/PosioRN2026\/wp-json\/wp\/v2\/types\/page"}],"author":[{"embeddable":true,"href":"https:\/\/www.showlink.fi\/shows\/PosioRN2026\/wp-json\/wp\/v2\/users\/1"}],"replies":[{"embeddable":true,"href":"https:\/\/www.showlink.fi\/shows\/PosioRN2026\/wp-json\/wp\/v2\/comments?post=9"}],"version-history":[{"count":12,"href":"https:\/\/www.showlink.fi\/shows\/PosioRN2026\/wp-json\/wp\/v2\/pages\/9\/revisions"}],"predecessor-version":[{"id":181,"href":"https:\/\/www.showlink.fi\/shows\/PosioRN2026\/wp-json\/wp\/v2\/pages\/9\/revisions\/181"}],"wp:attachment":[{"href":"https:\/\/www.showlink.fi\/shows\/PosioRN2026\/wp-json\/wp\/v2\/media?parent=9"}],"curies":[{"name":"wp","href":"https:\/\/api.w.org\/{rel}","templated":true}]}}