{"id":11,"date":"2020-01-10T13:01:36","date_gmt":"2020-01-10T11:01:36","guid":{"rendered":"https:\/\/www.showlink.fi\/shows\/sastamalarn2020\/?page_id=11"},"modified":"2025-11-14T11:17:58","modified_gmt":"2025-11-14T09:17:58","slug":"tuomarit","status":"publish","type":"page","link":"https:\/\/www.showlink.fi\/shows\/SAJ_ER_2026\/tuomarit\/","title":{"rendered":"Tuomarit"},"content":{"rendered":"\n<p><strong>Palkintotuomarit<\/strong><br>suomenajokoira<strong>&nbsp;Matti Paloj\u00e4rvi<\/strong><br>muut ryhm\u00e4n 6 rodut <strong>Auli Haapiainen-Liikanen<\/strong><\/p>\n\n\n\n<p><em>Varalla kaikille roduille&nbsp;<strong>Paavo Mattila<\/strong><\/em><\/p>\n\n\n\n<p><strong>Loppukilpailut<\/strong><br>BIS-juniori <strong>Matti Paloj\u00e4rvi<\/strong><br>BIS-kasvattajaryhm\u00e4 <strong>Auli Haapiainen-Liikanen<\/strong><br>BIS-veteraani <strong>Matti Paloj\u00e4rvi<\/strong><br>BIS-pentu <strong>Auli Haapiainen-Liikanen<\/strong><br>BIS-j\u00e4lkel\u00e4isluokka <strong>Matti Paloj\u00e4rvi<\/strong><br>Best in Show <strong>Auli Haapiainen-Liikanen<\/strong><br><\/p>\n\n\n\n<p><br><\/p>\n","protected":false},"excerpt":{"rendered":"<p>Palkintotuomaritsuomenajokoira&nbsp;Matti Paloj\u00e4rvimuut ryhm\u00e4n 6 rodut Auli Haapiainen-Liikanen Varalla kaikille roduille&nbsp;Paavo Mattila LoppukilpailutBIS-juniori Matti Paloj\u00e4rviBIS-kasvattajaryhm\u00e4 Auli Haapiainen-LiikanenBIS-veteraani Matti Paloj\u00e4rviBIS-pentu Auli Haapiainen-LiikanenBIS-j\u00e4lkel\u00e4isluokka Matti Paloj\u00e4rviBest in Show Auli Haapiainen-Liikanen<\/p>\n","protected":false},"author":1,"featured_media":0,"parent":0,"menu_order":2,"comment_status":"closed","ping_status":"closed","template":"","meta":{"footnotes":""},"class_list":["post-11","page","type-page","status-publish","h-entry","hentry","h-as-page"],"_links":{"self":[{"href":"https:\/\/www.showlink.fi\/shows\/SAJ_ER_2026\/wp-json\/wp\/v2\/pages\/11","targetHints":{"allow":["GET"]}}],"collection":[{"href":"https:\/\/www.showlink.fi\/shows\/SAJ_ER_2026\/wp-json\/wp\/v2\/pages"}],"about":[{"href":"https:\/\/www.showlink.fi\/shows\/SAJ_ER_2026\/wp-json\/wp\/v2\/types\/page"}],"author":[{"embeddable":true,"href":"https:\/\/www.showlink.fi\/shows\/SAJ_ER_2026\/wp-json\/wp\/v2\/users\/1"}],"replies":[{"embeddable":true,"href":"https:\/\/www.showlink.fi\/shows\/SAJ_ER_2026\/wp-json\/wp\/v2\/comments?post=11"}],"version-history":[{"count":13,"href":"https:\/\/www.showlink.fi\/shows\/SAJ_ER_2026\/wp-json\/wp\/v2\/pages\/11\/revisions"}],"predecessor-version":[{"id":223,"href":"https:\/\/www.showlink.fi\/shows\/SAJ_ER_2026\/wp-json\/wp\/v2\/pages\/11\/revisions\/223"}],"wp:attachment":[{"href":"https:\/\/www.showlink.fi\/shows\/SAJ_ER_2026\/wp-json\/wp\/v2\/media?parent=11"}],"curies":[{"name":"wp","href":"https:\/\/api.w.org\/{rel}","templated":true}]}}