{"id":18,"date":"2020-01-10T13:08:53","date_gmt":"2020-01-10T11:08:53","guid":{"rendered":"https:\/\/www.showlink.fi\/shows\/sastamalarn2020\/?page_id=18"},"modified":"2026-03-10T10:09:43","modified_gmt":"2026-03-10T08:09:43","slug":"tulokset","status":"publish","type":"page","link":"https:\/\/www.showlink.fi\/shows\/SAJ_ER_2026\/tulokset\/","title":{"rendered":"Tulokset"},"content":{"rendered":"\n<p>N\u00e4yttelyss\u00e4mme on reaaliaikainen tulospalvelu.<\/p>\n\n\n\n<p><strong><a href=\"https:\/\/tulospalvelu.kennelliitto.fi\/nayttelyt\/Tulokset?Id=13880\" data-type=\"link\" data-id=\"https:\/\/tulospalvelu.kennelliitto.fi\/nayttelyt\/Tulokset?Id=13880\">\u00bb\u00a0 Siirry erikoisn\u00e4yttelyn tuloksiin<\/a><\/strong><\/p>\n\n\n\n<p>Jalostustietoj\u00e4rjestelm\u00e4\u00e4n tulokset p\u00e4ivittyv\u00e4t n\u00e4yttelyn p\u00e4\u00e4tytty\u00e4.<\/p>\n","protected":false},"excerpt":{"rendered":"<p>N\u00e4yttelyss\u00e4mme on reaaliaikainen tulospalvelu. \u00bb\u00a0 Siirry erikoisn\u00e4yttelyn tuloksiin Jalostustietoj\u00e4rjestelm\u00e4\u00e4n tulokset p\u00e4ivittyv\u00e4t n\u00e4yttelyn p\u00e4\u00e4tytty\u00e4.<\/p>\n","protected":false},"author":1,"featured_media":0,"parent":0,"menu_order":5,"comment_status":"closed","ping_status":"closed","template":"","meta":{"footnotes":""},"class_list":["post-18","page","type-page","status-publish","h-entry","hentry","h-as-page"],"_links":{"self":[{"href":"https:\/\/www.showlink.fi\/shows\/SAJ_ER_2026\/wp-json\/wp\/v2\/pages\/18","targetHints":{"allow":["GET"]}}],"collection":[{"href":"https:\/\/www.showlink.fi\/shows\/SAJ_ER_2026\/wp-json\/wp\/v2\/pages"}],"about":[{"href":"https:\/\/www.showlink.fi\/shows\/SAJ_ER_2026\/wp-json\/wp\/v2\/types\/page"}],"author":[{"embeddable":true,"href":"https:\/\/www.showlink.fi\/shows\/SAJ_ER_2026\/wp-json\/wp\/v2\/users\/1"}],"replies":[{"embeddable":true,"href":"https:\/\/www.showlink.fi\/shows\/SAJ_ER_2026\/wp-json\/wp\/v2\/comments?post=18"}],"version-history":[{"count":7,"href":"https:\/\/www.showlink.fi\/shows\/SAJ_ER_2026\/wp-json\/wp\/v2\/pages\/18\/revisions"}],"predecessor-version":[{"id":230,"href":"https:\/\/www.showlink.fi\/shows\/SAJ_ER_2026\/wp-json\/wp\/v2\/pages\/18\/revisions\/230"}],"wp:attachment":[{"href":"https:\/\/www.showlink.fi\/shows\/SAJ_ER_2026\/wp-json\/wp\/v2\/media?parent=18"}],"curies":[{"name":"wp","href":"https:\/\/api.w.org\/{rel}","templated":true}]}}