{"id":9,"date":"2020-01-10T13:00:26","date_gmt":"2020-01-10T11:00:26","guid":{"rendered":"https:\/\/www.showlink.fi\/shows\/sastamalarn2020\/?page_id=9"},"modified":"2025-11-14T10:45:29","modified_gmt":"2025-11-14T08:45:29","slug":"tervetuloa-sastamalan-ryhmanayttelyyn","status":"publish","type":"page","link":"https:\/\/www.showlink.fi\/shows\/SAJ_ER_2026\/","title":{"rendered":"Tervetuloa Suomen Ajokoiraj\u00e4rjest\u00f6n p\u00e4\u00e4erikoisn\u00e4yttelyyn 22.3.2026!"},"content":{"rendered":"\n<p><strong>SAJ:n erikoisn\u00e4yttelyss\u00e4 arvostellaan<\/strong><br>\u00bb kaikki ryhm\u00e4n 6 rodut<br>\u00bb My\u00f6s pennut (5 kk - alle 7 kk &amp; 7 kk - alle 9 kk) ja j\u00e4lkel\u00e4isluokat.<\/p>\n\n\n\n<p><strong>N\u00e4yttelypaikkana toimii Kouvolan ravirata<\/strong><br>Osoite: Hevosmiehentie 1, 45160 Kouvola<\/p>\n\n\n\n<p><strong>J\u00e4rjest\u00e4j\u00e4t<\/strong>: Kymen-Karjalan Ajokoirayhdistys ry, Suomen Ajokoiraj\u00e4rjest\u00f6 ry<br><\/p>\n\n\n\n<hr class=\"wp-block-separator has-text-color has-alpha-channel-opacity has-background\" style=\"background-color:#c7c7c73d;color:#c7c7c73d\"\/>\n\n\n\n<h3 class=\"wp-block-heading\"><em>Tiedustelut<\/em><\/h3>\n\n\n\n<p><strong>Ilmoittautumisia koskevat tiedustelut<\/strong><br>Showlink Oy, arkisin klo 11 \u2013 17 puh. (09) 8873 0320 tai email: info@showlink.fi<br><em>Mainitsethan tiedustelussasi \/ s\u00e4hk\u00f6postissasi n\u00e4yttelyn sek\u00e4 koiran rekisterinumeron, jota tiedustelu koskee.<\/em><\/p>\n\n\n\n<p><strong>Keh\u00e4toimitsijat <\/strong><br>Satu Siven<br>satu.siven@gmail.com<\/p>\n\n\n\n<p><strong>Myyntipaikat<\/strong><br>Joonas H\u00e4m\u00e4l\u00e4inen <br>puh. 050 3799 913<\/p>\n\n\n\n<p><strong>Muut tiedustelut<\/strong><br>Satu Siven <br>satu.siven@gmail.com<br>tai iltaisin puh. 040 7422 846 <br><\/p>\n","protected":false},"excerpt":{"rendered":"<p>SAJ:n erikoisn\u00e4yttelyss\u00e4 arvostellaan\u00bb kaikki ryhm\u00e4n 6 rodut\u00bb My\u00f6s pennut (5 kk - alle 7 kk &amp; 7 kk - alle 9 kk) ja j\u00e4lkel\u00e4isluokat. N\u00e4yttelypaikkana toimii Kouvolan ravirataOsoite: Hevosmiehentie 1, 45160 Kouvola J\u00e4rjest\u00e4j\u00e4t: Kymen-Karjalan Ajokoirayhdistys ry, Suomen Ajokoiraj\u00e4rjest\u00f6 ry Tiedustelut Ilmoittautumisia koskevat tiedustelutShowlink Oy, arkisin klo 11 \u2013 17 puh. (09) 8873 0320 tai email: <a href=\"https:\/\/www.showlink.fi\/shows\/SAJ_ER_2026\/\" class=\"more-link\">...jatka lukemista<span class=\"screen-reader-text\"> \"Tervetuloa Suomen Ajokoiraj\u00e4rjest\u00f6n p\u00e4\u00e4erikoisn\u00e4yttelyyn 22.3.2026!\"<\/span><\/a><\/p>\n","protected":false},"author":1,"featured_media":0,"parent":0,"menu_order":0,"comment_status":"closed","ping_status":"closed","template":"","meta":{"footnotes":""},"class_list":["post-9","page","type-page","status-publish","h-entry","hentry","h-as-page"],"_links":{"self":[{"href":"https:\/\/www.showlink.fi\/shows\/SAJ_ER_2026\/wp-json\/wp\/v2\/pages\/9","targetHints":{"allow":["GET"]}}],"collection":[{"href":"https:\/\/www.showlink.fi\/shows\/SAJ_ER_2026\/wp-json\/wp\/v2\/pages"}],"about":[{"href":"https:\/\/www.showlink.fi\/shows\/SAJ_ER_2026\/wp-json\/wp\/v2\/types\/page"}],"author":[{"embeddable":true,"href":"https:\/\/www.showlink.fi\/shows\/SAJ_ER_2026\/wp-json\/wp\/v2\/users\/1"}],"replies":[{"embeddable":true,"href":"https:\/\/www.showlink.fi\/shows\/SAJ_ER_2026\/wp-json\/wp\/v2\/comments?post=9"}],"version-history":[{"count":35,"href":"https:\/\/www.showlink.fi\/shows\/SAJ_ER_2026\/wp-json\/wp\/v2\/pages\/9\/revisions"}],"predecessor-version":[{"id":220,"href":"https:\/\/www.showlink.fi\/shows\/SAJ_ER_2026\/wp-json\/wp\/v2\/pages\/9\/revisions\/220"}],"wp:attachment":[{"href":"https:\/\/www.showlink.fi\/shows\/SAJ_ER_2026\/wp-json\/wp\/v2\/media?parent=9"}],"curies":[{"name":"wp","href":"https:\/\/api.w.org\/{rel}","templated":true}]}}