{"id":12,"date":"2018-01-25T15:11:07","date_gmt":"2018-01-25T13:11:07","guid":{"rendered":"http:\/\/www.showlink.fi\/shows\/ruskorn2018\/?page_id=12"},"modified":"2026-01-08T15:06:25","modified_gmt":"2026-01-08T13:06:25","slug":"aikataulut","status":"publish","type":"page","link":"https:\/\/www.showlink.fi\/shows\/Sastamala_060626\/aikataulut\/","title":{"rendered":"Aikataulut"},"content":{"rendered":"\n<p><em>Aikataulut julkaistaan noin viikkoa ennen n\u00e4yttely\u00e4.<\/em><\/p>\n\n\n\n<p><strong><strong>Kaikki n\u00e4yttelykutsut tullaan l\u00e4hett\u00e4m\u00e4\u00e4n s\u00e4hk\u00f6isesti.<\/strong><br><\/strong>Kutsuja ei l\u00e4hetet\u00e4 postitse.<\/p>\n","protected":false},"excerpt":{"rendered":"<p>Aikataulut julkaistaan noin viikkoa ennen n\u00e4yttely\u00e4. Kaikki n\u00e4yttelykutsut tullaan l\u00e4hett\u00e4m\u00e4\u00e4n s\u00e4hk\u00f6isesti.Kutsuja ei l\u00e4hetet\u00e4 postitse.<\/p>\n","protected":false},"author":1,"featured_media":0,"parent":0,"menu_order":4,"comment_status":"closed","ping_status":"closed","template":"","meta":{"footnotes":""},"class_list":["post-12","page","type-page","status-publish","h-entry","hentry","h-as-page"],"_links":{"self":[{"href":"https:\/\/www.showlink.fi\/shows\/Sastamala_060626\/wp-json\/wp\/v2\/pages\/12","targetHints":{"allow":["GET"]}}],"collection":[{"href":"https:\/\/www.showlink.fi\/shows\/Sastamala_060626\/wp-json\/wp\/v2\/pages"}],"about":[{"href":"https:\/\/www.showlink.fi\/shows\/Sastamala_060626\/wp-json\/wp\/v2\/types\/page"}],"author":[{"embeddable":true,"href":"https:\/\/www.showlink.fi\/shows\/Sastamala_060626\/wp-json\/wp\/v2\/users\/1"}],"replies":[{"embeddable":true,"href":"https:\/\/www.showlink.fi\/shows\/Sastamala_060626\/wp-json\/wp\/v2\/comments?post=12"}],"version-history":[{"count":11,"href":"https:\/\/www.showlink.fi\/shows\/Sastamala_060626\/wp-json\/wp\/v2\/pages\/12\/revisions"}],"predecessor-version":[{"id":220,"href":"https:\/\/www.showlink.fi\/shows\/Sastamala_060626\/wp-json\/wp\/v2\/pages\/12\/revisions\/220"}],"wp:attachment":[{"href":"https:\/\/www.showlink.fi\/shows\/Sastamala_060626\/wp-json\/wp\/v2\/media?parent=12"}],"curies":[{"name":"wp","href":"https:\/\/api.w.org\/{rel}","templated":true}]}}