{"id":54,"date":"2018-07-04T10:10:36","date_gmt":"2018-07-04T07:10:36","guid":{"rendered":"http:\/\/www.showlink.fi\/shows\/ruskorn2018\/?page_id=54"},"modified":"2026-01-08T15:07:17","modified_gmt":"2026-01-08T13:07:17","slug":"tulokset","status":"publish","type":"page","link":"https:\/\/www.showlink.fi\/shows\/Sastamala_060626\/tulokset\/","title":{"rendered":"Tulokset"},"content":{"rendered":"\n<p>N\u00e4yttelyss\u00e4mme on k\u00e4yt\u00f6ss\u00e4 reaaliaikainen tulospalvelu.<\/p>\n\n\n\n<p>\u00bb <strong>Siirry n\u00e4yttelyn tuloksiin<\/strong><\/p>\n\n\n\n<p>Jalostustietoj\u00e4rjestelm\u00e4\u00e4n tulokset p\u00e4ivittyv\u00e4t n\u00e4yttelyn p\u00e4\u00e4tytty\u00e4.<\/p>\n\n\n\n<p><\/p>\n","protected":false},"excerpt":{"rendered":"<p>N\u00e4yttelyss\u00e4mme on k\u00e4yt\u00f6ss\u00e4 reaaliaikainen tulospalvelu. \u00bb Siirry n\u00e4yttelyn tuloksiin Jalostustietoj\u00e4rjestelm\u00e4\u00e4n tulokset p\u00e4ivittyv\u00e4t n\u00e4yttelyn p\u00e4\u00e4tytty\u00e4.<\/p>\n","protected":false},"author":1,"featured_media":0,"parent":0,"menu_order":6,"comment_status":"closed","ping_status":"closed","template":"","meta":{"footnotes":""},"class_list":["post-54","page","type-page","status-publish","h-entry","hentry","h-as-page"],"_links":{"self":[{"href":"https:\/\/www.showlink.fi\/shows\/Sastamala_060626\/wp-json\/wp\/v2\/pages\/54","targetHints":{"allow":["GET"]}}],"collection":[{"href":"https:\/\/www.showlink.fi\/shows\/Sastamala_060626\/wp-json\/wp\/v2\/pages"}],"about":[{"href":"https:\/\/www.showlink.fi\/shows\/Sastamala_060626\/wp-json\/wp\/v2\/types\/page"}],"author":[{"embeddable":true,"href":"https:\/\/www.showlink.fi\/shows\/Sastamala_060626\/wp-json\/wp\/v2\/users\/1"}],"replies":[{"embeddable":true,"href":"https:\/\/www.showlink.fi\/shows\/Sastamala_060626\/wp-json\/wp\/v2\/comments?post=54"}],"version-history":[{"count":7,"href":"https:\/\/www.showlink.fi\/shows\/Sastamala_060626\/wp-json\/wp\/v2\/pages\/54\/revisions"}],"predecessor-version":[{"id":221,"href":"https:\/\/www.showlink.fi\/shows\/Sastamala_060626\/wp-json\/wp\/v2\/pages\/54\/revisions\/221"}],"wp:attachment":[{"href":"https:\/\/www.showlink.fi\/shows\/Sastamala_060626\/wp-json\/wp\/v2\/media?parent=54"}],"curies":[{"name":"wp","href":"https:\/\/api.w.org\/{rel}","templated":true}]}}