{"id":6,"date":"2018-01-25T15:10:29","date_gmt":"2018-01-25T13:10:29","guid":{"rendered":"http:\/\/www.showlink.fi\/shows\/ruskorn2018\/?page_id=6"},"modified":"2026-01-08T14:54:36","modified_gmt":"2026-01-08T12:54:36","slug":"tervetuloa-ruskon-ryhmanayttelyyn","status":"publish","type":"page","link":"https:\/\/www.showlink.fi\/shows\/Sastamala_060626\/","title":{"rendered":"Tervetuloa Sastamalan ryhm\u00e4n\u00e4yttelyyn 6.6.2026!"},"content":{"rendered":"\n<p><strong>N\u00e4yttelyss\u00e4 arvostellaan FCI:n ryhm\u00e4t 2 ja 5, my\u00f6s pentuluokka (7 kk - alle 9kk)<\/strong><br><strong>FCI 2<\/strong> \u2013 Pinserit, snautserit, molossityyppiset ja sveitsinpaimenkoirat<br><strong>FCI 5 <\/strong>\u2013 Mets\u00e4styspystykorvat ja pohjoismaiset paimenpystykorvat<\/p>\n\n\n\n<p><strong>N\u00e4yttelypaikkna toimii Kiikoisten seurojentalo.<\/strong><br>Kiikostentie 47, 38360 Sastamala<\/p>\n\n\n\n<p><strong>J\u00e4rjest\u00e4j\u00e4t: <\/strong>Kiikoisten Mets\u00e4st\u00e4j\u00e4t ry, Lavian Mets\u00e4stysseura ry<\/p>\n\n\n\n<hr class=\"wp-block-separator has-text-color has-alpha-channel-opacity has-background\" style=\"background-color:#d9cfcf12;color:#d9cfcf12\"\/>\n\n\n\n<h3 class=\"wp-block-heading\">Tiedustelut<\/h3>\n\n\n\n<p><strong>Ilmoittautumisia koskevat tiedustelut<\/strong><br>Showlink Oy, arkisin klo 11 \u2013 17 puh. (09) 8873 0320 tai email: info@showlink.fi<br><em>Mainitsethan tiedustelussasi \/ s\u00e4hk\u00f6postissasi n\u00e4yttelyn sek\u00e4 koiran rekisterinumeron, jota tiedustelu koskee.<\/em><\/p>\n\n\n\n<p><strong>Muut tiedustelut<\/strong><br>anne.kivela@logry.fi<br>tai puh. 0400 539994<\/p>\n","protected":false},"excerpt":{"rendered":"<p>N\u00e4yttelyss\u00e4 arvostellaan FCI:n ryhm\u00e4t 2 ja 5, my\u00f6s pentuluokka (7 kk - alle 9kk)FCI 2 \u2013 Pinserit, snautserit, molossityyppiset ja sveitsinpaimenkoiratFCI 5 \u2013 Mets\u00e4styspystykorvat ja pohjoismaiset paimenpystykorvat N\u00e4yttelypaikkna toimii Kiikoisten seurojentalo.Kiikostentie 47, 38360 Sastamala J\u00e4rjest\u00e4j\u00e4t: Kiikoisten Mets\u00e4st\u00e4j\u00e4t ry, Lavian Mets\u00e4stysseura ry Tiedustelut Ilmoittautumisia koskevat tiedustelutShowlink Oy, arkisin klo 11 \u2013 17 puh. (09) 8873 0320 <a href=\"https:\/\/www.showlink.fi\/shows\/Sastamala_060626\/\" class=\"more-link\">...jatka lukemista<span class=\"screen-reader-text\"> \"Tervetuloa Sastamalan ryhm\u00e4n\u00e4yttelyyn 6.6.2026!\"<\/span><\/a><\/p>\n","protected":false},"author":1,"featured_media":0,"parent":0,"menu_order":0,"comment_status":"closed","ping_status":"closed","template":"","meta":{"footnotes":""},"class_list":["post-6","page","type-page","status-publish","h-entry","hentry","h-as-page"],"_links":{"self":[{"href":"https:\/\/www.showlink.fi\/shows\/Sastamala_060626\/wp-json\/wp\/v2\/pages\/6","targetHints":{"allow":["GET"]}}],"collection":[{"href":"https:\/\/www.showlink.fi\/shows\/Sastamala_060626\/wp-json\/wp\/v2\/pages"}],"about":[{"href":"https:\/\/www.showlink.fi\/shows\/Sastamala_060626\/wp-json\/wp\/v2\/types\/page"}],"author":[{"embeddable":true,"href":"https:\/\/www.showlink.fi\/shows\/Sastamala_060626\/wp-json\/wp\/v2\/users\/1"}],"replies":[{"embeddable":true,"href":"https:\/\/www.showlink.fi\/shows\/Sastamala_060626\/wp-json\/wp\/v2\/comments?post=6"}],"version-history":[{"count":26,"href":"https:\/\/www.showlink.fi\/shows\/Sastamala_060626\/wp-json\/wp\/v2\/pages\/6\/revisions"}],"predecessor-version":[{"id":211,"href":"https:\/\/www.showlink.fi\/shows\/Sastamala_060626\/wp-json\/wp\/v2\/pages\/6\/revisions\/211"}],"wp:attachment":[{"href":"https:\/\/www.showlink.fi\/shows\/Sastamala_060626\/wp-json\/wp\/v2\/media?parent=6"}],"curies":[{"name":"wp","href":"https:\/\/api.w.org\/{rel}","templated":true}]}}