{"id":8,"date":"2018-01-25T15:10:36","date_gmt":"2018-01-25T13:10:36","guid":{"rendered":"http:\/\/www.showlink.fi\/shows\/ruskorn2018\/?page_id=8"},"modified":"2026-04-10T14:57:31","modified_gmt":"2026-04-10T11:57:31","slug":"tuomarit","status":"publish","type":"page","link":"https:\/\/www.showlink.fi\/shows\/Sastamala_060626\/tuomarit\/","title":{"rendered":"Tuomarit"},"content":{"rendered":"\n<p class=\"has-light-green-cyan-background-color has-background\">P\u00e4ivitys 17.3.2026 <strong>Teija Salmi-Aallolta<\/strong> siirret\u00e4\u00e4n tanskandogit <strong>Harto Stockmarille<\/strong>.<br>P\u00e4ivitys 10.4.2026 <strong>Irina Poletaeva<\/strong> ei valitettavasti p\u00e4\u00e4se arvostelemaan n\u00e4yttelyymme, tuomarimuutokset n\u00e4kyv\u00e4t rotulistoissa.<\/p>\n\n\n\n<p><strong>Ryhm\u00e4 2<\/strong><br><em>Varalla kaikille ryhm\u00e4 2 roduille <strong>Harto Stockmari<\/strong><\/em><br>apinapinseri, bordeauxindoggi, bukovinankoira, kaukasiankoira, keskiaasiankoira, k\u00e4\u00e4pi\u00f6snautserit, mastiffi, musta romanianvuoristokoira, pyreneittenmastiffi, sarplaninac, shar pei, snautserit, suursnautserit, tiibetinmastiffi, ven\u00e4j\u00e4nmustaterrieri <strong><s>Irina Poletaeva<\/s> -> Kirsi Tevalin<\/strong><br>tanskandoggit <strong>Harto Stockmari<\/strong><br>muut <strong>Teija Salmi-Aalto<\/strong><br><br><strong>Ryhm\u00e4 5<\/strong><br>grosspitzit, keeshond, kleinspitzit, mittelspitzit, pomeranian <strong><strong><s>Irina Poletaeva<\/s> -> <\/strong>Harto Stockmari<\/strong><br>muut <strong>Harto Stockmari<\/strong><br><strong><br>Ryhm\u00e4kilpailut<\/strong><br>FCI 2 <strong>Teija Salmi-Aalto<\/strong><br>FCI 5 <strong>Harto Stockmari<\/strong><br>Paras veteraani <strong><s>Irina Poletaeva<\/s> -> Kirsi Tevalin<\/strong><br>Paras kasvattajaryhm\u00e4 <strong>Harto Stockmari<\/strong><br>Best in Show <strong><s>Irina Poletaeva<\/s> -> Harto Stockmari<\/strong><\/p>\n","protected":false},"excerpt":{"rendered":"<p>P\u00e4ivitys 17.3.2026 Teija Salmi-Aallolta siirret\u00e4\u00e4n tanskandogit Harto Stockmarille.P\u00e4ivitys 10.4.2026 Irina Poletaeva ei valitettavasti p\u00e4\u00e4se arvostelemaan n\u00e4yttelyymme, tuomarimuutokset n\u00e4kyv\u00e4t rotulistoissa. Ryhm\u00e4 2Varalla kaikille ryhm\u00e4 2 roduille Harto Stockmariapinapinseri, bordeauxindoggi, bukovinankoira, kaukasiankoira, keskiaasiankoira, k\u00e4\u00e4pi\u00f6snautserit, mastiffi, musta romanianvuoristokoira, pyreneittenmastiffi, sarplaninac, shar pei, snautserit, suursnautserit, tiibetinmastiffi, ven\u00e4j\u00e4nmustaterrieri Irina Poletaeva -> Kirsi Tevalintanskandoggit Harto Stockmarimuut Teija Salmi-Aalto Ryhm\u00e4 5grosspitzit, keeshond, <a href=\"https:\/\/www.showlink.fi\/shows\/Sastamala_060626\/tuomarit\/\" class=\"more-link\">...jatka lukemista<span class=\"screen-reader-text\"> \"Tuomarit\"<\/span><\/a><\/p>\n","protected":false},"author":1,"featured_media":0,"parent":0,"menu_order":2,"comment_status":"closed","ping_status":"closed","template":"","meta":{"footnotes":""},"class_list":["post-8","page","type-page","status-publish","h-entry","hentry","h-as-page"],"_links":{"self":[{"href":"https:\/\/www.showlink.fi\/shows\/Sastamala_060626\/wp-json\/wp\/v2\/pages\/8","targetHints":{"allow":["GET"]}}],"collection":[{"href":"https:\/\/www.showlink.fi\/shows\/Sastamala_060626\/wp-json\/wp\/v2\/pages"}],"about":[{"href":"https:\/\/www.showlink.fi\/shows\/Sastamala_060626\/wp-json\/wp\/v2\/types\/page"}],"author":[{"embeddable":true,"href":"https:\/\/www.showlink.fi\/shows\/Sastamala_060626\/wp-json\/wp\/v2\/users\/1"}],"replies":[{"embeddable":true,"href":"https:\/\/www.showlink.fi\/shows\/Sastamala_060626\/wp-json\/wp\/v2\/comments?post=8"}],"version-history":[{"count":19,"href":"https:\/\/www.showlink.fi\/shows\/Sastamala_060626\/wp-json\/wp\/v2\/pages\/8\/revisions"}],"predecessor-version":[{"id":235,"href":"https:\/\/www.showlink.fi\/shows\/Sastamala_060626\/wp-json\/wp\/v2\/pages\/8\/revisions\/235"}],"wp:attachment":[{"href":"https:\/\/www.showlink.fi\/shows\/Sastamala_060626\/wp-json\/wp\/v2\/media?parent=8"}],"curies":[{"name":"wp","href":"https:\/\/api.w.org\/{rel}","templated":true}]}}