{"id":13,"date":"2018-12-20T15:34:59","date_gmt":"2018-12-20T13:34:59","guid":{"rendered":"http:\/\/www.showlink.fi\/shows\/riihikoski2019\/?page_id=13"},"modified":"2026-01-20T10:27:59","modified_gmt":"2026-01-20T08:27:59","slug":"tuomarit","status":"publish","type":"page","link":"https:\/\/www.showlink.fi\/shows\/TSDS2026\/tuomarit\/","title":{"rendered":"Tuomarit"},"content":{"rendered":"\n<p><strong>Lauantai 27.6.2026<\/strong><\/p>\n\n\n\n<p><strong>Ryhm\u00e4 2<\/strong><br>berninpaimenkoira, bullmastiffi, mastiffi <strong>Elina Haapaniemi<\/strong><br>k\u00e4\u00e4pi\u00f6snautserit <strong>Jan T\u00f6rnblom<\/strong>, Ruotsi<br>appenzellinpaimenkoira, bernhardinkoirat, dobermanni, dogo argentino, estrelanvuoristokoirat, newfoundlandinkoira, tanskandoggit <strong>John R. Walsh<\/strong>, Irlanti<br>apinapinseri, k\u00e4\u00e4pi\u00f6pinseri <strong>Monica Vikner Stafberg<\/strong>, Ruotsi<br>rottweiler, tanskalais-ruotsalainen pihakoira <strong>Ville-Veikko Meronen<\/strong><br>muut <strong>Anita Al-Bachy<\/strong><br><br><strong>Ryhm\u00e4 5<\/strong><br>lapinporokoira, suomenlapinkoira <strong>Elina Haapaniemi<\/strong><br>pomeranian <strong>Jan T\u00f6rnblom<\/strong>, Ruotsi<br>perunkarvatonkoirat, ruotsinlapinkoira, grosspitzit, mittelspitzit, thaimaanpystykorva <strong>John R. Walsh<\/strong>, Irlanti<br>akita, american eskimo dog, amerikanakita, basenji, buhund, chow chow, etnankoira, eurasier, faaraokoira, gr\u00f6nlanninkoira, hokkaidonkoira, h\u00e4lleforsinkoira, ibizanpodencot, islanninlammaskoira, jakutianlaika, japaninpystykorva, kaanaankoira, kainkoira, kanadaneskimokoira, kanarianpodenco, kintamani-balinkoira, kishunkoira, koreanjindonkoira, lunnikoira, l\u00e4nsig\u00f6\u00f6tanmaanpystykorva, meksikonkarvatonkoirat, musta tanskanpystykorva, portugalinpodengot, samojedinkoira, shiba, shikokunkoira, taiwaninkoira, tanskanpystykorva, thai ridgeback, volpino italiano <strong>Katja Korhonen<\/strong><br>keeshond, kleinspitzit <strong>Lisa Molin<\/strong>, Ruotsi<br>alaskanmalamuutti, harmaa norjanhirvikoira, it\u00e4siperianlaika, j\u00e4mtlanninpystykorva, karjalankarhukoira, l\u00e4nsisiperianlaika, musta norjanhirvikoira, pohjanpystykorva, siperianhusky, suomenpystykorva, valkoinen ruotsinhirvikoira, ven\u00e4l\u00e4is-eurooppalainen laika <strong>Tanya Ahlman-Stockmari<\/strong><br><br><strong>Ryhm\u00e4 6<\/strong><br>bretagnenbassetti, grand basset griffon vend\u00e9en, petit basset griffon vend\u00e9en <strong>Elina Haapaniemi<\/strong><br>dalmatiankoira <strong>Ville-Veikko Meronen<\/strong><br>muut <strong>Martin Johansson<\/strong>, Ruotsi<br><br><strong>Ryhm\u00e4 7<\/strong><br>kaikki rodut <strong>Henric Fryckstrand<\/strong>, Ruotsi<br><br><strong>Ryhm\u00e4 9<\/strong><br>bostoninterrieri, mopsi, papillon, phal\u00e8ne, ranskanbulldoggi, tiibetinspanieli <strong>Clodagh Fallon<\/strong>, Irlanti<br>griffon belge, griffon bruxellois, japanese chin, lhasa apso, petit brabancon <strong>Jan T\u00f6rnblom<\/strong>, Ruotsi<br>villakoirat <strong>Lisa Molin<\/strong>, Ruotsi<br>bichon fris\u00e9, bolognese, coton de tul\u00e9ar, kiinanharjakoira <strong>Monica Vikner Stafberg<\/strong>, Ruotsi<br>cavalier kingcharlesinspanieli, chihuahuat, kingcharlesinspanieli, shih tzu, tiibetinterrieri, ven\u00e4j\u00e4ntoyt <strong>Philip Carthy<\/strong>, Irlanti<br>havannankoira, kiinanpalatsikoira\/pekingeesi, kromfohrl\u00e4nder, l\u00f6wchen, maltankoira, markiesje, prahanrottakoira, ven\u00e4j\u00e4nbolonka <strong>Tanya Ahlman-Stockmari<\/strong><\/p>\n\n\n\n<p>Junior Handler\u00a0<strong>Ella Ruuni<\/strong><br><br>Ryhm\u00e4kilpailut<br>2<strong> John R. Walsh<\/strong><br>5<strong> Tanya Ahlman-Stockmari<\/strong><br>6<strong> Martin Johansson<\/strong><br>7<strong> Henric Fryckstrand<\/strong><br>9<strong> Philip Carthy<\/strong><br><br>Paras juniori <strong>John R. Walsh<\/strong><br>Paras veteraani <strong>Martin Johansson<\/strong><br>Paras kasvattajaryhm\u00e4 <strong>Elina Haapaniemi<\/strong><br><br><\/p>\n\n\n\n<p><strong>Sunnuntai 28.6.2026<\/strong><\/p>\n\n\n\n<p><strong>Ryhm\u00e4 1<\/strong><br>pulit, pumi, romanianpaimenkoira, saarlooswolfhond, saksanpaimenkoirat, schapendoes, schipperke, serra de airesinpaimenkoira, slovakiancuvac, tsekinpaimenkoira, valkoinenpaimenkoira <strong>Anita Al-Bachy<\/strong><br>pitk\u00e4karvainen collie, sile\u00e4karvainen collie <strong>Elina Haapaniemi<\/strong><br>partacollie, shetlanninlammaskoira, vanhaenglanninlammaskoira, welsh corgit <strong>John R. Walsh<\/strong>, Irlanti<br>australian t\u00f6p\u00f6h\u00e4nt\u00e4inen karjakoira, australiankarjakoira, australiankelpie, australianpaimenkoira, belgianpaimenkoirat, bordercollie, hollanninpaimenkoirat <strong>Lisa Molin<\/strong>, Ruotsi<br>muut <strong>Martin Johansson<\/strong>, Ruotsi<br><br><strong>Ryhm\u00e4 3<\/strong><br>borderterrieri, cairnterrieri, dandiedinmontinterrieri, jackrussellinterrieri, norfolkinterrieri, norwichinterrieri, valkoinen l\u00e4nsiyl\u00e4maanterrieri, vehn\u00e4terrieri <strong>Jan T\u00f6rnblom<\/strong>, Ruotsi<br>australianterrieri, parsonrussellinterrieri, saksanmets\u00e4stysterrieri, sealyhaminterrieri, skotlanninterrieri, skyenterrieri <strong>John R. Walsh<\/strong>, Irlanti<br>airedalenterrieri, amerikankarvatonterrieri, amerikank\u00e4\u00e4pi\u00f6kettuterrieri, amerikanrottaterrieri, amerikanstaffordshirenterrieri, andalusianrottakoira, bedlingtoninterrieri, biewerterrieri, brasilianterrieri, bullterrieri, ceskyterrieri, englannink\u00e4\u00e4pi\u00f6terrieri, glen of imaalinterrieri, irlanninterrieri, japaninterrieri, karkeakarvainen kettuterrieri, kerrynterrieri, k\u00e4\u00e4pi\u00f6bullterrieri, lakelandinterrieri, manchesterinterrieri, sile\u00e4karvainen kettuterrieri, staffordshirenbullterrieri, tenterfieldinterrieri, valencianrottaterrieri, walesinterrieri <strong>Monica Vikner Stafberg<\/strong>, Ruotsi<br>silkkiterrieri, yorkshirenterrieri <strong>Philip Carthy<\/strong>, Irlanti<br><br><strong>Ryhm\u00e4 4<\/strong><br>kaikki rodut <strong>Ville-Veikko Meronen<\/strong><br><br><strong>Ryhm\u00e4 8<\/strong><br>amerikancockerspanieli, amerikanvesispanieli, barbet, clumberinspanieli, cockerspanieli, espanjanvesikoira, fieldspanieli, friisinvesikoira, irlanninvesispanieli, kooikerhondje, portugalinvesikoira, puolanmets\u00e4stysspanieli, sussexinspanieli, walesinspringerspanieli, viiri\u00e4iskoira <strong>Clodagh Fallon<\/strong>, Irlanti<br>lagotto romagnolo <strong>Elina Haapaniemi<\/strong><br>englanninspringerspanieli, kultainennoutaja, novascotiannoutaja <strong>Henric Fryckstrand<\/strong>, Ruotsi<br>chesapeakelahdennoutaja, kiharakarvainen noutaja, labradorinnoutaja, sile\u00e4karvainen noutaja <strong>Katja Korhonen<\/strong><br>ven\u00e4j\u00e4nspanieli <strong>Tanya Ahlman-Stockmari<\/strong>,<br><br><strong>Ryhm\u00e4 10<\/strong><br>whippet <strong>Anita Al-Bachy<\/strong><br>irlanninsusikoira, skotlanninhirvikoira <strong>Elina Haapaniemi<\/strong><br>unkarinvinttikoira, ven\u00e4j\u00e4nvinttikoira <strong>Martin Johansson<\/strong>, Ruotsi<br>italianvinttikoira <strong>Philip Carthy<\/strong>, Irlanti<br>afgaaninvinttikoira, azawakh, englanninvinttikoira, espanjanvinttikoira, puolanvinttikoira, saluki, sloughi, tazi <strong>Tanya Ahlman-Stockmari<\/strong>,<br><br>Ryhm\u00e4kilpailut<br>1<strong> Elina Haapaniemi<\/strong><br>3<strong> Monica Vikner Stafberg<\/strong><br>4<strong> Ville-Veikko Meronen<\/strong><br>8<strong> Clodagh Fallon<\/strong><br>10<strong> Anita Al-Bachy<\/strong><br><br>Paras juniori <strong>Martin Johansson<\/strong><br>Paras veteraani <strong>Elina Haapaniemi<\/strong><br>Paras kasvattajaryhm\u00e4 <strong>Tanya Ahlman-Stockmari<\/strong><br>Best in Show<strong> John R. Walsh<br><br><\/strong><\/p>\n","protected":false},"excerpt":{"rendered":"<p>Lauantai 27.6.2026 Ryhm\u00e4 2berninpaimenkoira, bullmastiffi, mastiffi Elina Haapaniemik\u00e4\u00e4pi\u00f6snautserit Jan T\u00f6rnblom, Ruotsiappenzellinpaimenkoira, bernhardinkoirat, dobermanni, dogo argentino, estrelanvuoristokoirat, newfoundlandinkoira, tanskandoggit John R. Walsh, Irlantiapinapinseri, k\u00e4\u00e4pi\u00f6pinseri Monica Vikner Stafberg, Ruotsirottweiler, tanskalais-ruotsalainen pihakoira Ville-Veikko Meronenmuut Anita Al-Bachy Ryhm\u00e4 5lapinporokoira, suomenlapinkoira Elina Haapaniemipomeranian Jan T\u00f6rnblom, Ruotsiperunkarvatonkoirat, ruotsinlapinkoira, grosspitzit, mittelspitzit, thaimaanpystykorva John R. Walsh, Irlantiakita, american eskimo dog, amerikanakita, basenji, buhund, <a href=\"https:\/\/www.showlink.fi\/shows\/TSDS2026\/tuomarit\/\" class=\"more-link\">...jatka lukemista<span class=\"screen-reader-text\"> \"Tuomarit\"<\/span><\/a><\/p>\n","protected":false},"author":1,"featured_media":0,"parent":0,"menu_order":3,"comment_status":"closed","ping_status":"closed","template":"","meta":{"footnotes":""},"class_list":["post-13","page","type-page","status-publish","h-entry","hentry","h-as-page"],"_links":{"self":[{"href":"https:\/\/www.showlink.fi\/shows\/TSDS2026\/wp-json\/wp\/v2\/pages\/13","targetHints":{"allow":["GET"]}}],"collection":[{"href":"https:\/\/www.showlink.fi\/shows\/TSDS2026\/wp-json\/wp\/v2\/pages"}],"about":[{"href":"https:\/\/www.showlink.fi\/shows\/TSDS2026\/wp-json\/wp\/v2\/types\/page"}],"author":[{"embeddable":true,"href":"https:\/\/www.showlink.fi\/shows\/TSDS2026\/wp-json\/wp\/v2\/users\/1"}],"replies":[{"embeddable":true,"href":"https:\/\/www.showlink.fi\/shows\/TSDS2026\/wp-json\/wp\/v2\/comments?post=13"}],"version-history":[{"count":19,"href":"https:\/\/www.showlink.fi\/shows\/TSDS2026\/wp-json\/wp\/v2\/pages\/13\/revisions"}],"predecessor-version":[{"id":265,"href":"https:\/\/www.showlink.fi\/shows\/TSDS2026\/wp-json\/wp\/v2\/pages\/13\/revisions\/265"}],"wp:attachment":[{"href":"https:\/\/www.showlink.fi\/shows\/TSDS2026\/wp-json\/wp\/v2\/media?parent=13"}],"curies":[{"name":"wp","href":"https:\/\/api.w.org\/{rel}","templated":true}]}}