{"id":234,"date":"2025-12-18T13:15:54","date_gmt":"2025-12-18T11:15:54","guid":{"rendered":"https:\/\/www.showlink.fi\/shows\/TSDS2026_luonnos\/?page_id=234"},"modified":"2026-01-21T08:45:02","modified_gmt":"2026-01-21T06:45:02","slug":"in-english","status":"publish","type":"page","link":"https:\/\/www.showlink.fi\/shows\/TSDS2026\/in-english\/","title":{"rendered":"In English"},"content":{"rendered":"\n<h2 class=\"wp-block-heading\"><em>Welcome to Turku Summer Dog Show 2026!<\/em><\/h2>\n\n\n\n<h4 class=\"wp-block-heading\"><em>International Dog Show (CACIB) in Turku<\/em> 27.-28.6.2026.<\/h4>\n\n\n\n<p>Location:&nbsp;<strong>Mets\u00e4m\u00e4ki Racetrack<br><\/strong>Address: Vanha Tampereentie 235, 20380 Turku<\/p>\n\n\n\n<p><strong>Saturday, June 27th FCI groups 2, 5, 6, 7, 9<\/strong><br><strong>FCI 2<\/strong>\u00a0\u2013 Pinscher and Schnauzer \u2013 Molossoid and Swiss Mountain and Cattledogs<br><strong>FCI 5\u00a0<\/strong>\u2013 Spitz and primitive types<br><strong>FCI 6<\/strong>\u00a0\u2013 Scent hounds and related breeds<br><strong>FCI 7\u00a0<\/strong>\u2013 Pointing Dogs<br><strong>FCI 9\u00a0<\/strong>\u2013 Companion and Toy Dogs<br><br><strong>Sunday, June 28th FCI Groups 1, 3, 4, 8, 10<\/strong><br><strong>FCI 1\u00a0<\/strong>\u2013 Sheepdogs and Cattledogs (except Swiss Cattledogs)<br><strong>FCI 3<\/strong>\u00a0\u2013 Terriers<br><strong>FCI 4\u00a0<\/strong>\u2013 Dachshunds<br><strong>FCI 8\u00a0<\/strong>\u2013 Retrievers \u2013 Flushing Dogs \u2013 Water Dogs<br><strong>FCI 10<\/strong>\u00a0\u2013 Sighthounds<strong><br><\/strong><br>Also puppies<strong>\u00a0<\/strong>(7 months \u2013 under 9 months)\u00a0and <strong>Junior Handler<\/strong> competition on Saturday.\u00a0Qualifying competition for Finnish Championships\u00a0and\u00a0Varsinais-Suomen Kennelpiiri\u00a0district championship on Saturday, regular competition on Sunday.<\/p>\n\n\n\n<p>Non-entered dogs&nbsp;are allowed in the show venue. Valid vaccination certificates are required.<\/p>\n\n\n\n<hr class=\"wp-block-separator has-alpha-channel-opacity\"\/>\n\n\n\n<h3 class=\"wp-block-heading\"><em><mark><\/mark><\/em>Inquiries<\/h3>\n\n\n\n<p><strong>Inquiries concerning entries<\/strong><br><strong>SHOWLINK<\/strong> (working days 11-17, local time)<br>info@showlink.fi<br>+358 9 887 30 320 <br><br><strong>Other inquiries \/&nbsp;\u00d6vriga f\u00f6rfr\u00e5gningar<br><\/strong>Marika Kuusisto<br>marikahkuusisto@gmail.com<br>+358 40 410 8812<\/p>\n\n\n\n<hr class=\"wp-block-separator has-alpha-channel-opacity\"\/>\n\n\n\n<h3 class=\"wp-block-heading\"><em><mark><\/mark><\/em>Entry<\/h3>\n\n\n\n<p>Closing dates for entries are<strong>&nbsp;April 30th \/ May 28th \/ June 4th<\/strong><br><em><strong>Entries only via online entry!<\/strong><\/em><\/p>\n\n\n\n<p>With registration of the entry the exhibitor guarantees to obey the valid&nbsp;<a href=\"https:\/\/www.kennelliitto.fi\/lomakkeet\/dog-show-regulations-2022\">Show Regulations<\/a>&nbsp;and&nbsp;<a href=\"https:\/\/www.kennelliitto.fi\/en\/dog-ownership\/regulations-about-vaccinations-and-infectious-diseases\">Vaccination Instructions<\/a>&nbsp;of the Finnish Kennel Club.<\/p>\n\n\n\n<p><strong>Online entry<\/strong>&nbsp;<a href=\"https:\/\/www.showlink.fi\/show\/\">www.showlink.fi<\/a>&nbsp;\u2192&nbsp;<a href=\"https:\/\/ilmoittautuminen.kennelliitto.fi\/frmEtusivu.aspx?Lang=ENG\">ONLINE ENTRY<\/a><\/p>\n\n\n\n<p>When you enter your dog via Showlink online entry, the entry fee will be paid with credit card (or via web bank, if you are a resident in Finland). Please DO NOT pay in advance. You will get a confirmation email sent by the online entry system within an hour after a successful entry. If you don\u2019t get the confirmation, please contact Showlink for more information: info@showlink.fi<\/p>\n\n\n\n<p><strong>Entry fees until 30.4.<\/strong><br>\u00bb 1st entered dog&nbsp;<strong>47\u20ac&nbsp;<\/strong><br>\u00bb 2nd etc. dog of the same owner&nbsp;<strong>44\u20ac&nbsp;<\/strong><br>\u00bb puppies &amp; veterans&nbsp;<strong>39\u20ac<br><\/strong>\u00bb Junior Handler&nbsp;<strong>15 \u20ac<\/strong><\/p>\n\n\n\n<p><strong>Entry fees during 1.5 \u2013 28.5.<\/strong><br>\u00bb 1st entered dog&nbsp;<strong>51&nbsp;\u20ac&nbsp;<\/strong><br>\u00bb 2nd etc. dog of the same owner&nbsp;<strong>47 \u20ac&nbsp;<\/strong><br>\u00bb puppies &amp; veterans&nbsp;<strong>42\u20ac<br><\/strong>\u00bb Junior Handler&nbsp;<strong>15 \u20ac<\/strong><\/p>\n\n\n\n<p><strong>Entry fees during 29.5.<strong> \u2013 <\/strong>4.6.<\/strong><br>\u00bb&nbsp;<strong>60 \u20ac&nbsp;<\/strong>per dog, all classes<br>\u00bb Junior Handler&nbsp;<strong>15 \u20ac<\/strong><\/p>\n\n\n\n<hr class=\"wp-block-separator has-alpha-channel-opacity\"\/>\n\n\n\n<h3 class=\"wp-block-heading\"><strong><em><mark><\/mark><\/em><\/strong>Please note<\/h3>\n\n\n\n<p>The reduced entry fee for the same owner\u2019s 2nd etc. dog is based on the person marked as the owner of the first dog entered in the entry session.<\/p>\n\n\n\n<p>Once the entry has closed, a dog cannot be moved to another class.<br>A male dog with abnormal testicles receives the quality grade Disqualified.<\/p>\n\n\n\n<p>To enter in&nbsp;<strong>champion class<\/strong>&nbsp;a championship certificate is needed.<br>To enter in&nbsp;<strong>working class&nbsp;<\/strong>a WCC (working class certificate) is needed.<br>If mentioned certificates are missing, the dog will be automatically entered in \u201dOpen Class\u201d. Please, send copies to info@showlink.fi before entry time is closed, with show and dog\u2019s information, if copies are not attached to entry form or online-entry.<\/p>\n\n\n\n<p>Cropped and docked dogs are not allowed to participate shows held in Finland.<\/p>\n\n\n\n<p><strong>Vaccination instructions for the Show<\/strong><br>The show is subject to the vaccination directions approved by the Finnish Kennel Club. The organizers are obliged to inspect vaccination certificates for all dogs taking part. Please, check the custom regulations for importing dogs to Finland. Check also your own country\u2019s regulations when turning back.<\/p>\n\n\n\n<p><strong>Anti-Doping<\/strong><br>The Anti-Doping rules concern all the shows, trials and tests approved by the Finnish Kennel Club. Visit also&nbsp;<a href=\"http:\/\/www.kennelliitto.fi\/\">www.kennelliitto.fi<\/a>&nbsp;for current information.<\/p>\n","protected":false},"excerpt":{"rendered":"<p>Welcome to Turku Summer Dog Show 2026! International Dog Show (CACIB) in Turku 27.-28.6.2026. Location:&nbsp;Mets\u00e4m\u00e4ki RacetrackAddress: Vanha Tampereentie 235, 20380 Turku Saturday, June 27th FCI groups 2, 5, 6, 7, 9FCI 2\u00a0\u2013 Pinscher and Schnauzer \u2013 Molossoid and Swiss Mountain and CattledogsFCI 5\u00a0\u2013 Spitz and primitive typesFCI 6\u00a0\u2013 Scent hounds and related breedsFCI 7\u00a0\u2013 Pointing <a href=\"https:\/\/www.showlink.fi\/shows\/TSDS2026\/in-english\/\" class=\"more-link\">...jatka lukemista<span class=\"screen-reader-text\"> \"In English\"<\/span><\/a><\/p>\n","protected":false},"author":1,"featured_media":0,"parent":0,"menu_order":10,"comment_status":"closed","ping_status":"closed","template":"","meta":{"footnotes":""},"class_list":["post-234","page","type-page","status-publish","h-entry","hentry","h-as-page"],"_links":{"self":[{"href":"https:\/\/www.showlink.fi\/shows\/TSDS2026\/wp-json\/wp\/v2\/pages\/234","targetHints":{"allow":["GET"]}}],"collection":[{"href":"https:\/\/www.showlink.fi\/shows\/TSDS2026\/wp-json\/wp\/v2\/pages"}],"about":[{"href":"https:\/\/www.showlink.fi\/shows\/TSDS2026\/wp-json\/wp\/v2\/types\/page"}],"author":[{"embeddable":true,"href":"https:\/\/www.showlink.fi\/shows\/TSDS2026\/wp-json\/wp\/v2\/users\/1"}],"replies":[{"embeddable":true,"href":"https:\/\/www.showlink.fi\/shows\/TSDS2026\/wp-json\/wp\/v2\/comments?post=234"}],"version-history":[{"count":12,"href":"https:\/\/www.showlink.fi\/shows\/TSDS2026\/wp-json\/wp\/v2\/pages\/234\/revisions"}],"predecessor-version":[{"id":269,"href":"https:\/\/www.showlink.fi\/shows\/TSDS2026\/wp-json\/wp\/v2\/pages\/234\/revisions\/269"}],"wp:attachment":[{"href":"https:\/\/www.showlink.fi\/shows\/TSDS2026\/wp-json\/wp\/v2\/media?parent=234"}],"curies":[{"name":"wp","href":"https:\/\/api.w.org\/{rel}","templated":true}]}}