{"id":236,"date":"2025-12-18T13:16:39","date_gmt":"2025-12-18T11:16:39","guid":{"rendered":"https:\/\/www.showlink.fi\/shows\/TSDS2026_luonnos\/?page_id=236"},"modified":"2026-01-20T10:28:09","modified_gmt":"2026-01-20T08:28:09","slug":"judges","status":"publish","type":"page","link":"https:\/\/www.showlink.fi\/shows\/TSDS2026\/in-english\/judges\/","title":{"rendered":"Judges"},"content":{"rendered":"\n<p><strong>Saturday 27.6.2026<\/strong><\/p>\n\n\n\n<p><strong>FCI 2<\/strong><br>Bernese Mountain Dog, Bullmastiff, Mastiff <strong>Elina Haapaniemi<\/strong><br>Miniature Schnauzers <strong>Jan T\u00f6rnblom<\/strong>, Sweden<br>Appenzell Cattle Dog, Dobermann, Dogo Argentino, Estrela Mountain Dogs, Great Danes, Newfoundland, St. Bernards <strong>John R. Walsh<\/strong>, Ireland<br>Affenpinscher, Miniature Pinscher <strong>Monica Vikner Stafberg<\/strong>, Sweden<br>Danish-Swedish Farmdog, Rottweiler <strong>Ville-Veikko Meronen<\/strong><br>others <strong>Anita Al-Bachy<\/strong><br><br><strong>FCI 5<\/strong><br>Finnish Lapponian Dog, Lapponian Herder <strong>Elina Haapaniemi<\/strong><br>Pomeranian <strong>Jan T\u00f6rnblom<\/strong>, Sweden<br>Giant Spitzs (Grosspitz), Medium Size Spitzs (Mittelspitz), Peruvian Hairless Dogs, Swedish Lapphund, Thai Bangkaew Dog <strong>John R. Walsh<\/strong>, Ireland<br>Akita, American Akita, American Eskimo Dog, Basenji, Black Spitz, Canaan Dog, Canadian Eskimo Dog, Canarian Warren Hound, Chow Chow, Cirneco dell'Etna, Danish Spitz, Eurasian, Greenland Dog, Hokkaido, H\u00e4lleforshund, Ibizan Podencos, Icelandic Sheepdog, Italian Volpino, Japanese Spitz, Kai, Kintamani-Bali Dog, Kishu, Korea Jindo Dog, Norwegian Buhund, Norwegian Lundehund, Pharaoh Hound, Portuguese Podengo, Long- and Wire-haired Large, Portuguese Podengos, Samoyed, Shiba, Shikoku, Swedish Vallhund, Taiwan Dog, Thai Ridgeback Dog, Xoloitzcuintles, Yakutian Laika <strong>Katja Korhonen<\/strong><br>Keeshond (Wolfspitz), Miniature Spitzs (Kleinspitz) \u00a0<strong>Lisa Molin<\/strong>, Sweden<br>Alaskan Malamute, East Siberian Laika, Finnish Spitz, Karelian Bear Dog, Norrbottenspitz, Norwegian Elkhound Black, Norwegian Elkhound Grey, Russian-European Laika, Siberian Husky, Swedish Elkhound, Swedish White Elkhound, West Siberian Laika <strong>Tanya Ahlman-Stockmari<\/strong>,<br><br><strong>FCI 6<\/strong><br>Basset Fauve De Bretagne, Grand Basset Griffon Vend\u00e9en, Petit Basset Griffon Vend\u00e9en <strong>Elina Haapaniemi<\/strong><br>Dalmatian <strong>Ville-Veikko Meronen<\/strong><br>other breeds <strong>Martin Johansson<\/strong>, Sweden<br><br><strong>FCI 7<\/strong><br>all breeds <strong>Henric Fryckstrand<\/strong>, Sweden<br><br><strong>FCI 9<\/strong><br>Boston Terrier, French Bulldog, Papillon, Phal\u00e8ne, Pug, Tibetan Spaniel <strong>Clodagh Fallon<\/strong>, Ireland<br>Griffon Belge, Griffon Bruxellois, Japanese Chin, Lhasa Apso, Petit Braban\u00e7on <strong>Jan T\u00f6rnblom<\/strong>, Sweden<br>Poodles <strong>Lisa Molin<\/strong>, Sweden<br>Bichon Frise, Bolognese, Chinese Crested Dog, Coton de Tulear <strong>Monica Vikner Stafberg<\/strong>, Sweden<br>Cavalier King Charles Spaniel, Chihuahuas, King Charles Spaniel, Russian Toys, Shih Tzu, Tibetan Terrier <strong>Philip Carthy<\/strong>, Ireland<br>Havanese, Kromfohrl\u00e4nder, Little Lion Dog, Maltese, Markiesje, Pekingese, Pra\u017esk\u00fd Krysar\u00edk, Russkaja Tsvetnaja Bolonka <strong>Tanya Ahlman-Stockmari<\/strong><\/p>\n\n\n\n<p>Junior Handler\u00a0<strong>Ella Ruuni<\/strong><br><br>Finals<br>2<strong> John R. Walsh<\/strong><br>5<strong> Tanya Ahlman-Stockmari<\/strong><br>6<strong> Martin Johansson<\/strong><br>7<strong> Henric Fryckstrand<\/strong><br>9<strong> Philip Carthy<\/strong><br><br>Best junior <strong>John R. Walsh<\/strong><br>Best veteran <strong>Martin Johansson<\/strong><br>Best breeder group <strong>Elina Haapaniemi<\/strong><br><\/p>\n\n\n\n<p><strong>Sunday 28.6.2026<\/strong><\/p>\n\n\n\n<p><br><strong>FCI 1<\/strong><br>Bohemian Shepherd Dog, Dutch Schapendoes, German Shepherd Dogs, Portuguese Sheepdog, Pulis, Pumi, Romanian Mioritic Shepherd Dog, Saarloos Wolfhond, Schipperke, Slovakian Chuvach, White Swiss Shepherd Dog <strong>Anita Al-Bachy<\/strong><br>Collie Rough, Collie Smooth <strong>Elina Haapaniemi<\/strong><br>Bearded Collie, Old English Sheepdog, Shetland Sheepdog, Welsh Corgis <strong>John R. Walsh<\/strong>, Ireland<br>Australian Cattle Dog, Australian Kelpie, Australian Shepherd, Australian Stumpy Tail Cattle Dog, Belgian Shepherd Dogs, Border Collie, Dutch Shepherd Dogs <strong>Lisa Molin<\/strong>, Sweden<br>others <strong>Martin Johansson<\/strong>, Sweden<br><br><strong>FCI 3<\/strong><br>Border Terrier, Cairn Terrier, Dandie Dinmont Terrier, Irish Soft Coated Wheaten Terrier, Jack Russell Terrier, Norfolk Terrier, Norwich Terrier, West Highland White Terrier <strong>Jan T\u00f6rnblom<\/strong>, Sweden<br>Australian Terrier, German Hunting Terrier, Parson Russell Terrier, Scottish Terrier, Sealyham Terrier, Skye Terrier <strong>John R. Walsh<\/strong>, Ireland<br>Airedale Terrier, American Hairless Terrier, American Staffordshire Terrier, American Toy Fox Terrier, Bedlington Terrier, Biewer Terrier, Brazilian Terrier, Bull Terrier, Cesky Terrier, English Toy Terrier, Fox Terrier, Smooth-haired, Fox Terrier, Wire-haired, Irish Glen Of Imaal Terrier, Irish Terrier, Japanese Terrier, Kerry Blue Terrier, Lakeland Terrier, Manchester Terrier, Miniature Bull Terrier, Rat Terrier, Ratonero Bodeguero Andaluz, Staffordshire Bull Terrier, Tenterfield Terrier, Valencian Terrier, Welsh Terrier <strong>Monica Vikner Stafberg<\/strong>, Sweden<br>Australian Silky Terrier, Yorkshire Terrier <strong>Philip Carthy<\/strong>, Ireland<br><br><strong>FCI 4<\/strong><br>all breeds <strong>Ville-Veikko Meronen<\/strong><br><br><strong>FCI 8<\/strong><br>American Cocker Spaniel, American Water Spaniel, Clumber Spaniel, Cocker Spaniel, Field Spaniel, French Water Dog, German Spaniel, Irish Water Spaniel, Nederlandse Kooikerhondje, Polish Hunting Spaniel, Portuguese Water Dog, Spanish Water Dog, Sussex Spaniel, Welsh Springer Spaniel, Wetterhoun <strong>Clodagh Fallon<\/strong>, Ireland<br>Lagotto Romagnolo <strong>Elina Haapaniemi<\/strong><br>English Springer Spaniel, Golden Retriever, Nova Scotia Duck Tolling Retriever <strong>Henric Fryckstrand<\/strong>, Sweden<br>Chesapeake Bay Retriever, Curly Coated Retriever, Flat Coated Retriever, Labrador Retriever <strong>Katja Korhonen<\/strong><br>Russian Spaniel <strong>Tanya Ahlman-Stockmari<\/strong><\/p>\n\n\n\n<p><br><strong>FCI 10<\/strong><br>Whippet <strong>Anita Al-Bachy<\/strong><br>Deerhound, Irish Wolfhound <strong>Elina Haapaniemi<\/strong><br>Borzoi, Hungarian Greyhound <strong>Martin Johansson<\/strong>, Sweden<br>Italian Greyhound <strong>Philip Carthy<\/strong>, Ireland<br>Afghan Hound, Azawakh, Greyhound, Kazakh Tazy, Polish Greyhound, Saluki, Sloughi, Spanish Greyhound <strong>Tanya Ahlman-Stockmari<\/strong><br><br>Finals<br>1<strong> Elina Haapaniemi<\/strong><br>3<strong> Monica Vikner Stafberg<\/strong><br>4<strong> Ville-Veikko Meronen<\/strong><br>8<strong> Clodagh Fallon<\/strong><br>10<strong> Anita Al-Bachy<\/strong><br><br>Best junior <strong>Martin Johansson<\/strong><br>Best veteran <strong>Elina Haapaniemi<\/strong><br>Best breeder group <strong>Tanya Ahlman-Stockmari<\/strong><br>Best in Show<strong> John R. Walsh<\/strong><\/p>\n","protected":false},"excerpt":{"rendered":"<p>Saturday 27.6.2026 FCI 2Bernese Mountain Dog, Bullmastiff, Mastiff Elina HaapaniemiMiniature Schnauzers Jan T\u00f6rnblom, SwedenAppenzell Cattle Dog, Dobermann, Dogo Argentino, Estrela Mountain Dogs, Great Danes, Newfoundland, St. Bernards John R. Walsh, IrelandAffenpinscher, Miniature Pinscher Monica Vikner Stafberg, SwedenDanish-Swedish Farmdog, Rottweiler Ville-Veikko Meronenothers Anita Al-Bachy FCI 5Finnish Lapponian Dog, Lapponian Herder Elina HaapaniemiPomeranian Jan T\u00f6rnblom, SwedenGiant Spitzs <a href=\"https:\/\/www.showlink.fi\/shows\/TSDS2026\/in-english\/judges\/\" class=\"more-link\">...jatka lukemista<span class=\"screen-reader-text\"> \"Judges\"<\/span><\/a><\/p>\n","protected":false},"author":1,"featured_media":0,"parent":234,"menu_order":10,"comment_status":"closed","ping_status":"closed","template":"","meta":{"footnotes":""},"class_list":["post-236","page","type-page","status-publish","h-entry","hentry","h-as-page"],"_links":{"self":[{"href":"https:\/\/www.showlink.fi\/shows\/TSDS2026\/wp-json\/wp\/v2\/pages\/236","targetHints":{"allow":["GET"]}}],"collection":[{"href":"https:\/\/www.showlink.fi\/shows\/TSDS2026\/wp-json\/wp\/v2\/pages"}],"about":[{"href":"https:\/\/www.showlink.fi\/shows\/TSDS2026\/wp-json\/wp\/v2\/types\/page"}],"author":[{"embeddable":true,"href":"https:\/\/www.showlink.fi\/shows\/TSDS2026\/wp-json\/wp\/v2\/users\/1"}],"replies":[{"embeddable":true,"href":"https:\/\/www.showlink.fi\/shows\/TSDS2026\/wp-json\/wp\/v2\/comments?post=236"}],"version-history":[{"count":5,"href":"https:\/\/www.showlink.fi\/shows\/TSDS2026\/wp-json\/wp\/v2\/pages\/236\/revisions"}],"predecessor-version":[{"id":266,"href":"https:\/\/www.showlink.fi\/shows\/TSDS2026\/wp-json\/wp\/v2\/pages\/236\/revisions\/266"}],"up":[{"embeddable":true,"href":"https:\/\/www.showlink.fi\/shows\/TSDS2026\/wp-json\/wp\/v2\/pages\/234"}],"wp:attachment":[{"href":"https:\/\/www.showlink.fi\/shows\/TSDS2026\/wp-json\/wp\/v2\/media?parent=236"}],"curies":[{"name":"wp","href":"https:\/\/api.w.org\/{rel}","templated":true}]}}