{"id":52,"date":"2019-05-08T10:33:44","date_gmt":"2019-05-08T07:33:44","guid":{"rendered":"http:\/\/www.showlink.fi\/shows\/riihikoski2019\/?page_id=52"},"modified":"2025-12-18T12:49:26","modified_gmt":"2025-12-18T10:49:26","slug":"tulokset","status":"publish","type":"page","link":"https:\/\/www.showlink.fi\/shows\/TSDS2026\/tulokset\/","title":{"rendered":"Tulokset"},"content":{"rendered":"\n<p> N\u00e4yttelyss\u00e4 on k\u00e4yt\u00f6ss\u00e4 reaaliaikanen tulostallennus. <\/p>\n\n\n\n<p><strong><strong>\u00bb <\/strong>Siirry n\u00e4yttelyn tuloksiin t\u00e4st\u00e4<\/strong><\/p>\n\n\n\n<p><\/p>\n","protected":false},"excerpt":{"rendered":"<p>N\u00e4yttelyss\u00e4 on k\u00e4yt\u00f6ss\u00e4 reaaliaikanen tulostallennus. \u00bb Siirry n\u00e4yttelyn tuloksiin t\u00e4st\u00e4<\/p>\n","protected":false},"author":1,"featured_media":0,"parent":0,"menu_order":6,"comment_status":"closed","ping_status":"closed","template":"","meta":{"footnotes":""},"class_list":["post-52","page","type-page","status-publish","h-entry","hentry","h-as-page"],"_links":{"self":[{"href":"https:\/\/www.showlink.fi\/shows\/TSDS2026\/wp-json\/wp\/v2\/pages\/52","targetHints":{"allow":["GET"]}}],"collection":[{"href":"https:\/\/www.showlink.fi\/shows\/TSDS2026\/wp-json\/wp\/v2\/pages"}],"about":[{"href":"https:\/\/www.showlink.fi\/shows\/TSDS2026\/wp-json\/wp\/v2\/types\/page"}],"author":[{"embeddable":true,"href":"https:\/\/www.showlink.fi\/shows\/TSDS2026\/wp-json\/wp\/v2\/users\/1"}],"replies":[{"embeddable":true,"href":"https:\/\/www.showlink.fi\/shows\/TSDS2026\/wp-json\/wp\/v2\/comments?post=52"}],"version-history":[{"count":8,"href":"https:\/\/www.showlink.fi\/shows\/TSDS2026\/wp-json\/wp\/v2\/pages\/52\/revisions"}],"predecessor-version":[{"id":210,"href":"https:\/\/www.showlink.fi\/shows\/TSDS2026\/wp-json\/wp\/v2\/pages\/52\/revisions\/210"}],"wp:attachment":[{"href":"https:\/\/www.showlink.fi\/shows\/TSDS2026\/wp-json\/wp\/v2\/media?parent=52"}],"curies":[{"name":"wp","href":"https:\/\/api.w.org\/{rel}","templated":true}]}}