{"id":7,"date":"2018-12-20T15:32:25","date_gmt":"2018-12-20T13:32:25","guid":{"rendered":"http:\/\/www.showlink.fi\/shows\/riihikoski2019\/?page_id=7"},"modified":"2026-01-21T08:44:29","modified_gmt":"2026-01-21T06:44:29","slug":"tervetuloa-ryhmanayttelyyn-riihikosken-urheilukentalle-11-5-2019","status":"publish","type":"page","link":"https:\/\/www.showlink.fi\/shows\/TSDS2026\/","title":{"rendered":"Tervetuloa Turun kansainv\u00e4liseen koiran\u00e4yttelyyn!"},"content":{"rendered":"\n<h3 class=\"wp-block-heading\"><em>Kansainv\u00e4linen kaikkien rotujen koiran\u00e4yttely 27.-28.6.2026<\/em><\/h3>\n\n\n\n<p><strong>Lauantaina 27.6. arvostellaan FCI:n ryhm\u00e4t 2, 5, 6, 7, 9<\/strong><br><strong>FCI 2&nbsp;<\/strong>\u2013 Pinserit, snautserit, molossityypiset ja sveitsinpaimenkoirat<br><strong>FCI 5<\/strong>&nbsp;\u2013 Pystykorvat ja alkukantaiset koirat<br><strong>FCI 6<\/strong>&nbsp;\u2013 Ajavat ja j\u00e4ljest\u00e4v\u00e4t koirat<br><strong>FCI 7<\/strong>&nbsp;\u2013 Seisovat lintukoirat<br><strong>FCI 9<\/strong>&nbsp;\u2013 Seura- ja k\u00e4\u00e4pi\u00f6koirat<br><strong><br>Sunnuntaina 28.6. arvostellaan FCI:n ryhm\u00e4t 1, 3, 4, 8, 10<\/strong><br><strong>FCI 1&nbsp;<\/strong>\u2013 Lammas- ja karjakoirat (paitsi sveitsinpaimenkoirat)<br><strong>FCI 3<\/strong>&nbsp;\u2013 Terrierit<br><strong>FCI 4<\/strong>&nbsp;\u2013 M\u00e4yr\u00e4koirat<br><strong>FCI 8&nbsp;<\/strong>\u2013 Noutajat, yl\u00f6sajavat koirat ja vesikoirat<br><strong>FCI 10<\/strong>&nbsp;\u2013 Vinttikoirat<\/p>\n\n\n\n<p>My\u00f6s pennut (7 kk - alle 9 kk) ja lauantaina <strong>Junior Handler<\/strong>\u2013kilpailu, joka on SM-osakilpailu sek\u00e4 Varsinais-Suomen Kennelpiirin piirinmestaruuskilpailu.<\/p>\n\n\n\n<p><strong>N\u00e4yttelypaikkana toimii Mets\u00e4m\u00e4en ravirata<\/strong><br>Osoite: Vanha Tampereentie 235, Turku<\/p>\n\n\n\n<p><strong>J\u00e4rjest\u00e4j\u00e4t:<\/strong>&nbsp;Koiran\u00e4yttelyallianssi X, Turku, Kimito\u00f6ns Jakthundklubb, Auran Nuuskut, Lounais-Suomen Dreeverikerho, Mets\u00e4stysyhdistys Tarvas, Naantalin Palvelu- ja Seurakoiraharrastajat, Turun Seudun M\u00e4yr\u00e4koirakerho, Lounais-Suomen Bernit, SPL-Turku, Turun Kentt\u00e4koirayhdistys<\/p>\n\n\n\n<hr class=\"wp-block-separator has-alpha-channel-opacity\"\/>\n\n\n\n<h3 class=\"wp-block-heading\"><em>Tiedustelut<\/em><\/h3>\n\n\n\n<p><strong>Ilmoittautumisia koskevat tiedustelut<\/strong><br>Showlink Oy, arkisin klo 11 \u2013 17 puh. (09) 8873 0320 tai email: info@showlink.fi<br><em>Mainitsethan tiedustelussasi \/ s\u00e4hk\u00f6postissasi n\u00e4yttelyn sek\u00e4 koiran rekisterinumeron, jota tiedustelu koskee.<\/em><\/p>\n\n\n\n<p><strong>Keh\u00e4toimitsijat<\/strong><br>\u00c5sa Liljeqvist<br>asa.liljeqvist@gmail.com<br><br><strong>Myyntipaikat<\/strong><br>Sanna Utrila<br>nayttely@tsmk.fi<\/p>\n\n\n\n<p><strong>Muut tiedustelut<\/strong><br>Jaana Yli-Kauppila <br>jaanaylikauppila@gmail.com<br>+358 40 758 0732<\/p>\n\n\n\n<p><strong>INFO p\u00e5 svenska \/ In English<br><\/strong>Marika Kuusisto <br>marikahkuusisto@gmail.com<br>+358 40 410 8812<\/p>\n\n\n\n<hr class=\"wp-block-separator has-alpha-channel-opacity\"\/>\n\n\n\n<figure class=\"wp-block-image size-full\"><img loading=\"lazy\" decoding=\"async\" width=\"892\" height=\"892\" src=\"https:\/\/www.showlink.fi\/shows\/TSDS2026\/wp-content\/uploads\/sites\/119\/2025\/12\/yhttyobanneri_1080x1080-1.jpg\" alt=\"\" class=\"wp-image-260\" srcset=\"https:\/\/www.showlink.fi\/shows\/TSDS2026\/wp-content\/uploads\/sites\/119\/2025\/12\/yhttyobanneri_1080x1080-1.jpg 892w, https:\/\/www.showlink.fi\/shows\/TSDS2026\/wp-content\/uploads\/sites\/119\/2025\/12\/yhttyobanneri_1080x1080-1-300x300.jpg 300w, https:\/\/www.showlink.fi\/shows\/TSDS2026\/wp-content\/uploads\/sites\/119\/2025\/12\/yhttyobanneri_1080x1080-1-150x150.jpg 150w, https:\/\/www.showlink.fi\/shows\/TSDS2026\/wp-content\/uploads\/sites\/119\/2025\/12\/yhttyobanneri_1080x1080-1-768x768.jpg 768w\" sizes=\"auto, (max-width: 892px) 100vw, 892px\" \/><\/figure>\n","protected":false},"excerpt":{"rendered":"<p>Kansainv\u00e4linen kaikkien rotujen koiran\u00e4yttely 27.-28.6.2026 Lauantaina 27.6. arvostellaan FCI:n ryhm\u00e4t 2, 5, 6, 7, 9FCI 2&nbsp;\u2013 Pinserit, snautserit, molossityypiset ja sveitsinpaimenkoiratFCI 5&nbsp;\u2013 Pystykorvat ja alkukantaiset koiratFCI 6&nbsp;\u2013 Ajavat ja j\u00e4ljest\u00e4v\u00e4t koiratFCI 7&nbsp;\u2013 Seisovat lintukoiratFCI 9&nbsp;\u2013 Seura- ja k\u00e4\u00e4pi\u00f6koiratSunnuntaina 28.6. arvostellaan FCI:n ryhm\u00e4t 1, 3, 4, 8, 10FCI 1&nbsp;\u2013 Lammas- ja karjakoirat (paitsi sveitsinpaimenkoirat)FCI 3&nbsp;\u2013 TerrieritFCI <a href=\"https:\/\/www.showlink.fi\/shows\/TSDS2026\/\" class=\"more-link\">...jatka lukemista<span class=\"screen-reader-text\"> \"Tervetuloa Turun kansainv\u00e4liseen koiran\u00e4yttelyyn!\"<\/span><\/a><\/p>\n","protected":false},"author":1,"featured_media":0,"parent":0,"menu_order":1,"comment_status":"closed","ping_status":"closed","template":"","meta":{"footnotes":""},"class_list":["post-7","page","type-page","status-publish","h-entry","hentry","h-as-page"],"_links":{"self":[{"href":"https:\/\/www.showlink.fi\/shows\/TSDS2026\/wp-json\/wp\/v2\/pages\/7","targetHints":{"allow":["GET"]}}],"collection":[{"href":"https:\/\/www.showlink.fi\/shows\/TSDS2026\/wp-json\/wp\/v2\/pages"}],"about":[{"href":"https:\/\/www.showlink.fi\/shows\/TSDS2026\/wp-json\/wp\/v2\/types\/page"}],"author":[{"embeddable":true,"href":"https:\/\/www.showlink.fi\/shows\/TSDS2026\/wp-json\/wp\/v2\/users\/1"}],"replies":[{"embeddable":true,"href":"https:\/\/www.showlink.fi\/shows\/TSDS2026\/wp-json\/wp\/v2\/comments?post=7"}],"version-history":[{"count":44,"href":"https:\/\/www.showlink.fi\/shows\/TSDS2026\/wp-json\/wp\/v2\/pages\/7\/revisions"}],"predecessor-version":[{"id":267,"href":"https:\/\/www.showlink.fi\/shows\/TSDS2026\/wp-json\/wp\/v2\/pages\/7\/revisions\/267"}],"wp:attachment":[{"href":"https:\/\/www.showlink.fi\/shows\/TSDS2026\/wp-json\/wp\/v2\/media?parent=7"}],"curies":[{"name":"wp","href":"https:\/\/api.w.org\/{rel}","templated":true}]}}