{"id":6,"date":"2022-11-28T16:23:16","date_gmt":"2022-11-28T14:23:16","guid":{"rendered":"https:\/\/www.showlink.fi\/shows\/akaarn2023\/?page_id=6"},"modified":"2025-03-10T15:04:53","modified_gmt":"2025-03-10T13:04:53","slug":"tervetuloa-akaan-helatorstain-ryhmanayttelyyn-18-5-2023","status":"publish","type":"page","link":"https:\/\/www.showlink.fi\/shows\/akaarn06_2025\/","title":{"rendered":"Tervetuloa Akaan ryhm\u00e4n\u00e4yttelyyn 28.6.2025!"},"content":{"rendered":"\n<p><strong>N\u00e4yttelypaikkana toimii Savolan kentt\u00e4.<\/strong><br>Osoite: Pihlajapolku, 37800 Akaa<\/p>\n\n\n\n<p>N\u00e4yttelyss\u00e4 arvostellaan <strong><strong>mets\u00e4styspystykorvat ja pohjoismaiset paimenpystykorvat FCI:n ryhm\u00e4st\u00e4 5 ja FCI 6, FCI 3, 4 &amp; 7<\/strong><\/strong>.<br>My\u00f6s pentuluokka (7kk - alle 9kk).<\/p>\n\n\n\n<p><strong>osa FCI 5 \u2013 <\/strong>Mets\u00e4styspystykorvat ja pohjoismaiset paimenpystykorvat<br><strong>FCI 6 \u2013<\/strong> Ajavat ja j\u00e4ljest\u00e4v\u00e4t koirat<br><strong>FCI 3 \u2013 <\/strong>Terrierit<br><strong>FCI 4 \u2013 <\/strong>M\u00e4yr\u00e4koirat<br><strong>FCI 7 \u2013<\/strong> Seisovat lintukoirat<\/p>\n\n\n\n<p>J\u00e4rjest\u00e4j\u00e4t: Saarioispuolen Mets\u00e4stysseura, Valkeakosken Mets\u00e4stysyhdistys<br><\/p>\n\n\n\n<hr class=\"wp-block-separator has-text-color has-alpha-channel-opacity has-background\" style=\"background-color:#b8b8b836;color:#b8b8b836\"\/>\n\n\n\n<h2 class=\"wp-block-heading\">Tiedustelut<\/h2>\n\n\n\n<p><strong>Ilmoittautumisia ja kasvattajaryhmi\u00e4 koskevat tiedustelut<\/strong><br>Showlink Oy arkisin klo 11-17 puh. 09 887 30320 tai e-mail: info(at)showlink.fi<br><em>Mainitsethan tiedustelussasi \/ s\u00e4hk\u00f6postissasi n\u00e4yttelyn nimen sek\u00e4 koiran rekisterinumeron, jota tiedustelu koskee.<\/em><\/p>\n\n\n\n<p><strong>Myyntipaikat <\/strong><br>puh. 050&nbsp;408 4302<\/p>\n\n\n\n<p><strong>Muut tiedustelut<\/strong><br>puh. 040&nbsp;547 6985<\/p>\n\n\n\n<figure class=\"wp-block-image size-full\"><img loading=\"lazy\" decoding=\"async\" width=\"4110\" height=\"1130\" src=\"https:\/\/www.showlink.fi\/shows\/akaarn06_2025\/wp-content\/uploads\/sites\/283\/2025\/03\/RPF_vaaka_black.png\" alt=\"\" class=\"wp-image-131\"\/><\/figure>\n\n\n\n<figure class=\"wp-block-image size-full\"><img loading=\"lazy\" decoding=\"async\" width=\"2757\" height=\"414\" src=\"https:\/\/www.showlink.fi\/shows\/akaarn06_2025\/wp-content\/uploads\/sites\/283\/2025\/03\/Werraton_black_office.png\" alt=\"\" class=\"wp-image-129\"\/><\/figure>\n","protected":false},"excerpt":{"rendered":"<p>N\u00e4yttelypaikkana toimii Savolan kentt\u00e4.Osoite: Pihlajapolku, 37800 Akaa N\u00e4yttelyss\u00e4 arvostellaan mets\u00e4styspystykorvat ja pohjoismaiset paimenpystykorvat FCI:n ryhm\u00e4st\u00e4 5 ja FCI 6, FCI 3, 4 &amp; 7.My\u00f6s pentuluokka (7kk - alle 9kk). osa FCI 5 \u2013 Mets\u00e4styspystykorvat ja pohjoismaiset paimenpystykorvatFCI 6 \u2013 Ajavat ja j\u00e4ljest\u00e4v\u00e4t koiratFCI 3 \u2013 TerrieritFCI 4 \u2013 M\u00e4yr\u00e4koiratFCI 7 \u2013 Seisovat lintukoirat J\u00e4rjest\u00e4j\u00e4t: Saarioispuolen <a href=\"https:\/\/www.showlink.fi\/shows\/akaarn06_2025\/\" class=\"more-link\">...jatka lukemista<span class=\"screen-reader-text\"> \"Tervetuloa Akaan ryhm\u00e4n\u00e4yttelyyn 28.6.2025!\"<\/span><\/a><\/p>\n","protected":false},"author":1,"featured_media":0,"parent":0,"menu_order":0,"comment_status":"closed","ping_status":"closed","template":"","meta":{"footnotes":""},"class_list":["post-6","page","type-page","status-publish","h-entry","hentry","h-as-page"],"_links":{"self":[{"href":"https:\/\/www.showlink.fi\/shows\/akaarn06_2025\/index.php?rest_route=\/wp\/v2\/pages\/6","targetHints":{"allow":["GET"]}}],"collection":[{"href":"https:\/\/www.showlink.fi\/shows\/akaarn06_2025\/index.php?rest_route=\/wp\/v2\/pages"}],"about":[{"href":"https:\/\/www.showlink.fi\/shows\/akaarn06_2025\/index.php?rest_route=\/wp\/v2\/types\/page"}],"author":[{"embeddable":true,"href":"https:\/\/www.showlink.fi\/shows\/akaarn06_2025\/index.php?rest_route=\/wp\/v2\/users\/1"}],"replies":[{"embeddable":true,"href":"https:\/\/www.showlink.fi\/shows\/akaarn06_2025\/index.php?rest_route=%2Fwp%2Fv2%2Fcomments&post=6"}],"version-history":[{"count":11,"href":"https:\/\/www.showlink.fi\/shows\/akaarn06_2025\/index.php?rest_route=\/wp\/v2\/pages\/6\/revisions"}],"predecessor-version":[{"id":135,"href":"https:\/\/www.showlink.fi\/shows\/akaarn06_2025\/index.php?rest_route=\/wp\/v2\/pages\/6\/revisions\/135"}],"wp:attachment":[{"href":"https:\/\/www.showlink.fi\/shows\/akaarn06_2025\/index.php?rest_route=%2Fwp%2Fv2%2Fmedia&parent=6"}],"curies":[{"name":"wp","href":"https:\/\/api.w.org\/{rel}","templated":true}]}}