{"id":15,"date":"2018-07-12T11:25:14","date_gmt":"2018-07-12T08:25:14","guid":{"rendered":"http:\/\/www.showlink.fi\/shows\/winterkarelia2019\/?page_id=15"},"modified":"2025-03-24T12:31:58","modified_gmt":"2025-03-24T10:31:58","slug":"tuomarit-lauantai-19-8-2023","status":"publish","type":"page","link":"https:\/\/www.showlink.fi\/shows\/elokarelia2025\/tuomarit\/tuomarit-lauantai-19-8-2023\/","title":{"rendered":"Tuomarit \u2013 Lauantai KV 16.8.2025"},"content":{"rendered":"\n<p><strong>16.8.2025<\/strong><mark style=\"background-color:rgba(0, 0, 0, 0);color:#e30615\" class=\"has-inline-color\"><strong> <\/strong><\/mark><strong><mark style=\"background-color:rgba(0, 0, 0, 0)\" class=\"has-inline-color has-black-color\">|<\/mark><\/strong><mark style=\"background-color:rgba(0, 0, 0, 0);color:#e30615\" class=\"has-inline-color\"> <\/mark><strong>Kansainv\u00e4linen koiran\u00e4yttely<\/strong><br>\u2013 N\u00e4yttelyss\u00e4 arvostellaan kaikki rodut FCI:n ryhmist\u00e4 1\u201310 <br>\u2013 My\u00f6s pennut ik\u00e4ryhmist\u00e4 7kk - alle 9kk<br>\u2013 Junior Handler SM-osakilpailu<\/p>\n\n\n\n<hr class=\"wp-block-separator has-text-color has-alpha-channel-opacity has-background\" style=\"background-color:#b8b8b836;color:#b8b8b836\"\/>\n\n\n\n<p><em>Varalla kaikille roduille <strong>Harto Stockmari<\/strong><\/em><br><br><strong>Ryhm\u00e4 1<\/strong><br>serra de airesinpaimenkoira, slovakiancuvac, vanhaenglanninlammaskoira <strong>Elina Haapaniemi<\/strong><br>shetlanninlammaskoira <strong>Harto Stockmari<\/strong><br>belgianpaimenkoirat <strong>Kimmo Mustonen<\/strong><br>ardennienkarjakoira, bergamonpaimenkoira, bordercollie, ceskoslovensky vlciak, etel\u00e4ven\u00e4j\u00e4nkoira, karpaattienkoira, katalonianpaimenkoira, kroatianpaimenkoira, lancashirenkarjakoira, mallorcanpaimenkoira, maremmano-abruzzese, owczarek podhalanski, partacollie, pieniamerikanpaimenkoira, polski owczarek nizinny, pyreneittenpaimenkoirat, romanianpaimenkoira, saarlooswolfhond, schipperke, tsekinpaimenkoira, valkoinenpaimenkoira, welsh corgit <strong>Mari Lackman<\/strong><br>australian t\u00f6p\u00f6h\u00e4nt\u00e4inen karjakoira, australiankarjakoira, australiankelpie, australianpaimenkoira, beaucenpaimenkoira, bouvier, brienpaimenkoira, hollanninpaimenkoirat, komondor, kuvasz, medimurjenkoira, mudi, picardienpaimenkoira, pulit, pumi <strong>Marko Ljutic<\/strong>, Kroatia<br>pitk\u00e4karvainen collie, sile\u00e4karvainen collie <strong>Micael Johansson<\/strong>, Ruotsi<br>it\u00e4euroopanpaimenkoira, saksanpaimenkoirat, schapendoes <strong>Tarja L\u00f6fman<\/strong><br><br><strong>Ryhm\u00e4 2<\/strong><br>englanninbulldoggi <strong>Birgitta Svarstad<\/strong>, Ruotsi<br>cane corso, ciob\u0103nesc rom\u00e2nesc corb, dobermanni <strong>Bruno Nodalli<\/strong>, Italia<br>aidi, alentejonkoira, apinapinseri, appenzellinpaimenkoira, berninpaimenkoira, bokseri, bordeauxindoggi, broholminkoira, bukovinankoira, bullmastiffi, castro laboreironkoira, dogo argentino, entlebuchinpaimenkoira, espanjanmastiffi, estrelanvuoristokoirat, fila brasileiro, hollanninrottakoira, isosveitsinpaimenkoira, it\u00e4vallanpinseri, kanariandoggi, kangalinkoira, karstinpaimenkoira, kaukasiankoira, keskiaasiankoira, landseer, rottweiler <strong>Elina Haapaniemi<\/strong><br>continental bulldog, hovawart <strong>Jari Fors<\/strong><br>bernhardinkoirat, k\u00e4\u00e4pi\u00f6pinseri, k\u00e4\u00e4pi\u00f6snautserit, mallorcandoggi, mastiffi, napolinmastiffi, newfoundlandinkoira, pinseri, pyreneittenkoira, pyreneittenmastiffi, sao miguelinfila, sarplaninac, shar pei, snautserit, suursnautserit <strong>Jari Laakso<\/strong><br>tanskalais-ruotsalainen pihakoira, tanskandoggit, tiibetinmastiffi, tornjak, tosa, transmontano mastiff, uruguayncimarron, ven\u00e4j\u00e4nmustaterrieri <strong>Jussi Liimatainen<\/strong><br>leonberginkoira <strong>Per Kristian Andersen<\/strong>, Norja<br><br><strong>Ryhm\u00e4 3<\/strong><br>vehn\u00e4terrieri <strong>Birgitta Svarstad<\/strong>, Ruotsi<br>amerikankarvatonterrieri, amerikank\u00e4\u00e4pi\u00f6kettuterrieri, amerikanrottaterrieri, andalusianrottakoira, australianterrieri, borderterrieri, brasilianterrieri, ceskyterrieri, englannink\u00e4\u00e4pi\u00f6terrieri, glen of imaalinterrieri, irlanninterrieri, japaninterrieri, karkeakarvainen kettuterrieri, kerrynterrieri, manchesterinterrieri, norfolkinterrieri, norwichinterrieri, parsonrussellinterrieri, sile\u00e4karvainen kettuterrieri <strong>Colette Muldoon<\/strong>, Irlanti<br>airedalenterrieri, amerikanstaffordshirenterrieri, bedlingtoninterrieri, biewerterrieri, bullterrieri, dandiedinmontinterrieri, saksanmets\u00e4stysterrieri, silkkiterrieri, valencianrottaterrieri, yorkshirenterrieri <strong>John Muldoon<\/strong>, Irlanti<br>sealyhaminterrieri, skotlanninterrieri, skyenterrieri, valkoinen l\u00e4nsiyl\u00e4maanterrieri <strong>Jussi Liimatainen<\/strong><br>k\u00e4\u00e4pi\u00f6bullterrieri, lakelandinterrieri <strong>Kimmo Mustonen<\/strong><br>cairnterrieri, jackrussellinterrieri, staffordshirenbullterrieri, tenterfieldinterrieri, walesinterrieri <strong>Laurent Heinesche<\/strong><br><br><strong>Ryhm\u00e4 4<\/strong><br>kaikki rodut <strong>Kimmo Mustonen<\/strong><br><br><strong>Ryhm\u00e4 5<\/strong><br>grosspitzit, keeshond, kleinspitzit, mittelspitzit, pomeranian <strong>Birgitta Svarstad<\/strong>, Ruotsi<br>hokkaidonkoira, h\u00e4lleforsinkoira, ibizanpodencot, kaanaankoira, kainkoira, kanadaneskimokoira, kanarianpodenco, kintamani-balinkoira, kishunkoira, koreanjindonkoira, meksikonkarvatonkoirat, musta norjanhirvikoira, musta tanskanpystykorva, perunkarvatonkoirat, portugalinpodengot, volpino italiano <strong>Bruno Nodalli<\/strong>, Italia<br>american eskimo dog, faaraokoira, suomenpystykorva, tanskanpystykorva <strong>Elina Haapaniemi<\/strong><br>harmaa norjanhirvikoira, it\u00e4siperianlaika, jakutianlaika, j\u00e4mtlanninpystykorva, karjalankarhukoira, l\u00e4nsisiperianlaika, valkoinen ruotsinhirvikoira, ven\u00e4l\u00e4is-eurooppalainen laika <strong>Jari Fors<\/strong><br>samojedinkoira, suomenlapinkoira <strong>Jussi Liimatainen<\/strong><br>alaskanmalamuutti, shiba, shikokunkoira, taiwaninkoira, thai ridgeback, thaimaanpystykorva <strong>Mari Lackman<\/strong><br>japaninpystykorva, siperianhusky <strong>Reino Korpela<\/strong><br>akita, amerikanakita, basenji, buhund, chow chow, etnankoira, eurasier, gr\u00f6nlanninkoira, islanninlammaskoira, lapinporokoira, lunnikoira, l\u00e4nsig\u00f6\u00f6tanmaanpystykorva, pohjanpystykorva, ruotsinlapinkoira <strong>Sari Holopainen<\/strong><br><br><strong>Ryhm\u00e4 6<\/strong><br>posavinanajokoira, puolanajokoira, puolanjahtikoira, rhodesiankoira, saksanajokoira, schillerinajokoira, slovakianajokoira, smoolanninajokoira, srpski gonic <strong>John Muldoon<\/strong>, Irlanti<br>dalmatiankoira <strong>Patsy Hollings<\/strong>, Iso-Britannia<br>beagle, beagle harrier, billy, bluetick coonhound, brasilianajokoira, dunkerinajokoira, eestinajokoira, englanninkettukoira, englantilais-ven\u00e4l\u00e4inen ajokoira, sveitsinajokoirat, tiroler bracke, unkarinajokoira, walkerinpesukarhukoira, westf\u00e4lische dachsbracke, vihikoira <strong>Per Kristian Andersen<\/strong>, Norja<br>gotlanninajokoira, hamiltoninajokoira, kreikanajokoira, plottinajokoira, poitevin, porcelaine, sabueso espanol, saukkokoira, suomenajokoira, ven\u00e4j\u00e4najokoira <strong>Reino Korpela<\/strong><br>dreeveri <strong>Sari Holopainen<\/strong><br>muut <strong>Bruno Nodalli<\/strong>, Italia<br><br><strong>Ryhm\u00e4 7<\/strong><br>auvergnenseisoja, bourbonnaisinseisoja, bretoni, hollanninpeltopyykoira, spinone <strong>Reino Korpela<\/strong><br>muut <strong>Tiina Taulos<\/strong><br><br><strong>Ryhm\u00e4 8<\/strong><br>fieldspanieli, portugalinvesikoira, puolanmets\u00e4stysspanieli <strong>Bruno Nodalli<\/strong>, Italia<br>kiharakarvainen noutaja, kooikerhondje, novascotiannoutaja <strong>John Muldoon<\/strong>, Irlanti<br>ven\u00e4j\u00e4nspanieli <strong>Laurent Heinesche<\/strong><br>walesinspringerspanieli <strong>Marko Ljutic<\/strong>, Kroatia<br>amerikancockerspanieli, irlanninvesispanieli <strong>Patsy Hollings<\/strong>, Iso-Britannia<br>barbet, cockerspanieli, englanninspringerspanieli, espanjanvesikoira <strong>Per Kristian Andersen<\/strong>, Norja<br>labradorinnoutaja <strong>Reino Korpela<\/strong><br>amerikanvesispanieli, chesapeakelahdennoutaja, clumberinspanieli, friisinvesikoira, sussexinspanieli, viiri\u00e4iskoira <strong>Sari Holopainen<\/strong><br>kultainennoutaja, lagotto romagnolo, sile\u00e4karvainen noutaja <strong>Tarja L\u00f6fman<\/strong><br><br><strong>Ryhm\u00e4 9<\/strong><br>bolognese <strong>Birgitta Svarstad<\/strong>, Ruotsi<br>bichon fris\u00e9, ven\u00e4j\u00e4nbolonka, ven\u00e4j\u00e4ntoyt <strong>Bruno Nodalli<\/strong>, Italia<br>kiinanharjakoira, lhasa apso, maltankoira <strong>Colette Muldoon<\/strong>, Irlanti<br>petit brabancon, phal\u00e8ne, shih tzu, tiibetinspanieli, tiibetinterrieri <strong>John Muldoon<\/strong>, Irlanti<br>bostoninterrieri, japanese chin, markiesje, mopsi <strong>Kimmo Mustonen<\/strong><br>toyvillakoirat <strong>Laurent Heinesche<\/strong><br>isovillakoirat, keskikokoiset villakoirat, k\u00e4\u00e4pi\u00f6villakoirat <strong>Patsy Hollings<\/strong>, Iso-Britannia<br>papillon <strong>Per Kristian Andersen<\/strong>, Norja<br>coton de tul\u00e9ar, griffon belge, griffon bruxellois, havannankoira, kiinanpalatsikoira, kingcharlesinspanieli, kromfohrl\u00e4nder, l\u00f6wchen <strong>Robert Kotlar<\/strong>, Unkari<br>cavalier kingcharlesinspanieli, chihuahuat, prahanrottakoira, ranskanbulldoggi <strong>Viviana Nodalli<\/strong>, Italia<br><br><strong>Ryhm\u00e4 10<\/strong><br>azawakh, englanninvinttikoira, kazakh tazy <strong>Colette Muldoon<\/strong>, Irlanti<br>espanjanvinttikoira, irlanninsusikoira, italianvinttikoira, puolanvinttikoira, skotlanninhirvikoira, sloughi, unkarinvinttikoira, ven\u00e4j\u00e4nvinttikoira <strong>Marko Ljutic<\/strong>, Kroatia<br>afgaaninvinttikoira, saluki <strong>Micael Johansson<\/strong>, Ruotsi<br>whippet <strong>Robert Kotlar<\/strong>, Unkari<br><br>Junior Handler <strong>Tiina Kiiltom\u00e4ki<\/strong><br><br><strong>Ryhm\u00e4kilpailut<\/strong><br>1<strong> Tarja L\u00f6fman<\/strong><br>2<strong> Elina Haapaniemi<\/strong><br>3<strong> Jussi Liimatainen<\/strong><br>4<strong> Kimmo Mustonen<\/strong><br>5<strong> Mari Lackman<\/strong><br>6<strong> Reino Korpela<\/strong><br>7<strong> Tiina Taulos<\/strong><br>8<strong> Bruno Nodalli<\/strong><br>9<strong> John Muldoon<\/strong><br>10<strong> Colette Muldoon<\/strong><br>Paras juniori <strong>Laurent Heinesche<\/strong><br>Paras veteraani <strong>Harto Stockmari<\/strong><br>Paras kasvattajaryhm\u00e4 <strong>Birgitta Svarstad<\/strong><br>Best in Show<strong> Per Kristian Andersen<br><br><\/strong><\/p>\n","protected":false},"excerpt":{"rendered":"<p>16.8.2025 | Kansainv\u00e4linen koiran\u00e4yttely\u2013 N\u00e4yttelyss\u00e4 arvostellaan kaikki rodut FCI:n ryhmist\u00e4 1\u201310 \u2013 My\u00f6s pennut ik\u00e4ryhmist\u00e4 7kk - alle 9kk\u2013 Junior Handler SM-osakilpailu Varalla kaikille roduille Harto Stockmari Ryhm\u00e4 1serra de airesinpaimenkoira, slovakiancuvac, vanhaenglanninlammaskoira Elina Haapaniemishetlanninlammaskoira Harto Stockmaribelgianpaimenkoirat Kimmo Mustonenardennienkarjakoira, bergamonpaimenkoira, bordercollie, ceskoslovensky vlciak, etel\u00e4ven\u00e4j\u00e4nkoira, karpaattienkoira, katalonianpaimenkoira, kroatianpaimenkoira, lancashirenkarjakoira, mallorcanpaimenkoira, maremmano-abruzzese, owczarek podhalanski, partacollie, pieniamerikanpaimenkoira, polski <a href=\"https:\/\/www.showlink.fi\/shows\/elokarelia2025\/tuomarit\/tuomarit-lauantai-19-8-2023\/\" class=\"more-link\">...jatka lukemista<span class=\"screen-reader-text\"> \"Tuomarit \u2013 Lauantai KV 16.8.2025\"<\/span><\/a><\/p>\n","protected":false},"author":1,"featured_media":0,"parent":67,"menu_order":1,"comment_status":"closed","ping_status":"closed","template":"","meta":{"footnotes":""},"class_list":["post-15","page","type-page","status-publish","h-entry","hentry","h-as-page"],"_links":{"self":[{"href":"https:\/\/www.showlink.fi\/shows\/elokarelia2025\/wp-json\/wp\/v2\/pages\/15","targetHints":{"allow":["GET"]}}],"collection":[{"href":"https:\/\/www.showlink.fi\/shows\/elokarelia2025\/wp-json\/wp\/v2\/pages"}],"about":[{"href":"https:\/\/www.showlink.fi\/shows\/elokarelia2025\/wp-json\/wp\/v2\/types\/page"}],"author":[{"embeddable":true,"href":"https:\/\/www.showlink.fi\/shows\/elokarelia2025\/wp-json\/wp\/v2\/users\/1"}],"replies":[{"embeddable":true,"href":"https:\/\/www.showlink.fi\/shows\/elokarelia2025\/wp-json\/wp\/v2\/comments?post=15"}],"version-history":[{"count":27,"href":"https:\/\/www.showlink.fi\/shows\/elokarelia2025\/wp-json\/wp\/v2\/pages\/15\/revisions"}],"predecessor-version":[{"id":760,"href":"https:\/\/www.showlink.fi\/shows\/elokarelia2025\/wp-json\/wp\/v2\/pages\/15\/revisions\/760"}],"up":[{"embeddable":true,"href":"https:\/\/www.showlink.fi\/shows\/elokarelia2025\/wp-json\/wp\/v2\/pages\/67"}],"wp:attachment":[{"href":"https:\/\/www.showlink.fi\/shows\/elokarelia2025\/wp-json\/wp\/v2\/media?parent=15"}],"curies":[{"name":"wp","href":"https:\/\/api.w.org\/{rel}","templated":true}]}}