{"id":67,"date":"2018-10-15T15:08:11","date_gmt":"2018-10-15T12:08:11","guid":{"rendered":"http:\/\/www.showlink.fi\/shows\/winterkarelia2019\/?page_id=67"},"modified":"2025-03-24T12:30:50","modified_gmt":"2025-03-24T10:30:50","slug":"tuomarit","status":"publish","type":"page","link":"https:\/\/www.showlink.fi\/shows\/elokarelia2025\/tuomarit\/","title":{"rendered":"Tuomarit"},"content":{"rendered":"\n<p><strong>Lauantai 16.8.2025 \u2013 Kansainv\u00e4linen koiran\u00e4yttely<\/strong><br>\u2013 N\u00e4yttelyss\u00e4 arvostellaan kaikki rodut FCI:n ryhmist\u00e4 1\u201310 <br>\u2013 My\u00f6s pennut ik\u00e4ryhmist\u00e4 7kk - alle 9kk<br>\u2013 Junior Handler SM-osakilpailu<\/p>\n\n\n\n<p><strong>\u00bb<\/strong> <strong>Tuomarilista lauantai<\/strong><\/p>\n\n\n\n<hr class=\"wp-block-separator has-text-color has-alpha-channel-opacity has-background\" style=\"background-color:#b8b8b836;color:#b8b8b836\"\/>\n\n\n\n<p><strong>Sunnuntai 17.8.2025 \u2013 Kaikkien rotujen koiran\u00e4yttely<\/strong><br>\u2013 N\u00e4yttelyss\u00e4 arvostellaan kaikki rodut FCI:n roturyhmist\u00e4 1\u201310<br>\u2013 My\u00f6s pennut ik\u00e4ryhm\u00e4st\u00e4 7kk - alle 9kk<br>\u2013 Junior Handler -kilpailu, joka on my\u00f6s Pohjois-Karjalan Kennelpiirin piirinmestaruuskilpailu<\/p>\n\n\n\n<p><strong>\u00bb<\/strong> <strong>Tuomarilista sunnuntai<\/strong><\/p>\n","protected":false},"excerpt":{"rendered":"<p>Lauantai 16.8.2025 \u2013 Kansainv\u00e4linen koiran\u00e4yttely\u2013 N\u00e4yttelyss\u00e4 arvostellaan kaikki rodut FCI:n ryhmist\u00e4 1\u201310 \u2013 My\u00f6s pennut ik\u00e4ryhmist\u00e4 7kk - alle 9kk\u2013 Junior Handler SM-osakilpailu \u00bb Tuomarilista lauantai Sunnuntai 17.8.2025 \u2013 Kaikkien rotujen koiran\u00e4yttely\u2013 N\u00e4yttelyss\u00e4 arvostellaan kaikki rodut FCI:n roturyhmist\u00e4 1\u201310\u2013 My\u00f6s pennut ik\u00e4ryhm\u00e4st\u00e4 7kk - alle 9kk\u2013 Junior Handler -kilpailu, joka on my\u00f6s Pohjois-Karjalan Kennelpiirin piirinmestaruuskilpailu <a href=\"https:\/\/www.showlink.fi\/shows\/elokarelia2025\/tuomarit\/\" class=\"more-link\">...jatka lukemista<span class=\"screen-reader-text\"> \"Tuomarit\"<\/span><\/a><\/p>\n","protected":false},"author":1,"featured_media":0,"parent":0,"menu_order":3,"comment_status":"closed","ping_status":"closed","template":"","meta":{"footnotes":""},"class_list":["post-67","page","type-page","status-publish","h-entry","hentry","h-as-page"],"_links":{"self":[{"href":"https:\/\/www.showlink.fi\/shows\/elokarelia2025\/wp-json\/wp\/v2\/pages\/67","targetHints":{"allow":["GET"]}}],"collection":[{"href":"https:\/\/www.showlink.fi\/shows\/elokarelia2025\/wp-json\/wp\/v2\/pages"}],"about":[{"href":"https:\/\/www.showlink.fi\/shows\/elokarelia2025\/wp-json\/wp\/v2\/types\/page"}],"author":[{"embeddable":true,"href":"https:\/\/www.showlink.fi\/shows\/elokarelia2025\/wp-json\/wp\/v2\/users\/1"}],"replies":[{"embeddable":true,"href":"https:\/\/www.showlink.fi\/shows\/elokarelia2025\/wp-json\/wp\/v2\/comments?post=67"}],"version-history":[{"count":21,"href":"https:\/\/www.showlink.fi\/shows\/elokarelia2025\/wp-json\/wp\/v2\/pages\/67\/revisions"}],"predecessor-version":[{"id":750,"href":"https:\/\/www.showlink.fi\/shows\/elokarelia2025\/wp-json\/wp\/v2\/pages\/67\/revisions\/750"}],"wp:attachment":[{"href":"https:\/\/www.showlink.fi\/shows\/elokarelia2025\/wp-json\/wp\/v2\/media?parent=67"}],"curies":[{"name":"wp","href":"https:\/\/api.w.org\/{rel}","templated":true}]}}