{"id":823,"date":"2025-03-18T10:26:06","date_gmt":"2025-03-18T08:26:06","guid":{"rendered":"https:\/\/www.showlink.fi\/shows\/elokarelia2025\/?page_id=823"},"modified":"2025-03-24T12:30:35","modified_gmt":"2025-03-24T10:30:35","slug":"majoitus","status":"publish","type":"page","link":"https:\/\/www.showlink.fi\/shows\/elokarelia2025\/majoitus\/","title":{"rendered":"Majoitus"},"content":{"rendered":"\n<p>Majoitu n\u00e4yttelyn aikana <a href=\"https:\/\/www.sokoshotels.fi\/hotellit\/joensuu\/original-sokos-hotel-kimmel\">Sokos Hotelli Kimmeliss\u00e4<\/a>.<\/p>\n\n\n\n<p>118 \u20ac \/ vuorokausi \/ 1 hengen huone standard<\/p>\n\n\n\n<p>128 \u20ac \/ vuorokausi \/ 2 hengen huone standard<\/p>\n\n\n\n<p>Lemmikkilis\u00e4 15 \u20ac \/ vuorokausi<\/p>\n\n\n\n<p>Hinnoista my\u00f6nnet\u00e4\u00e4n S-etukortilla bonukset.<\/p>\n\n\n\n<p>Varauskoodi: BELOKARELIA25<\/p>\n\n\n\n<p>Jokainen varaa ja maksaa itse huoneensa. Huonevaraukset osoitteessa&nbsp;<a href=\"http:\/\/www.sokoshotels.fi\/\" target=\"_blank\" rel=\"noreferrer noopener\">www.sokoshotels.fi<\/a>. Huoneita saatavilla rajoitetusti.<\/p>\n\n\n\n<p>Huoneet vapautuvat yleiseen myyntiin 25.7.2025.<\/p>\n","protected":false},"excerpt":{"rendered":"<p>Majoitu n\u00e4yttelyn aikana Sokos Hotelli Kimmeliss\u00e4. 118 \u20ac \/ vuorokausi \/ 1 hengen huone standard 128 \u20ac \/ vuorokausi \/ 2 hengen huone standard Lemmikkilis\u00e4 15 \u20ac \/ vuorokausi Hinnoista my\u00f6nnet\u00e4\u00e4n S-etukortilla bonukset. Varauskoodi: BELOKARELIA25 Jokainen varaa ja maksaa itse huoneensa. Huonevaraukset osoitteessa&nbsp;www.sokoshotels.fi. Huoneita saatavilla rajoitetusti. Huoneet vapautuvat yleiseen myyntiin 25.7.2025.<\/p>\n","protected":false},"author":1,"featured_media":0,"parent":0,"menu_order":6,"comment_status":"closed","ping_status":"closed","template":"","meta":{"footnotes":""},"class_list":["post-823","page","type-page","status-publish","h-entry","hentry","h-as-page"],"_links":{"self":[{"href":"https:\/\/www.showlink.fi\/shows\/elokarelia2025\/wp-json\/wp\/v2\/pages\/823","targetHints":{"allow":["GET"]}}],"collection":[{"href":"https:\/\/www.showlink.fi\/shows\/elokarelia2025\/wp-json\/wp\/v2\/pages"}],"about":[{"href":"https:\/\/www.showlink.fi\/shows\/elokarelia2025\/wp-json\/wp\/v2\/types\/page"}],"author":[{"embeddable":true,"href":"https:\/\/www.showlink.fi\/shows\/elokarelia2025\/wp-json\/wp\/v2\/users\/1"}],"replies":[{"embeddable":true,"href":"https:\/\/www.showlink.fi\/shows\/elokarelia2025\/wp-json\/wp\/v2\/comments?post=823"}],"version-history":[{"count":1,"href":"https:\/\/www.showlink.fi\/shows\/elokarelia2025\/wp-json\/wp\/v2\/pages\/823\/revisions"}],"predecessor-version":[{"id":824,"href":"https:\/\/www.showlink.fi\/shows\/elokarelia2025\/wp-json\/wp\/v2\/pages\/823\/revisions\/824"}],"wp:attachment":[{"href":"https:\/\/www.showlink.fi\/shows\/elokarelia2025\/wp-json\/wp\/v2\/media?parent=823"}],"curies":[{"name":"wp","href":"https:\/\/api.w.org\/{rel}","templated":true}]}}