{"id":89,"date":"2018-11-02T10:51:08","date_gmt":"2018-11-02T08:51:08","guid":{"rendered":"http:\/\/www.showlink.fi\/shows\/winterkarelia2019\/?page_id=89"},"modified":"2025-01-18T11:36:58","modified_gmt":"2025-01-18T09:36:58","slug":"judges-saturday-elo-karelia-international-dog-show-19-8-2023","status":"publish","type":"page","link":"https:\/\/www.showlink.fi\/shows\/elokarelia2025\/information-in-english\/judges-saturday-elo-karelia-international-dog-show-19-8-2023\/","title":{"rendered":"Judges \u2013 Saturday INT 16.8.2025"},"content":{"rendered":"\n<p><strong>16.8.2025 | International Dog Show (CACIB)<\/strong><br>\u00bb All the breeds from FCI groups 1\u201310<br>\u00bb Also puppies (7 months to under 9 months)<br>\u00bb Junior Handler Finnish Championship Competition<\/p>\n\n\n\n<hr class=\"wp-block-separator has-text-color has-alpha-channel-opacity has-background\" style=\"background-color:#b8b8b836;color:#b8b8b836\"\/>\n\n\n\n<p><em>Reserve judge for all breeds <strong>Harto Stockmari<\/strong><\/em><br><br><strong>Group 1<\/strong><br>Old English Sheepdog, Portuguese Sheepdog, Slovakian Chuvach <strong>Elina Haapaniemi<\/strong><br>Shetland Sheepdog <strong>Harto Stockmari<\/strong><br>Belgian Shepherd Dogs <strong>Kimmo Mustonen<\/strong><br>Bearded Collie, Bergamasco Shepherd Dog, Bohemian Shepherd Dog, Border Collie, Bouvier des Ardennes, Catalan Sheepdog, Croatian Shepherd Dog, Czechoslovakian Wolfdog, Lancashire Heeler, Majorca Shepherd Dog, Maremma and the Abruzzes Sheepdog, Miniature American Shepherd, Polish Lowland Sheepdog, Pyrenean Sheepdogs, Romanian Carpathian Shepherd Dog, Romanian Mioritic Shepherd Dog, Saarloos Wolfhond, Schipperke, South Russian Shepherd Dog, Tatra Shepherd Dog, Welsh Corgis, White Swiss Shepherd Dog <strong>Mari Lackman<\/strong><br>Australian Cattle Dog, Australian Kelpie, Australian Shepherd, Australian Stumpy Tail Cattle Dog, Berger de Beauce, Bouvier des Flandres, Briard, Dutch Shepherd Dogs, Komondor, Kuvasz, Mudi, Picardy Sheepdog, Pulis, Pumi, Small Medimurje Dog - Medi <strong>Marko Ljutic<\/strong>, Croatia<br>Collie Rough, Collie Smooth <strong>Micael Johansson<\/strong>, Sweden<br>Dutch Schapendoes, East European Shepherd, German Shepherd Dogs <strong>Tarja L\u00f6fman<\/strong><br><br><strong>Group 2<\/strong><br>Bulldog <strong>Birgitta Svarstad<\/strong>, Sweden<br>Dobermann, Italian Cane Corso <strong>Bruno Nodalli<\/strong>, Italy<br>Affenpinscher, Appenzell Cattle Dog, Atlas Mountain Dog (Aidi), Austrian Pinscher, Bernese Mountain Dog, Boxer, Broholmer, Bullmastiff, Castro Laboreiro Dog, Caucasian Shepherd Dog, Central Asia Shepherd Dog, Dogo Argentino, Dogue de Bordeaux, Dutch Smoushond, Entlebuch Cattle Dog, Estrela Mountain Dogs, Fila Brasileiro, Great Swiss Mountain Dog, Kangal Shepherd Dog, Karst Shepherd Dog, Landseer (European Continental Type), Presa Canario, Rafeiro of Alentejo, Romanian Bucovina Shepherd, Rottweiler, Spanish Mastiff <strong>Elina Haapaniemi<\/strong><br>Continental Bulldog, Hovawart <strong>Jari Fors<\/strong><br>German Pinscher, Giant Schnauzers, Majorca Mastiff, Mastiff, Miniature Pinscher, Miniature Schnauzers, Neapolitan Mastiff, Newfoundland, Pyrenean Mastiff, Pyrenean Mountain Dog, Saint Miguel Cattle Dog, Schnauzers, Shar Pei, St. Bernards, Yugoslavian Shepherd Dog - Sharplanina <strong>Jari Laakso<\/strong><br>Cimarr\u00f3n Uruguayo, Danish-Swedish Farmdog, Great Danes, Russian Black Terrier, Tibetan Mastiff, Tornjak (Bosnian And Herzegovinian - Croatian Shepherd Dog), Tosa, Transmontano Mastiff <strong>Jussi Liimatainen<\/strong><br>Leonberger <strong>Per Kristian Andersen<\/strong>, Norway<br><br><strong>Group 3<\/strong><br>Irish Soft Coated Wheaten Terrier <strong>Birgitta Svarstad<\/strong>, Sweden<br>American Hairless Terrier, American Toy Fox Terrier, Australian Terrier, Border Terrier, Brazilian Terrier, Cesky Terrier, English Toy Terrier, Fox Terrier, Smooth-haired, Fox Terrier, Wire-haired, Irish Glen Of Imaal Terrier, Irish Terrier, Japanese Terrier, Kerry Blue Terrier, Manchester Terrier, Norfolk Terrier, Norwich Terrier, Parson Russell Terrier, Rat Terrier, Ratonero Bodeguero Andaluz <strong>Colette Muldoon<\/strong>, Ireland<br>Airedale Terrier, American Staffordshire Terrier, Australian Silky Terrier, Bedlington Terrier, Biewer Terrier, Bull Terrier, Dandie Dinmont Terrier, German Hunting Terrier, Valencian Terrier, Yorkshire Terrier <strong>John Muldoon<\/strong>, Ireland<br>Scottish Terrier, Sealyham Terrier, Skye Terrier, West Highland White Terrier <strong>Jussi Liimatainen<\/strong><br>Lakeland Terrier, Miniature Bull Terrier <strong>Kimmo Mustonen<\/strong><br>Cairn Terrier, Jack Russell Terrier, Staffordshire Bull Terrier, Tenterfield Terrier, Welsh Terrier <strong>Laurent Heinesche<\/strong><br><br><strong>Group 4<\/strong><br>all breeds <strong>Kimmo Mustonen<\/strong><br><br><strong>Group 5<\/strong><br>Grosspitzs, Keeshond, Kleinspitzs, Mittelspitzs, Pomeranian <strong>Birgitta Svarstad<\/strong>, Sweden<br>Black Spitz, Canaan Dog, Canadian Eskimo Dog, Canarian Warren Hound, Hokkaido, H\u00e4lleforshund, Ibizan Podencos, Italian Volpino, Kai, Kintamani-Bali Dog, Kishu, Korea Jindo Dog, Norwegian Elkhound Black, Peruvian Hairless Dogs, Portuguese Podengos, Xoloitzcuintles <strong>Bruno Nodalli<\/strong>, Italy<br>American Eskimo Dog, Danish Spitz, Finnish Spitz, Pharaoh Hound <strong>Elina Haapaniemi<\/strong><br>East Siberian Laika, Karelian Bear Dog, Norwegian Elkhound Grey, Russian-European Laika, Swedish Elkhound, Swedish White Elkhound, West Siberian Laika, Yakutian Laika <strong>Jari Fors<\/strong><br>Finnish Lapponian Dog, Samoyed <strong>Jussi Liimatainen<\/strong><br>Alaskan Malamute, Shiba, Shikoku, Taiwan Dog, Thai Bangkaew Dog, Thai Ridgeback Dog <strong>Mari Lackman<\/strong><br>Japanese Spitz, Siberian Husky <strong>Reino Korpela<\/strong><br>Akita, American Akita, Basenji, Chow Chow, Cirneco dell'Etna, Eurasian, Greenland Dog, Icelandic Sheepdog, Lapponian Herder, Norrbottenspitz, Norwegian Buhund, Norwegian Lundehund, Swedish Lapphund, Swedish Vallhund <strong>Sari Holopainen<\/strong><br><br><strong>Group 6<\/strong><br>German Hound, Polish Hound, Polish Hunting Dog, Posavatz Hound, Rhodesian Ridgeback, Schillerst\u00f6vare, Serbian Hound, Slovakian Hound, Sm\u00e5landsst\u00f6vare <strong>John Muldoon<\/strong>, Ireland<br>Dalmatian <strong>Patsy Hollings<\/strong>, Great Britain<br>Anglo Russian Hound, Beagle, Beagle Harrier, Billy, Bloodhound, Bluetick Coonhound, Brazilian Tracker, English Foxhound, Estonian Hound, Hungarian Hound - Transylvanian Scent Hound, Norwegian Hound, Swiss Hounds, Treeing Walker Coonhound, Tyrolean Hound, Westphalian Dachsbracke <strong>Per Kristian Andersen<\/strong>, Norway<br>Finnish Hound, Gotland Hound, Hamiltonst\u00f6vare, Hellenic Hound, Otterhound, Plott, Poitevin, Porcelaine, Russian Hound, Spanish Hound <strong>Reino Korpela<\/strong><br>Drever <strong>Sari Holopainen<\/strong><br>other breeds <strong>Bruno Nodalli<\/strong>, Italy<br><br><strong>Group 7<\/strong><br>Auvergne Pointer, Bourbonnais Pointing Dog, Brittany Spaniel, Drentsche Partridge Dog, Italian Spinone <strong>Reino Korpela<\/strong><br>other breeds <strong>Tiina Taulos<\/strong><br><br><strong>Group 8<\/strong><br>Field Spaniel, Polish Hunting Spaniel, Portuguese Water Dog <strong>Bruno Nodalli<\/strong>, Italy<br>Curly Coated Retriever, Nederlandse Kooikerhondje, Nova Scotia Duck Tolling Retriever <strong>John Muldoon<\/strong>, Ireland<br>Russian Spaniel <strong>Laurent Heinesche<\/strong><br>Welsh Springer Spaniel <strong>Marko Ljutic<\/strong>, Croatia<br>American Cocker Spaniel, Irish Water Spaniel <strong>Patsy Hollings<\/strong>, Great Britain<br>Cocker Spaniel, English Springer Spaniel, French Water Dog, Spanish Water Dog <strong>Per Kristian Andersen<\/strong>, Norway<br>Labrador Retriever <strong>Reino Korpela<\/strong><br>American Water Spaniel, Chesapeake Bay Retriever, Clumber Spaniel, German Spaniel, Sussex Spaniel, Wetterhoun <strong>Sari Holopainen<\/strong><br>Flat Coated Retriever, Golden Retriever, Lagotto Romagnolo <strong>Tarja L\u00f6fman<\/strong><br><br><strong>Group 9<\/strong><br>Bolognese <strong>Birgitta Svarstad<\/strong>, Sweden<br>Bichon Frise, Russian Toys, Russkaja Tsvetnaja Bolonka <strong>Bruno Nodalli<\/strong>, Italy<br>Chinese Crested Dog, Lhasa Apso, Maltese <strong>Colette Muldoon<\/strong>, Ireland<br>Petit Braban\u00e7on, Phal\u00e8ne, Shih Tzu, Tibetan Spaniel, Tibetan Terrier <strong>John Muldoon<\/strong>, Ireland<br>Boston Terrier, Japanese Chin, Markiesje, Pug <strong>Kimmo Mustonen<\/strong><br>Toy Poodles <strong>Laurent Heinesche<\/strong><br>Medium Size Poodles, Miniature Poodles, Standard Poodles <strong>Patsy Hollings<\/strong>, Great Britain<br>Papillon <strong>Per Kristian Andersen<\/strong>, Norway<br>Coton de Tulear, Griffon Belge, Griffon Bruxellois, Havanese, King Charles Spaniel, Kromfohrl\u00e4nder, Little Lion Dog, Pekingese <strong>Robert Kotlar<\/strong>, Hungary<br>Cavalier King Charles Spaniel, Chihuahuas, French Bulldog, Pra\u017esk\u00fd Krysar\u00edk <strong>Viviana Nodalli<\/strong>, Italy<br><br><strong>Group 10<\/strong><br>Azawakh, Greyhound <strong>Colette Muldoon<\/strong>, Ireland<br>Borzoi, Deerhound, Hungarian Greyhound, Irish Wolfhound, Italian Greyhound, Polish Greyhound, Sloughi, Spanish Greyhound <strong>Marko Ljutic<\/strong>, Croatia<br>Afghan Hound, Saluki <strong>Micael Johansson<\/strong>, Sweden<br>Whippet <strong>Robert Kotlar<\/strong>, Hungary<br><br>Junior Handler <strong>Tiina Kiiltom\u00e4ki<\/strong><br><br><strong>Group Finals<\/strong><br>1<strong> Tarja L\u00f6fman<\/strong><br>2<strong> Elina Haapaniemi<\/strong><br>3<strong> Jussi Liimatainen<\/strong><br>4<strong> Kimmo Mustonen<\/strong><br>5<strong> Mari Lackman<\/strong><br>6<strong> Reino Korpela<\/strong><br>7<strong> Tiina Taulos<\/strong><br>8<strong> Bruno Nodalli<\/strong><br>9<strong> John Muldoon<\/strong><br>10<strong> Colette Muldoon<\/strong><br>Best Junior <strong>Laurent Heinesche<\/strong><br>Best Veteran <strong>Harto Stockmari<\/strong><br>Best Breeders Group <strong>Birgitta Svarstad<\/strong><br>Best in Show<strong> Per Kristian Andersen<\/strong><\/p>\n","protected":false},"excerpt":{"rendered":"<p>16.8.2025 | International Dog Show (CACIB)\u00bb All the breeds from FCI groups 1\u201310\u00bb Also puppies (7 months to under 9 months)\u00bb Junior Handler Finnish Championship Competition Reserve judge for all breeds Harto Stockmari Group 1Old English Sheepdog, Portuguese Sheepdog, Slovakian Chuvach Elina HaapaniemiShetland Sheepdog Harto StockmariBelgian Shepherd Dogs Kimmo MustonenBearded Collie, Bergamasco Shepherd Dog, Bohemian <a href=\"https:\/\/www.showlink.fi\/shows\/elokarelia2025\/information-in-english\/judges-saturday-elo-karelia-international-dog-show-19-8-2023\/\" class=\"more-link\">...jatka lukemista<span class=\"screen-reader-text\"> \"Judges \u2013 Saturday INT 16.8.2025\"<\/span><\/a><\/p>\n","protected":false},"author":1,"featured_media":0,"parent":19,"menu_order":3,"comment_status":"closed","ping_status":"closed","template":"","meta":{"footnotes":""},"class_list":["post-89","page","type-page","status-publish","h-entry","hentry","h-as-page"],"_links":{"self":[{"href":"https:\/\/www.showlink.fi\/shows\/elokarelia2025\/wp-json\/wp\/v2\/pages\/89","targetHints":{"allow":["GET"]}}],"collection":[{"href":"https:\/\/www.showlink.fi\/shows\/elokarelia2025\/wp-json\/wp\/v2\/pages"}],"about":[{"href":"https:\/\/www.showlink.fi\/shows\/elokarelia2025\/wp-json\/wp\/v2\/types\/page"}],"author":[{"embeddable":true,"href":"https:\/\/www.showlink.fi\/shows\/elokarelia2025\/wp-json\/wp\/v2\/users\/1"}],"replies":[{"embeddable":true,"href":"https:\/\/www.showlink.fi\/shows\/elokarelia2025\/wp-json\/wp\/v2\/comments?post=89"}],"version-history":[{"count":19,"href":"https:\/\/www.showlink.fi\/shows\/elokarelia2025\/wp-json\/wp\/v2\/pages\/89\/revisions"}],"predecessor-version":[{"id":787,"href":"https:\/\/www.showlink.fi\/shows\/elokarelia2025\/wp-json\/wp\/v2\/pages\/89\/revisions\/787"}],"up":[{"embeddable":true,"href":"https:\/\/www.showlink.fi\/shows\/elokarelia2025\/wp-json\/wp\/v2\/pages\/19"}],"wp:attachment":[{"href":"https:\/\/www.showlink.fi\/shows\/elokarelia2025\/wp-json\/wp\/v2\/media?parent=89"}],"curies":[{"name":"wp","href":"https:\/\/api.w.org\/{rel}","templated":true}]}}