{"id":9,"date":"2018-07-12T11:24:37","date_gmt":"2018-07-12T08:24:37","guid":{"rendered":"http:\/\/www.showlink.fi\/shows\/winterkarelia2019\/?page_id=9"},"modified":"2025-08-05T15:28:01","modified_gmt":"2025-08-05T12:28:01","slug":"aikataulut","status":"publish","type":"page","link":"https:\/\/www.showlink.fi\/shows\/elokarelia2025\/aikataulut\/","title":{"rendered":"Aikataulut"},"content":{"rendered":"\n<p><em>Aikataulut n\u00e4yttelyyn on julkaistu 5.8.2025.<\/em><\/p>\n\n\n\n<p><strong>\u00bb <a href=\"https:\/\/www.showlink.fi\/shows\/elokarelia2025\/aikataulut\/aikataulut-lauantai-19-8-kv\/\">Aikataulut lauantai 16.8.2025 \u2013 Kansainv\u00e4linen n\u00e4yttely<\/a><\/strong><\/p>\n\n\n\n<p><strong>\u00bb <a href=\"https:\/\/www.showlink.fi\/shows\/elokarelia2025\/aikataulut\/aikataulut-sunnuntai-3-3-nord\/\">Aikataulut sunnuntai 17.8.2025 \u2013 Kaikkien rotujen n\u00e4yttely<\/a><\/strong><\/p>\n\n\n\n<p>\u00bb <strong><a href=\"https:\/\/www.showlink.fi\/aikataulut2025\/Joensuu_Elo-Karelia_2025_aikataulukirje.pdf\">Aikataulukirje<\/a><\/strong><\/p>\n\n\n\n<p><strong>Numerolappu ja aikataulukirje toimitetaan n\u00e4ytteilleasettajille&nbsp;ainoastaan s\u00e4hk\u00f6isesti.<br><\/strong>N\u00e4yttelypostia&nbsp;ei l\u00e4hetet\u00e4 postitse.<\/p>\n\n\n\n<p><strong>N\u00e4yttelyss\u00e4 k\u00e4yt\u00f6ss\u00e4 vain&nbsp;s\u00e4hk\u00f6inen n\u00e4yttelyluettelo.<\/strong><br><em>Ostettavissa Showlinkin mobiilisovelluksesta l\u00e4hemp\u00e4n\u00e4 tapahtumaa.<\/em><\/p>\n","protected":false},"excerpt":{"rendered":"<p>Aikataulut n\u00e4yttelyyn on julkaistu 5.8.2025. \u00bb Aikataulut lauantai 16.8.2025 \u2013 Kansainv\u00e4linen n\u00e4yttely \u00bb Aikataulut sunnuntai 17.8.2025 \u2013 Kaikkien rotujen n\u00e4yttely \u00bb Aikataulukirje Numerolappu ja aikataulukirje toimitetaan n\u00e4ytteilleasettajille&nbsp;ainoastaan s\u00e4hk\u00f6isesti.N\u00e4yttelypostia&nbsp;ei l\u00e4hetet\u00e4 postitse. N\u00e4yttelyss\u00e4 k\u00e4yt\u00f6ss\u00e4 vain&nbsp;s\u00e4hk\u00f6inen n\u00e4yttelyluettelo.Ostettavissa Showlinkin mobiilisovelluksesta l\u00e4hemp\u00e4n\u00e4 tapahtumaa.<\/p>\n","protected":false},"author":1,"featured_media":0,"parent":0,"menu_order":5,"comment_status":"closed","ping_status":"closed","template":"","meta":{"footnotes":""},"class_list":["post-9","page","type-page","status-publish","h-entry","hentry","h-as-page"],"_links":{"self":[{"href":"https:\/\/www.showlink.fi\/shows\/elokarelia2025\/wp-json\/wp\/v2\/pages\/9","targetHints":{"allow":["GET"]}}],"collection":[{"href":"https:\/\/www.showlink.fi\/shows\/elokarelia2025\/wp-json\/wp\/v2\/pages"}],"about":[{"href":"https:\/\/www.showlink.fi\/shows\/elokarelia2025\/wp-json\/wp\/v2\/types\/page"}],"author":[{"embeddable":true,"href":"https:\/\/www.showlink.fi\/shows\/elokarelia2025\/wp-json\/wp\/v2\/users\/1"}],"replies":[{"embeddable":true,"href":"https:\/\/www.showlink.fi\/shows\/elokarelia2025\/wp-json\/wp\/v2\/comments?post=9"}],"version-history":[{"count":29,"href":"https:\/\/www.showlink.fi\/shows\/elokarelia2025\/wp-json\/wp\/v2\/pages\/9\/revisions"}],"predecessor-version":[{"id":878,"href":"https:\/\/www.showlink.fi\/shows\/elokarelia2025\/wp-json\/wp\/v2\/pages\/9\/revisions\/878"}],"wp:attachment":[{"href":"https:\/\/www.showlink.fi\/shows\/elokarelia2025\/wp-json\/wp\/v2\/media?parent=9"}],"curies":[{"name":"wp","href":"https:\/\/api.w.org\/{rel}","templated":true}]}}