{"id":18,"date":"2019-01-15T12:51:38","date_gmt":"2019-01-15T10:51:38","guid":{"rendered":"http:\/\/www.showlink.fi\/shows\/eukanubasummershow19-malli\/?page_id=18"},"modified":"2025-06-06T19:14:30","modified_gmt":"2025-06-06T16:14:30","slug":"aikataulut","status":"publish","type":"page","link":"https:\/\/www.showlink.fi\/shows\/eukanubasummershow25\/aikataulut\/","title":{"rendered":"Aikataulut"},"content":{"rendered":"\n<p class=\"has-vivid-red-color has-text-color has-link-color wp-elements-831b8985695b2a89ebd1b9aec211d298\"><em>N\u00e4yttelyn aikataulukirje ja aikataulut <strong><a href=\"https:\/\/www.showlink.fi\/aikataulut2025\/ESS_Espoo_KR_07-080625_aikataulukirje.pdf\">PDF<\/a><\/strong>.<\/em><\/p>\n\n\n\n<figure class=\"wp-block-image size-full\"><img loading=\"lazy\" decoding=\"async\" width=\"1240\" height=\"877\" src=\"https:\/\/www.showlink.fi\/shows\/eukanubasummershow25\/wp-content\/uploads\/sites\/298\/2025\/06\/ESS-2025-kehakartta-150dpi_mob.jpg\" alt=\"\" class=\"wp-image-393\"\/><\/figure>\n\n\n\n<p><strong>Numerolappu ja aikataulukirje toimitetaan n\u00e4ytteilleasettajille ainoastaan s\u00e4hk\u00f6isesti.<\/strong><br><strong>N\u00e4yttelypostia ei l\u00e4hetet\u00e4 postitse.<\/strong><\/p>\n","protected":false},"excerpt":{"rendered":"<p>N\u00e4yttelyn aikataulukirje ja aikataulut PDF. Numerolappu ja aikataulukirje toimitetaan n\u00e4ytteilleasettajille ainoastaan s\u00e4hk\u00f6isesti.N\u00e4yttelypostia ei l\u00e4hetet\u00e4 postitse.<\/p>\n","protected":false},"author":1,"featured_media":0,"parent":0,"menu_order":8,"comment_status":"closed","ping_status":"closed","template":"","meta":{"footnotes":""},"class_list":["post-18","page","type-page","status-publish","hentry"],"_links":{"self":[{"href":"https:\/\/www.showlink.fi\/shows\/eukanubasummershow25\/wp-json\/wp\/v2\/pages\/18","targetHints":{"allow":["GET"]}}],"collection":[{"href":"https:\/\/www.showlink.fi\/shows\/eukanubasummershow25\/wp-json\/wp\/v2\/pages"}],"about":[{"href":"https:\/\/www.showlink.fi\/shows\/eukanubasummershow25\/wp-json\/wp\/v2\/types\/page"}],"author":[{"embeddable":true,"href":"https:\/\/www.showlink.fi\/shows\/eukanubasummershow25\/wp-json\/wp\/v2\/users\/1"}],"replies":[{"embeddable":true,"href":"https:\/\/www.showlink.fi\/shows\/eukanubasummershow25\/wp-json\/wp\/v2\/comments?post=18"}],"version-history":[{"count":18,"href":"https:\/\/www.showlink.fi\/shows\/eukanubasummershow25\/wp-json\/wp\/v2\/pages\/18\/revisions"}],"predecessor-version":[{"id":394,"href":"https:\/\/www.showlink.fi\/shows\/eukanubasummershow25\/wp-json\/wp\/v2\/pages\/18\/revisions\/394"}],"wp:attachment":[{"href":"https:\/\/www.showlink.fi\/shows\/eukanubasummershow25\/wp-json\/wp\/v2\/media?parent=18"}],"curies":[{"name":"wp","href":"https:\/\/api.w.org\/{rel}","templated":true}]}}