{"id":20,"date":"2019-01-15T12:51:50","date_gmt":"2019-01-15T10:51:50","guid":{"rendered":"http:\/\/www.showlink.fi\/shows\/eukanubasummershow19-malli\/?page_id=20"},"modified":"2025-02-10T15:15:20","modified_gmt":"2025-02-10T13:15:20","slug":"tuomarit","status":"publish","type":"page","link":"https:\/\/www.showlink.fi\/shows\/eukanubasummershow25\/tuomarit\/","title":{"rendered":"Tuomarit"},"content":{"rendered":"\n<p><strong>Ryhm\u00e4 1<\/strong><br><em>Varalla kaikille ryhm\u00e4 1 roduille&nbsp;<strong>Irina Poletaeva<\/strong><\/em><br>brienpaimenkoira \/ briardi, partacollie, vanhaenglanninlammaskoira&nbsp;<strong>Gavin Robertson<\/strong>, Iso-Britannia<br>australian t\u00f6p\u00f6h\u00e4nt\u00e4inen karjakoira, australiankarjakoira, komondor, kuvasz, mudi, pieniamerikanpaimenkoira, puli, muut v\u00e4rit, puli, valkoinen, pumi, sile\u00e4karvainen collie, tsekinpaimenkoira, valkoinenpaimenkoira&nbsp;<strong>Maarit Hassinen<\/strong><br>australiankelpie, beaucenpaimenkoira \/ beauceron, ceskoslovensky vlciak, hollanninpaimenkoira, karkeakarvainen, hollanninpaimenkoirat, saarlooswolfhond, saksanpaimenkoirat, schapendoes, schipperke, shetlanninlammaskoira, welsh corgi cardigan, welsh corgi pembroke&nbsp;<strong>Marianne Holm Larnemaa<\/strong><br>ardennienkarjakoira, australianpaimenkoira, belgianpaimenkoirat, bergamonpaimenkoira, bordercollie, bouvier, etel\u00e4ven\u00e4j\u00e4nkoira, it\u00e4euroopanpaimenkoira, karpaattienkoira, katalonianpaimenkoira, kroatianpaimenkoira, lancashirenkarjakoira, lyhytkarvainen pyreneittenpaimenkoira, mallorcanpaimenkoira, maremmano-abruzzese, medimurjenkoira, owczarek podhalanski, picardienpaimenkoira, pitk\u00e4karvainen collie, pitk\u00e4karvainen pyreneittenpaimenkoira, polski owczarek nizinny, romanianpaimenkoira, serra de airesinpaimenkoira, slovakiancuvac&nbsp;<strong>Tino Jalonen<\/strong><\/p>\n\n\n\n<p><strong>Ryhm\u00e4 3<\/strong><br><em>Varalla kaikille ryhm\u00e4 3 roduille&nbsp;<strong>Irina Poletaeva<\/strong><\/em><br>airedalenterrieri, bedlingtoninterrieri, cairnterrieri, karkeakarvainen kettuterrieri, sile\u00e4karvainen kettuterrieri, walesinterrieri, valkoinen l\u00e4nsiyl\u00e4maanterrieri&nbsp;<strong>Gavin Robertson<\/strong>, Iso-Britannia<br>amerikank\u00e4\u00e4pi\u00f6kettuterrieri, amerikanrottaterrieri, andalusianrottakoira, australianterrieri, brasilianterrieri, ceskyterrieri, irlanninterrieri, jackrussellinterrieri, japaninterrieri, kerrynterrieri, lakelandinterrieri, norfolkinterrieri, norwichinterrieri, parsonrussellinterrieri, sealyhaminterrieri, valencianrottaterrieri, vehn\u00e4terrieri&nbsp;<strong>Helene Vanninen<\/strong><br>amerikanstaffordshirenterrieri, bullterrieri, k\u00e4\u00e4pi\u00f6bullterrieri, manchesterinterrieri, staffordshirenbullterrieri, tenterfieldinterrieri&nbsp;<strong>Irina Poletaeva<\/strong><br>amerikankarvatonterrieri, biewerterrieri, borderterrieri, dandiedinmontinterrieri, englannink\u00e4\u00e4pi\u00f6terrieri, glen of imaalinterrieri, saksanmets\u00e4stysterrieri, silkkiterrieri, skotlanninterrieri, skyenterrieri, yorkshirenterrieri&nbsp;<strong>Maarit Hassinen<\/strong><\/p>\n\n\n\n<p><strong>Ryhm\u00e4 4<\/strong><br><em>Varalla kaikille ryhm\u00e4 4 roduille&nbsp;<strong>Irina Poletaeva<\/strong><\/em><br>kaikki rodut&nbsp;<strong>Marja-Leena Kurvinen<\/strong><\/p>\n\n\n\n<p><strong>Ryhm\u00e4 7<\/strong><br><em>Varalla kaikille ryhm\u00e4 7 roduille&nbsp;<strong>Irina Poletaeva<\/strong><\/em><br>karkeakarvainen saksanseisoja, lyhytkarvainen saksanseisoja&nbsp;<strong>Mervi Raisaari<\/strong><br>muut&nbsp;<strong>Erja Nummi<\/strong><\/p>\n\n\n\n<p><strong>Ryhm\u00e4 8<\/strong><br><em>Varalla kaikille ryhm\u00e4 8 roduille&nbsp;<strong>Irina Poletaeva<\/strong><\/em><br>amerikancockerspanieli, barbet, cockerspanieli, fieldspanieli, kooikerhondje, walesinspringerspanieli&nbsp;<strong>Arto Toivanen<\/strong><br>englanninspringerspanieli, novascotiannoutaja&nbsp;<strong>Erja Nummi<\/strong><br>lagotto romagnolo&nbsp;<strong>Gavin Robertson<\/strong>, Iso-Britannia<br>espanjanvesikoira, portugalinvesikoira&nbsp;<strong>Irina Poletaeva<\/strong><br>kiharakarvainen noutaja, kultainennoutaja&nbsp;<strong>Maarit Hassinen<\/strong><br>amerikanvesispanieli, chesapeakelahdennoutaja, clumberinspanieli, friisinvesikoira, irlanninvesispanieli, labradorinnoutaja, puolanmets\u00e4stysspanieli, sile\u00e4karvainen noutaja, sussexinspanieli, ven\u00e4j\u00e4nspanieli, viiri\u00e4iskoira&nbsp;<strong>Mervi Raisaari<\/strong><\/p>\n\n\n\n<p>Ryhm\u00e4kilpailut lauantai<br>1<strong>\u00a0Tino Jalonen<\/strong><br>3<strong>\u00a0Maarit Hassinen<\/strong><br>4<strong>\u00a0Marja-Leena Kurvinen<\/strong><br>7<strong>\u00a0Erja Nummi<\/strong><br>8<strong>\u00a0Arto Toivanen<\/strong><br>Paras juniori\u00a0<strong>Irina Poletaeva<\/strong><br>Paras veteraani\u00a0<strong>Marianne Holm Larnemaa<\/strong><br>Paras kasvattajaryhm\u00e4\u00a0<strong>Mervi Raisaari<\/strong><\/p>\n\n\n\n<p><strong>Ryhm\u00e4 2<\/strong><br><em>Varalla kaikille ryhm\u00e4 2 roduille&nbsp;<strong>Helin Tenson<\/strong><\/em><br>k\u00e4\u00e4pi\u00f6pinseri, tanskandoggi, musta ja harlekiini, tanskandoggi, sininen&nbsp;<strong>Gavin Robertson<\/strong>, Iso-Britannia<br>appenzellinpaimenkoira, entlebuchinpaimenkoira, isosveitsinpaimenkoira, it\u00e4vallanpinseri&nbsp;<strong>Gerhard P\u00f6llinger<\/strong>, It\u00e4valta<br>continental bulldog, dobermanni, k\u00e4\u00e4pi\u00f6snautseri, musta, k\u00e4\u00e4pi\u00f6snautseri, musta-hopea, k\u00e4\u00e4pi\u00f6snautseri, pippuri &amp; suola, k\u00e4\u00e4pi\u00f6snautseri, valkoinen, mallorcandoggi, pinseri, rottweiler, suursnautseri, musta, suursnautseri, musta-hopea, suursnautseri, pippuri &amp; suola, tanskalais-ruotsalainen pihakoira&nbsp;<strong>Marja-Leena Kurvinen<\/strong><br>bordeauxindoggi, bullmastiffi, cane corso, hovawart&nbsp;<strong>Mervi Raisaari<\/strong><br>apinapinseri, bernhardinkoira, lyhytkarvainen, bernhardinkoira, pitk\u00e4karvainen, bokseri, castro laboreironkoira, englanninbulldoggi, fila brasileiro, hollanninrottakoira, kanariandoggi, kaukasiankoira, landseer, pyreneittenkoira, sao miguelinfila, sarplaninac, snautseri, musta, snautseri, pippuri &amp; suola, tanskandoggi, keltainen ja tiikerijuovainen, tiibetinmastiffi, tosa, transmontano mastiff, uruguayncimarron, ven\u00e4j\u00e4nmustaterrieri&nbsp;<strong>Peter Van Montfoort<\/strong>, Alankomaat<br>aidi, alentejonkoira, broholminkoira, bukovinankoira, dogo argentino, espanjanmastiffi, estrelanvuoristokoira, lyhytkarvainen, estrelanvuoristokoira, pitk\u00e4karvainen, kangalinkoira, karstinpaimenkoira, keskiaasiankoira, leonberginkoira, mastiffi, musta romanianvuoristokoira, napolinmastiffi, pyreneittenmastiffi, shar pei, tornjak&nbsp;<strong>Sanna Roste-Torniainen<\/strong><br>berninpaimenkoira&nbsp;<strong>Teija Urpelainen<\/strong><br>newfoundlandinkoira&nbsp;<strong>Ville-Veikko Meronen<\/strong><\/p>\n\n\n\n<p><strong>Ryhm\u00e4 5<\/strong><br><em>Varalla kaikille ryhm\u00e4 5 roduille&nbsp;<strong>Helin Tenson<\/strong><\/em><br>chow chow&nbsp;<strong>Gavin Robertson<\/strong>, Iso-Britannia<br>american eskimo dog, basenji, eurasier, saksanpystykorvat, keeshond, pomeranian&nbsp;<strong>Helin Tenson<\/strong><br>buhund, faaraokoira, harmaa norjanhirvikoira, h\u00e4lleforsinkoira, it\u00e4siperianlaika, j\u00e4mtlanninpystykorva, kanadaneskimokoira, kanarianpodenco, karjalankarhukoira, l\u00e4nsisiperianlaika, meksikonkarvatonkoirat, musta norjanhirvikoira, perunkarvatonkoira, iso, perunkarvatonkoira, keskikokoinen, perunkarvatonkoira, pieni, pohjanpystykorva, portugalinpodengot, samojedinkoira, siperianhusky, suomenpystykorva, thaimaanpystykorva, valkoinen ruotsinhirvikoira&nbsp;<strong>Sanna Koponen<\/strong><br>etnankoira, gr\u00f6nlanninkoira, kaanaankoira, kintamani-balinkoira, kishunkoira, koreanjindonkoira, lunnikoira, musta tanskanpystykorva, ruotsinlapinkoira, shiba, shikokunkoira, taiwaninkoira, thai ridgeback, ven\u00e4l\u00e4is-eurooppalainen laika, volpino italiano&nbsp;<strong>Teija Urpelainen<\/strong><br>akita, alaskanmalamuutti, amerikanakita, hokkaidonkoira, ibizanpodenco, karkeakarvainen, ibizanpodenco, lyhytkarvainen, islanninlammaskoira, jakutianlaika, japaninpystykorva, kainkoira, lapinporokoira, l\u00e4nsig\u00f6\u00f6tanmaanpystykorva, suomenlapinkoira, tanskanpystykorva&nbsp;<strong>Ville-Veikko Meronen<\/strong><\/p>\n\n\n\n<p><strong>Ryhm\u00e4 6<\/strong><br><em>Varalla kaikille ryhm\u00e4 6 roduille&nbsp;<strong>Helin Tenson<\/strong><\/em><br>beagle harrier, brasilianajokoira, dunkerinajokoira, eestinajokoira, englanninkettukoira, englantilais-ven\u00e4l\u00e4inen ajokoira, gascogne-saintongenajokoira, gotlanninajokoira, griffon bleu de gascogne, haldeninajokoira, hamiltoninajokoira, harrieri, hygeninajokoira, it\u00e4vallanajokoira, karkeakarvainen bosnianajokoira\/ barak, karkeakarvainen istrianajokoira, karkeakarvainen italianajokoira, karkeakarvainen steierinajokoira, kolmiv\u00e4rinen serbianajokoira, kreikanajokoira, lyhytkarvainen istrianajokoira, lyhytkarvainen italianajokoira, maremmanajokoira, montenegronajokoira, poitevin, posavinanajokoira, puolanajokoira, puolanjahtikoira, sabueso espanol, saksanajokoira, saukkokoira, schillerinajokoira, slovakianajokoira, smoolanninajokoira, srpski gonic, suomenajokoira, sveitsinajokoira, berninajokoira, sveitsinajokoira, juranajokoira, sveitsinajokoira, luzerninajokoira, sveitsinajokoira, schwyzinajokoira, unkarinajokoira, vihikoira&nbsp;<strong>Teija Urpelainen<\/strong><br>muut&nbsp;<strong>Laura Ripatti<\/strong><\/p>\n\n\n\n<p><strong>Ryhm\u00e4 9<\/strong><br><em>Varalla kaikille ryhm\u00e4 9 roduille&nbsp;<strong>Helin Tenson<\/strong><\/em><br>bichon fris\u00e9, bostoninterrieri, mopsi, ranskanbulldoggi, tiibetinterrieri&nbsp;<strong>Gavin Robertson<\/strong>, Iso-Britannia<br>bolognese, coton de tul\u00e9ar, kiinanharjakoira, kingcharlesinspanieli, lhasa apso, l\u00f6wchen, maltankoira, shih tzu, villakoirat&nbsp;<strong>Gerhard P\u00f6llinger<\/strong>, It\u00e4valta<br>ven\u00e4j\u00e4ntoyt&nbsp;<strong>Helin Tenson<\/strong><br>chihuahuat, prahanrottakoira, ven\u00e4j\u00e4nbolonka&nbsp;<strong>Sanna Koponen<\/strong><br>cavalier kingcharlesinspanieli, griffon belge, griffon bruxellois, havannankoira, japanese chin, kiinanpalatsikoira, pekingeesi, kromfohrl\u00e4nder, markiesje, papillon, petit brabancon, phal\u00e8ne, tiibetinspanieli&nbsp;<strong>Toni Saira<\/strong><\/p>\n\n\n\n<p><strong>Ryhm\u00e4 10<\/strong><br><em>Varalla kaikille ryhm\u00e4 10 roduille&nbsp;<strong>Helin Tenson<\/strong><\/em><br>afgaaninvinttikoira, azawakh, englanninvinttikoira, espanjanvinttikoira, italianvinttikoira, puolanvinttikoira, saluki, skotlanninhirvikoira, sloughi, tazi, unkarinvinttikoira, ven\u00e4j\u00e4nvinttikoira, whippet&nbsp;<strong>Sari M\u00e4ki\u00f6<\/strong><br>irlanninsusikoira&nbsp;<strong>Teija Urpelainen<\/strong><\/p>\n\n\n\n<p>Ryhm\u00e4kilpailut sunnuntai<br>2<strong>\u00a0Peter Van Montfoort<\/strong>, Alankomaat<br>5<strong>\u00a0Sanna Koponen<\/strong><br>6<strong>\u00a0Teija Urpelainen<\/strong><br>9<strong>\u00a0Gerhard P\u00f6llinger<\/strong>, It\u00e4valta<br>10<strong>\u00a0Sari M\u00e4ki\u00f6<\/strong><br>Paras juniori\u00a0<strong>Ville-Veikko Meronen<\/strong><br>Paras veteraani\u00a0<strong>Helin Tenson<\/strong><br>Paras kasvattajaryhm\u00e4\u00a0<strong>Mervi Raisaari<\/strong><\/p>\n\n\n\n<p>Best in Show<strong>&nbsp;Gavin Robertson<\/strong>, Iso-Britannia<\/p>\n","protected":false},"excerpt":{"rendered":"<p>Ryhm\u00e4 1Varalla kaikille ryhm\u00e4 1 roduille&nbsp;Irina Poletaevabrienpaimenkoira \/ briardi, partacollie, vanhaenglanninlammaskoira&nbsp;Gavin Robertson, Iso-Britanniaaustralian t\u00f6p\u00f6h\u00e4nt\u00e4inen karjakoira, australiankarjakoira, komondor, kuvasz, mudi, pieniamerikanpaimenkoira, puli, muut v\u00e4rit, puli, valkoinen, pumi, sile\u00e4karvainen collie, tsekinpaimenkoira, valkoinenpaimenkoira&nbsp;Maarit Hassinenaustraliankelpie, beaucenpaimenkoira \/ beauceron, ceskoslovensky vlciak, hollanninpaimenkoira, karkeakarvainen, hollanninpaimenkoirat, saarlooswolfhond, saksanpaimenkoirat, schapendoes, schipperke, shetlanninlammaskoira, welsh corgi cardigan, welsh corgi pembroke&nbsp;Marianne Holm Larnemaaardennienkarjakoira, australianpaimenkoira, belgianpaimenkoirat, bergamonpaimenkoira,&#8230;<\/p>\n","protected":false},"author":1,"featured_media":0,"parent":0,"menu_order":2,"comment_status":"closed","ping_status":"closed","template":"","meta":{"footnotes":""},"class_list":["post-20","page","type-page","status-publish","hentry"],"_links":{"self":[{"href":"https:\/\/www.showlink.fi\/shows\/eukanubasummershow25\/wp-json\/wp\/v2\/pages\/20","targetHints":{"allow":["GET"]}}],"collection":[{"href":"https:\/\/www.showlink.fi\/shows\/eukanubasummershow25\/wp-json\/wp\/v2\/pages"}],"about":[{"href":"https:\/\/www.showlink.fi\/shows\/eukanubasummershow25\/wp-json\/wp\/v2\/types\/page"}],"author":[{"embeddable":true,"href":"https:\/\/www.showlink.fi\/shows\/eukanubasummershow25\/wp-json\/wp\/v2\/users\/1"}],"replies":[{"embeddable":true,"href":"https:\/\/www.showlink.fi\/shows\/eukanubasummershow25\/wp-json\/wp\/v2\/comments?post=20"}],"version-history":[{"count":24,"href":"https:\/\/www.showlink.fi\/shows\/eukanubasummershow25\/wp-json\/wp\/v2\/pages\/20\/revisions"}],"predecessor-version":[{"id":376,"href":"https:\/\/www.showlink.fi\/shows\/eukanubasummershow25\/wp-json\/wp\/v2\/pages\/20\/revisions\/376"}],"wp:attachment":[{"href":"https:\/\/www.showlink.fi\/shows\/eukanubasummershow25\/wp-json\/wp\/v2\/media?parent=20"}],"curies":[{"name":"wp","href":"https:\/\/api.w.org\/{rel}","templated":true}]}}