{"id":22,"date":"2019-01-15T12:52:02","date_gmt":"2019-01-15T10:52:02","guid":{"rendered":"http:\/\/www.showlink.fi\/shows\/eukanubasummershow19-malli\/?page_id=22"},"modified":"2025-06-03T14:30:03","modified_gmt":"2025-06-03T11:30:03","slug":"tulokset","status":"publish","type":"page","link":"https:\/\/www.showlink.fi\/shows\/eukanubasummershow25\/tulokset\/","title":{"rendered":"Tulokset"},"content":{"rendered":"\n<p>N\u00e4yttelymme tulokset julkaistaan n\u00e4yttelyn kuluessa.<\/p>\n\n\n\n<p><strong><a href=\"https:\/\/tulospalvelu.kennelliitto.fi\/nayttelyt\/frmTuloksetRyhma.aspx?N=13390&amp;Lang=FIN\">\u00bb Siirry n\u00e4yttelyn tuloksiin<\/a><\/strong><\/p>\n\n\n\n<p>Jalostustietoj\u00e4rjestelm\u00e4\u00e4n tulokset p\u00e4ivittyv\u00e4t n\u00e4yttelyn p\u00e4\u00e4tytty\u00e4.<br><\/p>\n","protected":false},"excerpt":{"rendered":"<p>N\u00e4yttelymme tulokset julkaistaan n\u00e4yttelyn kuluessa. \u00bb Siirry n\u00e4yttelyn tuloksiin Jalostustietoj\u00e4rjestelm\u00e4\u00e4n tulokset p\u00e4ivittyv\u00e4t n\u00e4yttelyn p\u00e4\u00e4tytty\u00e4.<\/p>\n","protected":false},"author":1,"featured_media":0,"parent":0,"menu_order":9,"comment_status":"closed","ping_status":"closed","template":"","meta":{"footnotes":""},"class_list":["post-22","page","type-page","status-publish","hentry"],"_links":{"self":[{"href":"https:\/\/www.showlink.fi\/shows\/eukanubasummershow25\/wp-json\/wp\/v2\/pages\/22","targetHints":{"allow":["GET"]}}],"collection":[{"href":"https:\/\/www.showlink.fi\/shows\/eukanubasummershow25\/wp-json\/wp\/v2\/pages"}],"about":[{"href":"https:\/\/www.showlink.fi\/shows\/eukanubasummershow25\/wp-json\/wp\/v2\/types\/page"}],"author":[{"embeddable":true,"href":"https:\/\/www.showlink.fi\/shows\/eukanubasummershow25\/wp-json\/wp\/v2\/users\/1"}],"replies":[{"embeddable":true,"href":"https:\/\/www.showlink.fi\/shows\/eukanubasummershow25\/wp-json\/wp\/v2\/comments?post=22"}],"version-history":[{"count":19,"href":"https:\/\/www.showlink.fi\/shows\/eukanubasummershow25\/wp-json\/wp\/v2\/pages\/22\/revisions"}],"predecessor-version":[{"id":392,"href":"https:\/\/www.showlink.fi\/shows\/eukanubasummershow25\/wp-json\/wp\/v2\/pages\/22\/revisions\/392"}],"wp:attachment":[{"href":"https:\/\/www.showlink.fi\/shows\/eukanubasummershow25\/wp-json\/wp\/v2\/media?parent=22"}],"curies":[{"name":"wp","href":"https:\/\/api.w.org\/{rel}","templated":true}]}}