{"id":26,"date":"2019-01-15T12:52:25","date_gmt":"2019-01-15T10:52:25","guid":{"rendered":"http:\/\/www.showlink.fi\/shows\/eukanubasummershow19-malli\/?page_id=26"},"modified":"2025-02-04T11:10:51","modified_gmt":"2025-02-04T09:10:51","slug":"tiedustelut","status":"publish","type":"page","link":"https:\/\/www.showlink.fi\/shows\/eukanubasummershow25\/tiedustelut\/","title":{"rendered":"Tiedustelut"},"content":{"rendered":"\n<p><br><strong>Ilmoittautumisia ja kasvattajaryhmi\u00e4 koskevat tiedustelut <\/strong><br> Showlink Oy <br>arkisin klo 11\u201317 puh. 09 887 30320 <br>tai email: info@showlink.fi<br><em>Mainitsethan tiedustelussasi \/ s\u00e4hk\u00f6postissasi n\u00e4yttelyn nimen sek\u00e4 koiran rekisterinumeron, jota tiedustelu koskee.<\/em><\/p>\n\n\n\n<p><strong>Myyntipaikat <\/strong><br>Tanja Seiloo <br>puh. 050 555 7558 (arkisin klo 18\u201321)<br>email: tanja@karloon.fi<\/p>\n\n\n\n<p><strong>Muut tiedustelut<\/strong> <strong>\/ Information in English<\/strong><br>Virpi Lepp\u00e4l\u00e4<br>puh. 050 380 5550<br>email: lhadanes@gmail.com<br><\/p>\n","protected":false},"excerpt":{"rendered":"<p>Ilmoittautumisia ja kasvattajaryhmi\u00e4 koskevat tiedustelut Showlink Oy arkisin klo 11\u201317 puh. 09 887 30320 tai email: info@showlink.fiMainitsethan tiedustelussasi \/ s\u00e4hk\u00f6postissasi n\u00e4yttelyn nimen sek\u00e4 koiran rekisterinumeron, jota tiedustelu koskee. Myyntipaikat Tanja Seiloo puh. 050 555 7558 (arkisin klo 18\u201321)email: tanja@karloon.fi Muut tiedustelut \/ Information in EnglishVirpi Lepp\u00e4l\u00e4puh. 050 380 5550email: lhadanes@gmail.com<\/p>\n","protected":false},"author":1,"featured_media":0,"parent":0,"menu_order":6,"comment_status":"closed","ping_status":"closed","template":"","meta":{"footnotes":""},"class_list":["post-26","page","type-page","status-publish","hentry"],"_links":{"self":[{"href":"https:\/\/www.showlink.fi\/shows\/eukanubasummershow25\/wp-json\/wp\/v2\/pages\/26","targetHints":{"allow":["GET"]}}],"collection":[{"href":"https:\/\/www.showlink.fi\/shows\/eukanubasummershow25\/wp-json\/wp\/v2\/pages"}],"about":[{"href":"https:\/\/www.showlink.fi\/shows\/eukanubasummershow25\/wp-json\/wp\/v2\/types\/page"}],"author":[{"embeddable":true,"href":"https:\/\/www.showlink.fi\/shows\/eukanubasummershow25\/wp-json\/wp\/v2\/users\/1"}],"replies":[{"embeddable":true,"href":"https:\/\/www.showlink.fi\/shows\/eukanubasummershow25\/wp-json\/wp\/v2\/comments?post=26"}],"version-history":[{"count":8,"href":"https:\/\/www.showlink.fi\/shows\/eukanubasummershow25\/wp-json\/wp\/v2\/pages\/26\/revisions"}],"predecessor-version":[{"id":345,"href":"https:\/\/www.showlink.fi\/shows\/eukanubasummershow25\/wp-json\/wp\/v2\/pages\/26\/revisions\/345"}],"wp:attachment":[{"href":"https:\/\/www.showlink.fi\/shows\/eukanubasummershow25\/wp-json\/wp\/v2\/media?parent=26"}],"curies":[{"name":"wp","href":"https:\/\/api.w.org\/{rel}","templated":true}]}}