{"id":94,"date":"2019-01-17T13:54:12","date_gmt":"2019-01-17T11:54:12","guid":{"rendered":"http:\/\/www.showlink.fi\/shows\/eukanubasummershow19-malli\/?page_id=94"},"modified":"2025-02-10T15:19:08","modified_gmt":"2025-02-10T13:19:08","slug":"judges","status":"publish","type":"page","link":"https:\/\/www.showlink.fi\/shows\/eukanubasummershow25\/information-in-english\/judges\/","title":{"rendered":"Judges"},"content":{"rendered":"\n<p><strong>FCI 1<\/strong><br><em>Reserve Judge for FCI1 breeds\u00a0<strong>Irina Poletaeva<\/strong><\/em><br>Bearded Collie, Briard, Old English Sheepdog\u00a0<strong>Gavin Robertson<\/strong>, Great Britain<br>Australian Cattle Dog, Australian Stumpy Tail Cattle Dog, Bohemian Shepherd Dog, Collie Smooth, Komondor, Kuvasz, Miniature American Shepherd, Mudi, Puli, other colors, Puli, white, Pumi, White Swiss Shepherd Dog\u00a0<strong>Maarit Hassinen<\/strong><br>Australian Kelpie, Berger de Beauce, Czechoslovakian Wolfdog, Dutch Schapendoes, Dutch Shepherd Dog, Long-haired, Dutch Shepherd Dog, Rough-Haired, Dutch Shepherd Dog, Short-haired, German Shepherd Dog, German Shepherd Dog, long and harsh outer coat, Saarloos Wolfhond, Schipperke, Shetland Sheepdog, Welsh Corgi Cardigan, Welsh Corgi Pembroke\u00a0<strong>Marianne Holm Larnemaa<\/strong><br>Australian Shepherd, Belgian Shepherd Dog, Groenendael, Belgian Shepherd Dog, Laekenois, Belgian Shepherd Dog, Malinois, Belgian Shepherd Dog, Tervueren, Bergamasco Shepherd Dog, Border Collie, Bouvier des Ardennes, Bouvier des Flandres, Catalan Sheepdog, Collie Rough, Croatian Shepherd Dog, East European Shepherd, Lancashire Heeler, Majorca Shepherd Dog, Maremma and the Abruzzes Sheepdog, Picardy Sheepdog, Polish Lowland Sheepdog, Portuguese Sheepdog, Pyrenean Sheepdog, Long-haired, Pyrenean Sheepdog, Smooth-faced, Romanian Carpathian Shepherd Dog, Romanian Mioritic Shepherd Dog, Slovakian Chuvach, Small Medimurje Dog &#8211; Medi, South Russian Shepherd Dog, Tatra Shepherd Dog\u00a0<strong>Tino Jalonen<\/strong><\/p>\n\n\n\n<p><strong>FCI 3<\/strong><br><em>Reserve Judge for FCI3 breeds\u00a0<strong>Irina Poletaeva<\/strong><\/em><br>Airedale Terrier, Bedlington Terrier, Cairn Terrier, Fox Terrier, Smooth-haired, Fox Terrier, Wire-haired, Welsh Terrier, West Highland White Terrier\u00a0<strong>Gavin Robertson<\/strong>, Great Britain<br>American Toy Fox Terrier, Australian Terrier, Brazilian Terrier, Cesky Terrier, Irish Soft Coated Wheaten Terrier, Irish Terrier, Jack Russell Terrier, Japanese Terrier, Kerry Blue Terrier, Lakeland Terrier, Norfolk Terrier, Norwich Terrier, Parson Russell Terrier, Rat Terrier, Ratonero Bodeguero Andaluz, Sealyham Terrier, Valencian Terrier\u00a0<strong>Helene Vanninen<\/strong><br>American Staffordshire Terrier, Bull Terrier, Manchester Terrier, Miniature Bull Terrier, Staffordshire Bull Terrier, Tenterfield Terrier\u00a0<strong>Irina Poletaeva<\/strong><br>American Hairless Terrier, Australian Silky Terrier, Biewer Terrier, Border Terrier, Dandie Dinmont Terrier, English Toy Terrier, German Hunting Terrier, Irish Glen Of Imaal Terrier, Scottish Terrier, Skye Terrier, Yorkshire Terrier\u00a0<strong>Maarit Hassinen<\/strong><\/p>\n\n\n\n<p><strong>FCI 4<\/strong><br><em>Reserve Judge for FCI4 breeds\u00a0<strong>Irina Poletaeva<\/strong><\/em><br>kaikki rodut\u00a0<strong>Marja-Leena Kurvinen<\/strong><\/p>\n\n\n\n<p><strong>FCI 7<\/strong><br><em>Reserve Judge for FCI7 breeds\u00a0<strong>Irina Poletaeva<\/strong><\/em><br>Ariege Pointing Dog, Auvergne Pointer, Blue Picardy Spaniel, Bohemian Wire-haired Pointing Griffon, Bourbonnais Pointing Dog, Brittany Spaniel, Burgos Pointing Dog, Deutsch Stichelhaar, Drentsche Partridge Dog, English Pointer, English Setter, French Pointing Dog &#8211; Gascogne Type, French Pointing Dog &#8211; Pyrenean Type, French Spaniel, German Long-haired Pointing Dog, Gordon Setter, Hungarian Short-Haired Pointer (Vizsla), Hungarian Wire-haired Pointer (Vizsla), Irish Red and White Setter, Irish Red Setter, Italian Pointing Dog, Italian Spinone, Large Munsterlander, Old Danish Pointing Dog, Picardy Spaniel, Pont-Audemer Spaniel, Portuguese Pointing Dog, Pudelpointer, Saint Germain Pointer, Saint-Usuge Spaniel, Small Munsterlander, Stabijhoun, Weimaraner, long-haired, Weimaraner, short-haired, Wire-Haired Pointing Griffon Korthals, Wirehaired Slovakian Pointer\u00a0<strong>Erja Nummi<\/strong><br>German Short-haired Pointing Dog, German Wire-haired Pointing Dog\u00a0<strong>Mervi Raisaari<\/strong><\/p>\n\n\n\n<p><strong>FCI 8<\/strong><br><em>Reserve Judge for FCI8 breeds\u00a0<strong>Irina Poletaeva<\/strong><\/em><br>American Cocker Spaniel, Cocker Spaniel, Field Spaniel, French Water Dog, Nederlandse Kooikerhondje, Welsh Springer Spaniel\u00a0<strong>Arto Toivanen<\/strong><br>English Springer Spaniel, Nova Scotia Duck Tolling Retriever\u00a0<strong>Erja Nummi<\/strong><br>Lagotto Romagnolo\u00a0<strong>Gavin Robertson<\/strong>, Great Britain<br>Portuguese Water Dog, Spanish Water Dog\u00a0<strong>Irina Poletaeva<\/strong><br>Curly Coated Retriever, Golden Retriever\u00a0<strong>Maarit Hassinen<\/strong><br>American Water Spaniel, Chesapeake Bay Retriever, Clumber Spaniel, Flat Coated Retriever, German Spaniel, Irish Water Spaniel, Labrador Retriever, Polish Hunting Spaniel, Russian Spaniel, Sussex Spaniel, Wetterhoun\u00a0<strong>Mervi Raisaari<\/strong><\/p>\n\n\n\n<p>Group finals Saturday<br>1<strong>\u00a0Tino Jalonen<\/strong><br>3<strong>\u00a0Maarit Hassinen<\/strong><br>4<strong>\u00a0Marja-Leena Kurvinen<\/strong><br>7<strong>\u00a0Erja Nummi<\/strong><br>8<strong>\u00a0Arto Toivanen<\/strong><br>BIS Junior <strong>Irina Poletaeva<\/strong><br>BIS Veteran\u00a0<strong>Marianne Holm Larnemaa<\/strong><br>BIS Breeder&#8217;s Group\u00a0<strong>Mervi Raisaari<\/strong><\/p>\n\n\n\n<p><strong>FCI 2<\/strong><br><em>Reserve Judge for FCI2 breeds\u00a0<strong>Helin Tenson<\/strong><\/em><br>Great Dane, black and harlequin, Great Dane, blue, Miniature Pinscher\u00a0<strong>Gavin Robertson<\/strong>, Great Britain<br>Appenzell Cattle Dog, Austrian Pinscher, Entlebuch Cattle Dog, Great Swiss Mountain Dog\u00a0<strong>Gerhard P\u00f6llinger<\/strong>, Austria<br>Continental Bulldog, Danish-Swedish Farmdog, Dobermann, German Pinscher, Giant Schnauzer, black, Giant Schnauzer, black and silver, Giant Schnauzer, pepper and salt, Majorca Mastiff, Miniature Schnauzer, black, Miniature Schnauzer, black and silver, Miniature Schnauzer, pepper and salt, Miniature Schnauzer, white, Rottweiler\u00a0<strong>Marja-Leena Kurvinen<\/strong><br>Bullmastiff, Dogue de Bordeaux, Hovawart, Italian Cane Corso\u00a0<strong>Mervi Raisaari<\/strong><br>Affenpinscher, Boxer, Bulldog, Castro Laboreiro Dog, Caucasian Shepherd Dog, Cimarr\u00f3n Uruguayo, Dutch Smoushond, Fila Brasileiro, Great Dane, fawn and brindle, Landseer (European Continental Type), Presa Canario, Pyrenean Mountain Dog, Russian Black Terrier, Saint Miguel Cattle Dog, Schnauzer, black, Schnauzer, pepper and salt, St. Bernard, Long-haired, St. Bernard, Short-haired, Tibetan Mastiff, Tosa, Transmontano Mastiff, Yugoslavian Shepherd Dog &#8211; Sharplanina\u00a0<strong>Peter Van Montfoort<\/strong>, The Netherlands<br>Atlas Mountain Dog (Aidi), Broholmer, Central Asia Shepherd Dog, Dogo Argentino, Estrela Mountain Dog, Long-haired, Estrela Mountain Dog, Short-haired, Kangal Shepherd Dog, Karst Shepherd Dog, Leonberger, Mastiff, Neapolitan Mastiff, Pyrenean Mastiff, Rafeiro of Alentejo, Romanian Bucovina Shepherd, Shar Pei, Spanish Mastiff, Tornjak (Bosnian And Herzegovinian &#8211; Croatian Shepherd Dog)\u00a0<strong>Sanna Roste-Torniainen<\/strong><br>Bernese Mountain Dog\u00a0<strong>Teija Urpelainen<\/strong><br>Newfoundland\u00a0<strong>Ville-Veikko Meronen<\/strong><\/p>\n\n\n\n<p><strong>FCI 5<\/strong><br><em>Reserve Judge for FCI5 breeds\u00a0<strong>Helin Tenson<\/strong><\/em><br>Chow Chow\u00a0<strong>Gavin Robertson<\/strong>, Great Britain<br>American Eskimo Dog, Basenji, Eurasian, Giant Spitz (Grosspitz), black and brown, Giant Spitz (Grosspitz), white, Keeshond (Wolfspitz), Medium Size Spitz (Mittelspitz), black and brown, Medium Size Spitz (Mittelspitz), other colors, Medium Size Spitz (Mittelspitz), white, Miniature Spitz (Kleinspitz), black and brown, Miniature Spitz (Kleinspitz), other colours, Miniature Spitz (Kleinspitz), white, Pomeranian\u00a0<strong>Helin Tenson<\/strong><br>Canadian Eskimo Dog, Canarian Warren Hound, East Siberian Laika, Finnish Spitz, H\u00e4lleforshund, Karelian Bear Dog, Norrbottenspitz, Norwegian Buhund, Norwegian Elkhound Black, Norwegian Elkhound Grey, Peruvian Hairless Dog, Large, Peruvian Hairless Dog, Medium-sized, Peruvian Hairless Dog, Miniature, Pharaoh Hound, Portuguese Podengo, Long- and Wire-haired Large, Portuguese Podengo, Long- and Wire-haired, Medium-sized, Portuguese Podengo, Long- and Wire-haired, Small, Portuguese Podengo, Smooth- and Short-haired, Large, Portuguese Podengo, Smooth- and Short-haired, Medium-size, Portuguese Podengo, Smooth- and Short-haired, Small, Samoyed, Siberian Husky, Swedish Elkhound, Swedish White Elkhound, Thai Bangkaew Dog, West Siberian Laika, Xoloitzcuintle, Intermediate, Xoloitzcuintle, Miniature, Xoloitzcuintle, Standard\u00a0<strong>Sanna Koponen<\/strong><br>Black Spitz, Canaan Dog, Cirneco dell&#8217;Etna, Greenland Dog, Italian Volpino, Kintamani-Bali Dog, Kishu, Korea Jindo Dog, Norwegian Lundehund, Russian-European Laika, Shiba, Shikoku, Swedish Lapphund, Taiwan Dog, Thai Ridgeback Dog\u00a0<strong>Teija Urpelainen<\/strong><br>Akita, Alaskan Malamute, American Akita, Danish Spitz, Finnish Lapponian Dog, Hokkaido, Ibizan Podenco, Rough-haired, Ibizan Podenco, Smooth-haired, Icelandic Sheepdog, Japanese Spitz, Kai, Lapponian Herder, Swedish Vallhund, Yakutian Laika\u00a0<strong>Ville-Veikko Meronen<\/strong><\/p>\n\n\n\n<p><strong>FCI 6<\/strong><br><em>Reserve Judge for FCI6 breeds\u00a0<strong>Helin Tenson<\/strong><\/em><br>Alpine Dachsbracke, American Foxhound, Ariegeois, Artois Hound, Basset Fauve De Bretagne, Basset Hound, Bavarian Mountain Scent Hound, Beagle, Billy, Black &amp; Tan Coonhound, Blue Gascony Basset, Bluetick Coonhound, Briquet Griffon Vend\u00e9en, Dalmatian, Drever, Fawn Brittany Griffon, French Tricolour Hound, French White &amp; Black Hound, French White &amp; Orange Hound, Grand Basset Griffon Vend\u00e9en, Grand Griffon Vend\u00e9en, Great Anglo-French Tricolour Hound, Great Anglo-French White &amp; Black Hound, Great Anglo-French White &amp; Orange Hound, Great Gascony Blue, Griffon Nivernais, Hanoverian Scent Hound, Medium-Sized Anglo-French Hound, Norman Artesien Basset, Petit Basset Griffon Vend\u00e9en, Plott, Porcelaine, Rhodesian Ridgeback, Russian Hound, Small Blue Gascony, Small Swiss Hound, Small Bernese Hound, Small Swiss Hound, Small Jura Hound, Small Swiss Hound, Small Lucerne Hound, Small Swiss Hound, Small Schwyz Hound, Treeing Walker Coonhound, Tyrolean Hound, Westphalian Dachsbracke\u00a0<strong>Laura Ripatti<\/strong><br>Anglo Russian Hound, Austrian Black &amp; Tan Hound, Beagle Harrier, Bloodhound, Blue Gascony Griffon, Bosnian Broken-Haired Hound-Called Barak, Brazilian Tracker, Coarse-haired Italian Hound, Coarse-Haired Styrian Hound, English Foxhound, Estonian Hound, Finnish Hound, Gascon Saintongeois, German Hound, Gotland Hound, Halden Hound, Hamiltonst\u00f6vare, Harrier, Hellenic Hound, Hungarian Hound &#8211; Transylvanian Scent Hound, Hygen Hound, Istrian Short-Haired Hound, Istrian Wire-Haired Hound, Italian Short-Haired Segugio, Montenegrin Mountain Hound, Norwegian Hound, Otterhound, Poitevin, Polish Hound, Polish Hunting Dog, Posavatz Hound, Schillerst\u00f6vare, Segugio Maremmano, Serbian Hound, Serbian Tricolour Hound, Slovakian Hound, Sm\u00e5landsst\u00f6vare, Spanish Hound, Swiss Hound, Bernese Hound, Swiss Hound, Jura Hound, Swiss Hound, Lucerne Hound, Swiss Hound, Schwyz Hound\u00a0<strong>Teija Urpelainen<\/strong><\/p>\n\n\n\n<p><strong>FCI 9<\/strong><br><em>Reserve Judge for FCI9 breeds\u00a0<strong>Helin Tenson<\/strong><\/em><br>Bichon Frise, Boston Terrier, French Bulldog, Pug, Tibetan Terrier\u00a0<strong>Gavin Robertson<\/strong>, Great Britain<br>Bolognese, Chinese Crested Dog, Coton de Tulear, King Charles Spaniel, Lhasa Apso, Little Lion Dog, Maltese, Medium Size Poodle, black, brown, and white, Medium Size Poodle, grey, apricot, and red, Medium Size Poodle, other colours, Miniature Poodle, black, brown, and white, Miniature Poodle, grey, apricot, and red, Miniature Poodle, other colours, Shih Tzu, Standard Poodle, black, brown, and white, Standard Poodle, grey, apricot, and red, Standard Poodle, other colours, Toy Poodle, Toy Poodle, black, brown, and white, Toy Poodle, grey, apricot, and red, Toy Poodle, other colours\u00a0<strong>Gerhard P\u00f6llinger<\/strong>, Austria<br>Russian Toy Long-haired, Russian Toy Smooth-haired\u00a0<strong>Helin Tenson<\/strong><br>Chihuahua Long-haired, Chihuahua Smooth-haired, Pra\u017esk\u00fd Krysar\u00edk, Russkaja Tsvetnaja Bolonka\u00a0<strong>Sanna Koponen<\/strong><br>Cavalier King Charles Spaniel, Griffon Belge, Griffon Bruxellois, Havanese, Japanese Chin, Kromfohrl\u00e4nder, Markiesje, Papillon, Pekingese, Petit Braban\u00e7on, Phal\u00e8ne, Tibetan Spaniel\u00a0<strong>Toni Saira<\/strong><\/p>\n\n\n\n<p><strong>FCI 10<\/strong><br><em>Reserve Judge for FCI10 breeds\u00a0<strong>Helin Tenson<\/strong><\/em><br>Afghan Hound, Azawakh, Borzoi, Deerhound, Greyhound, Hungarian Greyhound, Italian Greyhound, Polish Greyhound, Saluki, Sloughi, Spanish Greyhound, Whippet\u00a0<strong>Sari M\u00e4ki\u00f6<\/strong><br>Irish Wolfhound\u00a0<strong>Teija Urpelainen<\/strong><\/p>\n\n\n\n<p>Group finals Sunday<br>2<strong>\u00a0Peter Van Montfoort<\/strong>, The Netherlands<br>5<strong>\u00a0Sanna Koponen<\/strong><br>6<strong>\u00a0Teija Urpelainen<\/strong><br>9<strong>\u00a0Gerhard P\u00f6llinger<\/strong>, Austria<br>10<strong>\u00a0Sari M\u00e4ki\u00f6<\/strong><br>BIS Junior\u00a0<strong>Ville-Veikko Meronen<\/strong><br>BIS Veteran\u00a0<strong>Helin Tenson<\/strong><br>BIS Breeder&#8217;s Group\u00a0<strong>Mervi Raisaari<\/strong><\/p>\n\n\n\n<p>Best in Show<strong>&nbsp;Gavin Robertson<\/strong>, Great Britain<\/p>\n\n\n\n<p><\/p>\n","protected":false},"excerpt":{"rendered":"<p>FCI 1Reserve Judge for FCI1 breeds\u00a0Irina PoletaevaBearded Collie, Briard, Old English Sheepdog\u00a0Gavin Robertson, Great BritainAustralian Cattle Dog, Australian Stumpy Tail Cattle Dog, Bohemian Shepherd Dog, Collie Smooth, Komondor, Kuvasz, Miniature American Shepherd, Mudi, Puli, other colors, Puli, white, Pumi, White Swiss Shepherd Dog\u00a0Maarit HassinenAustralian Kelpie, Berger de Beauce, Czechoslovakian Wolfdog, Dutch Schapendoes, Dutch Shepherd Dog,&#8230;<\/p>\n","protected":false},"author":1,"featured_media":0,"parent":89,"menu_order":1,"comment_status":"closed","ping_status":"closed","template":"","meta":{"footnotes":""},"class_list":["post-94","page","type-page","status-publish","hentry"],"_links":{"self":[{"href":"https:\/\/www.showlink.fi\/shows\/eukanubasummershow25\/wp-json\/wp\/v2\/pages\/94","targetHints":{"allow":["GET"]}}],"collection":[{"href":"https:\/\/www.showlink.fi\/shows\/eukanubasummershow25\/wp-json\/wp\/v2\/pages"}],"about":[{"href":"https:\/\/www.showlink.fi\/shows\/eukanubasummershow25\/wp-json\/wp\/v2\/types\/page"}],"author":[{"embeddable":true,"href":"https:\/\/www.showlink.fi\/shows\/eukanubasummershow25\/wp-json\/wp\/v2\/users\/1"}],"replies":[{"embeddable":true,"href":"https:\/\/www.showlink.fi\/shows\/eukanubasummershow25\/wp-json\/wp\/v2\/comments?post=94"}],"version-history":[{"count":11,"href":"https:\/\/www.showlink.fi\/shows\/eukanubasummershow25\/wp-json\/wp\/v2\/pages\/94\/revisions"}],"predecessor-version":[{"id":378,"href":"https:\/\/www.showlink.fi\/shows\/eukanubasummershow25\/wp-json\/wp\/v2\/pages\/94\/revisions\/378"}],"up":[{"embeddable":true,"href":"https:\/\/www.showlink.fi\/shows\/eukanubasummershow25\/wp-json\/wp\/v2\/pages\/89"}],"wp:attachment":[{"href":"https:\/\/www.showlink.fi\/shows\/eukanubasummershow25\/wp-json\/wp\/v2\/media?parent=94"}],"curies":[{"name":"wp","href":"https:\/\/api.w.org\/{rel}","templated":true}]}}