{"id":10,"date":"2020-01-07T16:48:26","date_gmt":"2020-01-07T14:48:26","guid":{"rendered":"https:\/\/www.showlink.fi\/shows\/haapavesi2020\/?page_id=10"},"modified":"2025-11-18T12:45:12","modified_gmt":"2025-11-18T10:45:12","slug":"ilmoittautuminen","status":"publish","type":"page","link":"https:\/\/www.showlink.fi\/shows\/haapavesi2026\/?page_id=10","title":{"rendered":"Ilmoittautuminen"},"content":{"rendered":"\n<p><strong>Ilmoittautumiset tulee suorittaa 20.4 \/ 4.5. \/ 11.5.2026<\/strong> <strong>menness\u00e4.<\/strong><\/p>\n\n\n\n<p><strong>Ilmoittautuminen n\u00e4yttelyyn tulee tehd\u00e4 internetiss\u00e4. <\/strong>Ilmoittaessaan  koiransa n\u00e4yttelyn n\u00e4ytteilleasettaja sitoutuu noudattamaan Suomen  Kennelliiton voimassa olevia n\u00e4yttelys\u00e4\u00e4nt\u00f6j\u00e4 ja niit\u00e4 t\u00e4ydent\u00e4vi\u00e4  ohjeita sek\u00e4 rokotusm\u00e4\u00e4r\u00e4yksi\u00e4. S\u00e4\u00e4nn\u00f6t l\u00f6ytyv\u00e4t <a href=\"https:\/\/www.kennelliitto.fi\/koiraharrastukset\/koiranayttelyt\/ohjeita-ja-lomakkeita-nayttelyyn-osallistujille-ja-nayttelyn-jarjestajille\"> <strong>Kennelliiton kotisivuilta.<\/strong><\/a><\/p>\n\n\n\n<p><strong>Online-ilmoittautuminen<\/strong> osoitteessa <a href=\"http:\/\/www.showlink.fi\">www.showlink.fi<\/a> \u2192<strong> <\/strong><a href=\"http:\/\/ilmoittautuminen.kennelliitto.fi\/\"><strong>ILMOITTAUDU N\u00c4YTTELYYN<\/strong><\/a><\/p>\n\n\n\n<p>Online-ilmoittautumisesta tulee aina vahvistus s\u00e4hk\u00f6postiisi. Jollet  saa vahvistusta, ota v\u00e4litt\u00f6m\u00e4sti yhteytt\u00e4 asiakaspalveluumme. Tarkasta  ilmoittautumisesta koirasi tiedot ja kilpailuluokka.&nbsp;  Netti-ilmoittautuminen maksetaan verkkopankilla tai luottokortilla  ilmoittautumisen yhteydess\u00e4.<\/p>\n\n\n\n<hr class=\"wp-block-separator has-text-color has-alpha-channel-opacity has-background\" style=\"background-color:#6d707321;color:#6d707321\"\/>\n\n\n\n<h3 class=\"wp-block-heading\">Ilmoittautumismaksut<\/h3>\n\n\n\n<p><strong>Ilmoittautumismaksut 20.4.2026 menness\u00e4<\/strong><br>ilmoittautumismaksu <strong>39 \u20ac<\/strong><br>saman omistajan<strong> 2.<\/strong> jne koira<strong> 32 \u20ac <\/strong><br>pennut ja veteraanit <strong>26 \u20ac<\/strong><br>yli 10-vuotiaat veteraanit veteraaniluokkaan ilmoitettuna <strong>10 \u20ac<\/strong><\/p>\n\n\n\n<p><strong>Ilmoittautumismaksut 21.4.-4.5.2026 v\u00e4lisen\u00e4 aikana<\/strong><br>ilmoittautumismaksu <strong>45 \u20ac<\/strong><br>saman omistajan<strong> 2.<\/strong> jne koira<strong> 38 \u20ac <\/strong><br>pennut ja veteraanit <strong>32 \u20ac<\/strong><br>yli 10-vuotiaat veteraanit veteraaniluokkaan ilmoitettuna <strong>15 \u20ac<\/strong><\/p>\n\n\n\n<p><strong>Ilmoittautumismaksut 5.-11.5.2026 v\u00e4lisen\u00e4 aikana<\/strong><br><strong>55 \u20ac<\/strong> \/ koira, kaikki luokat<\/p>\n\n\n\n<hr class=\"wp-block-separator has-text-color has-alpha-channel-opacity has-background\" style=\"background-color:#6d707321;color:#6d707321\"\/>\n\n\n\n<p><strong>Ilmoittautumisia ja kasvattajaryhmi\u00e4 koskevat tiedustelut&nbsp;<\/strong><br><strong>Showlink Oy<\/strong>&nbsp; arkisin klo 11\u201317 puh. 09 887 30320 tai e-mail: info@showlink.fi<\/p>\n\n\n\n<p><strong><em>Mainitsethan tiedustelussasi \/ s\u00e4hk\u00f6postissasi n\u00e4yttelyn nimen sek\u00e4 koiran rekisterinumeron, jota tiedustelu koskee.<\/em><\/strong><em>&nbsp;Netti-ilmoittautumisesta tulee aina vahvistus s\u00e4hk\u00f6postiisi. Jollet saa noin tunnin sis\u00e4ll\u00e4 vahvistusta ilmoittautumisen j\u00e4lkeen, ota heti yhteytt\u00e4 asiakaspalveluumme. Tarkasta ilmoittautumisesta koirasi tiedot ja kilpailuluokka.<\/em><\/p>\n\n\n\n<hr class=\"wp-block-separator has-text-color has-alpha-channel-opacity has-background\" style=\"background-color:#6d707321;color:#6d707321\"\/>\n\n\n\n<h3 class=\"wp-block-heading\">Lis\u00e4tietoa<\/h3>\n\n\n\n<p>Ilmoittautumisajan p\u00e4\u00e4ttymisen j\u00e4lkeen koiraa ei voida siirt\u00e4\u00e4 toiseen luokkaan (ellei kysymyksess\u00e4 ole j\u00e4rjest\u00e4j\u00e4st\u00e4 johtuva virhe).<br>Uros, jolla ei ole normaalit kivekset saa hyl\u00e4tyn.<\/p>\n\n\n\n<p><strong>Huom!&nbsp;<\/strong>Internetilmoittautuminen maksetaan verkkopankissa tai luottokortilla ilmoittautumisen yhteydess\u00e4 ohjelman antamien ohjeiden mukaan. Ilmoittautumismaksun alennuksen (saman om. 2. jne koira) saaminen edellytt\u00e4\u00e4 kaikkien koirien ilmoittamista yhdell\u00e4 kertaa. Samaksi omistajaksi tulkitaan ilmoittautumistapahtuman ensimm\u00e4iselle koiralle ensimm\u00e4iseksi omistajaksi merkitty henkil\u00f6.<\/p>\n\n\n\n<p>Ilmoittautuminen on teht\u00e4v\u00e4 kirjallisesti - pelkk\u00e4 n\u00e4yttelymaksun suoritus ei ole ilmoittautuminen! Kirjallisen ilmoittautumisen voit tehd\u00e4 vahvistettuna netti-ilmoittautumisena.<\/p>\n\n\n\n<p><strong>Rokotusm\u00e4\u00e4r\u00e4ykset&nbsp;<\/strong><br>Suomen Kennelliitto-Finska Kennelklubben ry:n m\u00e4\u00e4r\u00e4ysten mukaan.<br>Suomen lain vastasesti typistetyt koirat eiv\u00e4t saa osallistua n\u00e4yttelyyn.<br>N\u00e4yttelyyn osallistuvan koiran tulee olla tunnistusmerkitty.<br>Tunnistusmerkint\u00e4 on pakollinen Kennelliiton virallisissa n\u00e4yttelyiss\u00e4, kokeissa ja kilpailuissa.<\/p>\n\n\n\n<p><strong>Antidoping \u2013valvonta<\/strong><br>Dopingvalvonta koskee kaikkia Suomen Kennelliiton my\u00f6nt\u00e4mi\u00e4 n\u00e4yttelyit\u00e4, kilpailuja ja kokeita.<br>Ajankohtaisinta tietoa:&nbsp;<a href=\"https:\/\/www.kennelliitto.fi\/koiraharrastukset\/tietoa-antidopingsaannoista-kaytanteista-ja-valvonnasta\">KENNELLIITTO \/ ANTIDOPING<\/a><\/p>\n","protected":false},"excerpt":{"rendered":"<p>Ilmoittautumiset tulee suorittaa 20.4 \/ 4.5. \/ 11.5.2026 menness\u00e4. Ilmoittautuminen n\u00e4yttelyyn tulee tehd\u00e4 internetiss\u00e4. Ilmoittaessaan koiransa n\u00e4yttelyn n\u00e4ytteilleasettaja sitoutuu noudattamaan Suomen Kennelliiton voimassa olevia n\u00e4yttelys\u00e4\u00e4nt\u00f6j\u00e4 ja niit\u00e4 t\u00e4ydent\u00e4vi\u00e4 ohjeita sek\u00e4 rokotusm\u00e4\u00e4r\u00e4yksi\u00e4. S\u00e4\u00e4nn\u00f6t l\u00f6ytyv\u00e4t Kennelliiton kotisivuilta. Online-ilmoittautuminen osoitteessa www.showlink.fi \u2192 ILMOITTAUDU N\u00c4YTTELYYN Online-ilmoittautumisesta tulee aina vahvistus s\u00e4hk\u00f6postiisi. Jollet saa vahvistusta, ota v\u00e4litt\u00f6m\u00e4sti yhteytt\u00e4 asiakaspalveluumme. Tarkasta ilmoittautumisesta <a href=\"https:\/\/www.showlink.fi\/shows\/haapavesi2026\/?page_id=10\" class=\"more-link\">...jatka lukemista<span class=\"screen-reader-text\"> \"Ilmoittautuminen\"<\/span><\/a><\/p>\n","protected":false},"author":1,"featured_media":0,"parent":0,"menu_order":3,"comment_status":"closed","ping_status":"closed","template":"","meta":{"footnotes":""},"class_list":["post-10","page","type-page","status-publish","h-entry","hentry","h-as-page"],"_links":{"self":[{"href":"https:\/\/www.showlink.fi\/shows\/haapavesi2026\/index.php?rest_route=\/wp\/v2\/pages\/10","targetHints":{"allow":["GET"]}}],"collection":[{"href":"https:\/\/www.showlink.fi\/shows\/haapavesi2026\/index.php?rest_route=\/wp\/v2\/pages"}],"about":[{"href":"https:\/\/www.showlink.fi\/shows\/haapavesi2026\/index.php?rest_route=\/wp\/v2\/types\/page"}],"author":[{"embeddable":true,"href":"https:\/\/www.showlink.fi\/shows\/haapavesi2026\/index.php?rest_route=\/wp\/v2\/users\/1"}],"replies":[{"embeddable":true,"href":"https:\/\/www.showlink.fi\/shows\/haapavesi2026\/index.php?rest_route=%2Fwp%2Fv2%2Fcomments&post=10"}],"version-history":[{"count":12,"href":"https:\/\/www.showlink.fi\/shows\/haapavesi2026\/index.php?rest_route=\/wp\/v2\/pages\/10\/revisions"}],"predecessor-version":[{"id":114,"href":"https:\/\/www.showlink.fi\/shows\/haapavesi2026\/index.php?rest_route=\/wp\/v2\/pages\/10\/revisions\/114"}],"wp:attachment":[{"href":"https:\/\/www.showlink.fi\/shows\/haapavesi2026\/index.php?rest_route=%2Fwp%2Fv2%2Fmedia&parent=10"}],"curies":[{"name":"wp","href":"https:\/\/api.w.org\/{rel}","templated":true}]}}