{"id":12,"date":"2020-01-07T16:50:02","date_gmt":"2020-01-07T14:50:02","guid":{"rendered":"https:\/\/www.showlink.fi\/shows\/haapavesi2020\/?page_id=12"},"modified":"2025-12-03T09:55:44","modified_gmt":"2025-12-03T07:55:44","slug":"tuomarit","status":"publish","type":"page","link":"https:\/\/www.showlink.fi\/shows\/haapavesi2026\/?page_id=12","title":{"rendered":"Tuomarit"},"content":{"rendered":"\n<p><strong>Ryhm\u00e4 1<\/strong><br><em>Varalla kaikille ryhm\u00e4 1 roduille\u00a0<strong>Paula Heikkinen-Lehkonen<\/strong><\/em><br>ardennienkarjakoira, australian t\u00f6p\u00f6h\u00e4nt\u00e4inen karjakoira, australiankelpie, beauceron, bergamonpaimenkoira, bordercollie, bouvier, briardi, ceskoslovensky vlciak, etel\u00e4ven\u00e4j\u00e4nkoira, karpaattienkoira, katalonianpaimenkoira, komondor, kroatianpaimenkoira, kuvasz, lancashirenkarjakoira, pyreneittenpaimenkoirat, mallorcanpaimenkoira, maremmano-abruzzese, mudi, owczarek podhalanski, partacollie, picardienpaimenkoira, pieniamerikanpaimenkoira, polski owczarek nizinny, pulit, pumi, romanianpaimenkoira, saarlooswolfhond, saksanpaimenkoirat, schapendoes, schipperke, serra de airesinpaimenkoira, shetlanninlammaskoira, slovakiancuvac, tsekinpaimenkoira, valkoinenpaimenkoira, vanhaenglanninlammaskoira, welsh corgi cardigan, welsh corgi pembroke\u00a0<strong>Anita Al-Bachy<\/strong><br>muut\u00a0<strong>Jaana Kummala<\/strong><\/p>\n\n\n\n<p><strong>Ryhm\u00e4 2<\/strong><br><em>Varalla kaikille ryhm\u00e4 2 roduille\u00a0<strong>Anita Al-Bachy<\/strong><\/em><br>bernhardinkoirat, bokseri, bordeauxindoggi, broholminkoira, bukovinankoira, bullmastiffi, cane corso, castro laboreironkoira, continental bulldog, dobermanni, dogo argentino, espanjanmastiffi, fila brasileiro, hollanninrottakoira, hovawart, it\u00e4vallanpinseri, kanariandoggi, karstinpaimenkoira, keskiaasiankoira, landseer, leonberginkoira, mallorcandoggi, napolinmastiffi, newfoundlandinkoira, rottweiler, sao miguelinfila, sarplaninac, tanskandoggit, tiibetinmastiffi, tornjak, tosa, transmontano mastiff, uruguayncimarron\u00a0<strong>Juha Putkonen<\/strong><br>muut\u00a0<strong>Paula Heikkinen-Lehkonen<\/strong><\/p>\n\n\n\n<p><strong>Ryhm\u00e4 6<\/strong><br><em>Varalla kaikille ryhm\u00e4 6 roduille\u00a0<strong>Reino Korpela<\/strong><\/em><br>kaikki rodut\u00a0<strong>Sakari Poti<\/strong><\/p>\n\n\n\n<p><strong>Ryhm\u00e4 8<\/strong><br><em>Varalla kaikille ryhm\u00e4 8 roduille\u00a0<strong>Juha Putkonen<\/strong><\/em><br>amerikancockerspanieli, kultainennoutaja, labradorinnoutaja, portugalinvesikoira\u00a0<strong>Perttu St\u00e5hlberg<\/strong><br>amerikanvesispanieli, chesapeakelahdennoutaja, clumberinspanieli, fieldspanieli, friisinvesikoira, irlanninvesispanieli, kiharakarvainen noutaja, kooikerhondje, lagotto romagnolo, novascotiannoutaja, puolanmets\u00e4stysspanieli, sile\u00e4karvainen noutaja, sussexinspanieli, ven\u00e4j\u00e4nspanieli, viiri\u00e4iskoira\u00a0<strong>Reino Korpela<\/strong><br>muut\u00a0<strong>Jaana Kummala<\/strong><\/p>\n\n\n\n<p>Ryhm\u00e4kilpailut<br>FCI 1<strong>\u00a0Jaana Kummala<\/strong><br>FCI 2<strong>\u00a0Juha Putkonen<\/strong><br>FCI 6<strong>\u00a0Sakari Poti<\/strong><br>FCI 8<strong>\u00a0Perttu St\u00e5hlberg<\/strong><br><br>Paras juniori\u00a0<strong>Paula Heikkinen-Lehkonen<\/strong><br>Paras veteraani\u00a0<strong>Juha Putkonen<\/strong><br>Paras kasvattajaryhm\u00e4\u00a0<strong>Paula Heikkinen-Lehkonen<\/strong><br>Best in Show<strong>\u00a0Perttu St\u00e5hlberg<\/strong><\/p>\n","protected":false},"excerpt":{"rendered":"<p>Ryhm\u00e4 1Varalla kaikille ryhm\u00e4 1 roduille\u00a0Paula Heikkinen-Lehkonenardennienkarjakoira, australian t\u00f6p\u00f6h\u00e4nt\u00e4inen karjakoira, australiankelpie, beauceron, bergamonpaimenkoira, bordercollie, bouvier, briardi, ceskoslovensky vlciak, etel\u00e4ven\u00e4j\u00e4nkoira, karpaattienkoira, katalonianpaimenkoira, komondor, kroatianpaimenkoira, kuvasz, lancashirenkarjakoira, pyreneittenpaimenkoirat, mallorcanpaimenkoira, maremmano-abruzzese, mudi, owczarek podhalanski, partacollie, picardienpaimenkoira, pieniamerikanpaimenkoira, polski owczarek nizinny, pulit, pumi, romanianpaimenkoira, saarlooswolfhond, saksanpaimenkoirat, schapendoes, schipperke, serra de airesinpaimenkoira, shetlanninlammaskoira, slovakiancuvac, tsekinpaimenkoira, valkoinenpaimenkoira, vanhaenglanninlammaskoira, welsh corgi cardigan, <a href=\"https:\/\/www.showlink.fi\/shows\/haapavesi2026\/?page_id=12\" class=\"more-link\">...jatka lukemista<span class=\"screen-reader-text\"> \"Tuomarit\"<\/span><\/a><\/p>\n","protected":false},"author":1,"featured_media":0,"parent":0,"menu_order":2,"comment_status":"closed","ping_status":"closed","template":"","meta":{"footnotes":""},"class_list":["post-12","page","type-page","status-publish","h-entry","hentry","h-as-page"],"_links":{"self":[{"href":"https:\/\/www.showlink.fi\/shows\/haapavesi2026\/index.php?rest_route=\/wp\/v2\/pages\/12","targetHints":{"allow":["GET"]}}],"collection":[{"href":"https:\/\/www.showlink.fi\/shows\/haapavesi2026\/index.php?rest_route=\/wp\/v2\/pages"}],"about":[{"href":"https:\/\/www.showlink.fi\/shows\/haapavesi2026\/index.php?rest_route=\/wp\/v2\/types\/page"}],"author":[{"embeddable":true,"href":"https:\/\/www.showlink.fi\/shows\/haapavesi2026\/index.php?rest_route=\/wp\/v2\/users\/1"}],"replies":[{"embeddable":true,"href":"https:\/\/www.showlink.fi\/shows\/haapavesi2026\/index.php?rest_route=%2Fwp%2Fv2%2Fcomments&post=12"}],"version-history":[{"count":7,"href":"https:\/\/www.showlink.fi\/shows\/haapavesi2026\/index.php?rest_route=\/wp\/v2\/pages\/12\/revisions"}],"predecessor-version":[{"id":120,"href":"https:\/\/www.showlink.fi\/shows\/haapavesi2026\/index.php?rest_route=\/wp\/v2\/pages\/12\/revisions\/120"}],"wp:attachment":[{"href":"https:\/\/www.showlink.fi\/shows\/haapavesi2026\/index.php?rest_route=%2Fwp%2Fv2%2Fmedia&parent=12"}],"curies":[{"name":"wp","href":"https:\/\/api.w.org\/{rel}","templated":true}]}}