{"id":58,"date":"2022-05-04T14:40:17","date_gmt":"2022-05-04T11:40:17","guid":{"rendered":"https:\/\/www.showlink.fi\/shows\/haapavesi2022\/?page_id=58"},"modified":"2025-11-18T12:46:11","modified_gmt":"2025-11-18T10:46:11","slug":"tulokset","status":"publish","type":"page","link":"https:\/\/www.showlink.fi\/shows\/haapavesi2026\/?page_id=58","title":{"rendered":"Tulokset"},"content":{"rendered":"\n<p>N\u00e4yttelyss\u00e4mme on reaaliaikainen tulospalvelu.<\/p>\n\n\n\n<p><strong>\u00bb Siirry n\u00e4yttelyn tuloksiin<\/strong><\/p>\n\n\n\n<p>Jalostustietoj\u00e4rjestelm\u00e4\u00e4n tulokset p\u00e4ivittyv\u00e4t n\u00e4yttelyn p\u00e4\u00e4tytty\u00e4.<\/p>\n","protected":false},"excerpt":{"rendered":"<p>N\u00e4yttelyss\u00e4mme on reaaliaikainen tulospalvelu. \u00bb Siirry n\u00e4yttelyn tuloksiin Jalostustietoj\u00e4rjestelm\u00e4\u00e4n tulokset p\u00e4ivittyv\u00e4t n\u00e4yttelyn p\u00e4\u00e4tytty\u00e4.<\/p>\n","protected":false},"author":1,"featured_media":0,"parent":0,"menu_order":10,"comment_status":"closed","ping_status":"closed","template":"","meta":{"footnotes":""},"class_list":["post-58","page","type-page","status-publish","h-entry","hentry","h-as-page"],"_links":{"self":[{"href":"https:\/\/www.showlink.fi\/shows\/haapavesi2026\/index.php?rest_route=\/wp\/v2\/pages\/58","targetHints":{"allow":["GET"]}}],"collection":[{"href":"https:\/\/www.showlink.fi\/shows\/haapavesi2026\/index.php?rest_route=\/wp\/v2\/pages"}],"about":[{"href":"https:\/\/www.showlink.fi\/shows\/haapavesi2026\/index.php?rest_route=\/wp\/v2\/types\/page"}],"author":[{"embeddable":true,"href":"https:\/\/www.showlink.fi\/shows\/haapavesi2026\/index.php?rest_route=\/wp\/v2\/users\/1"}],"replies":[{"embeddable":true,"href":"https:\/\/www.showlink.fi\/shows\/haapavesi2026\/index.php?rest_route=%2Fwp%2Fv2%2Fcomments&post=58"}],"version-history":[{"count":4,"href":"https:\/\/www.showlink.fi\/shows\/haapavesi2026\/index.php?rest_route=\/wp\/v2\/pages\/58\/revisions"}],"predecessor-version":[{"id":116,"href":"https:\/\/www.showlink.fi\/shows\/haapavesi2026\/index.php?rest_route=\/wp\/v2\/pages\/58\/revisions\/116"}],"wp:attachment":[{"href":"https:\/\/www.showlink.fi\/shows\/haapavesi2026\/index.php?rest_route=%2Fwp%2Fv2%2Fmedia&parent=58"}],"curies":[{"name":"wp","href":"https:\/\/api.w.org\/{rel}","templated":true}]}}