{"id":6,"date":"2020-01-07T16:47:51","date_gmt":"2020-01-07T14:47:51","guid":{"rendered":"https:\/\/www.showlink.fi\/shows\/haapavesi2020\/?page_id=6"},"modified":"2025-11-18T12:38:14","modified_gmt":"2025-11-18T10:38:14","slug":"tervetuloa-haapaveden-ryhmanayttelyyn-2-5-2020","status":"publish","type":"page","link":"https:\/\/www.showlink.fi\/shows\/haapavesi2026\/","title":{"rendered":"Tervetuloa Haapaveden ryhm\u00e4n\u00e4yttelyyn 23.5.2026!"},"content":{"rendered":"\n<p><strong>N\u00e4yttelypaikka:<\/strong> Haapaveden pes\u00e4pallokentt\u00e4<br><strong>Osoite: <\/strong>Hakakuja 4, 86600 Haapavesi<\/p>\n\n\n\n<p><strong>N\u00e4yttelyss\u00e4 arvostellaan rodut roturyhmist\u00e4 FCI 1, FCI 2, FCI 6 &amp; FCI 8. <\/strong><br>My\u00f6s pennut (7kk - alle 9kk).<br>\u00bb <strong>FCI 1<\/strong> \u2013 Lammas- ja karjakoirat (paitsi sveitsinpaimenkoirat)<br>\u00bb <strong>FCI 2<\/strong> \u2013 Pinserit, snautserit, molossityyppiset ja sveitsinpaimenkoirat<br>\u00bb <strong>FCI 6<\/strong> \u2013 Ajavat ja j\u00e4ljest\u00e4v\u00e4t koirat<br>\u00bb <strong>FCI 8 <\/strong>\u2013 Noutajat, yl\u00f6sajavat koirat\u00a0ja vesikoirat<\/p>\n\n\n\n<p><strong>J\u00e4rjest\u00e4j\u00e4:<\/strong> Haapaveden Kennelseura ry<\/p>\n\n\n\n<hr class=\"wp-block-separator has-text-color has-alpha-channel-opacity has-background\" style=\"background-color:#6d707321;color:#6d707321\"\/>\n\n\n\n<p><strong>Ilmoittautumisia koskevat tiedustelut<\/strong><br>Showlink Oy, arkisin klo 11\u201317 puh. (09) 8873 0320 tai email: info@showlink.fi<\/p>\n\n\n\n<p><em>Mainitsethan tiedustelussasi \/ s\u00e4hk\u00f6postissasi n\u00e4yttelyn sek\u00e4 koiran rekisterinumeron, jota tiedustelu koskee.<\/em><\/p>\n\n\n\n<p><strong>Muut tiedustelut<\/strong><br>nm.liukkonen@gmail.com<\/p>\n\n\n\n<p><strong>Rahastonhoitaja<\/strong><br>kaija.partanen@kotinet.com<\/p>\n\n\n\n<p><strong>Keh\u00e4toimitsijat<\/strong><br>mervi.korkiasaari@kotinet.com<\/p>\n\n\n\n<p><\/p>\n","protected":false},"excerpt":{"rendered":"<p>N\u00e4yttelypaikka: Haapaveden pes\u00e4pallokentt\u00e4Osoite: Hakakuja 4, 86600 Haapavesi N\u00e4yttelyss\u00e4 arvostellaan rodut roturyhmist\u00e4 FCI 1, FCI 2, FCI 6 &amp; FCI 8. My\u00f6s pennut (7kk - alle 9kk).\u00bb FCI 1 \u2013 Lammas- ja karjakoirat (paitsi sveitsinpaimenkoirat)\u00bb FCI 2 \u2013 Pinserit, snautserit, molossityyppiset ja sveitsinpaimenkoirat\u00bb FCI 6 \u2013 Ajavat ja j\u00e4ljest\u00e4v\u00e4t koirat\u00bb FCI 8 \u2013 Noutajat, yl\u00f6sajavat koirat\u00a0ja <a href=\"https:\/\/www.showlink.fi\/shows\/haapavesi2026\/\" class=\"more-link\">...jatka lukemista<span class=\"screen-reader-text\"> \"Tervetuloa Haapaveden ryhm\u00e4n\u00e4yttelyyn 23.5.2026!\"<\/span><\/a><\/p>\n","protected":false},"author":1,"featured_media":0,"parent":0,"menu_order":0,"comment_status":"closed","ping_status":"closed","template":"","meta":{"footnotes":""},"class_list":["post-6","page","type-page","status-publish","h-entry","hentry","h-as-page"],"_links":{"self":[{"href":"https:\/\/www.showlink.fi\/shows\/haapavesi2026\/index.php?rest_route=\/wp\/v2\/pages\/6","targetHints":{"allow":["GET"]}}],"collection":[{"href":"https:\/\/www.showlink.fi\/shows\/haapavesi2026\/index.php?rest_route=\/wp\/v2\/pages"}],"about":[{"href":"https:\/\/www.showlink.fi\/shows\/haapavesi2026\/index.php?rest_route=\/wp\/v2\/types\/page"}],"author":[{"embeddable":true,"href":"https:\/\/www.showlink.fi\/shows\/haapavesi2026\/index.php?rest_route=\/wp\/v2\/users\/1"}],"replies":[{"embeddable":true,"href":"https:\/\/www.showlink.fi\/shows\/haapavesi2026\/index.php?rest_route=%2Fwp%2Fv2%2Fcomments&post=6"}],"version-history":[{"count":21,"href":"https:\/\/www.showlink.fi\/shows\/haapavesi2026\/index.php?rest_route=\/wp\/v2\/pages\/6\/revisions"}],"predecessor-version":[{"id":111,"href":"https:\/\/www.showlink.fi\/shows\/haapavesi2026\/index.php?rest_route=\/wp\/v2\/pages\/6\/revisions\/111"}],"wp:attachment":[{"href":"https:\/\/www.showlink.fi\/shows\/haapavesi2026\/index.php?rest_route=%2Fwp%2Fv2%2Fmedia&parent=6"}],"curies":[{"name":"wp","href":"https:\/\/api.w.org\/{rel}","templated":true}]}}