{"id":14,"date":"2018-10-02T13:08:03","date_gmt":"2018-10-02T10:08:03","guid":{"rendered":"http:\/\/www.showlink.fi\/shows\/hameenlinnarn2019\/?page_id=14"},"modified":"2025-06-26T08:57:26","modified_gmt":"2025-06-26T05:57:26","slug":"tulokset","status":"publish","type":"page","link":"https:\/\/www.showlink.fi\/shows\/hameenlinnarn2025\/tulokset\/","title":{"rendered":"Tulokset"},"content":{"rendered":"\n<p>N\u00e4yttelyiden tulokset julkaistaan suoraan kehist\u00e4 n\u00e4yttelyn kuluessa.<br>Jalostustietoj\u00e4rjestelm\u00e4\u00e4n tulokset tulevat n\u00e4kyviin n\u00e4yttelyn p\u00e4\u00e4tytty\u00e4.<\/p>\n\n\n\n<h4 class=\"wp-block-heading\"><span style=\"color: #7f9b51;\"><mark style=\"background-color:rgba(0, 0, 0, 0);color:#b8a89b\" class=\"has-inline-color\">Lauantai<\/mark><\/span><\/h4>\n\n\n\n<p>Lauantaina 28.6.2025 arvostellaan FCI:n ryhm\u00e4t 2, 5, 7 ja 9.<\/p>\n\n\n\n<p><strong>\u00bb <a href=\"https:\/\/tulospalvelu.kennelliitto.fi\/nayttelyt\/frmTuloksetRyhma.aspx?N=13674&amp;Lang=FIN\">Siirry n\u00e4yttelyn tuloksiin<\/a><\/strong><\/p>\n\n\n\n<h4 class=\"wp-block-heading\"><span style=\"color: #7f9b51;\"><mark style=\"background-color:rgba(0, 0, 0, 0);color:#b8a89b\" class=\"has-inline-color\">Sunnuntai<\/mark><\/span><\/h4>\n\n\n\n<p>Sunnuntaina 29.6.2025 arvostellaan FCI:n ryhm\u00e4t 1, 3, 4 ja 8.<\/p>\n\n\n\n<p><strong>\u00bb <a href=\"https:\/\/tulospalvelu.kennelliitto.fi\/nayttelyt\/frmTuloksetRyhma.aspx?N=13675&amp;Lang=FIN\">Siirry n\u00e4yttelyn tuloksiin<\/a><\/strong><\/p>\n\n\n\n<hr class=\"wp-block-separator has-text-color has-alpha-channel-opacity has-background\" style=\"background-color:#ececec;color:#ececec\"\/>\n\n\n<div class=\"wp-block-image\">\n<figure class=\"aligncenter size-full\"><a href=\"https:\/\/jahtivahti.fi\/\"><img loading=\"lazy\" decoding=\"async\" width=\"736\" height=\"256\" src=\"https:\/\/www.showlink.fi\/shows\/hameenlinnarn2025edit\/wp-content\/uploads\/sites\/86\/2025\/01\/yhttyobanneri2024_vaaka.jpg\" alt=\"\" class=\"wp-image-481\"\/><\/a><\/figure>\n<\/div>","protected":false},"excerpt":{"rendered":"<p>N\u00e4yttelyiden tulokset julkaistaan suoraan kehist\u00e4 n\u00e4yttelyn kuluessa.Jalostustietoj\u00e4rjestelm\u00e4\u00e4n tulokset tulevat n\u00e4kyviin n\u00e4yttelyn p\u00e4\u00e4tytty\u00e4. Lauantai Lauantaina 28.6.2025 arvostellaan FCI:n ryhm\u00e4t 2, 5, 7 ja 9. \u00bb Siirry n\u00e4yttelyn tuloksiin Sunnuntai Sunnuntaina 29.6.2025 arvostellaan FCI:n ryhm\u00e4t 1, 3, 4 ja 8. \u00bb Siirry n\u00e4yttelyn tuloksiin<\/p>\n","protected":false},"author":1,"featured_media":0,"parent":0,"menu_order":5,"comment_status":"closed","ping_status":"closed","template":"","meta":{"footnotes":""},"class_list":["post-14","page","type-page","status-publish","h-entry","hentry","h-as-page"],"_links":{"self":[{"href":"https:\/\/www.showlink.fi\/shows\/hameenlinnarn2025\/wp-json\/wp\/v2\/pages\/14","targetHints":{"allow":["GET"]}}],"collection":[{"href":"https:\/\/www.showlink.fi\/shows\/hameenlinnarn2025\/wp-json\/wp\/v2\/pages"}],"about":[{"href":"https:\/\/www.showlink.fi\/shows\/hameenlinnarn2025\/wp-json\/wp\/v2\/types\/page"}],"author":[{"embeddable":true,"href":"https:\/\/www.showlink.fi\/shows\/hameenlinnarn2025\/wp-json\/wp\/v2\/users\/1"}],"replies":[{"embeddable":true,"href":"https:\/\/www.showlink.fi\/shows\/hameenlinnarn2025\/wp-json\/wp\/v2\/comments?post=14"}],"version-history":[{"count":18,"href":"https:\/\/www.showlink.fi\/shows\/hameenlinnarn2025\/wp-json\/wp\/v2\/pages\/14\/revisions"}],"predecessor-version":[{"id":527,"href":"https:\/\/www.showlink.fi\/shows\/hameenlinnarn2025\/wp-json\/wp\/v2\/pages\/14\/revisions\/527"}],"wp:attachment":[{"href":"https:\/\/www.showlink.fi\/shows\/hameenlinnarn2025\/wp-json\/wp\/v2\/media?parent=14"}],"curies":[{"name":"wp","href":"https:\/\/api.w.org\/{rel}","templated":true}]}}