{"id":391,"date":"2023-05-26T11:23:55","date_gmt":"2023-05-26T08:23:55","guid":{"rendered":"https:\/\/www.showlink.fi\/shows\/hameenlinnarn2023\/?page_id=391"},"modified":"2025-06-18T14:48:02","modified_gmt":"2025-06-18T11:48:02","slug":"aikataulut-sunnuntai","status":"publish","type":"page","link":"https:\/\/www.showlink.fi\/shows\/hameenlinnarn2025\/aikataulut-sunnuntai\/","title":{"rendered":"Aikataulut &#8211; Sunnuntai"},"content":{"rendered":"\n<p>Iloksemme n\u00e4yttelyyn on ilmoitettu yhteens\u00e4 653 koiraa. N\u00e4yttelytoimikunta on joutunut tekem\u00e4\u00e4n joitakin tuomarin muutoksia. Tarkemmat ohjeet mahdollisista maksunpalautuksista ja n\u00e4yttelyp\u00e4iv\u00e4n kulusta l\u00f6ytyv\u00e4t aikataulukirjeest\u00e4. Tutustuthan tarkasti aikatauluun ja -kirjeeseen.<\/p>\n\n\n\n<p><strong>*<\/strong> = Tuomarimuutos, oikeuttaa maksunpalautukseen.<br># = Tuomarimuutos, rotu siirretty ennalta ilmoitetulle varatuomarille.<\/p>\n\n\n\n<p><strong>N\u00e4yttelykutsut tullaan l\u00e4hett\u00e4m\u00e4\u00e4n vain s\u00e4hk\u00f6isesti.<\/strong><br>Aikataulukirjeit\u00e4 ja numerolappuja ei l\u00e4hetet\u00e4 postitse.<br><br>Aikataulut on julkaistu 17.6.2025.<\/p>\n\n\n<table width=\"415\">\n<tbody>\n<tr>\n<td width=\"287\"><strong>KEH\u00c4 1<\/strong><\/td>\n<td width=\"64\">\u00a0<\/td>\n<td width=\"64\">\u00a0<\/td>\n<\/tr>\n<tr>\n<td><strong>Johan Juslin<\/strong><\/td>\n<td><strong>90<\/strong><\/td>\n<td>\u00a0<\/td>\n<\/tr>\n<tr>\n<td width=\"287\"><em>Harjoitusarvostelija: Vanninen Helene, borderterrieri, valkoinen l\u00e4nsiyl\u00e4maanterrieri, amerikanstaffordshirenterrieri, staffordshirenbullterrieri<\/em><\/td>\n<td width=\"64\">\u00a0<\/td>\n<td width=\"64\">\u00a0<\/td>\n<\/tr>\n<tr>\n<td>jackrussellinterrieri<\/td>\n<td>15<\/td>\n<td>10.00<\/td>\n<\/tr>\n<tr>\n<td>borderterrieri<\/td>\n<td>7<\/td>\n<td>\u00a0<\/td>\n<\/tr>\n<tr>\n<td>cairnterrieri<\/td>\n<td>17<\/td>\n<td>\u00a0<\/td>\n<\/tr>\n<tr>\n<td>valkoinen l\u00e4nsiyl\u00e4maanterrieri<\/td>\n<td>7<\/td>\n<td>12.00<\/td>\n<\/tr>\n<tr>\n<td>walesinterrieri<\/td>\n<td>1<\/td>\n<td>\u00a0<\/td>\n<\/tr>\n<tr>\n<td>lakelandinterrieri<\/td>\n<td>1<\/td>\n<td>\u00a0<\/td>\n<\/tr>\n<tr>\n<td>silkkiterrieri<\/td>\n<td>1<\/td>\n<td>\u00a0<\/td>\n<\/tr>\n<tr>\n<td>sile\u00e4karvainen kettuterrieri<\/td>\n<td>4<\/td>\n<td>\u00a0<\/td>\n<\/tr>\n<tr>\n<td>karkeakarvainen kettuterrieri<\/td>\n<td>4<\/td>\n<td>\u00a0<\/td>\n<\/tr>\n<tr>\n<td>irlanninterrieri<\/td>\n<td>5<\/td>\n<td>\u00a0<\/td>\n<\/tr>\n<tr>\n<td>airedalenterrieri<\/td>\n<td>1<\/td>\n<td>\u00a0<\/td>\n<\/tr>\n<tr>\n<td>kerrynterrieri<\/td>\n<td>1<\/td>\n<td>\u00a0<\/td>\n<\/tr>\n<tr>\n<td>norfolkinterrieri<\/td>\n<td>5<\/td>\n<td>\u00a0<\/td>\n<\/tr>\n<tr>\n<td>norwichinterrieri<\/td>\n<td>7<\/td>\n<td>\u00a0<\/td>\n<\/tr>\n<tr>\n<td>vehn\u00e4terrieri<\/td>\n<td>3<\/td>\n<td>\u00a0<\/td>\n<\/tr>\n<tr>\n<td>k\u00e4\u00e4pi\u00f6bullterrieri<\/td>\n<td>1<\/td>\n<td>\u00a0<\/td>\n<\/tr>\n<tr>\n<td>bullterrieri<\/td>\n<td>1<\/td>\n<td>\u00a0<\/td>\n<\/tr>\n<tr>\n<td>amerikanstaffordshirenterrieri<\/td>\n<td>5<\/td>\n<td>\u00a0<\/td>\n<\/tr>\n<tr>\n<td>staffordshirenbullterrieri<\/td>\n<td>4<\/td>\n<td>\u00a0<\/td>\n<\/tr>\n<tr>\n<td>\u00a0<\/td>\n<td>\u00a0<\/td>\n<td>\u00a0<\/td>\n<\/tr>\n<tr>\n<td><strong>KEH\u00c4 2<\/strong><\/td>\n<td>\u00a0<\/td>\n<td>\u00a0<\/td>\n<\/tr>\n<tr>\n<td><strong>Irina Poletaeva<\/strong><\/td>\n<td><strong>88<\/strong><\/td>\n<td>\u00a0<\/td>\n<\/tr>\n<tr>\n<td width=\"287\"><em>Harjoitusarvostelija: St\u00e5hlberg Perttu, australiankarjakoira, beaucenpaimenkoira \/ beauceron<\/em><\/td>\n<td width=\"64\">\u00a0<\/td>\n<td width=\"64\">\u00a0<\/td>\n<\/tr>\n<tr>\n<td>australiankarjakoira<\/td>\n<td>2<\/td>\n<td>09.30<\/td>\n<\/tr>\n<tr>\n<td>beaucenpaimenkoira \/ beauceron<\/td>\n<td>2<\/td>\n<td>\u00a0<\/td>\n<\/tr>\n<tr>\n<td>bouvier<\/td>\n<td>1<\/td>\n<td>\u00a0<\/td>\n<\/tr>\n<tr>\n<td>brienpaimenkoira \/ briardi<\/td>\n<td>3<\/td>\n<td>\u00a0<\/td>\n<\/tr>\n<tr>\n<td>etel\u00e4ven\u00e4j\u00e4nkoira<\/td>\n<td>1<\/td>\n<td>\u00a0<\/td>\n<\/tr>\n<tr>\n<td>maremmano-abruzzese<\/td>\n<td>2<\/td>\n<td>\u00a0<\/td>\n<\/tr>\n<tr>\n<td>slovakiancuvac<\/td>\n<td>2<\/td>\n<td>\u00a0<\/td>\n<\/tr>\n<tr>\n<td>owczarek podhalanski<\/td>\n<td>1<\/td>\n<td>\u00a0<\/td>\n<\/tr>\n<tr>\n<td>pitk\u00e4karvainen pyreneittenpaimenkoira<\/td>\n<td>1<\/td>\n<td>\u00a0<\/td>\n<\/tr>\n<tr>\n<td>puli, muut v\u00e4rit<\/td>\n<td>1<\/td>\n<td>\u00a0<\/td>\n<\/tr>\n<tr>\n<td>pumi<\/td>\n<td>1<\/td>\n<td>\u00a0<\/td>\n<\/tr>\n<tr>\n<td>mudi<\/td>\n<td>2<\/td>\n<td>\u00a0<\/td>\n<\/tr>\n<tr>\n<td>partacollie<\/td>\n<td>12<\/td>\n<td>\u00a0<\/td>\n<\/tr>\n<tr>\n<td>labradorinnoutaja<\/td>\n<td>29<\/td>\n<td>11.15<\/td>\n<\/tr>\n<tr>\n<td>novascotiannoutaja<\/td>\n<td>7<\/td>\n<td>\u00a0<\/td>\n<\/tr>\n<tr>\n<td>manchesterinterrieri<\/td>\n<td>3<\/td>\n<td>\u00a0<\/td>\n<\/tr>\n<tr>\n<td>englannink\u00e4\u00e4pi\u00f6terrieri<\/td>\n<td>1<\/td>\n<td>\u00a0<\/td>\n<\/tr>\n<tr>\n<td>tenterfieldinterrieri<\/td>\n<td>3<\/td>\n<td>\u00a0<\/td>\n<\/tr>\n<tr>\n<td>amerikankarvatonterrieri<\/td>\n<td>5<\/td>\n<td>\u00a0<\/td>\n<\/tr>\n<tr>\n<td>bedlingtoninterrieri<\/td>\n<td>2<\/td>\n<td>\u00a0<\/td>\n<\/tr>\n<tr>\n<td>skyenterrieri<\/td>\n<td>2<\/td>\n<td>\u00a0<\/td>\n<\/tr>\n<tr>\n<td>glen of imaalinterrieri<\/td>\n<td>1<\/td>\n<td>\u00a0<\/td>\n<\/tr>\n<tr>\n<td>dandiedinmontinterrieri<\/td>\n<td>4<\/td>\n<td>\u00a0<\/td>\n<\/tr>\n<tr>\n<td>\u00a0<\/td>\n<td>\u00a0<\/td>\n<td>\u00a0<\/td>\n<\/tr>\n<tr>\n<td><strong>KEH\u00c4 3<\/strong><\/td>\n<td>\u00a0<\/td>\n<td>\u00a0<\/td>\n<\/tr>\n<tr>\n<td><strong>Karin Bergbom<\/strong><\/td>\n<td><strong>79<\/strong><\/td>\n<td>\u00a0<\/td>\n<\/tr>\n<tr>\n<td>#biewerterrieri<\/td>\n<td>3<\/td>\n<td>10.00<\/td>\n<\/tr>\n<tr>\n<td>#brasilianterrieri<\/td>\n<td>6<\/td>\n<td>\u00a0<\/td>\n<\/tr>\n<tr>\n<td>#parsonrussellinterrieri<\/td>\n<td>11<\/td>\n<td>\u00a0<\/td>\n<\/tr>\n<tr>\n<td><em>M\u00e4yr\u00e4koirien mittaus<\/em><\/td>\n<td>\u00a0<\/td>\n<td><em>11.00<\/em><\/td>\n<\/tr>\n<tr>\n<td>m\u00e4yr\u00e4koira, kaniinim\u00e4yr\u00e4koira karkeakarvainen<\/td>\n<td>1<\/td>\n<td>\u00a0<\/td>\n<\/tr>\n<tr>\n<td>m\u00e4yr\u00e4koira, kaniinim\u00e4yr\u00e4koira pitk\u00e4karvainen<\/td>\n<td>3<\/td>\n<td>\u00a0<\/td>\n<\/tr>\n<tr>\n<td>m\u00e4yr\u00e4koira, k\u00e4\u00e4pi\u00f6m\u00e4yr\u00e4koira lyhytkarvainen<\/td>\n<td>6<\/td>\n<td>\u00a0<\/td>\n<\/tr>\n<tr>\n<td>m\u00e4yr\u00e4koira, k\u00e4\u00e4pi\u00f6m\u00e4yr\u00e4koira karkeakarvainen<\/td>\n<td>1<\/td>\n<td>\u00a0<\/td>\n<\/tr>\n<tr>\n<td>m\u00e4yr\u00e4koira, k\u00e4\u00e4pi\u00f6m\u00e4yr\u00e4koira pitk\u00e4karvainen<\/td>\n<td>16<\/td>\n<td>\u00a0<\/td>\n<\/tr>\n<tr>\n<td>m\u00e4yr\u00e4koira, lyhytkarvainen<\/td>\n<td>10<\/td>\n<td>\u00a0<\/td>\n<\/tr>\n<tr>\n<td>m\u00e4yr\u00e4koira, karkeakarvainen<\/td>\n<td>8<\/td>\n<td>\u00a0<\/td>\n<\/tr>\n<tr>\n<td>m\u00e4yr\u00e4koira, pitk\u00e4karvainen<\/td>\n<td>14<\/td>\n<td>\u00a0<\/td>\n<\/tr>\n<tr>\n<td>\u00a0<\/td>\n<td>\u00a0<\/td>\n<td>\u00a0<\/td>\n<\/tr>\n<tr>\n<td><strong>KEH\u00c4 4<\/strong><\/td>\n<td>\u00a0<\/td>\n<td>\u00a0<\/td>\n<\/tr>\n<tr>\n<td><strong>Tarja L\u00f6fman<\/strong><\/td>\n<td><strong>91<\/strong><\/td>\n<td>\u00a0<\/td>\n<\/tr>\n<tr>\n<td width=\"287\"><em>Harjoitusarvostelija: Ruotsalainen Esa, vanhaenglanninlammaskoira, australianpaimenkoira<\/em><\/td>\n<td width=\"64\">\u00a0<\/td>\n<td width=\"64\">\u00a0<\/td>\n<\/tr>\n<tr>\n<td>vanhaenglanninlammaskoira<\/td>\n<td>1<\/td>\n<td>09.00<\/td>\n<\/tr>\n<tr>\n<td>australianpaimenkoira (EI PEN)<\/td>\n<td>31<\/td>\n<td>\u00a0<\/td>\n<\/tr>\n<tr>\n<td>- urokset<\/td>\n<td>13<\/td>\n<td>\u00a0<\/td>\n<\/tr>\n<tr>\n<td>- nartut\u00a0<\/td>\n<td>18<\/td>\n<td>\u00a0<\/td>\n<\/tr>\n<tr>\n<td>bordercollie (EI PEN)<\/td>\n<td>21<\/td>\n<td>11.00<\/td>\n<\/tr>\n<tr>\n<td>shetlanninlammaskoira (EI PEN)<\/td>\n<td>38<\/td>\n<td>\u00a0<\/td>\n<\/tr>\n<tr>\n<td>- urokset<\/td>\n<td>11<\/td>\n<td>\u00a0<\/td>\n<\/tr>\n<tr>\n<td>- nartut\u00a0<\/td>\n<td>27<\/td>\n<td>\u00a0<\/td>\n<\/tr>\n<tr>\n<td>\u00a0<\/td>\n<td>\u00a0<\/td>\n<td>\u00a0<\/td>\n<\/tr>\n<tr>\n<td><strong>KEH\u00c4 5<\/strong><\/td>\n<td>\u00a0<\/td>\n<td>\u00a0<\/td>\n<\/tr>\n<tr>\n<td><strong>Perttu St\u00e5hlberg<\/strong><\/td>\n<td><strong>77<\/strong><\/td>\n<td>\u00a0<\/td>\n<\/tr>\n<tr>\n<td width=\"287\"><em>Harjoitusarvostelija: Ruotsalainen Esa, espanjanvesikoira, englanninspringerspanieli<\/em><\/td>\n<td width=\"64\">\u00a0<\/td>\n<td width=\"64\">\u00a0<\/td>\n<\/tr>\n<tr>\n<td>skotlanninterrieri<\/td>\n<td>10<\/td>\n<td>10.00<\/td>\n<\/tr>\n<tr>\n<td>yorkshirenterrieri<\/td>\n<td>6<\/td>\n<td>\u00a0<\/td>\n<\/tr>\n<tr>\n<td>amerikancockerspanieli<\/td>\n<td>3<\/td>\n<td>\u00a0<\/td>\n<\/tr>\n<tr>\n<td>barbet<\/td>\n<td>6<\/td>\n<td>\u00a0<\/td>\n<\/tr>\n<tr>\n<td>cockerspanieli<\/td>\n<td>14<\/td>\n<td>\u00a0<\/td>\n<\/tr>\n<tr>\n<td>sussexinspanieli<\/td>\n<td>1<\/td>\n<td>\u00a0<\/td>\n<\/tr>\n<tr>\n<td>lagotto romagnolo<\/td>\n<td>10<\/td>\n<td>12.15<\/td>\n<\/tr>\n<tr>\n<td>irlanninvesispanieli<\/td>\n<td>1<\/td>\n<td>\u00a0<\/td>\n<\/tr>\n<tr>\n<td>portugalinvesikoira<\/td>\n<td>2<\/td>\n<td>\u00a0<\/td>\n<\/tr>\n<tr>\n<td>espanjanvesikoira<\/td>\n<td>5<\/td>\n<td>\u00a0<\/td>\n<\/tr>\n<tr>\n<td>englanninspringerspanieli<\/td>\n<td>15<\/td>\n<td>\u00a0<\/td>\n<\/tr>\n<tr>\n<td>walesinspringerspanieli<\/td>\n<td>4<\/td>\n<td>\u00a0<\/td>\n<\/tr>\n<tr>\n<td>\u00a0<\/td>\n<td>\u00a0<\/td>\n<td>\u00a0<\/td>\n<\/tr>\n<tr>\n<td><strong>KEH\u00c4 6<\/strong><\/td>\n<td>\u00a0<\/td>\n<td>\u00a0<\/td>\n<\/tr>\n<tr>\n<td><strong>Paavo Mattila<\/strong><\/td>\n<td><strong>77<\/strong><\/td>\n<td>\u00a0<\/td>\n<\/tr>\n<tr>\n<td width=\"287\"><em>Harjoitusarvostelija: Ruotsalainen Esa, australianpaimenkoira<\/em><\/td>\n<td>\u00a0<\/td>\n<td>\u00a0<\/td>\n<\/tr>\n<tr>\n<td>* lancashirenkarjakoira<\/td>\n<td>1<\/td>\n<td>10.00<\/td>\n<\/tr>\n<tr>\n<td>* welsh corgi cardigan<\/td>\n<td>17<\/td>\n<td>\u00a0<\/td>\n<\/tr>\n<tr>\n<td>* welsh corgi pembroke<\/td>\n<td>15<\/td>\n<td>\u00a0<\/td>\n<\/tr>\n<tr>\n<td>* schipperke<\/td>\n<td>3<\/td>\n<td>\u00a0<\/td>\n<\/tr>\n<tr>\n<td>* australiankelpie<\/td>\n<td>2<\/td>\n<td>\u00a0<\/td>\n<\/tr>\n<tr>\n<td>* pieniamerikanpaimenkoira<\/td>\n<td>7<\/td>\n<td>12.00<\/td>\n<\/tr>\n<tr>\n<td>* australianpaimenkoira (PEN)<\/td>\n<td>5<\/td>\n<td>\u00a0<\/td>\n<\/tr>\n<tr>\n<td>* bordercollie (PEN)<\/td>\n<td>1<\/td>\n<td>\u00a0<\/td>\n<\/tr>\n<tr>\n<td>* shetlanninlammaskoira (PEN)<\/td>\n<td>3<\/td>\n<td>\u00a0<\/td>\n<\/tr>\n<tr>\n<td>* polski owczarek nizinny<\/td>\n<td>2<\/td>\n<td>\u00a0<\/td>\n<\/tr>\n<tr>\n<td>* valkoinenpaimenkoira<\/td>\n<td>8<\/td>\n<td>\u00a0<\/td>\n<\/tr>\n<tr>\n<td>* kiharakarvainen noutaja<\/td>\n<td>4<\/td>\n<td>\u00a0<\/td>\n<\/tr>\n<tr>\n<td>* sile\u00e4karvainen noutaja<\/td>\n<td>9<\/td>\n<td>\u00a0<\/td>\n<\/tr>\n<tr>\n<td>\u00a0<\/td>\n<td>\u00a0<\/td>\n<td>\u00a0<\/td>\n<\/tr>\n<tr>\n<td><strong>KEH\u00c4 7<\/strong><\/td>\n<td>\u00a0<\/td>\n<td>\u00a0<\/td>\n<\/tr>\n<tr>\n<td><strong>Olli Kokkonen<\/strong><\/td>\n<td><strong>84<\/strong><\/td>\n<td>\u00a0<\/td>\n<\/tr>\n<tr>\n<td>belgianpaimenkoira, groenendael<\/td>\n<td>4<\/td>\n<td>10.00<\/td>\n<\/tr>\n<tr>\n<td>belgianpaimenkoira, malinois<\/td>\n<td>3<\/td>\n<td>\u00a0<\/td>\n<\/tr>\n<tr>\n<td>belgianpaimenkoira, tervueren<\/td>\n<td>8<\/td>\n<td>\u00a0<\/td>\n<\/tr>\n<tr>\n<td>medimurjenkoira<\/td>\n<td>4<\/td>\n<td>\u00a0<\/td>\n<\/tr>\n<tr>\n<td>picardienpaimenkoira<\/td>\n<td>1<\/td>\n<td>\u00a0<\/td>\n<\/tr>\n<tr>\n<td>pitk\u00e4karvainen collie<\/td>\n<td>36<\/td>\n<td>11.00<\/td>\n<\/tr>\n<tr>\n<td>- pennut<\/td>\n<td>3<\/td>\n<td>\u00a0<\/td>\n<\/tr>\n<tr>\n<td>- urokset<\/td>\n<td>12<\/td>\n<td>\u00a0<\/td>\n<\/tr>\n<tr>\n<td>- nartut\u00a0<\/td>\n<td>21<\/td>\n<td>\u00a0<\/td>\n<\/tr>\n<tr>\n<td>sile\u00e4karvainen collie<\/td>\n<td>14<\/td>\n<td>\u00a0<\/td>\n<\/tr>\n<tr>\n<td>saksanpaimenkoira<\/td>\n<td>6<\/td>\n<td>\u00a0<\/td>\n<\/tr>\n<tr>\n<td>saksanpaimenkoira, pitk\u00e4karvainen<\/td>\n<td>1<\/td>\n<td>\u00a0<\/td>\n<\/tr>\n<tr>\n<td>it\u00e4euroopanpaimenkoira<\/td>\n<td>7<\/td>\n<td>\u00a0<\/td>\n<\/tr>\n<tr>\n<td>\u00a0<\/td>\n<td>\u00a0<\/td>\n<td>\u00a0<\/td>\n<\/tr>\n<tr>\n<td><strong>KEH\u00c4 8<\/strong><\/td>\n<td>\u00a0<\/td>\n<td>\u00a0<\/td>\n<\/tr>\n<tr>\n<td><strong>Maija M\u00e4kinen<\/strong><\/td>\n<td><strong>67<\/strong><\/td>\n<td>\u00a0<\/td>\n<\/tr>\n<tr>\n<td>* kultainennoutaja<\/td>\n<td>45<\/td>\n<td>10.00<\/td>\n<\/tr>\n<tr>\n<td>- pennut<\/td>\n<td>2<\/td>\n<td>\u00a0<\/td>\n<\/tr>\n<tr>\n<td>- urokset<\/td>\n<td>22<\/td>\n<td>\u00a0<\/td>\n<\/tr>\n<tr>\n<td>- nartut\u00a0<\/td>\n<td>21<\/td>\n<td>\u00a0<\/td>\n<\/tr>\n<tr>\n<td>* schapendoes<\/td>\n<td>1<\/td>\n<td>12.30<\/td>\n<\/tr>\n<tr>\n<td>* kooikerhondje<\/td>\n<td>5<\/td>\n<td>\u00a0<\/td>\n<\/tr>\n<tr>\n<td>* australianterrieri<\/td>\n<td>16<\/td>\n<td>\u00a0<\/td>\n<\/tr>\n<\/tbody>\n<\/table>\n\n\n<hr class=\"wp-block-separator has-text-color has-alpha-channel-opacity has-background\" style=\"background-color:#ececec;color:#ececec\"\/>\n\n\n<div class=\"wp-block-image\">\n<figure class=\"aligncenter size-full\"><a href=\"https:\/\/jahtivahti.fi\/\"><img loading=\"lazy\" decoding=\"async\" width=\"736\" height=\"256\" src=\"https:\/\/www.showlink.fi\/shows\/hameenlinnarn2025edit\/wp-content\/uploads\/sites\/86\/2025\/01\/yhttyobanneri2024_vaaka.jpg\" alt=\"\" class=\"wp-image-481\"\/><\/a><\/figure>\n<\/div>","protected":false},"excerpt":{"rendered":"<p>Iloksemme n\u00e4yttelyyn on ilmoitettu yhteens\u00e4 653 koiraa. N\u00e4yttelytoimikunta on joutunut tekem\u00e4\u00e4n joitakin tuomarin muutoksia. Tarkemmat ohjeet mahdollisista maksunpalautuksista ja n\u00e4yttelyp\u00e4iv\u00e4n kulusta l\u00f6ytyv\u00e4t aikataulukirjeest\u00e4. Tutustuthan tarkasti aikatauluun ja -kirjeeseen. * = Tuomarimuutos, oikeuttaa maksunpalautukseen.# = Tuomarimuutos, rotu siirretty ennalta ilmoitetulle varatuomarille. N\u00e4yttelykutsut tullaan l\u00e4hett\u00e4m\u00e4\u00e4n vain s\u00e4hk\u00f6isesti.Aikataulukirjeit\u00e4 ja numerolappuja ei l\u00e4hetet\u00e4 postitse. Aikataulut on julkaistu 17.6.2025. KEH\u00c4 <a href=\"https:\/\/www.showlink.fi\/shows\/hameenlinnarn2025\/aikataulut-sunnuntai\/\" class=\"more-link\">...jatka lukemista<span class=\"screen-reader-text\"> \"Aikataulut &#8211; Sunnuntai\"<\/span><\/a><\/p>\n","protected":false},"author":1,"featured_media":0,"parent":0,"menu_order":4,"comment_status":"closed","ping_status":"closed","template":"","meta":{"footnotes":""},"class_list":["post-391","page","type-page","status-publish","h-entry","hentry","h-as-page"],"_links":{"self":[{"href":"https:\/\/www.showlink.fi\/shows\/hameenlinnarn2025\/wp-json\/wp\/v2\/pages\/391","targetHints":{"allow":["GET"]}}],"collection":[{"href":"https:\/\/www.showlink.fi\/shows\/hameenlinnarn2025\/wp-json\/wp\/v2\/pages"}],"about":[{"href":"https:\/\/www.showlink.fi\/shows\/hameenlinnarn2025\/wp-json\/wp\/v2\/types\/page"}],"author":[{"embeddable":true,"href":"https:\/\/www.showlink.fi\/shows\/hameenlinnarn2025\/wp-json\/wp\/v2\/users\/1"}],"replies":[{"embeddable":true,"href":"https:\/\/www.showlink.fi\/shows\/hameenlinnarn2025\/wp-json\/wp\/v2\/comments?post=391"}],"version-history":[{"count":10,"href":"https:\/\/www.showlink.fi\/shows\/hameenlinnarn2025\/wp-json\/wp\/v2\/pages\/391\/revisions"}],"predecessor-version":[{"id":525,"href":"https:\/\/www.showlink.fi\/shows\/hameenlinnarn2025\/wp-json\/wp\/v2\/pages\/391\/revisions\/525"}],"wp:attachment":[{"href":"https:\/\/www.showlink.fi\/shows\/hameenlinnarn2025\/wp-json\/wp\/v2\/media?parent=391"}],"curies":[{"name":"wp","href":"https:\/\/api.w.org\/{rel}","templated":true}]}}