{"id":51,"date":"2021-03-30T14:30:59","date_gmt":"2021-03-30T11:30:59","guid":{"rendered":"https:\/\/www.showlink.fi\/shows\/hameenlinnarn2021-tark\/?page_id=51"},"modified":"2025-01-27T10:01:54","modified_gmt":"2025-01-27T08:01:54","slug":"tuomarit-lauantai","status":"publish","type":"page","link":"https:\/\/www.showlink.fi\/shows\/hameenlinnarn2025\/tuomarit-lauantai\/","title":{"rendered":"Tuomarit &#8211; Lauantai"},"content":{"rendered":"\n<h4 class=\"wp-block-heading\"><em><mark style=\"background-color:rgba(0, 0, 0, 0);color:#b8a89b\" class=\"has-inline-color\">Lauantaina 28.6.2025 arvostellaan rodut ryhmist\u00e4 FCI 2, 5, 7 &amp; 9, my\u00f6s pennut.<\/mark><\/em><\/h4>\n\n\n\n<p><strong><mark style=\"background-color:rgba(0, 0, 0, 0);color:#b8a89b\" class=\"has-inline-color\">Ryhm\u00e4 2<\/mark><\/strong><br><em>Varalla kaikille ryhm\u00e4 2 roduille <strong>Johan Juslin<\/strong><\/em><br>apinapinseri, continental bulldog, dobermanni, englanninbulldoggi, k\u00e4\u00e4pi\u00f6snautserit, snautserit, suursnautserit <strong>Irina Poletaeva<\/strong><br>berninpaimenkoira, bokseri, bordeauxindoggi, broholminkoira, bukovinankoira, cane corso, castro laboreironkoira, dogo argentino, entlebuchinpaimenkoira, fila brasileiro, hollanninrottakoira, it\u00e4vallanpinseri, k\u00e4\u00e4pi\u00f6pinseri, newfoundlandinkoira, pinseri, pyreneittenkoira, pyreneittenmastiffi, shar pei, tiibetinmastiffi, ven\u00e4j\u00e4nmustaterrieri <strong>Johan Juslin<\/strong><br>aidi, alentejonkoira, appenzellinpaimenkoira, bernhardinkoirat, bullmastiffi, ciob\u0103nesc rom\u00e2nesc corb, espanjanmastiffi, estrelanvuoristokoirat, hovawart, isosveitsinpaimenkoira, kanariandoggi, kangalinkoira, karstinpaimenkoira, kaukasiankoira, keskiaasiankoira, landseer, leonberginkoira, mallorcandoggi, mastiffi, napolinmastiffi, rottweiler, sao miguelinfila, sarplaninac, tanskalais-ruotsalainen pihakoira, tanskandoggit, tornjak, tosa, transmontano mastiff, uruguayncimarron <strong>Olli Kokkonen<\/strong><br><br><strong><mark style=\"background-color:rgba(0, 0, 0, 0);color:#b8a89b\" class=\"has-inline-color\">Ryhm\u00e4 5<\/mark><\/strong><br><em>Varalla kaikille ryhm\u00e4 5 roduille <strong>Johan Juslin<\/strong><\/em><br>akita, alaskanmalamuutti, american eskimo dog, amerikanakita, buhund, chow chow, eurasier, grosspitzit, gr\u00f6nlanninkoira, harmaa norjanhirvikoira, hokkaidonkoira, h\u00e4lleforsinkoira, it\u00e4siperianlaika, jakutianlaika, j\u00e4mtlanninpystykorva, kanadaneskimokoira, karjalankarhukoira, keeshond, kintamani-balinkoira, kishunkoira, koreanjindonkoira, lapinporokoira, l\u00e4nsisiperianlaika, musta norjanhirvikoira, musta tanskanpystykorva, shiba, shikokunkoira, siperianhusky, suomenpystykorva, taiwaninkoira, tanskanpystykorva, thai ridgeback, thaimaanpystykorva, valkoinen ruotsinhirvikoira, ven\u00e4l\u00e4is-eurooppalainen laika <strong>Irina Poletaeva<\/strong><br>basenji, etnankoira, faaraokoira, ibizanpodencot, japaninpystykorva, kanarianpodenco, meksikonkarvatonkoirat, perunkarvatonkoirat, pomeranian, portugalinpodengot <strong>Johan Juslin<\/strong><br>islanninlammaskoira, kaanaankoira, kainkoira, kleinspitzit, lunnikoira, l\u00e4nsig\u00f6\u00f6tanmaanpystykorva, mittelspitzit, pohjanpystykorva, ruotsinlapinkoira, samojedinkoira, suomenlapinkoira, volpino italiano <strong>Tarja L\u00f6fman<\/strong><br><br><strong><mark style=\"background-color:rgba(0, 0, 0, 0);color:#b8a89b\" class=\"has-inline-color\">Ryhm\u00e4 7<\/mark><\/strong><br><em>Varalla kaikille ryhm\u00e4 7 roduille <strong>Johan Juslin<\/strong><\/em><br>kaikki rodut <strong>Perttu St\u00e5hlberg<\/strong><br><br><strong><mark style=\"background-color:rgba(0, 0, 0, 0);color:#b8a89b\" class=\"has-inline-color\">Ryhm\u00e4 9<\/mark><\/strong><br><em>Varalla kaikille ryhm\u00e4 9 roduille <strong>Irina Poletaeva<\/strong><\/em><br>japanese chin, kiinanpalatsikoira, l\u00f6wchen <strong>Irina Poletaeva<\/strong><br>cavalier kingcharlesinspanieli, coton de tul\u00e9ar, havannankoira, kingcharlesinspanieli, kromfohrl\u00e4nder, lhasa apso, maltankoira, mopsi, prahanrottakoira <strong>Johan Juslin<\/strong><br>chihuahuat, kiinanharjakoira, markiesje, shih tzu, tiibetinterrieri, ven\u00e4j\u00e4nbolonka, ven\u00e4j\u00e4ntoyt, villakoirat <strong>Karin Bergbom<\/strong><br>bichon fris\u00e9, bolognese, bostoninterrieri, griffon belge, griffon bruxellois, papillon, petit brabancon, phal\u00e8ne, ranskanbulldoggi, tiibetinspanieli <strong>Tarja L\u00f6fman<\/strong><br><br><strong><mark style=\"background-color:rgba(0, 0, 0, 0);color:#b8a89b\" class=\"has-inline-color\">Ryhm\u00e4kilpailut<\/mark><\/strong><br>FCI 2<strong> Olli Kokkonen<\/strong><br>FCI 5<strong> Tarja L\u00f6fman<\/strong><br>FCI 7<strong> Perttu St\u00e5hlberg<\/strong><br>FCI 9<strong> Irina Poletaeva<\/strong><br>Paras juniori <strong>Johan Juslin<\/strong><br>Paras veteraani <strong>Perttu St\u00e5hlberg<\/strong><br>Paras kasvattajaryhm\u00e4 <strong>Johan Juslin<\/strong><br>Best in Show<strong> Irina Poletaeva<\/strong><\/p>\n\n\n\n<hr class=\"wp-block-separator has-text-color has-alpha-channel-opacity has-background\" style=\"background-color:#ececec;color:#ececec\"\/>\n\n\n<div class=\"wp-block-image\">\n<figure class=\"aligncenter size-full\"><a href=\"https:\/\/jahtivahti.fi\/\"><img loading=\"lazy\" decoding=\"async\" width=\"736\" height=\"256\" src=\"https:\/\/www.showlink.fi\/shows\/hameenlinnarn2025edit\/wp-content\/uploads\/sites\/86\/2025\/01\/yhttyobanneri2024_vaaka.jpg\" alt=\"\" class=\"wp-image-481\"\/><\/a><\/figure>\n<\/div>","protected":false},"excerpt":{"rendered":"<p>Lauantaina 28.6.2025 arvostellaan rodut ryhmist\u00e4 FCI 2, 5, 7 &amp; 9, my\u00f6s pennut. Ryhm\u00e4 2Varalla kaikille ryhm\u00e4 2 roduille Johan Juslinapinapinseri, continental bulldog, dobermanni, englanninbulldoggi, k\u00e4\u00e4pi\u00f6snautserit, snautserit, suursnautserit Irina Poletaevaberninpaimenkoira, bokseri, bordeauxindoggi, broholminkoira, bukovinankoira, cane corso, castro laboreironkoira, dogo argentino, entlebuchinpaimenkoira, fila brasileiro, hollanninrottakoira, it\u00e4vallanpinseri, k\u00e4\u00e4pi\u00f6pinseri, newfoundlandinkoira, pinseri, pyreneittenkoira, pyreneittenmastiffi, shar pei, tiibetinmastiffi, ven\u00e4j\u00e4nmustaterrieri Johan <a href=\"https:\/\/www.showlink.fi\/shows\/hameenlinnarn2025\/tuomarit-lauantai\/\" class=\"more-link\">...jatka lukemista<span class=\"screen-reader-text\"> \"Tuomarit &#8211; Lauantai\"<\/span><\/a><\/p>\n","protected":false},"author":1,"featured_media":0,"parent":0,"menu_order":0,"comment_status":"closed","ping_status":"closed","template":"","meta":{"footnotes":""},"class_list":["post-51","page","type-page","status-publish","h-entry","hentry","h-as-page"],"_links":{"self":[{"href":"https:\/\/www.showlink.fi\/shows\/hameenlinnarn2025\/wp-json\/wp\/v2\/pages\/51","targetHints":{"allow":["GET"]}}],"collection":[{"href":"https:\/\/www.showlink.fi\/shows\/hameenlinnarn2025\/wp-json\/wp\/v2\/pages"}],"about":[{"href":"https:\/\/www.showlink.fi\/shows\/hameenlinnarn2025\/wp-json\/wp\/v2\/types\/page"}],"author":[{"embeddable":true,"href":"https:\/\/www.showlink.fi\/shows\/hameenlinnarn2025\/wp-json\/wp\/v2\/users\/1"}],"replies":[{"embeddable":true,"href":"https:\/\/www.showlink.fi\/shows\/hameenlinnarn2025\/wp-json\/wp\/v2\/comments?post=51"}],"version-history":[{"count":24,"href":"https:\/\/www.showlink.fi\/shows\/hameenlinnarn2025\/wp-json\/wp\/v2\/pages\/51\/revisions"}],"predecessor-version":[{"id":486,"href":"https:\/\/www.showlink.fi\/shows\/hameenlinnarn2025\/wp-json\/wp\/v2\/pages\/51\/revisions\/486"}],"wp:attachment":[{"href":"https:\/\/www.showlink.fi\/shows\/hameenlinnarn2025\/wp-json\/wp\/v2\/media?parent=51"}],"curies":[{"name":"wp","href":"https:\/\/api.w.org\/{rel}","templated":true}]}}