{"id":12,"date":"2018-11-13T13:18:25","date_gmt":"2018-11-13T11:18:25","guid":{"rendered":"http:\/\/www.showlink.fi\/shows\/kangasniemikr2019m1\/?page_id=12"},"modified":"2026-02-11T14:57:24","modified_gmt":"2026-02-11T12:57:24","slug":"ilmoittautuminen","status":"publish","type":"page","link":"https:\/\/www.showlink.fi\/shows\/heinola2026kr\/ilmoittautuminen\/","title":{"rendered":"Ilmoittautuminen"},"content":{"rendered":"\n<hr class=\"wp-block-separator has-text-color has-alpha-channel-opacity has-background\" style=\"background-color:#f8f8f8;color:#f8f8f8\"\/>\n\n\n\n<p><strong>Ilmoittautumiset 16.7. \/ 23.7. menness\u00e4.<\/strong><\/p>\n\n\n\n<p><strong>Ilmoittautuminen n\u00e4yttelyyn tulee tehd\u00e4 internetiss\u00e4.&nbsp;<\/strong>Ilmoittaessaan koiransa n\u00e4yttelyyn n\u00e4ytteilleasettaja sitoutuu noudattamaan Suomen Kennelliiton voimassa olevia n\u00e4yttelys\u00e4\u00e4nt\u00f6j\u00e4 ja niit\u00e4 t\u00e4ydent\u00e4vi\u00e4 ohjeita sek\u00e4 rokotusm\u00e4\u00e4r\u00e4yksi\u00e4. S\u00e4\u00e4nn\u00f6t l\u00f6ytyv\u00e4t&nbsp;<strong><a href=\"https:\/\/www.kennelliitto.fi\/koiraharrastukset\/koiranayttelyt\/ohjeita-ja-lomakkeita-nayttelyyn-osallistujille-ja-nayttelyn-jarjestajille\"><mark style=\"background-color:rgba(0, 0, 0, 0);color:#394e93\" class=\"has-inline-color\">Kennelliiton kotisivuilta<\/mark><\/a>.<\/strong><\/p>\n\n\n\n<p><strong>Online-ilmoittautuminen<\/strong> osoitteessa <a href=\"http:\/\/www.showlink.fi\"><mark style=\"background-color:rgba(0, 0, 0, 0);color:#394e93\" class=\"has-inline-color\">www.showlink.fi<\/mark><\/a> \u2192<strong> <\/strong><a href=\"http:\/\/ilmoittautuminen.kennelliitto.fi\/\"><strong><mark style=\"background-color:rgba(0, 0, 0, 0);color:#394e93\" class=\"has-inline-color\">ILMOITTAUDU N\u00c4YTTELYYN<\/mark><\/strong><\/a><\/p>\n\n\n\n<p>Ilmoittautumisesta tulee aina vahvistus annettuun s\u00e4hk\u00f6postiosoitteeseen. Jollet saa vahvistusta, ota v\u00e4litt\u00f6m\u00e4sti yhteytt\u00e4 asiakaspalveluumme. Tarkasta ilmoittautumisvahvistuksesta koirasi tiedot ja kilpailuluokka. Netti-ilmoittautuminen maksetaan verkkopankilla tai luottokortilla ilmoittautumisen yhteydess\u00e4. S\u00e4\u00e4st\u00e4 saamasi vahvistusviesti n\u00e4yttelyp\u00e4iv\u00e4\u00e4n asti.<\/p>\n\n\n\n<p>Numerolappu ja aikataulukirje toimitetaan n\u00e4ytteilleasettajille ainoastaan s\u00e4hk\u00f6isesti.<\/p>\n\n\n\n<hr class=\"wp-block-separator has-text-color has-alpha-channel-opacity has-background\" style=\"background-color:#f8f8f8;color:#f8f8f8\"\/>\n\n\n\n<h2 class=\"wp-block-heading\">Ilmoittautumismaksut<\/h2>\n\n\n\n<p><strong>Ilmoittautumismaksut 16.7. menness\u00e4<\/strong><br>Ensimm\u00e4inen ja toinen koira <strong>40 \u20ac<\/strong><br>Saman omistajan<strong> 3. <\/strong>jne. koira<strong> 37 \u20ac<\/strong><br>Veteraanit<strong> 37 \u20ac<\/strong><br>Pennut <strong>30 \u20ac&nbsp;<br><\/strong>Yli 10-vuotiaat koirat veteraaniluokassa&nbsp;<strong>15 \u20ac<\/strong><br>Junior handler <strong>10 \u20ac<\/strong><\/p>\n\n\n\n<p><strong>Ilmoittautumismaksut 17.\u201323.7. v\u00e4lisen\u00e4 aikana<\/strong><br><strong>60 \u20ac<\/strong>&nbsp;\/ koira, kaikki luokat<br>Junior handler <strong>10 \u20ac<\/strong><\/p>\n\n\n\n<hr class=\"wp-block-separator has-text-color has-alpha-channel-opacity has-background\" style=\"background-color:#f8f8f8;color:#f8f8f8\"\/>\n\n\n\n<h2 class=\"wp-block-heading\">Lis\u00e4tietoa<\/h2>\n\n\n\n<p>Ilmoittautumisajan p\u00e4\u00e4ttymisen j\u00e4lkeen koiraa ei voida siirt\u00e4\u00e4 toiseen luokkaan (ellei kysymyksess\u00e4 ole j\u00e4rjest\u00e4j\u00e4st\u00e4 johtuva virhe).<br>Uros, jolla ei ole normaalit kivekset saa hyl\u00e4tyn.<\/p>\n\n\n\n<p>Ilmoittautuminen on teht\u00e4v\u00e4 kirjallisesti &#8211; pelkk\u00e4 n\u00e4yttelymaksun suoritus ei ole ilmoittautuminen! Kirjallisen ilmoittautumisen voit tehd\u00e4 vahvistettuna netti-ilmoittautumisena. My\u00f6h\u00e4styneit\u00e4 ilmoittautumisia ei oteta mukaan n\u00e4yttelyyn.<\/p>\n\n\n\n<p>Internetilmoittautuminen maksetaan verkkopankissa tai luottokortilla ilmoittautumisen yhteydess\u00e4 ohjelman antamien ohjeiden mukaan. Ilmoittautumismaksun alennuksen (saman om. 3. jne koira) saaminen edellytt\u00e4\u00e4 kaikkien koirien ilmoittamista yhdell\u00e4 kertaa. Samaksi omistajaksi tulkitaan ilmoittautumistapahtuman ensimm\u00e4iselle koiralle ensimm\u00e4iseksi omistajaksi merkitty henkil\u00f6. Alennus lasketaan vain t\u00e4ysihintaisista ilmoittautumismaksuista, ei pentujen ja veteraanien maksuista.<\/p>\n\n\n\n<p><strong>Rokotusm\u00e4\u00e4r\u00e4ykset&nbsp;<\/strong>Suomen Kennelliitto-Finska Kennelklubben ry:n m\u00e4\u00e4r\u00e4ysten mukaan.<br>Suomen lain vastaisesti typistetyt koirat eiv\u00e4t saa osallistua n\u00e4yttelyyn.<br>N\u00e4yttelyyn osallistuvan koiran tulee olla tunnistusmerkitty.<\/p>\n\n\n\n<p><strong>Antidoping-valvonta<\/strong><br>Dopingvalvonta koskee kaikkia Suomen Kennelliiton my\u00f6nt\u00e4mi\u00e4 n\u00e4yttelyit\u00e4, kilpailuja ja kokeita. Ajankohtaisinta tietoa osoitteessa&nbsp;<a href=\"https:\/\/www.kennelliitto.fi\/koiraharrastukset\/tietoa-antidopingsaannoista-kaytanteista-ja-valvonnasta\"><strong><mark style=\"background-color:rgba(0, 0, 0, 0);color:#394e93\" class=\"has-inline-color\">KENNELLIITTO \/ ANTIDOPING<\/mark><\/strong><\/a><\/p>\n\n\n\n<hr class=\"wp-block-separator has-text-color has-alpha-channel-opacity has-background\" style=\"background-color:#f8f8f8;color:#f8f8f8\"\/>\n\n\n\n<h2 class=\"wp-block-heading\">Tiedustelut<\/h2>\n\n\n\n<p><strong>Ilmoittautumisia ja kasvattajaryhmi\u00e4 koskevat tiedustelut <\/strong><br>Showlink Oy arkisin klo 11-17 puh. 09 887 30320 tai e-mail: info@showlink.fi <br><br><strong><em>Mainitsethan tiedustelussasi \/ s\u00e4hk\u00f6postissasi n\u00e4yttelyn nimen sek\u00e4 koiran rekisterinumeron, jota tiedustelu koskee.<\/em><\/strong><em>&nbsp;Netti-ilmoittautumisesta tulee aina vahvistus s\u00e4hk\u00f6postiisi. Jollet saa noin tunnin sis\u00e4ll\u00e4 vahvistusta ilmoittautumisen j\u00e4lkeen, ota heti yhteytt\u00e4 asiakaspalveluumme. Tarkasta ilmoittautumisesta koirasi tiedot ja kilpailuluokka.<\/em><\/p>\n","protected":false},"excerpt":{"rendered":"<p>Ilmoittautumiset 16.7. \/ 23.7. menness\u00e4. Ilmoittautuminen n\u00e4yttelyyn tulee tehd\u00e4 internetiss\u00e4.&nbsp;Ilmoittaessaan koiransa n\u00e4yttelyyn n\u00e4ytteilleasettaja sitoutuu noudattamaan Suomen Kennelliiton voimassa olevia n\u00e4yttelys\u00e4\u00e4nt\u00f6j\u00e4 ja niit\u00e4 t\u00e4ydent\u00e4vi\u00e4 ohjeita sek\u00e4 rokotusm\u00e4\u00e4r\u00e4yksi\u00e4. S\u00e4\u00e4nn\u00f6t l\u00f6ytyv\u00e4t&nbsp;Kennelliiton kotisivuilta. Online-ilmoittautuminen osoitteessa www.showlink.fi \u2192 ILMOITTAUDU N\u00c4YTTELYYN Ilmoittautumisesta tulee aina vahvistus annettuun s\u00e4hk\u00f6postiosoitteeseen. Jollet saa vahvistusta, ota v\u00e4litt\u00f6m\u00e4sti yhteytt\u00e4 asiakaspalveluumme. Tarkasta ilmoittautumisvahvistuksesta koirasi tiedot ja kilpailuluokka. Netti-ilmoittautuminen&hellip; <a href=\"https:\/\/www.showlink.fi\/shows\/heinola2026kr\/ilmoittautuminen\/\" class=\"more-link\">Jatka lukemista <span class=\"screen-reader-text\">Ilmoittautuminen<\/span><\/a><\/p>\n","protected":false},"author":1,"featured_media":0,"parent":0,"menu_order":3,"comment_status":"closed","ping_status":"closed","template":"","meta":{"footnotes":""},"class_list":["post-12","page","type-page","status-publish","hentry","without-featured-image"],"_links":{"self":[{"href":"https:\/\/www.showlink.fi\/shows\/heinola2026kr\/wp-json\/wp\/v2\/pages\/12","targetHints":{"allow":["GET"]}}],"collection":[{"href":"https:\/\/www.showlink.fi\/shows\/heinola2026kr\/wp-json\/wp\/v2\/pages"}],"about":[{"href":"https:\/\/www.showlink.fi\/shows\/heinola2026kr\/wp-json\/wp\/v2\/types\/page"}],"author":[{"embeddable":true,"href":"https:\/\/www.showlink.fi\/shows\/heinola2026kr\/wp-json\/wp\/v2\/users\/1"}],"replies":[{"embeddable":true,"href":"https:\/\/www.showlink.fi\/shows\/heinola2026kr\/wp-json\/wp\/v2\/comments?post=12"}],"version-history":[{"count":35,"href":"https:\/\/www.showlink.fi\/shows\/heinola2026kr\/wp-json\/wp\/v2\/pages\/12\/revisions"}],"predecessor-version":[{"id":422,"href":"https:\/\/www.showlink.fi\/shows\/heinola2026kr\/wp-json\/wp\/v2\/pages\/12\/revisions\/422"}],"wp:attachment":[{"href":"https:\/\/www.showlink.fi\/shows\/heinola2026kr\/wp-json\/wp\/v2\/media?parent=12"}],"curies":[{"name":"wp","href":"https:\/\/api.w.org\/{rel}","templated":true}]}}