{"id":20,"date":"2018-11-13T13:30:42","date_gmt":"2018-11-13T11:30:42","guid":{"rendered":"http:\/\/www.showlink.fi\/shows\/kangasniemikr2019m1\/?page_id=20"},"modified":"2026-02-18T14:52:28","modified_gmt":"2026-02-18T12:52:28","slug":"judges","status":"publish","type":"page","link":"https:\/\/www.showlink.fi\/shows\/heinola2026kr\/in-english\/judges\/","title":{"rendered":"Judges"},"content":{"rendered":"\n<hr class=\"wp-block-separator has-text-color has-alpha-channel-opacity has-background\" style=\"background-color:#f8f8f8;color:#f8f8f8\"\/>\n\n\n\n<p><strong>Group 1<\/strong><br>Collie Rough, Collie Smooth\u00a0<strong>Helina Simberg<\/strong>, Estonia<br>Welsh Corgi Cardigan, Welsh Corgi Pembroke\u00a0<strong>Helle Bekker<\/strong>, Denmark<br>Australian Cattle Dog, Australian Kelpie, Australian Shepherd, Australian Stumpy Tail Cattle Dog, Bearded Collie, Bohemian Shepherd Dog, Border Collie, Dutch Schapendoes, Old English Sheepdog, Portuguese Sheepdog, Pulis, Pumi, Schipperke, Slovakian Chuvach, White Swiss Shepherd Dog\u00a0<strong>Kristel Ratnik-Soosaar<\/strong>, Estonia<br>Shetland Sheepdog\u00a0<strong>P\u00e4ivi Eerola<\/strong><br>Abruzzes and Maremma shepherd dog, Belgian Shepherd Dogs, Bergamasco Shepherd Dog, Berger de Beauce, Bouvier des Ardennes, Bouvier des Flandres, Briard, Catalan Sheepdog, Croatian Shepherd Dog, Czechoslovakian Wolfdog, Dutch Shepherd Dogs, East European Shepherd, German Shepherd Dogs, Komondor, Kuvasz, Lancashire Heeler, Majorca Shepherd Dog, Miniature American Shepherd, Mudi, Picardy Sheepdog, Polish Lowland Sheepdog, Pyrenean Sheepdog, Long-haired, Pyrenean Sheepdog, Smooth-faced, Romanian Carpathian Shepherd Dog, Romanian Mioritic Shepherd Dog, Saarloos Wolfhond, Small Medimurje Dog &#8211; Medi, South Russian Shepherd Dog, Tatra Shepherd Dog\u00a0<strong>Trond Are Karlsen<\/strong>, Norway<\/p>\n\n\n\n<p><strong>Group 2<\/strong><br>Affenpinscher, Atlas Mountain Dog (Aidi), Austrian Pinscher, Boxer, Broholmer, Bulldog, Bullmastiff, Castro Laboreiro Dog, Caucasian Shepherd Dog, Central Asia Shepherd Dog, Cimarr\u00f3n Uruguayo, Ciob\u0103nesc Rom\u00e2nesc Corb, Continental Bulldog, Danish-Swedish Farmdog, Dogo Argentino, Dogue de Bordeaux, Dutch Smoushond, Estrela Mountain Dogs, Fila Brasileiro, Italian Cane Corso, Kangal Shepherd Dog, Karst Shepherd Dog, Majorca Mastiff, Mastiff, Miniature Schnauzers, Neapolitan Mastiff, Presa Canario, Pyrenean Mastiff, Pyrenean Mountain Dog, Rafeiro of Alentejo, Romanian Bucovina Shepherd, Rottweiler, Russian Black Terrier, Saint Miguel Cattle Dog, Shar Pei, Spanish Mastiff, Tibetan Mastiff, Tornjak (Bosnian And Herzegovinian &#8211; Croatian Shepherd Dog), Tosa, Transmontano Mastiff, Yugoslavian Shepherd Dog &#8211; Sharplanina\u00a0<strong>Astrid Lundava<\/strong>, Estonia<br>Giant Schnauzers, Great Danes, Miniature Pinscher\u00a0<strong>Erika H\u00e4kkinen<\/strong><br>Appenzell Cattle Dog, Bernese Mountain Dog, Entlebuch Cattle Dog, Great Swiss Mountain Dog, Hovawart, Landseer (European Continental Type), Leonberger, Newfoundland\u00a0<strong>Matti Tuominen<\/strong><br>Dobermann, German Pinscher, Schnauzers, St. Bernards\u00a0<strong>Teija Salmi-Aalto<\/strong><\/p>\n\n\n\n<p><strong>Group 3<\/strong><br>Australian Terrier, Border Terrier, Cairn Terrier, German Hunting Terrier, Irish Terrier, Scottish Terrier, Skye Terrier, Welsh Terrier\u00a0<strong>Aleksandra Palumbo<\/strong>, Sweden<br>Airedale Terrier, American Hairless Terrier, American Toy Fox Terrier, Bedlington Terrier, Biewer Terrier, Fox Terrier, Smooth-haired, Fox Terrier, Wire-haired, Irish Soft Coated Wheaten Terrier, Jack Russell Terrier, Japanese Terrier, Rat Terrier, Ratonero Bodeguero Andaluz\u00a0<strong>Helina Simberg<\/strong>, Estonia<br>American Staffordshire Terrier, Norfolk Terrier, Norwich Terrier, Staffordshire Bull Terrier, West Highland White Terrier, Yorkshire Terrier\u00a0<strong>P\u00e4ivi Eerola<\/strong><br>Australian Silky Terrier, Brazilian Terrier, Bull Terrier, Cesky Terrier, Dandie Dinmont Terrier, English Toy Terrier, Irish Glen Of Imaal Terrier, Kerry Blue Terrier, Lakeland Terrier, Manchester Terrier, Miniature Bull Terrier, Parson Russell Terrier, Sealyham Terrier, Tenterfield Terrier, Valencian Terrier\u00a0<strong>Yvonne Jaussi<\/strong>, Switzerland<\/p>\n\n\n\n<p><strong>Group 4<\/strong><br>all breeds\u00a0<strong>Sanna Vakkilainen<\/strong><\/p>\n\n\n\n<p><strong>Group 5<\/strong><br>Black Spitz, Canaan Dog, Canadian Eskimo Dog, Canarian Warren Hound, Danish Spitz, East Siberian Laika, Hokkaido, H\u00e4lleforshund, Icelandic Sheepdog, Japanese Spitz, Kai, Kintamani-Bali Dog, Kishu, Korea Jindo Dog, Norwegian Elkhound Black, Norwegian Lundehund, Russian-European Laika, Swedish Lapphund, Swedish White Elkhound, Taiwan Dog, Thai Bangkaew Dog, Thai Ridgeback Dog, West Siberian Laika, Yakutian Laika\u00a0<strong>Aleksandra Palumbo<\/strong>, Sweden<br>Finnish Spitz, Ibizan Podencos, Norrbottenspitz, Portuguese Podengos\u00a0<strong>Erika H\u00e4kkinen<\/strong><br>Basenji, Eurasian, Finnish Lapponian Dog, Karelian Bear Dog, Lapponian Herder, Pharaoh Hound, Siberian Husky\u00a0<strong>Kirsi Honkanen<\/strong><br>Akita, Alaskan Malamute, American Eskimo Dog, Cirneco dell&#8217;Etna, Greenland Dog, Italian Volpino, Norwegian Buhund, Norwegian Elkhound Grey, Shiba, Swedish Elkhound, Swedish Vallhund\u00a0<strong>Rune Tyvold<\/strong>, Norway<br>American Akita, Chow Chow, Peruvian Hairless Dogs, Samoyed, Shikoku, Xoloitzcuintles\u00a0<strong>Sanna Vakkilainen<\/strong><br>Grosspitzes, Keeshond, Kleinspitzes, Mittelspitzes, Pomeranian\u00a0<strong>Tanya Ahlman-Stockmari<\/strong><\/p>\n\n\n\n<p><strong>Group 6<\/strong><br>Dalmatian\u00a0<strong>Erika H\u00e4kkinen<\/strong><br>Small Swiss Hound, Small Bernese Hound, Small Swiss Hound, Small Jura Hound, Small Swiss Hound, Small Lucerne Hound, Small Swiss Hound, Small Schwyz Hound, Swiss Hound, Bernese Hound, Swiss Hound, Jura Hound, Swiss Hound, Lucerne Hound, Swiss Hound, Schwyz Hound\u00a0<strong>Yvonne Jaussi<\/strong>, Switzerland<br>other breeds\u00a0<strong>Kirsi Honkanen<\/strong><\/p>\n\n\n\n<p><strong>Group 7<\/strong><br>all breeds\u00a0<strong>Domenico Di Matteo<\/strong>,<\/p>\n\n\n\n<p><strong>Group 8<\/strong><br>English Springer Spaniel, Lagotto Romagnolo, Welsh Springer Spaniel\u00a0<strong>Domenico Di Matteo<\/strong>,<br>American Cocker Spaniel, American Water Spaniel, Chesapeake Bay Retriever, Clumber Spaniel, Cocker Spaniel, Curly Coated Retriever, Field Spaniel, French Water Dog, German Spaniel, Golden Retriever, Irish Water Spaniel, Nederlandse Kooikerhondje, Polish Hunting Spaniel, Portuguese Water Dog, Russian Spaniel, Spanish Water Dog, Sussex Spaniel, Wetterhoun\u00a0<strong>Marjatta Pylv\u00e4n\u00e4inen-Suorsa<\/strong><br>Flat Coated Retriever, Labrador Retriever, Nova Scotia Duck Tolling Retriever\u00a0<strong>Yvonne Jaussi<\/strong>, Switzerland<\/p>\n\n\n\n<p><strong>Group 9<\/strong><br>Chihuahuas\u00a0<strong>Aleksandra Palumbo<\/strong>, Sweden<br>Poodles\u00a0<strong>Helle Bekker<\/strong>, Denmark<br>French Bulldog, Havanese, Pug\u00a0<strong>Kristin Kerem<\/strong>, Estonia<br>Boston Terrier, Tibetan Spaniel\u00a0<strong>Matti Tuominen<\/strong><br>Bichon Frise, Cavalier King Charles Spaniel, Chinese Crested Dog, Griffon Belge, Griffon Bruxellois, Petit Braban\u00e7on\u00a0<strong>Rune Tyvold<\/strong>, Norway<br>Bolognese, Coton de Tulear, Japanese Chin, King Charles Spaniel, Kromfohrl\u00e4nder, Lhasa Apso, Little Lion Dog, Maltese, Markiesje, Papillon, Pekingese, Phal\u00e8ne, Pra\u017esk\u00fd Krysar\u00edk, Russian Toys Russkaja Tsvetnaja Bolonka, Shih Tzu, Tibetan Terrier\u00a0<strong>Tanya Ahlman-Stockmari<\/strong><\/p>\n\n\n\n<p><strong>Group 10<\/strong><br>Afghan Hound, Whippet\u00a0<strong>Kristin Kerem<\/strong>, Estonia<br>Azawakh, Borzoi, Deerhound, Greyhound, Hungarian Greyhound, Irish Wolfhound, Italian Greyhound, Kazakh Tazy, Polish Greyhound, Saluki, Sloughi, Spanish Greyhound\u00a0<strong>Teija Salmi-Aalto<\/strong><\/p>\n\n\n\n<p>Junior Handler\u00a0<strong>Nita Hermansson<\/strong><\/p>\n\n\n\n<h3 class=\"wp-block-heading\">Group Finals<\/h3>\n\n\n\n<p>1<strong>\u00a0Trond Are Karlsen<\/strong>, Norway<br>2<strong>\u00a0Astrid Lundava<\/strong>, Estonia<br>3<strong>\u00a0Helina Simberg<\/strong>, Estonia<br>4<strong>\u00a0Sanna Vakkilainen<\/strong><br>5<strong>\u00a0Aleksandra Palumbo<\/strong>, Sweden<br>6<strong>\u00a0Kirsi Honkanen<\/strong><br>7<strong>\u00a0Domenico Di Matteo<\/strong><br>8<strong>\u00a0Yvonne Jaussi<\/strong>, Switzerland<br>9<strong>\u00a0Tanya Ahlman-Stockmari<\/strong><br>10<strong>\u00a0Kristin Kerem<\/strong>, Estonia<\/p>\n\n\n\n<p>Best in Show Junior\u00a0<strong>Erika H\u00e4kkinen<\/strong><br>Best in Show Veteran\u00a0<strong>P\u00e4ivi Eerola<\/strong><br>Best in Show Breeders Group\u00a0<strong>Matti Tuominen<\/strong><\/p>\n\n\n\n<p>Best in Show<strong>\u00a0Marjatta Pylv\u00e4n\u00e4inen-Suorsa<\/strong><\/p>\n","protected":false},"excerpt":{"rendered":"<p>Group 1Collie Rough, Collie Smooth\u00a0Helina Simberg, EstoniaWelsh Corgi Cardigan, Welsh Corgi Pembroke\u00a0Helle Bekker, DenmarkAustralian Cattle Dog, Australian Kelpie, Australian Shepherd, Australian Stumpy Tail Cattle Dog, Bearded Collie, Bohemian Shepherd Dog, Border Collie, Dutch Schapendoes, Old English Sheepdog, Portuguese Sheepdog, Pulis, Pumi, Schipperke, Slovakian Chuvach, White Swiss Shepherd Dog\u00a0Kristel Ratnik-Soosaar, EstoniaShetland Sheepdog\u00a0P\u00e4ivi EerolaAbruzzes and Maremma shepherd&hellip; <a href=\"https:\/\/www.showlink.fi\/shows\/heinola2026kr\/in-english\/judges\/\" class=\"more-link\">Jatka lukemista <span class=\"screen-reader-text\">Judges<\/span><\/a><\/p>\n","protected":false},"author":1,"featured_media":0,"parent":18,"menu_order":0,"comment_status":"closed","ping_status":"closed","template":"","meta":{"footnotes":""},"class_list":["post-20","page","type-page","status-publish","hentry","without-featured-image"],"_links":{"self":[{"href":"https:\/\/www.showlink.fi\/shows\/heinola2026kr\/wp-json\/wp\/v2\/pages\/20","targetHints":{"allow":["GET"]}}],"collection":[{"href":"https:\/\/www.showlink.fi\/shows\/heinola2026kr\/wp-json\/wp\/v2\/pages"}],"about":[{"href":"https:\/\/www.showlink.fi\/shows\/heinola2026kr\/wp-json\/wp\/v2\/types\/page"}],"author":[{"embeddable":true,"href":"https:\/\/www.showlink.fi\/shows\/heinola2026kr\/wp-json\/wp\/v2\/users\/1"}],"replies":[{"embeddable":true,"href":"https:\/\/www.showlink.fi\/shows\/heinola2026kr\/wp-json\/wp\/v2\/comments?post=20"}],"version-history":[{"count":14,"href":"https:\/\/www.showlink.fi\/shows\/heinola2026kr\/wp-json\/wp\/v2\/pages\/20\/revisions"}],"predecessor-version":[{"id":436,"href":"https:\/\/www.showlink.fi\/shows\/heinola2026kr\/wp-json\/wp\/v2\/pages\/20\/revisions\/436"}],"up":[{"embeddable":true,"href":"https:\/\/www.showlink.fi\/shows\/heinola2026kr\/wp-json\/wp\/v2\/pages\/18"}],"wp:attachment":[{"href":"https:\/\/www.showlink.fi\/shows\/heinola2026kr\/wp-json\/wp\/v2\/media?parent=20"}],"curies":[{"name":"wp","href":"https:\/\/api.w.org\/{rel}","templated":true}]}}