{"id":26,"date":"2018-11-13T13:33:37","date_gmt":"2018-11-13T11:33:37","guid":{"rendered":"http:\/\/www.showlink.fi\/shows\/kangasniemikr2019m1\/?page_id=26"},"modified":"2026-02-24T15:23:25","modified_gmt":"2026-02-24T13:23:25","slug":"tervetuloa-nayttelyyn-kangasniemielle","status":"publish","type":"page","link":"https:\/\/www.showlink.fi\/shows\/heinola2026kr\/","title":{"rendered":"Tervetuloa Heinolaan!"},"content":{"rendered":"\n<hr class=\"wp-block-separator has-text-color has-alpha-channel-opacity has-background\" style=\"background-color:#f8f8f8;color:#f8f8f8\"\/>\n\n\n\n<p><strong>Kaikkien rotujen n\u00e4yttely 16.8.2026<\/strong> <strong>Heinolassa<\/strong>.<\/p>\n\n\n\n<p class=\"has-white-color has-text-color has-background has-link-color wp-elements-607215f0420ce6cf793190dc58a74834\" style=\"background-color:#3c445f\"><strong>Samana viikonloppuna j\u00e4rjestet\u00e4\u00e4n Kouvolassa kaikkien rotujen koiran\u00e4yttely<\/strong>\u00a0<a href=\"https:\/\/www.showlink.fi\/shows\/KouvolaKR2026\/\">KOUVOLA KR 15.8.2026<\/a><\/p>\n\n\n\n<p>N\u00e4yttelypaikkana toimii <strong>Heinolan Ravirata<\/strong>,<br>Mustanportinkatu 19, 18200 Heinola<\/p>\n\n\n\n<p>N\u00e4yttelyss\u00e4 arvostellaan my\u00f6s pennut (7 kk \u2013 alle 9 kk) sek\u00e4 j\u00e4rjestet\u00e4\u00e4n Junior Handler -kilpailu.<\/p>\n\n\n\n<p><strong>J\u00e4rjest\u00e4j\u00e4t: <\/strong>Heinolan Mets\u00e4stysyhdistys ry, Heinolan Palvelus- ja Seurakoira ry.<\/p>\n\n\n\n<hr class=\"wp-block-separator has-text-color has-alpha-channel-opacity has-background\" style=\"background-color:#f8f8f8;color:#f8f8f8\"\/>\n\n\n\n<h2 class=\"wp-block-heading\">Tiedustelut<\/h2>\n\n\n\n<p><strong>Ilmoittautumisia koskevat tiedustelut<\/strong><br>Showlink Oy<br>arkisin klo 11-17 p. (09) 8873 0320 tai info@showlink.fi<\/p>\n\n\n\n<p><strong>Muut tiedustelut<\/strong><br>Elina Laitinen<br>puh. 040&nbsp;540 6658 \/ elina.r.laitinen@gmail.com<br>tai teijahohtari@gmail.com<\/p>\n\n\n\n<p><strong>Keh\u00e4toimitsijat<\/strong><br>Tuula Vestala<br>tuunummenpaa@gmail.com<\/p>\n\n\n\n<p><strong>Myyntipaikat<\/strong><br>Jari Pekkola<br>jari.pekkola@nordicdeco.fi<\/p>\n\n\n\n<p><strong>Information in English<\/strong><br>elina.r.laitinen@gmail.com<\/p>\n","protected":false},"excerpt":{"rendered":"<p>Kaikkien rotujen n\u00e4yttely 16.8.2026 Heinolassa. Samana viikonloppuna j\u00e4rjestet\u00e4\u00e4n Kouvolassa kaikkien rotujen koiran\u00e4yttely\u00a0KOUVOLA KR 15.8.2026 N\u00e4yttelypaikkana toimii Heinolan Ravirata,Mustanportinkatu 19, 18200 Heinola N\u00e4yttelyss\u00e4 arvostellaan my\u00f6s pennut (7 kk \u2013 alle 9 kk) sek\u00e4 j\u00e4rjestet\u00e4\u00e4n Junior Handler -kilpailu. J\u00e4rjest\u00e4j\u00e4t: Heinolan Mets\u00e4stysyhdistys ry, Heinolan Palvelus- ja Seurakoira ry. Tiedustelut Ilmoittautumisia koskevat tiedustelutShowlink Oyarkisin klo 11-17 p. (09) 8873&hellip; <a href=\"https:\/\/www.showlink.fi\/shows\/heinola2026kr\/\" class=\"more-link\">Jatka lukemista <span class=\"screen-reader-text\">Tervetuloa Heinolaan!<\/span><\/a><\/p>\n","protected":false},"author":1,"featured_media":0,"parent":0,"menu_order":0,"comment_status":"closed","ping_status":"closed","template":"","meta":{"footnotes":""},"class_list":["post-26","page","type-page","status-publish","hentry","without-featured-image"],"_links":{"self":[{"href":"https:\/\/www.showlink.fi\/shows\/heinola2026kr\/wp-json\/wp\/v2\/pages\/26","targetHints":{"allow":["GET"]}}],"collection":[{"href":"https:\/\/www.showlink.fi\/shows\/heinola2026kr\/wp-json\/wp\/v2\/pages"}],"about":[{"href":"https:\/\/www.showlink.fi\/shows\/heinola2026kr\/wp-json\/wp\/v2\/types\/page"}],"author":[{"embeddable":true,"href":"https:\/\/www.showlink.fi\/shows\/heinola2026kr\/wp-json\/wp\/v2\/users\/1"}],"replies":[{"embeddable":true,"href":"https:\/\/www.showlink.fi\/shows\/heinola2026kr\/wp-json\/wp\/v2\/comments?post=26"}],"version-history":[{"count":60,"href":"https:\/\/www.showlink.fi\/shows\/heinola2026kr\/wp-json\/wp\/v2\/pages\/26\/revisions"}],"predecessor-version":[{"id":446,"href":"https:\/\/www.showlink.fi\/shows\/heinola2026kr\/wp-json\/wp\/v2\/pages\/26\/revisions\/446"}],"wp:attachment":[{"href":"https:\/\/www.showlink.fi\/shows\/heinola2026kr\/wp-json\/wp\/v2\/media?parent=26"}],"curies":[{"name":"wp","href":"https:\/\/api.w.org\/{rel}","templated":true}]}}