{"id":10,"date":"2024-03-18T12:11:30","date_gmt":"2024-03-18T10:11:30","guid":{"rendered":"https:\/\/www.showlink.fi\/shows\/vetcaresyysnayttely2024mallikappale\/?page_id=10"},"modified":"2026-03-18T11:14:54","modified_gmt":"2026-03-18T09:14:54","slug":"ilmoittautuminen","status":"publish","type":"page","link":"https:\/\/www.showlink.fi\/shows\/helsinkisyysnayttely2026\/ilmoittautuminen\/","title":{"rendered":"Ilmoittautuminen"},"content":{"rendered":"\n<p>Ilmoittautumisten aikarajat <strong>20.7.\/3.8.\/10.8.<\/strong> <br><br>Ilmoittautuminen tulee tehd\u00e4 viimeist\u00e4\u00e4n viimeisen\u00e4 ilmoittautumisp\u00e4iv\u00e4n\u00e4. Onnistuneesta ilmoittautumisesta tulee vahvistus s\u00e4hk\u00f6postiin. My\u00f6h\u00e4styneit\u00e4 ilmoittautumisia ei hyv\u00e4ksyt\u00e4.<\/p>\n\n\n\n<p class=\"has-background\" style=\"background-color:#f9b42a\"><strong>Kaikki n\u00e4yttelykutsut tullaan l\u00e4hett\u00e4m\u00e4\u00e4n s\u00e4hk\u00f6isesti.<br>Kutsuja ei l\u00e4hetet\u00e4 postitse.<\/strong><\/p>\n\n\n\n<p>Ilmoittaessaan koiransa n\u00e4yttelyyn n\u00e4ytteilleasettaja sitoutuu noudattamaan Suomen Kennelliiton voimassa olevia n\u00e4yttelys\u00e4\u00e4nt\u00f6j\u00e4 ja niit\u00e4 t\u00e4ydent\u00e4vi\u00e4 ohjeita sek\u00e4 rokotusm\u00e4\u00e4r\u00e4yksi\u00e4.<br>S\u00e4\u00e4nn\u00f6t l\u00f6ytyv\u00e4t&nbsp;<a href=\"https:\/\/www.kennelliitto.fi\/koiraharrastukset\/koiranayttelyt\/ohjeita-ja-lomakkeita-nayttelyyn-osallistujille-ja-nayttelyn-jarjestajille\" target=\"_blank\" rel=\"noreferrer noopener\"><strong>Kennelliiton kotisivuilta<\/strong><\/a>.<\/p>\n\n\n\n<p><strong>Netti-ilmoittautuminen<\/strong>&nbsp;osoitteessa&nbsp;<a href=\"http:\/\/www.showlink.fi\/\">www.showlink.fi<\/a>-&gt;<a href=\"http:\/\/ilmoittautuminen.kennelliitto.fi\/\"><strong>&nbsp;ILMOITTAUDU N\u00c4YTTELYYN<\/strong><\/a><\/p>\n\n\n\n<p>Netti-ilmoittautuminen maksetaan verkkopankilla tai luottokortilla ilmoittautumisen yhteydess\u00e4. Ilmoittautumisesta tulee aina vahvistus s\u00e4hk\u00f6postiisi. Jollet saa vahvistusta noin tunnin sis\u00e4ll\u00e4 ilmoittautumisesta, ota v\u00e4litt\u00f6m\u00e4sti yhteytt\u00e4 asiakaspalveluumme info@showlink.fi.<br>Tarkasta ilmoittautumisen yhteydess\u00e4 lis\u00e4\u00e4m\u00e4si koirasi tiedot ja kilpailuluokka.&nbsp;Tarkasta my\u00f6s saamasi vahvistusviesti. S\u00e4ilyt\u00e4 saamasi vahvistusviesti n\u00e4yttelyyn asti.<\/p>\n\n\n\n<h4 class=\"wp-block-heading\">Ilmoittautumismaksut<\/h4>\n\n\n\n<p><strong>Ilmoittautuminen 20.7. menness\u00e4\u00a0<\/strong><br>1. koira <strong>39 \u20ac<\/strong><br>saman omistajan 2. jne koira <strong>35 \u20ac<\/strong>\u00a0(edellytt\u00e4\u00e4 yht\u00e4 t\u00e4ysihintaista koiraa)<br>pennut ja veteraanit\u00a0<strong>30 \u20ac<\/strong>\u00a0<br>Junior Handler <strong>10 \u20ac<\/strong> (vain lauantaina)<\/p>\n\n\n\n<p><strong>Ilmoittautuminen 21.7.-3.8. v\u00e4lisen\u00e4 aikana<\/strong><br>1. koira <strong>45 \u20ac<\/strong><br>saman om. 2. jne koira <strong>40 \u20ac<\/strong> (edellytt\u00e4\u00e4 yht\u00e4 t\u00e4ysihintaista koiraa)<br>pennut ja veteraanit <strong>32 \u20ac<\/strong>&nbsp;<br>Junior Handler <strong>10 \u20ac<\/strong> (vain lauantaina)<\/p>\n\n\n\n<p><strong>Ilmoittautuminen 4.-10.8. v\u00e4lisen\u00e4 aikana<br><\/strong>kaikki luokat <strong>60 \u20ac<\/strong><br>Junior Handler <strong>10 \u20ac<\/strong> (vain lauantaina)<\/p>\n\n\n\n<p><\/p>\n\n\n\n<p><strong>Ilmoittautumisia ja kasvattajaryhmi\u00e4 koskevat tiedustelut&nbsp;<\/strong><br><strong>Showlink Oy<\/strong>&nbsp; arkisin klo 11-17 puh. 09 887 30320 tai e-mail: info@showlink.fi<\/p>\n\n\n\n<p><strong><em>Mainitsethan tiedustelussasi \/ s\u00e4hk\u00f6postissasi n\u00e4yttelyn nimen sek\u00e4 koiran rekisterinumeron, jota tiedustelu koskee.<\/em><\/strong><em>Netti-ilmoittautumisesta tulee aina vahvistus s\u00e4hk\u00f6postiisi. Jollet saa noin tunnin sis\u00e4ll\u00e4 vahvistusta ilmoittautumisen j\u00e4lkeen, ota heti yhteytt\u00e4 asiakaspalveluumme. Tarkasta ilmoittautumisesta koirasi tiedot ja kilpailuluokka.<\/em><\/p>\n\n\n\n<h4 class=\"wp-block-heading\">Lis\u00e4tietoa<\/h4>\n\n\n\n<p><strong>Ulkomaisessa rekisteriss\u00e4<\/strong> olevilta koirilta tarvitaan valioluokkaan osallistumista varten valiotodistus ja k\u00e4ytt\u00f6luokkaan osallistumista varten k\u00e4ytt\u00f6koetodistus (WCC, Working Class Certificate). Jos valiotodistus tai WCC puuttuu, koira siirret\u00e4\u00e4n avoimeen luokkaan.<\/p>\n\n\n\n<p>Valioluokkaan ilmoittaessa ulkomaisen valionarvon tulee olla vahvistettu.<\/p>\n\n\n\n<p><strong>Huom!&nbsp;<\/strong>Alennuksen (saman omistajan toinen jne. koira) saaminen edellytt\u00e4\u00e4 sit\u00e4, ett\u00e4 ilmoittautumiskaavakkeet ja kopio maksukuitista l\u00e4hetet\u00e4\u00e4n ehdottomasti samassa kirjekuoressa&nbsp;<strong>tai&nbsp;<\/strong>tehd\u00e4\u00e4n samalla netti-ilmoittautumiskerralla. Samaksi omistajaksi tulkitaan ilmoittautumistapahtuman ensimm\u00e4iselle koiralle ensimm\u00e4iseksi omistajaksi merkitty henkil\u00f6.<br><strong>Alennus lasketaan vain t\u00e4ysihintaisista ilmoittautumismaksuista (ei pentujen tai veteraanien maksuista).<\/strong><\/p>\n\n\n\n<p>Ilmoittautuminen on teht\u00e4v\u00e4 kirjallisesti \u2013 pelkk\u00e4 n\u00e4yttelymaksun suoritus ei ole ilmoittautuminen! Kirjallisen ilmoittautumisen voit tehd\u00e4 vahvistettuna netti-ilmoittautumisena. My\u00f6h\u00e4styneit\u00e4 ilmoittautumisia ei hyv\u00e4ksyt\u00e4.<\/p>\n\n\n\n<p>Ilmoittautumisajan p\u00e4\u00e4ttymisen j\u00e4lkeen koiraa ei voida siirt\u00e4\u00e4 toiseen luokkaan (ellei kysymyksess\u00e4 ole j\u00e4rjest\u00e4j\u00e4st\u00e4 johtuva virhe).<br>Uros, jolla ei ole normaalit kivekset saa hyl\u00e4tyn.<\/p>\n\n\n\n<p><strong>Rokotusm\u00e4\u00e4r\u00e4ykset Suomen Kennelliitto-Finska Kennelklubben ry:n m\u00e4\u00e4r\u00e4ysten mukaan.<br>N\u00e4yttelyyn osallistuvan koiran tulee olla tunnistusmerkitty.<\/strong><br>Suomen lain vastaisesti typistetyt koirat eiv\u00e4t saa osallistua n\u00e4yttelyyn.<\/p>\n\n\n\n<p><strong>Antidoping \u2013valvonta<\/strong><br>Dopingvalvonta koskee kaikkia Suomen Kennelliiton my\u00f6nt\u00e4mi\u00e4 n\u00e4yttelyit\u00e4, kilpailuja ja kokeita.<br>Ajankohtaisinta tietoa osoitteessa&nbsp;<a href=\"https:\/\/www.kennelliitto.fi\/koiraharrastukset\/antidoping\">KENNELLIITTO \/ ANTIDOPING<\/a><\/p>\n\n\n\n<p><\/p>\n","protected":false},"excerpt":{"rendered":"<p>Ilmoittautumisten aikarajat 20.7.\/3.8.\/10.8. Ilmoittautuminen tulee tehd\u00e4 viimeist\u00e4\u00e4n viimeisen\u00e4 ilmoittautumisp\u00e4iv\u00e4n\u00e4. Onnistuneesta ilmoittautumisesta tulee vahvistus s\u00e4hk\u00f6postiin. My\u00f6h\u00e4styneit\u00e4 ilmoittautumisia ei hyv\u00e4ksyt\u00e4. Kaikki n\u00e4yttelykutsut tullaan l\u00e4hett\u00e4m\u00e4\u00e4n s\u00e4hk\u00f6isesti.Kutsuja ei l\u00e4hetet\u00e4 postitse. Ilmoittaessaan koiransa n\u00e4yttelyyn n\u00e4ytteilleasettaja sitoutuu noudattamaan Suomen Kennelliiton voimassa olevia n\u00e4yttelys\u00e4\u00e4nt\u00f6j\u00e4 ja niit\u00e4 t\u00e4ydent\u00e4vi\u00e4 ohjeita sek\u00e4 rokotusm\u00e4\u00e4r\u00e4yksi\u00e4.S\u00e4\u00e4nn\u00f6t l\u00f6ytyv\u00e4t&nbsp;Kennelliiton kotisivuilta. Netti-ilmoittautuminen&nbsp;osoitteessa&nbsp;www.showlink.fi-&gt;&nbsp;ILMOITTAUDU N\u00c4YTTELYYN Netti-ilmoittautuminen maksetaan verkkopankilla tai luottokortilla ilmoittautumisen yhteydess\u00e4. Ilmoittautumisesta <a href=\"https:\/\/www.showlink.fi\/shows\/helsinkisyysnayttely2026\/ilmoittautuminen\/\" class=\"more-link\">...jatka lukemista<span class=\"screen-reader-text\"> \"Ilmoittautuminen\"<\/span><\/a><\/p>\n","protected":false},"author":3,"featured_media":0,"parent":0,"menu_order":2,"comment_status":"closed","ping_status":"closed","template":"","meta":{"footnotes":""},"class_list":["post-10","page","type-page","status-publish","h-entry","hentry","h-as-page"],"_links":{"self":[{"href":"https:\/\/www.showlink.fi\/shows\/helsinkisyysnayttely2026\/wp-json\/wp\/v2\/pages\/10","targetHints":{"allow":["GET"]}}],"collection":[{"href":"https:\/\/www.showlink.fi\/shows\/helsinkisyysnayttely2026\/wp-json\/wp\/v2\/pages"}],"about":[{"href":"https:\/\/www.showlink.fi\/shows\/helsinkisyysnayttely2026\/wp-json\/wp\/v2\/types\/page"}],"author":[{"embeddable":true,"href":"https:\/\/www.showlink.fi\/shows\/helsinkisyysnayttely2026\/wp-json\/wp\/v2\/users\/3"}],"replies":[{"embeddable":true,"href":"https:\/\/www.showlink.fi\/shows\/helsinkisyysnayttely2026\/wp-json\/wp\/v2\/comments?post=10"}],"version-history":[{"count":7,"href":"https:\/\/www.showlink.fi\/shows\/helsinkisyysnayttely2026\/wp-json\/wp\/v2\/pages\/10\/revisions"}],"predecessor-version":[{"id":114,"href":"https:\/\/www.showlink.fi\/shows\/helsinkisyysnayttely2026\/wp-json\/wp\/v2\/pages\/10\/revisions\/114"}],"wp:attachment":[{"href":"https:\/\/www.showlink.fi\/shows\/helsinkisyysnayttely2026\/wp-json\/wp\/v2\/media?parent=10"}],"curies":[{"name":"wp","href":"https:\/\/api.w.org\/{rel}","templated":true}]}}