{"id":15,"date":"2024-03-18T12:12:58","date_gmt":"2024-03-18T10:12:58","guid":{"rendered":"https:\/\/www.showlink.fi\/shows\/vetcaresyysnayttely2024mallikappale\/?page_id=15"},"modified":"2026-03-18T10:53:10","modified_gmt":"2026-03-18T08:53:10","slug":"tulokset","status":"publish","type":"page","link":"https:\/\/www.showlink.fi\/shows\/helsinkisyysnayttely2026\/tulokset\/","title":{"rendered":"Tulokset"},"content":{"rendered":"\n<p>N\u00e4yttelyss\u00e4 toteutetaan reaaliaikainen tulospalvelu. Jalostustietoj\u00e4rjestelm\u00e4\u00e4n tulokset tulevat n\u00e4kyviin n\u00e4yttelyn p\u00e4\u00e4tytty\u00e4.<\/p>\n\n\n\n<p><strong>\u00bb Siirry n\u00e4yttelyn tuloksiin<\/strong><\/p>\n\n\n\n<figure class=\"wp-block-image size-full\"><img loading=\"lazy\" decoding=\"async\" width=\"250\" height=\"103\" src=\"https:\/\/www.showlink.fi\/shows\/vetcaresyysnayttely2024mallikappale\/wp-content\/uploads\/sites\/317\/2024\/03\/showlink_250.jpg\" alt=\"\" class=\"wp-image-20\"\/><\/figure>\n\n\n\n<p><\/p>\n\n\n\n<p><\/p>\n","protected":false},"excerpt":{"rendered":"<p>N\u00e4yttelyss\u00e4 toteutetaan reaaliaikainen tulospalvelu. Jalostustietoj\u00e4rjestelm\u00e4\u00e4n tulokset tulevat n\u00e4kyviin n\u00e4yttelyn p\u00e4\u00e4tytty\u00e4. \u00bb Siirry n\u00e4yttelyn tuloksiin<\/p>\n","protected":false},"author":3,"featured_media":0,"parent":0,"menu_order":4,"comment_status":"closed","ping_status":"closed","template":"","meta":{"footnotes":""},"class_list":["post-15","page","type-page","status-publish","h-entry","hentry","h-as-page"],"_links":{"self":[{"href":"https:\/\/www.showlink.fi\/shows\/helsinkisyysnayttely2026\/wp-json\/wp\/v2\/pages\/15","targetHints":{"allow":["GET"]}}],"collection":[{"href":"https:\/\/www.showlink.fi\/shows\/helsinkisyysnayttely2026\/wp-json\/wp\/v2\/pages"}],"about":[{"href":"https:\/\/www.showlink.fi\/shows\/helsinkisyysnayttely2026\/wp-json\/wp\/v2\/types\/page"}],"author":[{"embeddable":true,"href":"https:\/\/www.showlink.fi\/shows\/helsinkisyysnayttely2026\/wp-json\/wp\/v2\/users\/3"}],"replies":[{"embeddable":true,"href":"https:\/\/www.showlink.fi\/shows\/helsinkisyysnayttely2026\/wp-json\/wp\/v2\/comments?post=15"}],"version-history":[{"count":7,"href":"https:\/\/www.showlink.fi\/shows\/helsinkisyysnayttely2026\/wp-json\/wp\/v2\/pages\/15\/revisions"}],"predecessor-version":[{"id":101,"href":"https:\/\/www.showlink.fi\/shows\/helsinkisyysnayttely2026\/wp-json\/wp\/v2\/pages\/15\/revisions\/101"}],"wp:attachment":[{"href":"https:\/\/www.showlink.fi\/shows\/helsinkisyysnayttely2026\/wp-json\/wp\/v2\/media?parent=15"}],"curies":[{"name":"wp","href":"https:\/\/api.w.org\/{rel}","templated":true}]}}