{"id":22,"date":"2024-03-18T12:17:09","date_gmt":"2024-03-18T10:17:09","guid":{"rendered":"https:\/\/www.showlink.fi\/shows\/vetcaresyysnayttely2024mallikappale\/?page_id=22"},"modified":"2026-03-18T10:57:05","modified_gmt":"2026-03-18T08:57:05","slug":"tiedustelut","status":"publish","type":"page","link":"https:\/\/www.showlink.fi\/shows\/helsinkisyysnayttely2026\/tiedustelut\/","title":{"rendered":"Tiedustelut"},"content":{"rendered":"\n<p><strong>Ilmoittautumisia koskevat tiedustelut:<\/strong><br>Showlink Oy<br>arkisin klo 11-17 p. (09) 8873 0320 tai info@showlink.fi<br><em>Mainitsethan tiedustelussasi \/ s\u00e4hk\u00f6postissasi n\u00e4yttelyn sek\u00e4 koiran rekisterinumeron, jota tiedustelu koskee.<\/em><\/p>\n\n\n\n<p><strong>Harjoitusarvostelijat <\/strong><br>Sanna Porola p. 040\u00a0746 8198 tai sannaporola@gmail.com<\/p>\n\n\n\n<p><strong>Keh\u00e4toimitsijat <\/strong><br>Miia Kallio p. 050&nbsp;561 5081 tai miia.kallio@kolumbus.fi<\/p>\n\n\n\n<p><strong>Myyntipaikat <\/strong><br>Anne Tervonen p. 044 5357 453 tai tervonen.anne@gmail.com<\/p>\n\n\n\n<p><strong>Muut tiedustelut<\/strong><br>Miia Kallio p. 050\u00a0561 5081 tai miia.kallio@kolumbus.fi<\/p>\n","protected":false},"excerpt":{"rendered":"<p>Ilmoittautumisia koskevat tiedustelut:Showlink Oyarkisin klo 11-17 p. (09) 8873 0320 tai info@showlink.fiMainitsethan tiedustelussasi \/ s\u00e4hk\u00f6postissasi n\u00e4yttelyn sek\u00e4 koiran rekisterinumeron, jota tiedustelu koskee. Harjoitusarvostelijat Sanna Porola p. 040\u00a0746 8198 tai sannaporola@gmail.com Keh\u00e4toimitsijat Miia Kallio p. 050&nbsp;561 5081 tai miia.kallio@kolumbus.fi Myyntipaikat Anne Tervonen p. 044 5357 453 tai tervonen.anne@gmail.com Muut tiedustelutMiia Kallio p. 050\u00a0561 5081 tai miia.kallio@kolumbus.fi<\/p>\n","protected":false},"author":3,"featured_media":0,"parent":0,"menu_order":4,"comment_status":"closed","ping_status":"closed","template":"","meta":{"footnotes":""},"class_list":["post-22","page","type-page","status-publish","h-entry","hentry","h-as-page"],"_links":{"self":[{"href":"https:\/\/www.showlink.fi\/shows\/helsinkisyysnayttely2026\/wp-json\/wp\/v2\/pages\/22","targetHints":{"allow":["GET"]}}],"collection":[{"href":"https:\/\/www.showlink.fi\/shows\/helsinkisyysnayttely2026\/wp-json\/wp\/v2\/pages"}],"about":[{"href":"https:\/\/www.showlink.fi\/shows\/helsinkisyysnayttely2026\/wp-json\/wp\/v2\/types\/page"}],"author":[{"embeddable":true,"href":"https:\/\/www.showlink.fi\/shows\/helsinkisyysnayttely2026\/wp-json\/wp\/v2\/users\/3"}],"replies":[{"embeddable":true,"href":"https:\/\/www.showlink.fi\/shows\/helsinkisyysnayttely2026\/wp-json\/wp\/v2\/comments?post=22"}],"version-history":[{"count":2,"href":"https:\/\/www.showlink.fi\/shows\/helsinkisyysnayttely2026\/wp-json\/wp\/v2\/pages\/22\/revisions"}],"predecessor-version":[{"id":104,"href":"https:\/\/www.showlink.fi\/shows\/helsinkisyysnayttely2026\/wp-json\/wp\/v2\/pages\/22\/revisions\/104"}],"wp:attachment":[{"href":"https:\/\/www.showlink.fi\/shows\/helsinkisyysnayttely2026\/wp-json\/wp\/v2\/media?parent=22"}],"curies":[{"name":"wp","href":"https:\/\/api.w.org\/{rel}","templated":true}]}}