{"id":34,"date":"2024-03-18T12:45:14","date_gmt":"2024-03-18T10:45:14","guid":{"rendered":"https:\/\/www.showlink.fi\/shows\/vetcaresyysnayttely2024mallikappale\/?page_id=34"},"modified":"2026-03-25T17:28:14","modified_gmt":"2026-03-25T15:28:14","slug":"judges","status":"publish","type":"page","link":"https:\/\/www.showlink.fi\/shows\/helsinkisyysnayttely2026\/in-english\/judges\/","title":{"rendered":"Judges"},"content":{"rendered":"\n<p><strong>FCI 1<\/strong><br>Bearded Collie, Collie Rough, Collie Smooth, East European Shepherd, Small Medimurje Dog - Medi <strong>Anne Liv\u00f6 Buvik<\/strong>, Norway<br>Abruzzes and Maremma shepherd dog, Bergamasco Shepherd Dog, Catalan Sheepdog, Croatian Shepherd Dog, Czechoslovakian Wolfdog, Majorca Shepherd Dog, Miniature American Shepherd, Polish Lowland Sheepdog, Portuguese Sheepdog, Pyrenean Sheepdog, Long-haired, Pyrenean Sheepdog, Smooth-faced, Romanian Carpathian Shepherd Dog, Romanian Mioritic Shepherd Dog, Saarloos Wolfhond, Slovakian Chuvach, Tatra Shepherd Dog, White Swiss Shepherd Dog <strong>Erika H\u00e4kkinen<\/strong><br>Australian Kelpie, Australian Shepherd, Australian Stumpy Tail Cattle Dog, Bohemian Shepherd Dog, Border Collie, Bouvier des Ardennes, Komondor, Kuvasz, Lancashire Heeler, Picardy Sheepdog, Schipperke, South Russian Shepherd Dog <strong>Kirsi Honkanen<\/strong><br>Shetland Sheepdog <strong>Maarit Hassinen<\/strong><br>other <strong>Tarja L\u00f6fman<\/strong><br><br><strong>FCI 3<\/strong><br>Airedale Terrier, Irish Soft Coated Wheaten Terrier <strong>Anne Liv\u00f6 Buvik<\/strong>, Norway<br>American Staffordshire Terrier, Australian Terrier, Norfolk Terrier, Norwich Terrier <strong>Jessie Borregaard Madsen<\/strong>, Denmark<br>American Hairless Terrier, Australian Silky Terrier, Brazilian Terrier, Bull Terrier, Dandie Dinmont Terrier, English Toy Terrier, German Hunting Terrier, Irish Glen Of Imaal Terrier, Jack Russell Terrier, Kerry Blue Terrier, Manchester Terrier, Miniature Bull Terrier, Skye Terrier, Valencian Terrier <strong>Pirjo Aaltonen<\/strong><br>Bedlington Terrier, Biewer Terrier, Border Terrier, Cairn Terrier, Scottish Terrier, Staffordshire Bull Terrier, West Highland White Terrier, Yorkshire Terrier <strong>Tuula Savolainen<\/strong><br>other <strong>P\u00e4ivi Takkinen<\/strong><br><br><strong>FCI 7<\/strong><br>all breeds <strong>Reino Korpela<\/strong><br><br><strong>FCI 8<\/strong><br>Portuguese Water Dog <strong>Anne Liv\u00f6 Buvik<\/strong>, Norway<br>American Cocker Spaniel, English Springer Spaniel, Welsh Springer Spaniel <strong>Jessie Borregaard Madsen<\/strong>, Denmark<br>Chesapeake Bay Retriever, Flat Coated Retriever, French Water Dog <strong>Kirsi Honkanen<\/strong><br>Lagotto Romagnolo <strong>Pirjo Aaltonen<\/strong><br>Cocker Spaniel, Field Spaniel, Golden Retriever, Labrador Retriever, Spanish Water Dog <strong>Reia Leikola-Walden<\/strong><br>other <strong>Reino Korpela<\/strong><br><br><strong>FCI 10<\/strong><br>Irish Wolfhound <strong>Kirsi Honkanen<\/strong><br>Borzoi, Whippet <strong>Maarit Hassinen<\/strong><br>Greyhound, Kazakh Tazy <strong>Pirjo Aaltonen<\/strong><br>other <strong>Erika H\u00e4kkinen<\/strong><\/p>\n\n\n\n<p>Junior Handler <strong>Hilla-Tuuli Kailari<\/strong><\/p>\n\n\n\n<p><br>Finals<br>1<strong>\u00a0<strong>Anne Liv\u00f6 Buvik<\/strong>, Norja<\/strong><br>3<strong>\u00a0<strong>Pirjo Aaltonen<\/strong><\/strong><br>7<strong>\u00a0<strong>Reino Korpela<\/strong><\/strong><br>8<strong>\u00a0<strong>Reia Leikola-Walden<\/strong><\/strong><br>10<strong>\u00a0<strong>Erika H\u00e4kkinen<\/strong><\/strong><br>Best veteran <strong><strong><strong>Jessie Borregaard Madsen<\/strong>, Tanska<\/strong><\/strong><br>Best breeder <strong><strong>Tuula Savolainen<\/strong><\/strong><br><br><strong>FCI 2<\/strong><br>Giant Schnauzers <strong>Anne Liv\u00f6 Buvik<\/strong>, Norway<br>Affenpinscher, Appenzell Cattle Dog, Bulldog, Dobermann, Entlebuch Cattle Dog, Great Swiss Mountain Dog, Landseer (European Continental Type), Schnauzers, St. Bernards <strong>Maarit Hassinen<\/strong><br>Caucasian Shepherd Dog, Central Asia Shepherd Dog, Pyrenean Mastiff <strong>Pirjo Aaltonen<\/strong><br>Boxer, Broholmer, Dogue de Bordeaux, German Pinscher, Leonberger, Miniature Pinscher, Rottweiler, Shar Pei, Tibetan Mastiff <strong>P\u00e4ivi Takkinen<\/strong><br>Bernese Mountain Dog, Bullmastiff, Great Danes, Italian Cane Corso, Mastiff, Neapolitan Mastiff, Newfoundland, Russian Black Terrier, Spanish Mastiff, Yugoslavian Shepherd Dog - Sharplanina <strong>Reia Leikola-Walden<\/strong><br>Hovawart <strong>Tuula Savolainen<\/strong><br>other <strong>Erika H\u00e4kkinen<\/strong><br><br><strong>FCI 4<\/strong><br>all breeds <strong>Jessie Borregaard Madsen<\/strong>, Denmark<br><br><strong>FCI 5<\/strong><br>Basenji <strong>Anne Liv\u00f6 Buvik<\/strong>, Norway<br>Akita, American Akita, Giant Spitzs (Grosspitz), Hokkaido, Keeshond (Wolfspitz), Kintamani-Bali Dog, Kishu, Korea Jindo Dog, Medium Size Spitzs (Mittelspitz), Miniature Spitzs (Kleinspitz), Pomeranian, Shiba, Shikoku <strong>Kirsi Honkanen<\/strong><br>Alaskan Malamute, Siberian Husky, Swedish Elkhound, Yakutian Laika <strong>Maarit Hassinen<\/strong><br>Cirneco dell'Etna, Pharaoh Hound <strong>Pirjo Aaltonen<\/strong><br>Chow Chow, Danish Spitz, East Siberian Laika, Eurasian, Finnish Lapponian Dog, Finnish Spitz, Greenland Dog, H\u00e4lleforshund, Karelian Bear Dog, Norrbottenspitz, Norwegian Elkhound Grey, Swedish Vallhund, Swedish White Elkhound, West Siberian Laika <strong>Reino Korpela<\/strong><br>Japanese Spitz <strong>Tarja L\u00f6fman<\/strong><br>other <strong>Erika H\u00e4kkinen<\/strong><br><br><strong>FCI 6<\/strong><br>Dalmatian, Fawn Brittany Griffon, Grand Basset Griffon Vend\u00e9en, Grand Griffon Vend\u00e9en, Rhodesian Ridgeback <strong>Reia Leikola-Walden<\/strong><br>other <strong>Reino Korpela<\/strong><br><br><strong>FCI 9<\/strong><br>Poodles <strong>Anne Liv\u00f6 Buvik<\/strong>, Norway<br>Cavalier King Charles Spaniel <strong>Jessie Borregaard Madsen<\/strong>, Denmark<br>Japanese Chin, Pekingese, Pug, Russian Toys, Shih Tzu <strong>Maarit Hassinen<\/strong><br>Bichon Frise, Chinese Crested Dog, French Bulldog, Griffon Belge, Griffon Bruxellois, King Charles Spaniel, Maltese, Petit Braban\u00e7on <strong>Pirjo Aaltonen<\/strong><br>Coton de Tulear, Havanese, Lhasa Apso, Little Lion Dog, Papillon, Phal\u00e8ne, Pra\u017esk\u00fd Krysar\u00edk <strong>Tarja L\u00f6fman<\/strong><br>other <strong>Tuula Savolainen<\/strong><br><br>Finals<br>2<strong>\u00a0Maarit Hassinen<\/strong><br>4<strong>\u00a0<strong>Jessie Borregaard Madsen<\/strong>, Tanska<\/strong><br>5<strong>\u00a0Kirsi Honkanen<\/strong><br>6<strong>\u00a0Reino Korpela<\/strong><br>9<strong>\u00a0Tuula Savolainen<\/strong><br>Best veteran <strong><strong>Reino Korpela<\/strong><\/strong><br>Best breeder <strong><strong><strong>Anne Liv\u00f6 Buvik<\/strong>, Norja<\/strong><\/strong><br>Best in Show<strong> <strong>Pirjo Aaltonen<\/strong><\/strong><\/p>\n","protected":false},"excerpt":{"rendered":"<p>FCI 1Bearded Collie, Collie Rough, Collie Smooth, East European Shepherd, Small Medimurje Dog - Medi Anne Liv\u00f6 Buvik, NorwayAbruzzes and Maremma shepherd dog, Bergamasco Shepherd Dog, Catalan Sheepdog, Croatian Shepherd Dog, Czechoslovakian Wolfdog, Majorca Shepherd Dog, Miniature American Shepherd, Polish Lowland Sheepdog, Portuguese Sheepdog, Pyrenean Sheepdog, Long-haired, Pyrenean Sheepdog, Smooth-faced, Romanian Carpathian Shepherd Dog, Romanian <a href=\"https:\/\/www.showlink.fi\/shows\/helsinkisyysnayttely2026\/in-english\/judges\/\" class=\"more-link\">...jatka lukemista<span class=\"screen-reader-text\"> \"Judges\"<\/span><\/a><\/p>\n","protected":false},"author":3,"featured_media":0,"parent":31,"menu_order":0,"comment_status":"closed","ping_status":"closed","template":"","meta":{"footnotes":""},"class_list":["post-34","page","type-page","status-publish","h-entry","hentry","h-as-page"],"_links":{"self":[{"href":"https:\/\/www.showlink.fi\/shows\/helsinkisyysnayttely2026\/wp-json\/wp\/v2\/pages\/34","targetHints":{"allow":["GET"]}}],"collection":[{"href":"https:\/\/www.showlink.fi\/shows\/helsinkisyysnayttely2026\/wp-json\/wp\/v2\/pages"}],"about":[{"href":"https:\/\/www.showlink.fi\/shows\/helsinkisyysnayttely2026\/wp-json\/wp\/v2\/types\/page"}],"author":[{"embeddable":true,"href":"https:\/\/www.showlink.fi\/shows\/helsinkisyysnayttely2026\/wp-json\/wp\/v2\/users\/3"}],"replies":[{"embeddable":true,"href":"https:\/\/www.showlink.fi\/shows\/helsinkisyysnayttely2026\/wp-json\/wp\/v2\/comments?post=34"}],"version-history":[{"count":11,"href":"https:\/\/www.showlink.fi\/shows\/helsinkisyysnayttely2026\/wp-json\/wp\/v2\/pages\/34\/revisions"}],"predecessor-version":[{"id":131,"href":"https:\/\/www.showlink.fi\/shows\/helsinkisyysnayttely2026\/wp-json\/wp\/v2\/pages\/34\/revisions\/131"}],"up":[{"embeddable":true,"href":"https:\/\/www.showlink.fi\/shows\/helsinkisyysnayttely2026\/wp-json\/wp\/v2\/pages\/31"}],"wp:attachment":[{"href":"https:\/\/www.showlink.fi\/shows\/helsinkisyysnayttely2026\/wp-json\/wp\/v2\/media?parent=34"}],"curies":[{"name":"wp","href":"https:\/\/api.w.org\/{rel}","templated":true}]}}