{"id":8,"date":"2024-03-18T12:07:13","date_gmt":"2024-03-18T10:07:13","guid":{"rendered":"https:\/\/www.showlink.fi\/shows\/vetcaresyysnayttely2024mallikappale\/?page_id=8"},"modified":"2026-03-25T17:05:37","modified_gmt":"2026-03-25T15:05:37","slug":"tervetuloa-vetcare-syysnayttelyyn-2024","status":"publish","type":"page","link":"https:\/\/www.showlink.fi\/shows\/helsinkisyysnayttely2026\/","title":{"rendered":"Tervetuloa Helsinki NORD syysn\u00e4yttelyyn 2026!"},"content":{"rendered":"\n<h3 class=\"wp-block-heading\">Kaikkien rotujen NORD koiran\u00e4yttely j\u00e4rjestet\u00e4\u00e4n Helsingiss\u00e4 5.\u20136.9.2026.<\/h3>\n\n\n\n<p>N\u00e4yttelypaikkana toimii <strong>Tuomarinkartanon vinttikoirakeskus<\/strong><br><strong>Osoite:<\/strong> Tuomarinkyl\u00e4ntie 1, 00690 Helsinki<\/p>\n\n\n\n<p><strong>Lauantaina 5.9.2026 arvostellaan FCI:n ryhm\u00e4t 1, 3, 7, 8, 10<\/strong><br>FCI 1 - Lammas- ja karjakoirat (paitsi sveitsinpaimenkoirat)<br>FCI 3 - Terrierit<br>FCI 7 - Seisovat lintukoirat<br>FCI 8 - Noutajat, yl\u00f6sajavat koirat ja vesikoirat<br>FCI 10 - Vinttikoirat<\/p>\n\n\n\n<p><strong>Sunnuntaina 6.9.2026 arvostellaan FCI:n ryhm\u00e4t 2, 4, 5, 6, 9<br><\/strong>FCI 2 - Pinserit, snautserit, molossityypiset ja sveitsinpaimenkoirat<br>FCI 4 - M\u00e4yr\u00e4koirat<br>FCI 5 - Pystykorvat ja alkukantaiset koirat<br>FCI 6 - Ajavat ja j\u00e4ljest\u00e4v\u00e4t koirat<br>FCI 9 - Seurakoirat ja k\u00e4\u00e4pi\u00f6koirat<br><\/p>\n\n\n\n<p>N\u00e4yttelyss\u00e4 arvostellaan <strong>my\u00f6s pennut (7kk - alle 9kk)<\/strong> sek\u00e4 lauantaina junior handler-kilpailu.<\/p>\n\n\n\n<p><strong>J\u00e4rjest\u00e4j\u00e4:<\/strong> Suomen Basenjit ry, Helsingin Vinttikoirakerho, It\u00e4-Helsingin Agilityharrastajat, Springerspanielit ja Suomen Suursnautserikerho<\/p>\n","protected":false},"excerpt":{"rendered":"<p>Kaikkien rotujen NORD koiran\u00e4yttely j\u00e4rjestet\u00e4\u00e4n Helsingiss\u00e4 5.\u20136.9.2026. N\u00e4yttelypaikkana toimii Tuomarinkartanon vinttikoirakeskusOsoite: Tuomarinkyl\u00e4ntie 1, 00690 Helsinki Lauantaina 5.9.2026 arvostellaan FCI:n ryhm\u00e4t 1, 3, 7, 8, 10FCI 1 - Lammas- ja karjakoirat (paitsi sveitsinpaimenkoirat)FCI 3 - TerrieritFCI 7 - Seisovat lintukoiratFCI 8 - Noutajat, yl\u00f6sajavat koirat ja vesikoiratFCI 10 - Vinttikoirat Sunnuntaina 6.9.2026 arvostellaan FCI:n ryhm\u00e4t 2, <a href=\"https:\/\/www.showlink.fi\/shows\/helsinkisyysnayttely2026\/\" class=\"more-link\">...jatka lukemista<span class=\"screen-reader-text\"> \"Tervetuloa Helsinki NORD syysn\u00e4yttelyyn 2026!\"<\/span><\/a><\/p>\n","protected":false},"author":3,"featured_media":0,"parent":0,"menu_order":0,"comment_status":"closed","ping_status":"closed","template":"","meta":{"footnotes":""},"class_list":["post-8","page","type-page","status-publish","h-entry","hentry","h-as-page"],"_links":{"self":[{"href":"https:\/\/www.showlink.fi\/shows\/helsinkisyysnayttely2026\/wp-json\/wp\/v2\/pages\/8","targetHints":{"allow":["GET"]}}],"collection":[{"href":"https:\/\/www.showlink.fi\/shows\/helsinkisyysnayttely2026\/wp-json\/wp\/v2\/pages"}],"about":[{"href":"https:\/\/www.showlink.fi\/shows\/helsinkisyysnayttely2026\/wp-json\/wp\/v2\/types\/page"}],"author":[{"embeddable":true,"href":"https:\/\/www.showlink.fi\/shows\/helsinkisyysnayttely2026\/wp-json\/wp\/v2\/users\/3"}],"replies":[{"embeddable":true,"href":"https:\/\/www.showlink.fi\/shows\/helsinkisyysnayttely2026\/wp-json\/wp\/v2\/comments?post=8"}],"version-history":[{"count":8,"href":"https:\/\/www.showlink.fi\/shows\/helsinkisyysnayttely2026\/wp-json\/wp\/v2\/pages\/8\/revisions"}],"predecessor-version":[{"id":128,"href":"https:\/\/www.showlink.fi\/shows\/helsinkisyysnayttely2026\/wp-json\/wp\/v2\/pages\/8\/revisions\/128"}],"wp:attachment":[{"href":"https:\/\/www.showlink.fi\/shows\/helsinkisyysnayttely2026\/wp-json\/wp\/v2\/media?parent=8"}],"curies":[{"name":"wp","href":"https:\/\/api.w.org\/{rel}","templated":true}]}}