{"id":15,"date":"2026-02-13T09:48:20","date_gmt":"2026-02-13T07:48:20","guid":{"rendered":"https:\/\/www.showlink.fi\/shows\/hyvinkaakr230526esikatselu\/?page_id=15"},"modified":"2026-02-13T09:55:34","modified_gmt":"2026-02-13T07:55:34","slug":"tuomarit","status":"publish","type":"page","link":"https:\/\/www.showlink.fi\/shows\/hyvinkaaKR_230526\/tuomarit\/","title":{"rendered":"Tuomarit"},"content":{"rendered":"\n<p class=\"has-background\" style=\"background-color:#cadad2\"><strong>P\u00e4ivitys 11.2.2026 \u2013 Tuomarimuutos<\/strong><br><strong>Dina Korna on valitettavasti estynyt saapumasta arvostelemaan n\u00e4yttelyymme.<\/strong><br>H\u00e4nelle merkityt rodut sek\u00e4 ryhm\u00e4kilpailut<strong> on siirretty Tuire Okkolalle.<\/strong><br>Muutokset merkitty tuomarilistoihin punaisella.<\/p>\n\n\n\n<p><strong>Ryhm\u00e4 1<\/strong><br><em>Varalla kaikille ryhm\u00e4 1 roduille&nbsp;<strong>Rony Doedijns<\/strong>, Alankomaat<\/em><br><mark style=\"background-color:rgba(0, 0, 0, 0)\" class=\"has-inline-color has-vivid-red-color\">australian t\u00f6p\u00f6h\u00e4nt\u00e4inen karjakoira, australiankarjakoira, australiankelpie, australianpaimenkoira, beaucenpaimenkoira \/ beauceron, belgianpaimenkoirat, bouvier, brienpaimenkoira \/ briardi, etel\u00e4ven\u00e4j\u00e4nkoira, hollanninpaimenkoirat, it\u00e4euroopanpaimenkoira, karpaattienkoira, lancashirenkarjakoira, maremmano-abruzzese, medimurjenkoira, mudi, partacollie, pitk\u00e4karvainen collie, pulit, pumi, saksanpaimenkoirat, schapendoes, schipperke, sile\u00e4karvainen collie, slovakiancuvac, tsekinpaimenkoira, valkoinenpaimenkoira, vanhaenglanninlammaskoira&nbsp;<strong>Tuire Okkola<\/strong><\/mark><br>ardennienkarjakoira, bergamonpaimenkoira, bordercollie, ceskoslovensky vlciak, katalonianpaimenkoira, komondor, kroatianpaimenkoira, kuvasz, pyreneittenpaimenkoirat, mallorcanpaimenkoira, owczarek podhalanski, picardienpaimenkoira, pieniamerikanpaimenkoira, polski owczarek nizinny, romanianpaimenkoira, saarlooswolfhond, serra de airesinpaimenkoira, welsh corgi cardigan, welsh corgi pembroke&nbsp;<strong>Johanna Flinck<\/strong><br>shetlanninlammaskoira&nbsp;<strong>Rony Doedijns<\/strong>, Alankomaat<\/p>\n\n\n\n<p><strong>Ryhm\u00e4 2<\/strong><br><em><mark style=\"background-color:rgba(0, 0, 0, 0)\" class=\"has-inline-color has-vivid-red-color\">Varalla kaikille ryhm\u00e4 2 roduille&nbsp;<strong>Tuire Okkola<\/strong><\/mark><\/em><br>apinapinseri, appenzellinpaimenkoira, bernhardinkoirat, berninpaimenkoira, broholminkoira, bukovinankoira, bullmastiffi, continental bulldog, englanninbulldoggi, entlebuchinpaimenkoira, estrelanvuoristokoirat, hollanninrottakoira, hovawart, isosveitsinpaimenkoira, it\u00e4vallanpinseri, karstinpaimenkoira, k\u00e4\u00e4pi\u00f6pinseri, k\u00e4\u00e4pi\u00f6snautserit, landseer, leonberginkoira, musta romanianvuoristokoira, newfoundlandinkoira, pinseri, pyreneittenkoira, pyreneittenmastiffi, sarplaninac, shar pei, snautserit, suursnautserit, tanskalais-ruotsalainen pihakoira, tanskandoggit, tiibetinmastiffi, tornjak, uruguayncimarron&nbsp;<strong>Drin Zhaveli<\/strong>, Kosovo<br>aidi, alentejonkoira, bokseri, bordeauxindoggi, cane corso, castro laboreironkoira, dobermanni, dogo argentino, espanjanmastiffi, fila brasileiro, kanariandoggi, kangalinkoira, kaukasiankoira, keskiaasiankoira, mallorcandoggi, mastiffi, napolinmastiffi, rottweiler, sao miguelinfila, tosa, transmontano mastiff, ven\u00e4j\u00e4nmustaterrieri&nbsp;<strong>Rony Doedijns<\/strong>, Alankomaat<\/p>\n\n\n\n<p><strong>Ryhm\u00e4 3<\/strong><br><em><mark style=\"background-color:rgba(0, 0, 0, 0)\" class=\"has-inline-color has-vivid-red-color\">Varalla kaikille ryhm\u00e4 3 roduille&nbsp;<strong>Tuire Okkola<\/strong><\/mark><\/em><br>amerikankarvatonterrieri, amerikank\u00e4\u00e4pi\u00f6kettuterrieri, amerikanrottaterrieri, andalusianrottakoira, australianterrieri, bedlingtoninterrieri, biewerterrieri, borderterrieri, brasilianterrieri, bullterrieri, cairnterrieri, ceskyterrieri, dandiedinmontinterrieri, englannink\u00e4\u00e4pi\u00f6terrieri, glen of imaalinterrieri, irlanninterrieri, jackrussellinterrieri, k\u00e4\u00e4pi\u00f6bullterrieri, parsonrussellinterrieri, walesinterrieri, valkoinen l\u00e4nsiyl\u00e4maanterrieri, vehn\u00e4terrieri, yorkshirenterrieri&nbsp;<strong>Peter Lauber<\/strong>, Sveitsi<br>airedalenterrieri, amerikanstaffordshirenterrieri, japaninterrieri, kettuterrierit, kerrynterrieri, lakelandinterrieri, manchesterinterrieri, norfolkinterrieri, norwichinterrieri, saksanmets\u00e4stysterrieri, sealyhaminterrieri, silkkiterrieri, skotlanninterrieri, skyenterrieri, staffordshirenbullterrieri, tenterfieldinterrieri, valencianrottaterrieri&nbsp;<strong>Rony Doedijns<\/strong>, Alankomaat<\/p>\n\n\n\n<p><strong>Ryhm\u00e4 4<\/strong><br>kaikki rodut&nbsp;<strong>Juha-Matti Lehtinen<\/strong><\/p>\n\n\n\n<p><strong>Ryhm\u00e4 5<\/strong><br><em>Varalla kaikille ryhm\u00e4 5 roduille&nbsp;<strong>Jelena Tokareva<\/strong>, Latvia<\/em><br>kanadaneskimokoira, mittelspitzit&nbsp;<strong>Jelena Tokareva<\/strong>, Latvia<br>eurasier, meksikonkarvatonkoirat, perunkarvatonkoirat, thai ridgeback&nbsp;<strong>Nina Lindqvist<\/strong><br>akita, american eskimo dog, amerikanakita, basenji, chow chow, etnankoira, faaraokoira, gr\u00f6nlanninkoira, ibizanpodencot, it\u00e4siperianlaika, jakutianlaika, j\u00e4mtlanninpystykorva, kaanaankoira, l\u00e4nsisiperianlaika, portugalinpodengot, shiba, tanskanpystykorva&nbsp;<strong>Sari Holopainen<\/strong><br>hokkaidonkoira, islanninlammaskoira, japaninpystykorva, kainkoira, kanarianpodenco, kintamani-balinkoira, kishunkoira, koreanjindonkoira, lunnikoira, grosspitzit, keeshond, kleinspitzit, pomeranian, shikokunkoira, taiwaninkoira, thaimaanpystykorva, ven\u00e4l\u00e4is-eurooppalainen laika, volpino italiano&nbsp;<strong>Siru Rajala<\/strong><br>alaskanmalamuutti, buhund, harmaa norjanhirvikoira, h\u00e4lleforsinkoira, karjalankarhukoira, lapinporokoira, l\u00e4nsig\u00f6\u00f6tanmaanpystykorva, musta norjanhirvikoira, musta tanskanpystykorva, pohjanpystykorva, ruotsinlapinkoira, samojedinkoira, siperianhusky, suomenlapinkoira, suomenpystykorva, valkoinen ruotsinhirvikoira&nbsp;<strong>Tarja Tastula<\/strong><\/p>\n\n\n\n<p><strong>Ryhm\u00e4 6<\/strong><br><em>Varalla kaikille ryhm\u00e4 6 roduille&nbsp;<strong>Juha-Matti Lehtinen<\/strong><\/em><br>ariegeois, beagle harrier, brasilianajokoira, englanninkettukoira, englantilais-ven\u00e4l\u00e4inen ajokoira, gascogne-saintongenajokoira, harrieri, it\u00e4vallanajokoira, karkeakarvainen bosnianajokoira\/ barak, karkeakarvainen istrianajokoira, karkeakarvainen italianajokoira, karkeakarvainen steierinajokoira, kolmiv\u00e4rinen serbianajokoira, kreikanajokoira, lyhytkarvainen istrianajokoira, lyhytkarvainen italianajokoira, maremmanajokoira, montenegronajokoira, poitevin&nbsp;<strong>Juha-Matti Lehtinen<\/strong><br>posavinanajokoira, puolanajokoira, puolanjahtikoira, sabueso espanol, saksanajokoira, slovakianajokoira, srpski gonic, sveitsinajokoira, berninajokoira, sveitsinajokoira, juranajokoira, sveitsinajokoira, luzerninajokoira, sveitsinajokoira, schwyzinajokoira, unkarinajokoira&nbsp;<strong>Sari Holopainen<\/strong><br>muut rodut&nbsp;<strong>Nina Lindqvist<\/strong><\/p>\n\n\n\n<p><strong>Ryhm\u00e4 7<\/strong><br>kaikki rodut&nbsp;<strong>Reia Leikola-Walden<\/strong><\/p>\n\n\n\n<p><strong>Ryhm\u00e4 8<\/strong><br><em>Varalla kaikille ryhm\u00e4 8 roduille&nbsp;<strong>Reia Leikola-Walden<\/strong><\/em><br>barbet, espanjanvesikoira, kiharakarvainen noutaja, kooikerhondje, novascotiannoutaja, puolanmets\u00e4stysspanieli, ven\u00e4j\u00e4nspanieli, viiri\u00e4iskoira&nbsp;<strong>Reia Leikola-Walden<\/strong><br>amerikancockerspanieli, clumberinspanieli, cockerspanieli, englanninspringerspanieli, fieldspanieli, kultainennoutaja, lagotto romagnolo, portugalinvesikoira, sile\u00e4karvainen noutaja, sussexinspanieli, walesinspringerspanieli&nbsp;<strong>Sara Nordin<\/strong>, Ruotsi<br>amerikanvesispanieli, chesapeakelahdennoutaja, friisinvesikoira, irlanninvesispanieli, labradorinnoutaja&nbsp;<strong>Sari Holopainen<\/strong><\/p>\n\n\n\n<p><strong>Ryhm\u00e4 9<\/strong><br><em>Varalla kaikille ryhm\u00e4 9 roduille&nbsp;<strong>Drin Zhaveli<\/strong>, Kosovo<\/em><br>bichon fris\u00e9, cavalier kingcharlesinspanieli, coton de tul\u00e9ar, havannankoira, japanese chin, maltankoira, markiesje, ven\u00e4j\u00e4nbolonka&nbsp;<strong>Heidi K\u00e4rkk\u00e4inen<\/strong><br>kingcharlesinspanieli, papillon, phal\u00e8ne, shih tzu&nbsp;<strong>Jelena Tokareva<\/strong>, Latvia<br>chihuahuat, kromfohrl\u00e4nder, lhasa apso, mopsi, ranskanbulldoggi, tiibetinspanieli, tiibetinterrieri&nbsp;<strong>Kari Kuosmanen<\/strong><br>griffon belge, griffon bruxellois, l\u00f6wchen, petit brabancon, prahanrottakoira, ven\u00e4j\u00e4ntoyt, villakoirat&nbsp;<strong>Paula Tuominen<\/strong><br>bolognese, bostoninterrieri, kiinanharjakoira, kiinanpalatsikoira, pekingeesi&nbsp;<strong>Sara Nordin<\/strong>, Ruotsi<\/p>\n\n\n\n<p><strong>Ryhm\u00e4 10<\/strong><br><em>Varalla kaikille ryhm\u00e4 10 roduille&nbsp;<strong>Rony Doedijns<\/strong>, Alankomaat<\/em><br>afgaaninvinttikoira, azawakh, englanninvinttikoira, espanjanvinttikoira, irlanninsusikoira, italianvinttikoira, saluki, ven\u00e4j\u00e4nvinttikoira, whippet&nbsp;<strong>Jelena Tokareva<\/strong>, Latvia<br>puolanvinttikoira, skotlanninhirvikoira, sloughi, tazi, unkarinvinttikoira&nbsp;<strong>Paula Tuominen<\/strong><br><br>Junior Handler&nbsp;<strong>Tiia Virtanen<\/strong><br><br><strong>Ryhm\u00e4kilpailut<\/strong><br>1<strong>&nbsp;<mark style=\"background-color:rgba(0, 0, 0, 0)\" class=\"has-inline-color has-vivid-red-color\">Tuire Okkola<\/mark><\/strong><br>2<strong>&nbsp;Drin Zhaveli<\/strong>, Kosovo<br>3<strong>&nbsp;Peter Lauber<\/strong>, Sveitsi<br>4<strong>&nbsp;Juha-Matti Lehtinen<\/strong><br>5<strong>&nbsp;Tarja Tastula<\/strong><br>6<strong>&nbsp;Nina Lindqvist<\/strong><br>7<strong>&nbsp;Reia Leikola-Walden<\/strong><br>8<strong>&nbsp;Sara Nordin<\/strong>, Ruotsi<br>9<strong>&nbsp;Rony Doedijns<\/strong>, Alankomaat<br>10<strong>&nbsp;Jelena Tokareva<\/strong>, Latvia<br><br>Paras juniori&nbsp;<strong>Drin Zhaveli<\/strong>, Kosovo<br>Paras veteraani&nbsp;<strong><mark style=\"background-color:rgba(0, 0, 0, 0)\" class=\"has-inline-color has-vivid-red-color\">Tuire Okkola<\/mark><\/strong><br>Paras kasvattajaryhm\u00e4&nbsp;<strong>Rony Doedijns<\/strong>, Alankomaat<br>Best in Show<strong>&nbsp;Rony Doedijns<\/strong>, Alankomaat<\/p>\n","protected":false},"excerpt":{"rendered":"<p>P\u00e4ivitys 11.2.2026 \u2013 TuomarimuutosDina Korna on valitettavasti estynyt saapumasta arvostelemaan n\u00e4yttelyymme.H\u00e4nelle merkityt rodut sek\u00e4 ryhm\u00e4kilpailut on siirretty Tuire Okkolalle.Muutokset merkitty tuomarilistoihin punaisella. Ryhm\u00e4 1Varalla kaikille ryhm\u00e4 1 roduille&nbsp;Rony Doedijns, Alankomaataustralian t\u00f6p\u00f6h\u00e4nt\u00e4inen karjakoira, australiankarjakoira, australiankelpie, australianpaimenkoira, beaucenpaimenkoira \/ beauceron, belgianpaimenkoirat, bouvier, brienpaimenkoira \/ briardi, etel\u00e4ven\u00e4j\u00e4nkoira, hollanninpaimenkoirat, it\u00e4euroopanpaimenkoira, karpaattienkoira, lancashirenkarjakoira, maremmano-abruzzese, medimurjenkoira, mudi, partacollie, pitk\u00e4karvainen collie, pulit, <a href=\"https:\/\/www.showlink.fi\/shows\/hyvinkaaKR_230526\/tuomarit\/\" class=\"more-link\">...jatka lukemista<span class=\"screen-reader-text\"> \"Tuomarit\"<\/span><\/a><\/p>\n","protected":false},"author":1,"featured_media":0,"parent":0,"menu_order":1,"comment_status":"closed","ping_status":"closed","template":"","meta":{"footnotes":""},"class_list":["post-15","page","type-page","status-publish","h-entry","hentry","h-as-page"],"_links":{"self":[{"href":"https:\/\/www.showlink.fi\/shows\/hyvinkaaKR_230526\/wp-json\/wp\/v2\/pages\/15","targetHints":{"allow":["GET"]}}],"collection":[{"href":"https:\/\/www.showlink.fi\/shows\/hyvinkaaKR_230526\/wp-json\/wp\/v2\/pages"}],"about":[{"href":"https:\/\/www.showlink.fi\/shows\/hyvinkaaKR_230526\/wp-json\/wp\/v2\/types\/page"}],"author":[{"embeddable":true,"href":"https:\/\/www.showlink.fi\/shows\/hyvinkaaKR_230526\/wp-json\/wp\/v2\/users\/1"}],"replies":[{"embeddable":true,"href":"https:\/\/www.showlink.fi\/shows\/hyvinkaaKR_230526\/wp-json\/wp\/v2\/comments?post=15"}],"version-history":[{"count":1,"href":"https:\/\/www.showlink.fi\/shows\/hyvinkaaKR_230526\/wp-json\/wp\/v2\/pages\/15\/revisions"}],"predecessor-version":[{"id":16,"href":"https:\/\/www.showlink.fi\/shows\/hyvinkaaKR_230526\/wp-json\/wp\/v2\/pages\/15\/revisions\/16"}],"wp:attachment":[{"href":"https:\/\/www.showlink.fi\/shows\/hyvinkaaKR_230526\/wp-json\/wp\/v2\/media?parent=15"}],"curies":[{"name":"wp","href":"https:\/\/api.w.org\/{rel}","templated":true}]}}