{"id":2,"date":"2026-02-13T09:40:04","date_gmt":"2026-02-13T07:40:04","guid":{"rendered":"https:\/\/www.showlink.fi\/shows\/hyvinkaakr230526esikatselu\/?page_id=2"},"modified":"2026-04-14T09:41:42","modified_gmt":"2026-04-14T06:41:42","slug":"esimerkkisivu","status":"publish","type":"page","link":"https:\/\/www.showlink.fi\/shows\/hyvinkaaKR_230526\/","title":{"rendered":"Hyvink\u00e4\u00e4 KR 2026 &#8211; Toukon\u00e4yttely"},"content":{"rendered":"\n<h3 class=\"wp-block-heading\"><em>Tervetuloa kaikkien rotujen Toukon\u00e4yttelyyn Hyvink\u00e4\u00e4lle 23.5.2026!<\/em><\/h3>\n\n\n\n<p><strong>N\u00e4yttelypaikkana toimii Hyvink\u00e4\u00e4n lentokentt\u00e4<\/strong><br>Osoite: Lentokent\u00e4ntie 50, 05820 Hyvink\u00e4\u00e4<\/p>\n\n\n\n<p><strong>N\u00e4yttelyss\u00e4 arvostellaan kaikki rodut FCI:n ryhmist\u00e4 1\u201310. <\/strong><br>My\u00f6s pennut (7 kk\u2013alle 9 kk) sek\u00e4 Junior Handler -kilpailu.<\/p>\n\n\n\n<p><strong>J\u00e4rjest\u00e4j\u00e4t: <\/strong>Ajokoiramiehet ry, Impivaaran Hallit ry, Jokelan Seudun Koirakerho ry, Beagle ry<\/p>\n\n\n\n<hr class=\"wp-block-separator has-text-color has-alpha-channel-opacity has-background is-style-default\" style=\"background-color:#b8b8b836;color:#b8b8b836\"\/>\n\n\n\n<h2 class=\"wp-block-heading\">Tiedustelut<\/h2>\n\n\n\n<p><strong>Ilmoittautumisia ja kasvattajaryhmi\u00e4 koskevat tiedustelut<\/strong><br><strong>Showlink Oy<\/strong> arkisin klo 11-17 puh. 09 887 30320 tai e-mail: info@showlink.fi<br><em>Mainitsethan tiedustelussasi n\u00e4yttelyn sek\u00e4 koiran rekisterinumeron, jota tiedustelu koskee.<\/em><\/p>\n\n\n\n<p><strong>Tuomariharjoittelijat <\/strong><br>Sirpa H\u00e4nninen <br>sirbendur@gmail.com<\/p>\n\n\n\n<p><strong>Myyntipaikat <\/strong><br>Pauli Halonen <br>p. 040&nbsp;862 3753 <br>tai paulihalonen@outlook.com<\/p>\n\n\n\n<p><strong>Keh\u00e4toimitsijat <\/strong><br>Tanja Kiriloff <br>tanja.kiriloff@gmail.com<\/p>\n\n\n\n<p><strong>Muut tiedustelut \/ information p\u00e5 svenska<\/strong><br>P\u00e4ivi Valkoniemi-Sj\u00f6blom <br>p. 045&nbsp;632 4225 (iltaisin)<br>tai paivi.valkoniemisjoblom@gmail.com<\/p>\n\n\n\n<p><strong>Information<\/strong> <strong>in English <\/strong><br>sirbendur@gmail.com<\/p>\n","protected":false},"excerpt":{"rendered":"<p>Tervetuloa kaikkien rotujen Toukon\u00e4yttelyyn Hyvink\u00e4\u00e4lle 23.5.2026! N\u00e4yttelypaikkana toimii Hyvink\u00e4\u00e4n lentokentt\u00e4Osoite: Lentokent\u00e4ntie 50, 05820 Hyvink\u00e4\u00e4 N\u00e4yttelyss\u00e4 arvostellaan kaikki rodut FCI:n ryhmist\u00e4 1\u201310. My\u00f6s pennut (7 kk\u2013alle 9 kk) sek\u00e4 Junior Handler -kilpailu. J\u00e4rjest\u00e4j\u00e4t: Ajokoiramiehet ry, Impivaaran Hallit ry, Jokelan Seudun Koirakerho ry, Beagle ry Tiedustelut Ilmoittautumisia ja kasvattajaryhmi\u00e4 koskevat tiedustelutShowlink Oy arkisin klo 11-17 puh. 09 <a href=\"https:\/\/www.showlink.fi\/shows\/hyvinkaaKR_230526\/\" class=\"more-link\">...jatka lukemista<span class=\"screen-reader-text\"> \"Hyvink\u00e4\u00e4 KR 2026 &#8211; Toukon\u00e4yttely\"<\/span><\/a><\/p>\n","protected":false},"author":1,"featured_media":0,"parent":0,"menu_order":0,"comment_status":"closed","ping_status":"open","template":"","meta":{"footnotes":""},"class_list":["post-2","page","type-page","status-publish","h-entry","hentry","h-as-page"],"_links":{"self":[{"href":"https:\/\/www.showlink.fi\/shows\/hyvinkaaKR_230526\/wp-json\/wp\/v2\/pages\/2","targetHints":{"allow":["GET"]}}],"collection":[{"href":"https:\/\/www.showlink.fi\/shows\/hyvinkaaKR_230526\/wp-json\/wp\/v2\/pages"}],"about":[{"href":"https:\/\/www.showlink.fi\/shows\/hyvinkaaKR_230526\/wp-json\/wp\/v2\/types\/page"}],"author":[{"embeddable":true,"href":"https:\/\/www.showlink.fi\/shows\/hyvinkaaKR_230526\/wp-json\/wp\/v2\/users\/1"}],"replies":[{"embeddable":true,"href":"https:\/\/www.showlink.fi\/shows\/hyvinkaaKR_230526\/wp-json\/wp\/v2\/comments?post=2"}],"version-history":[{"count":2,"href":"https:\/\/www.showlink.fi\/shows\/hyvinkaaKR_230526\/wp-json\/wp\/v2\/pages\/2\/revisions"}],"predecessor-version":[{"id":34,"href":"https:\/\/www.showlink.fi\/shows\/hyvinkaaKR_230526\/wp-json\/wp\/v2\/pages\/2\/revisions\/34"}],"wp:attachment":[{"href":"https:\/\/www.showlink.fi\/shows\/hyvinkaaKR_230526\/wp-json\/wp\/v2\/media?parent=2"}],"curies":[{"name":"wp","href":"https:\/\/api.w.org\/{rel}","templated":true}]}}